{"id":12418,"date":"2021-05-26T12:28:21","date_gmt":"2021-05-26T12:28:21","guid":{"rendered":"https:\/\/sure-antennas68068.e.wpstage.net\/?page_id=12418"},"modified":"2025-04-07T08:08:41","modified_gmt":"2025-04-07T08:08:41","slug":"tetra-installation-car-kits","status":"publish","type":"page","link":"https:\/\/sure-antennas.com\/de\/tetra-installation-car-kits\/","title":{"rendered":"TETRA Installation Kits"},"content":{"rendered":"<p>Sure Antennas are a Motorola Solutions Platinum partner, offering a wide range of TETRA equipment for a full communication solution.<\/p>\n","protected":false},"excerpt":{"rendered":"<p>Sure Antennas are a Motorola Solutions Platinum partner, offering a wide range of TETRA equipment for a full communication solution. [&#8230;]<\/p>\n<p><a class=\"btn btn-secondary understrap-read-more-link\" href=\"https:\/\/sure-antennas.com\/de\/tetra-installation-car-kits\/\">Weiterlesen&#8230;<\/a><\/p>\n","protected":false},"author":4,"featured_media":0,"parent":0,"menu_order":0,"comment_status":"closed","ping_status":"closed","template":"page-templates\/two-way-radio.php","meta":{"_acf_changed":false,"footnotes":""},"class_list":["post-12418","page","type-page","status-publish","hentry"],"acf":[],"yoast_head":"<!-- This site is optimized with the Yoast SEO plugin v27.0 - https:\/\/yoast.com\/product\/yoast-seo-wordpress\/ -->\n<title>TETRA-Einbaus\u00e4tze f\u00fcr Fahrzeuge<\/title>\n<meta name=\"description\" content=\"TETRA-Einbaus\u00e4tze f\u00fcr Fahrzeuge\" \/>\n<meta name=\"robots\" content=\"index, follow, max-snippet:-1, max-image-preview:large, max-video-preview:-1\" \/>\n<link rel=\"canonical\" href=\"https:\/\/sure-antennas.com\/de\/tetra-installation-car-kits\/\" \/>\n<meta property=\"og:locale\" content=\"de_DE\" \/>\n<meta property=\"og:type\" content=\"article\" \/>\n<meta property=\"og:title\" content=\"TETRA-Einbaus\u00e4tze f\u00fcr Fahrzeuge\" \/>\n<meta property=\"og:description\" content=\"TETRA-Einbaus\u00e4tze f\u00fcr Fahrzeuge\" \/>\n<meta property=\"og:url\" content=\"https:\/\/sure-antennas.com\/de\/tetra-installation-car-kits\/\" \/>\n<meta property=\"og:site_name\" content=\"Sure Antennas\" \/>\n<meta property=\"article:modified_time\" content=\"2025-04-07T08:08:41+00:00\" \/>\n<meta name=\"twitter:card\" content=\"summary_large_image\" \/>\n<meta name=\"twitter:label1\" content=\"Est. reading time\" \/>\n\t<meta name=\"twitter:data1\" content=\"1 minute\" \/>\n<script type=\"application\/ld+json\" class=\"yoast-schema-graph\">{\"@context\":\"https:\/\/schema.org\",\"@graph\":[{\"@type\":\"WebPage\",\"@id\":\"https:\/\/sure-antennas.com\/de\/tetra-installation-car-kits\/\",\"url\":\"https:\/\/sure-antennas.com\/de\/tetra-installation-car-kits\/\",\"name\":\"TETRA-Einbaus\u00e4tze f\u00fcr Fahrzeuge\",\"isPartOf\":{\"@id\":\"https:\/\/sure-antennas.com\/#website\"},\"datePublished\":\"2021-05-26T12:28:21+00:00\",\"dateModified\":\"2025-04-07T08:08:41+00:00\",\"description\":\"TETRA-Einbaus\u00e4tze f\u00fcr Fahrzeuge\",\"breadcrumb\":{\"@id\":\"https:\/\/sure-antennas.com\/de\/tetra-installation-car-kits\/#breadcrumb\"},\"inLanguage\":\"de-DE\",\"potentialAction\":[{\"@type\":\"ReadAction\",\"target\":[\"https:\/\/sure-antennas.com\/de\/tetra-installation-car-kits\/\"]}]},{\"@type\":\"BreadcrumbList\",\"@id\":\"https:\/\/sure-antennas.com\/de\/tetra-installation-car-kits\/#breadcrumb\",\"itemListElement\":[{\"@type\":\"ListItem\",\"position\":1,\"name\":\"Home\",\"item\":\"https:\/\/sure-antennas.com\/de\/\"},{\"@type\":\"ListItem\",\"position\":2,\"name\":\"TETRA Installation Kits\"}]},{\"@type\":\"WebSite\",\"@id\":\"https:\/\/sure-antennas.com\/#website\",\"url\":\"https:\/\/sure-antennas.com\/\",\"name\":\"Sure Antennas\",\"description\":\"Sure Antennas site\",\"publisher\":{\"@id\":\"https:\/\/sure-antennas.com\/#organization\"},\"potentialAction\":[{\"@type\":\"SearchAction\",\"target\":{\"@type\":\"EntryPoint\",\"urlTemplate\":\"https:\/\/sure-antennas.com\/?s={search_term_string}\"},\"query-input\":{\"@type\":\"PropertyValueSpecification\",\"valueRequired\":true,\"valueName\":\"search_term_string\"}}],\"inLanguage\":\"de-DE\"},{\"@type\":\"Organization\",\"@id\":\"https:\/\/sure-antennas.com\/#organization\",\"name\":\"Sure Antennas\",\"url\":\"https:\/\/sure-antennas.com\/\",\"logo\":{\"@type\":\"ImageObject\",\"inLanguage\":\"de-DE\",\"@id\":\"https:\/\/sure-antennas.com\/#\/schema\/logo\/image\/\",\"url\":\"https:\/\/sure-antennas.com\/wp-content\/uploads\/2021\/04\/logo-1.png\",\"contentUrl\":\"https:\/\/sure-antennas.com\/wp-content\/uploads\/2021\/04\/logo-1.png\",\"width\":211,\"height\":52,\"caption\":\"Sure Antennas\"},\"image\":{\"@id\":\"https:\/\/sure-antennas.com\/#\/schema\/logo\/image\/\"}}]}<\/script>\n<!-- \/ Yoast SEO plugin. -->","yoast_head_json":{"title":"TETRA-Einbaus\u00e4tze f\u00fcr Fahrzeuge","description":"TETRA-Einbaus\u00e4tze f\u00fcr Fahrzeuge","robots":{"index":"index","follow":"follow","max-snippet":"max-snippet:-1","max-image-preview":"max-image-preview:large","max-video-preview":"max-video-preview:-1"},"canonical":"https:\/\/sure-antennas.com\/de\/tetra-installation-car-kits\/","og_locale":"de_DE","og_type":"article","og_title":"TETRA-Einbaus\u00e4tze f\u00fcr Fahrzeuge","og_description":"TETRA-Einbaus\u00e4tze f\u00fcr Fahrzeuge","og_url":"https:\/\/sure-antennas.com\/de\/tetra-installation-car-kits\/","og_site_name":"Sure Antennas","article_modified_time":"2025-04-07T08:08:41+00:00","twitter_card":"summary_large_image","twitter_misc":{"Est. reading time":"1 minute"},"schema":{"@context":"https:\/\/schema.org","@graph":[{"@type":"WebPage","@id":"https:\/\/sure-antennas.com\/de\/tetra-installation-car-kits\/","url":"https:\/\/sure-antennas.com\/de\/tetra-installation-car-kits\/","name":"TETRA-Einbaus\u00e4tze f\u00fcr Fahrzeuge","isPartOf":{"@id":"https:\/\/sure-antennas.com\/#website"},"datePublished":"2021-05-26T12:28:21+00:00","dateModified":"2025-04-07T08:08:41+00:00","description":"TETRA-Einbaus\u00e4tze f\u00fcr Fahrzeuge","breadcrumb":{"@id":"https:\/\/sure-antennas.com\/de\/tetra-installation-car-kits\/#breadcrumb"},"inLanguage":"de-DE","potentialAction":[{"@type":"ReadAction","target":["https:\/\/sure-antennas.com\/de\/tetra-installation-car-kits\/"]}]},{"@type":"BreadcrumbList","@id":"https:\/\/sure-antennas.com\/de\/tetra-installation-car-kits\/#breadcrumb","itemListElement":[{"@type":"ListItem","position":1,"name":"Home","item":"https:\/\/sure-antennas.com\/de\/"},{"@type":"ListItem","position":2,"name":"TETRA Installation Kits"}]},{"@type":"WebSite","@id":"https:\/\/sure-antennas.com\/#website","url":"https:\/\/sure-antennas.com\/","name":"Sure Antennas","description":"Sure Antennas site","publisher":{"@id":"https:\/\/sure-antennas.com\/#organization"},"potentialAction":[{"@type":"SearchAction","target":{"@type":"EntryPoint","urlTemplate":"https:\/\/sure-antennas.com\/?s={search_term_string}"},"query-input":{"@type":"PropertyValueSpecification","valueRequired":true,"valueName":"search_term_string"}}],"inLanguage":"de-DE"},{"@type":"Organization","@id":"https:\/\/sure-antennas.com\/#organization","name":"Sure Antennas","url":"https:\/\/sure-antennas.com\/","logo":{"@type":"ImageObject","inLanguage":"de-DE","@id":"https:\/\/sure-antennas.com\/#\/schema\/logo\/image\/","url":"https:\/\/sure-antennas.com\/wp-content\/uploads\/2021\/04\/logo-1.png","contentUrl":"https:\/\/sure-antennas.com\/wp-content\/uploads\/2021\/04\/logo-1.png","width":211,"height":52,"caption":"Sure Antennas"},"image":{"@id":"https:\/\/sure-antennas.com\/#\/schema\/logo\/image\/"}}]}},"_links":{"self":[{"href":"https:\/\/sure-antennas.com\/de\/wp-json\/wp\/v2\/pages\/12418","targetHints":{"allow":["GET"]}}],"collection":[{"href":"https:\/\/sure-antennas.com\/de\/wp-json\/wp\/v2\/pages"}],"about":[{"href":"https:\/\/sure-antennas.com\/de\/wp-json\/wp\/v2\/types\/page"}],"author":[{"embeddable":true,"href":"https:\/\/sure-antennas.com\/de\/wp-json\/wp\/v2\/users\/4"}],"replies":[{"embeddable":true,"href":"https:\/\/sure-antennas.com\/de\/wp-json\/wp\/v2\/comments?post=12418"}],"version-history":[{"count":0,"href":"https:\/\/sure-antennas.com\/de\/wp-json\/wp\/v2\/pages\/12418\/revisions"}],"wp:attachment":[{"href":"https:\/\/sure-antennas.com\/de\/wp-json\/wp\/v2\/media?parent=12418"}],"curies":[{"name":"wp","href":"https:\/\/api.w.org\/{rel}","templated":true}]}}