{"id":38491,"date":"2023-04-27T07:13:34","date_gmt":"2023-04-27T07:13:34","guid":{"rendered":"https:\/\/sure-antennas68068.e.wpstage.net\/4g-5g-vechicle-antenna-solutions\/"},"modified":"2025-04-07T08:15:00","modified_gmt":"2025-04-07T08:15:00","slug":"4g-5g-fahrzeugantennen","status":"publish","type":"page","link":"https:\/\/sure-antennas.com\/de\/4g-5g-fahrzeugantennen\/","title":{"rendered":"4G\/5G Fahrzeugantennen"},"content":{"rendered":"<p>Da sich die Technologie weiterentwickelt und die Anforderungen an die Kommunikation im Fahrzeug f\u00fcr die Rettungsdienste steigen, hat die Nutzung der 4G\/5G-Netze einen gro\u00dfen Nachfrageanstieg erfahren. Die Multifunktions-Fahrzeugantennen von Sure Antennas decken 4G- und 5G-Mobilfunkb\u00e4nder ab und sind mit den g\u00e4ngigen Fahrzeugtechnologiel\u00f6sungen auf dem Markt kompatibel. Mit bis zu 15 Funktionen, die in unseren Antennen verf\u00fcgbar sind, k\u00f6nnen Benutzer eine Antenne anschlie\u00dfen, was bedeutet, dass weniger L\u00f6cher in Ihr Fahrzeugdach gebohrt werden m\u00fcssen.<\/p>\n","protected":false},"excerpt":{"rendered":"<p>Da sich die Technologie weiterentwickelt und die Anforderungen an die Kommunikation im Fahrzeug f\u00fcr die Rettungsdienste steigen, hat die Nutzung der 4G\/5G-Netze einen gro\u00dfen Nachfrageanstieg erfahren. Die Multifunktions-Fahrzeugantennen von Sure Antennas decken 4G- und 5G-Mobilfunkb\u00e4nder ab und sind mit den g\u00e4ngigen Fahrzeugtechnologiel\u00f6sungen auf dem Markt kompatibel. Mit bis zu 15 Funktionen, die in unseren Antennen [&#8230;]<\/p>\n<p><a class=\"btn btn-secondary understrap-read-more-link\" href=\"https:\/\/sure-antennas.com\/de\/4g-5g-fahrzeugantennen\/\">Weiterlesen&#8230;<\/a><\/p>\n","protected":false},"author":4,"featured_media":0,"parent":0,"menu_order":0,"comment_status":"closed","ping_status":"closed","template":"page-templates\/two-way-radio.php","meta":{"_acf_changed":false,"footnotes":""},"class_list":["post-38491","page","type-page","status-publish","hentry"],"acf":[],"yoast_head":"<!-- This site is optimized with the Yoast SEO plugin v27.5 - https:\/\/yoast.com\/product\/yoast-seo-wordpress\/ -->\n<title>4G\/5G-f\u00e4hige Antennenl\u00f6sungen | Sure Antennas<\/title>\n<meta name=\"description\" content=\"Die Multifunktions-Fahrzeugantennen von Sure Antennas decken 4G- und 5G-Mobilfunkb\u00e4nder ab und sind mit g\u00e4ngigen Fahrzeugtechnologiel\u00f6sungen kompatibel.\" \/>\n<meta name=\"robots\" content=\"index, follow, max-snippet:-1, max-image-preview:large, max-video-preview:-1\" \/>\n<link rel=\"canonical\" href=\"https:\/\/sure-antennas.com\/de\/4g-5g-fahrzeugantennen\/\" \/>\n<meta property=\"og:locale\" content=\"de_DE\" \/>\n<meta property=\"og:type\" content=\"article\" \/>\n<meta property=\"og:title\" content=\"4G\/5G-f\u00e4hige Antennenl\u00f6sungen | Sure Antennas\" \/>\n<meta property=\"og:description\" content=\"Die Multifunktions-Fahrzeugantennen von Sure Antennas decken 4G- und 5G-Mobilfunkb\u00e4nder ab und sind mit g\u00e4ngigen Fahrzeugtechnologiel\u00f6sungen kompatibel.\" \/>\n<meta property=\"og:url\" content=\"https:\/\/sure-antennas.com\/de\/4g-5g-fahrzeugantennen\/\" \/>\n<meta property=\"og:site_name\" content=\"Sure Antennas\" \/>\n<meta property=\"article:modified_time\" content=\"2025-04-07T08:15:00+00:00\" \/>\n<meta name=\"twitter:card\" content=\"summary_large_image\" \/>\n<meta name=\"twitter:label1\" content=\"Est. reading time\" \/>\n\t<meta name=\"twitter:data1\" content=\"1 minute\" \/>\n<script type=\"application\/ld+json\" class=\"yoast-schema-graph\">{\"@context\":\"https:\\\/\\\/schema.org\",\"@graph\":[{\"@type\":\"WebPage\",\"@id\":\"https:\\\/\\\/sure-antennas.com\\\/de\\\/4g-5g-fahrzeugantennen\\\/\",\"url\":\"https:\\\/\\\/sure-antennas.com\\\/de\\\/4g-5g-fahrzeugantennen\\\/\",\"name\":\"4G\\\/5G-f\u00e4hige Antennenl\u00f6sungen | Sure Antennas\",\"isPartOf\":{\"@id\":\"https:\\\/\\\/sure-antennas.com\\\/#website\"},\"datePublished\":\"2023-04-27T07:13:34+00:00\",\"dateModified\":\"2025-04-07T08:15:00+00:00\",\"description\":\"Die Multifunktions-Fahrzeugantennen von Sure Antennas decken 4G- und 5G-Mobilfunkb\u00e4nder ab und sind mit g\u00e4ngigen Fahrzeugtechnologiel\u00f6sungen kompatibel.\",\"breadcrumb\":{\"@id\":\"https:\\\/\\\/sure-antennas.com\\\/de\\\/4g-5g-fahrzeugantennen\\\/#breadcrumb\"},\"inLanguage\":\"de-DE\",\"potentialAction\":[{\"@type\":\"ReadAction\",\"target\":[\"https:\\\/\\\/sure-antennas.com\\\/de\\\/4g-5g-fahrzeugantennen\\\/\"]}]},{\"@type\":\"BreadcrumbList\",\"@id\":\"https:\\\/\\\/sure-antennas.com\\\/de\\\/4g-5g-fahrzeugantennen\\\/#breadcrumb\",\"itemListElement\":[{\"@type\":\"ListItem\",\"position\":1,\"name\":\"Home\",\"item\":\"https:\\\/\\\/sure-antennas.com\\\/de\\\/\"},{\"@type\":\"ListItem\",\"position\":2,\"name\":\"4G\\\/5G Fahrzeugantennen\"}]},{\"@type\":\"WebSite\",\"@id\":\"https:\\\/\\\/sure-antennas.com\\\/#website\",\"url\":\"https:\\\/\\\/sure-antennas.com\\\/\",\"name\":\"Sure Antennas\",\"description\":\"Sure Antennas site\",\"publisher\":{\"@id\":\"https:\\\/\\\/sure-antennas.com\\\/#organization\"},\"potentialAction\":[{\"@type\":\"SearchAction\",\"target\":{\"@type\":\"EntryPoint\",\"urlTemplate\":\"https:\\\/\\\/sure-antennas.com\\\/?s={search_term_string}\"},\"query-input\":{\"@type\":\"PropertyValueSpecification\",\"valueRequired\":true,\"valueName\":\"search_term_string\"}}],\"inLanguage\":\"de-DE\"},{\"@type\":\"Organization\",\"@id\":\"https:\\\/\\\/sure-antennas.com\\\/#organization\",\"name\":\"Sure Antennas\",\"url\":\"https:\\\/\\\/sure-antennas.com\\\/\",\"logo\":{\"@type\":\"ImageObject\",\"inLanguage\":\"de-DE\",\"@id\":\"https:\\\/\\\/sure-antennas.com\\\/#\\\/schema\\\/logo\\\/image\\\/\",\"url\":\"https:\\\/\\\/sure-antennas.com\\\/wp-content\\\/uploads\\\/2021\\\/04\\\/logo-1.png\",\"contentUrl\":\"https:\\\/\\\/sure-antennas.com\\\/wp-content\\\/uploads\\\/2021\\\/04\\\/logo-1.png\",\"width\":211,\"height\":52,\"caption\":\"Sure Antennas\"},\"image\":{\"@id\":\"https:\\\/\\\/sure-antennas.com\\\/#\\\/schema\\\/logo\\\/image\\\/\"}}]}<\/script>\n<!-- \/ Yoast SEO plugin. -->","yoast_head_json":{"title":"4G\/5G-f\u00e4hige Antennenl\u00f6sungen | Sure Antennas","description":"Die Multifunktions-Fahrzeugantennen von Sure Antennas decken 4G- und 5G-Mobilfunkb\u00e4nder ab und sind mit g\u00e4ngigen Fahrzeugtechnologiel\u00f6sungen kompatibel.","robots":{"index":"index","follow":"follow","max-snippet":"max-snippet:-1","max-image-preview":"max-image-preview:large","max-video-preview":"max-video-preview:-1"},"canonical":"https:\/\/sure-antennas.com\/de\/4g-5g-fahrzeugantennen\/","og_locale":"de_DE","og_type":"article","og_title":"4G\/5G-f\u00e4hige Antennenl\u00f6sungen | Sure Antennas","og_description":"Die Multifunktions-Fahrzeugantennen von Sure Antennas decken 4G- und 5G-Mobilfunkb\u00e4nder ab und sind mit g\u00e4ngigen Fahrzeugtechnologiel\u00f6sungen kompatibel.","og_url":"https:\/\/sure-antennas.com\/de\/4g-5g-fahrzeugantennen\/","og_site_name":"Sure Antennas","article_modified_time":"2025-04-07T08:15:00+00:00","twitter_card":"summary_large_image","twitter_misc":{"Est. reading time":"1 minute"},"schema":{"@context":"https:\/\/schema.org","@graph":[{"@type":"WebPage","@id":"https:\/\/sure-antennas.com\/de\/4g-5g-fahrzeugantennen\/","url":"https:\/\/sure-antennas.com\/de\/4g-5g-fahrzeugantennen\/","name":"4G\/5G-f\u00e4hige Antennenl\u00f6sungen | Sure Antennas","isPartOf":{"@id":"https:\/\/sure-antennas.com\/#website"},"datePublished":"2023-04-27T07:13:34+00:00","dateModified":"2025-04-07T08:15:00+00:00","description":"Die Multifunktions-Fahrzeugantennen von Sure Antennas decken 4G- und 5G-Mobilfunkb\u00e4nder ab und sind mit g\u00e4ngigen Fahrzeugtechnologiel\u00f6sungen kompatibel.","breadcrumb":{"@id":"https:\/\/sure-antennas.com\/de\/4g-5g-fahrzeugantennen\/#breadcrumb"},"inLanguage":"de-DE","potentialAction":[{"@type":"ReadAction","target":["https:\/\/sure-antennas.com\/de\/4g-5g-fahrzeugantennen\/"]}]},{"@type":"BreadcrumbList","@id":"https:\/\/sure-antennas.com\/de\/4g-5g-fahrzeugantennen\/#breadcrumb","itemListElement":[{"@type":"ListItem","position":1,"name":"Home","item":"https:\/\/sure-antennas.com\/de\/"},{"@type":"ListItem","position":2,"name":"4G\/5G Fahrzeugantennen"}]},{"@type":"WebSite","@id":"https:\/\/sure-antennas.com\/#website","url":"https:\/\/sure-antennas.com\/","name":"Sure Antennas","description":"Sure Antennas site","publisher":{"@id":"https:\/\/sure-antennas.com\/#organization"},"potentialAction":[{"@type":"SearchAction","target":{"@type":"EntryPoint","urlTemplate":"https:\/\/sure-antennas.com\/?s={search_term_string}"},"query-input":{"@type":"PropertyValueSpecification","valueRequired":true,"valueName":"search_term_string"}}],"inLanguage":"de-DE"},{"@type":"Organization","@id":"https:\/\/sure-antennas.com\/#organization","name":"Sure Antennas","url":"https:\/\/sure-antennas.com\/","logo":{"@type":"ImageObject","inLanguage":"de-DE","@id":"https:\/\/sure-antennas.com\/#\/schema\/logo\/image\/","url":"https:\/\/sure-antennas.com\/wp-content\/uploads\/2021\/04\/logo-1.png","contentUrl":"https:\/\/sure-antennas.com\/wp-content\/uploads\/2021\/04\/logo-1.png","width":211,"height":52,"caption":"Sure Antennas"},"image":{"@id":"https:\/\/sure-antennas.com\/#\/schema\/logo\/image\/"}}]}},"_links":{"self":[{"href":"https:\/\/sure-antennas.com\/de\/wp-json\/wp\/v2\/pages\/38491","targetHints":{"allow":["GET"]}}],"collection":[{"href":"https:\/\/sure-antennas.com\/de\/wp-json\/wp\/v2\/pages"}],"about":[{"href":"https:\/\/sure-antennas.com\/de\/wp-json\/wp\/v2\/types\/page"}],"author":[{"embeddable":true,"href":"https:\/\/sure-antennas.com\/de\/wp-json\/wp\/v2\/users\/4"}],"replies":[{"embeddable":true,"href":"https:\/\/sure-antennas.com\/de\/wp-json\/wp\/v2\/comments?post=38491"}],"version-history":[{"count":0,"href":"https:\/\/sure-antennas.com\/de\/wp-json\/wp\/v2\/pages\/38491\/revisions"}],"wp:attachment":[{"href":"https:\/\/sure-antennas.com\/de\/wp-json\/wp\/v2\/media?parent=38491"}],"curies":[{"name":"wp","href":"https:\/\/api.w.org\/{rel}","templated":true}]}}