{"id":38500,"date":"2023-12-20T14:30:11","date_gmt":"2023-12-20T14:30:11","guid":{"rendered":"https:\/\/sure-antennas68068.e.wpstage.net\/about\/esg-policy\/"},"modified":"2025-07-28T14:23:34","modified_gmt":"2025-07-28T14:23:34","slug":"esg-strategie","status":"publish","type":"page","link":"https:\/\/sure-antennas.com\/de\/ueber-uns\/esg-strategie\/","title":{"rendered":"ESG-Strategie"},"content":{"rendered":"<p><img loading=\"lazy\" decoding=\"async\" class=\"alignnone size-full wp-image-38622\" src=\"https:\/\/sure-antennas.com\/wp-content\/uploads\/2025\/02\/de-esg-header-v1.png\" alt=\"Unser Beitrag zur Schaffung einer nachhaltigen Zukunft\" width=\"755\" height=\"369\" srcset=\"https:\/\/sure-antennas.com\/wp-content\/uploads\/2025\/02\/de-esg-header-v1.png 755w, https:\/\/sure-antennas.com\/wp-content\/uploads\/2025\/02\/de-esg-header-v1-300x147.png 300w, https:\/\/sure-antennas.com\/wp-content\/uploads\/2025\/02\/de-esg-header-v1-600x293.png 600w\" sizes=\"auto, (max-width: 755px) 100vw, 755px\" \/><\/p>\n<p>Sure Antennas hat sich zum Ziel gesetzt, Gemeinschaften zu schaffen, die vielf\u00e4ltig, gerecht, gesund und nachhaltig sind, indem wir modernste kommerzielle Techniken mit hervorragenden Leistungen in den Bereichen Umwelt, Soziales und Governance (ESG) kombinieren. Die Kernprinzipien unserer Organisation waren schon immer die moralischen und praktischen Ideale, die die vielen Komponenten von ESG umfassen. Dank der Ausweitung der ESU und des wachsenden Bewusstseins f\u00fcr diese Aspekte bei unseren wichtigen Interessengruppen haben wir jetzt eine gr\u00f6\u00dfere Chance, zu vermitteln, wie unser Unternehmen einen positiven globalen Einfluss hat. Als Teil unseres Mutterkonzerns, der SFL Holdings, bem\u00fchen wir uns kontinuierlich, die 17 Nachhaltigkeitsziele der<br \/>\nVereinten Nationen in unserer Gesch\u00e4ftst\u00e4tigkeit und unseren Grundwerten zu erf\u00fcllen.<\/p>\n<p><img loading=\"lazy\" decoding=\"async\" class=\"alignnone size-full wp-image-38626\" src=\"https:\/\/sure-antennas.com\/wp-content\/uploads\/2025\/02\/de-esg-policy-gif-v1.gif\" alt=\"ESG-Strategie\" width=\"1500\" height=\"500\" \/><\/p>\n<p><img loading=\"lazy\" decoding=\"async\" class=\"alignnone size-full wp-image-38630\" src=\"https:\/\/sure-antennas.com\/wp-content\/uploads\/2025\/02\/de-esg-policy-gif-v2.gif\" alt=\"ESG-Strategie\" width=\"1500\" height=\"500\" \/><\/p>\n<p><img loading=\"lazy\" decoding=\"async\" class=\"alignnone size-full wp-image-38633\" src=\"https:\/\/sure-antennas.com\/wp-content\/uploads\/2025\/02\/de-esg-booklet-v1.png\" alt=\"Vollst\u00e4ndige ESG-Richtlinie hier herunterladen\" width=\"518\" height=\"275\" srcset=\"https:\/\/sure-antennas.com\/wp-content\/uploads\/2025\/02\/de-esg-booklet-v1.png 518w, https:\/\/sure-antennas.com\/wp-content\/uploads\/2025\/02\/de-esg-booklet-v1-300x159.png 300w\" sizes=\"auto, (max-width: 518px) 100vw, 518px\" \/><\/p>\n<h5 style=\"text-align: center;\"><span style=\"color: #0000ff;\"><strong><a style=\"color: #0000ff;\" href=\"https:\/\/www.sflmobileradio.co.uk\/wp-content\/uploads\/2023\/11\/SFL-ESG-Policy.pdf\" target=\"_blank\" rel=\"noopener\">Vollst\u00e4ndige ESG-Richtlinie hier herunterladen<\/a><\/strong><\/span><\/h5>\n","protected":false},"excerpt":{"rendered":"<p>Sure Antennas hat sich zum Ziel gesetzt, Gemeinschaften zu schaffen, die vielf\u00e4ltig, gerecht, gesund und nachhaltig sind, indem wir modernste kommerzielle Techniken mit hervorragenden Leistungen in den Bereichen Umwelt, Soziales und Governance (ESG) kombinieren. Die Kernprinzipien unserer Organisation waren schon immer die moralischen und praktischen Ideale, die die vielen Komponenten von ESG umfassen. Dank der [&#8230;]<\/p>\n<p><a class=\"btn btn-secondary understrap-read-more-link\" href=\"https:\/\/sure-antennas.com\/de\/ueber-uns\/esg-strategie\/\">Weiterlesen&#8230;<\/a><\/p>\n","protected":false},"author":4,"featured_media":0,"parent":38495,"menu_order":0,"comment_status":"closed","ping_status":"closed","template":"page-templates\/two-way-radio.php","meta":{"_acf_changed":false,"footnotes":""},"class_list":["post-38500","page","type-page","status-publish","hentry"],"acf":[],"yoast_head":"<!-- This site is optimized with the Yoast SEO plugin v27.5 - https:\/\/yoast.com\/product\/yoast-seo-wordpress\/ -->\n<title>ESG-Strategie - Sure Antennas<\/title>\n<meta name=\"robots\" content=\"index, follow, max-snippet:-1, max-image-preview:large, max-video-preview:-1\" \/>\n<link rel=\"canonical\" href=\"https:\/\/sure-antennas.com\/de\/ueber-uns\/esg-strategie\/\" \/>\n<meta property=\"og:locale\" content=\"de_DE\" \/>\n<meta property=\"og:type\" content=\"article\" \/>\n<meta property=\"og:title\" content=\"ESG-Strategie - Sure Antennas\" \/>\n<meta property=\"og:description\" content=\"Sure Antennas hat sich zum Ziel gesetzt, Gemeinschaften zu schaffen, die vielf\u00e4ltig, gerecht, gesund und nachhaltig sind, indem wir modernste kommerzielle Techniken mit hervorragenden Leistungen in den Bereichen Umwelt, Soziales und Governance (ESG) kombinieren. Die Kernprinzipien unserer Organisation waren schon immer die moralischen und praktischen Ideale, die die vielen Komponenten von ESG umfassen. Dank der [...]Weiterlesen...\" \/>\n<meta property=\"og:url\" content=\"https:\/\/sure-antennas.com\/de\/ueber-uns\/esg-strategie\/\" \/>\n<meta property=\"og:site_name\" content=\"Sure Antennas\" \/>\n<meta property=\"article:modified_time\" content=\"2025-07-28T14:23:34+00:00\" \/>\n<meta property=\"og:image\" content=\"https:\/\/sure-antennas.com\/wp-content\/uploads\/2025\/02\/de-esg-header-v1.png\" \/>\n\t<meta property=\"og:image:width\" content=\"755\" \/>\n\t<meta property=\"og:image:height\" content=\"369\" \/>\n\t<meta property=\"og:image:type\" content=\"image\/png\" \/>\n<meta name=\"twitter:card\" content=\"summary_large_image\" \/>\n<meta name=\"twitter:label1\" content=\"Est. reading time\" \/>\n\t<meta name=\"twitter:data1\" content=\"2 minutes\" \/>\n<script type=\"application\/ld+json\" class=\"yoast-schema-graph\">{\"@context\":\"https:\\\/\\\/schema.org\",\"@graph\":[{\"@type\":[\"WebPage\",\"AboutPage\"],\"@id\":\"https:\\\/\\\/sure-antennas.com\\\/de\\\/ueber-uns\\\/esg-strategie\\\/\",\"url\":\"https:\\\/\\\/sure-antennas.com\\\/de\\\/ueber-uns\\\/esg-strategie\\\/\",\"name\":\"ESG-Strategie - Sure Antennas\",\"isPartOf\":{\"@id\":\"https:\\\/\\\/sure-antennas.com\\\/#website\"},\"primaryImageOfPage\":{\"@id\":\"https:\\\/\\\/sure-antennas.com\\\/de\\\/ueber-uns\\\/esg-strategie\\\/#primaryimage\"},\"image\":{\"@id\":\"https:\\\/\\\/sure-antennas.com\\\/de\\\/ueber-uns\\\/esg-strategie\\\/#primaryimage\"},\"thumbnailUrl\":\"https:\\\/\\\/sure-antennas.com\\\/wp-content\\\/uploads\\\/2025\\\/02\\\/de-esg-header-v1.png\",\"datePublished\":\"2023-12-20T14:30:11+00:00\",\"dateModified\":\"2025-07-28T14:23:34+00:00\",\"breadcrumb\":{\"@id\":\"https:\\\/\\\/sure-antennas.com\\\/de\\\/ueber-uns\\\/esg-strategie\\\/#breadcrumb\"},\"inLanguage\":\"de-DE\",\"potentialAction\":[{\"@type\":\"ReadAction\",\"target\":[\"https:\\\/\\\/sure-antennas.com\\\/de\\\/ueber-uns\\\/esg-strategie\\\/\"]}]},{\"@type\":\"ImageObject\",\"inLanguage\":\"de-DE\",\"@id\":\"https:\\\/\\\/sure-antennas.com\\\/de\\\/ueber-uns\\\/esg-strategie\\\/#primaryimage\",\"url\":\"https:\\\/\\\/sure-antennas.com\\\/wp-content\\\/uploads\\\/2025\\\/02\\\/de-esg-header-v1.png\",\"contentUrl\":\"https:\\\/\\\/sure-antennas.com\\\/wp-content\\\/uploads\\\/2025\\\/02\\\/de-esg-header-v1.png\"},{\"@type\":\"BreadcrumbList\",\"@id\":\"https:\\\/\\\/sure-antennas.com\\\/de\\\/ueber-uns\\\/esg-strategie\\\/#breadcrumb\",\"itemListElement\":[{\"@type\":\"ListItem\",\"position\":1,\"name\":\"Home\",\"item\":\"https:\\\/\\\/sure-antennas.com\\\/de\\\/\"},{\"@type\":\"ListItem\",\"position\":2,\"name\":\"\u00dcber uns\",\"item\":\"https:\\\/\\\/sure-antennas.com\\\/de\\\/ueber-uns\\\/\"},{\"@type\":\"ListItem\",\"position\":3,\"name\":\"ESG-Strategie\"}]},{\"@type\":\"WebSite\",\"@id\":\"https:\\\/\\\/sure-antennas.com\\\/#website\",\"url\":\"https:\\\/\\\/sure-antennas.com\\\/\",\"name\":\"Sure Antennas\",\"description\":\"Sure Antennas site\",\"publisher\":{\"@id\":\"https:\\\/\\\/sure-antennas.com\\\/#organization\"},\"potentialAction\":[{\"@type\":\"SearchAction\",\"target\":{\"@type\":\"EntryPoint\",\"urlTemplate\":\"https:\\\/\\\/sure-antennas.com\\\/?s={search_term_string}\"},\"query-input\":{\"@type\":\"PropertyValueSpecification\",\"valueRequired\":true,\"valueName\":\"search_term_string\"}}],\"inLanguage\":\"de-DE\"},{\"@type\":\"Organization\",\"@id\":\"https:\\\/\\\/sure-antennas.com\\\/#organization\",\"name\":\"Sure Antennas\",\"url\":\"https:\\\/\\\/sure-antennas.com\\\/\",\"logo\":{\"@type\":\"ImageObject\",\"inLanguage\":\"de-DE\",\"@id\":\"https:\\\/\\\/sure-antennas.com\\\/#\\\/schema\\\/logo\\\/image\\\/\",\"url\":\"https:\\\/\\\/sure-antennas.com\\\/wp-content\\\/uploads\\\/2021\\\/04\\\/logo-1.png\",\"contentUrl\":\"https:\\\/\\\/sure-antennas.com\\\/wp-content\\\/uploads\\\/2021\\\/04\\\/logo-1.png\",\"width\":211,\"height\":52,\"caption\":\"Sure Antennas\"},\"image\":{\"@id\":\"https:\\\/\\\/sure-antennas.com\\\/#\\\/schema\\\/logo\\\/image\\\/\"}}]}<\/script>\n<!-- \/ Yoast SEO plugin. -->","yoast_head_json":{"title":"ESG-Strategie - Sure Antennas","robots":{"index":"index","follow":"follow","max-snippet":"max-snippet:-1","max-image-preview":"max-image-preview:large","max-video-preview":"max-video-preview:-1"},"canonical":"https:\/\/sure-antennas.com\/de\/ueber-uns\/esg-strategie\/","og_locale":"de_DE","og_type":"article","og_title":"ESG-Strategie - Sure Antennas","og_description":"Sure Antennas hat sich zum Ziel gesetzt, Gemeinschaften zu schaffen, die vielf\u00e4ltig, gerecht, gesund und nachhaltig sind, indem wir modernste kommerzielle Techniken mit hervorragenden Leistungen in den Bereichen Umwelt, Soziales und Governance (ESG) kombinieren. Die Kernprinzipien unserer Organisation waren schon immer die moralischen und praktischen Ideale, die die vielen Komponenten von ESG umfassen. Dank der [...]Weiterlesen...","og_url":"https:\/\/sure-antennas.com\/de\/ueber-uns\/esg-strategie\/","og_site_name":"Sure Antennas","article_modified_time":"2025-07-28T14:23:34+00:00","og_image":[{"width":755,"height":369,"url":"https:\/\/sure-antennas.com\/wp-content\/uploads\/2025\/02\/de-esg-header-v1.png","type":"image\/png"}],"twitter_card":"summary_large_image","twitter_misc":{"Est. reading time":"2 minutes"},"schema":{"@context":"https:\/\/schema.org","@graph":[{"@type":["WebPage","AboutPage"],"@id":"https:\/\/sure-antennas.com\/de\/ueber-uns\/esg-strategie\/","url":"https:\/\/sure-antennas.com\/de\/ueber-uns\/esg-strategie\/","name":"ESG-Strategie - Sure Antennas","isPartOf":{"@id":"https:\/\/sure-antennas.com\/#website"},"primaryImageOfPage":{"@id":"https:\/\/sure-antennas.com\/de\/ueber-uns\/esg-strategie\/#primaryimage"},"image":{"@id":"https:\/\/sure-antennas.com\/de\/ueber-uns\/esg-strategie\/#primaryimage"},"thumbnailUrl":"https:\/\/sure-antennas.com\/wp-content\/uploads\/2025\/02\/de-esg-header-v1.png","datePublished":"2023-12-20T14:30:11+00:00","dateModified":"2025-07-28T14:23:34+00:00","breadcrumb":{"@id":"https:\/\/sure-antennas.com\/de\/ueber-uns\/esg-strategie\/#breadcrumb"},"inLanguage":"de-DE","potentialAction":[{"@type":"ReadAction","target":["https:\/\/sure-antennas.com\/de\/ueber-uns\/esg-strategie\/"]}]},{"@type":"ImageObject","inLanguage":"de-DE","@id":"https:\/\/sure-antennas.com\/de\/ueber-uns\/esg-strategie\/#primaryimage","url":"https:\/\/sure-antennas.com\/wp-content\/uploads\/2025\/02\/de-esg-header-v1.png","contentUrl":"https:\/\/sure-antennas.com\/wp-content\/uploads\/2025\/02\/de-esg-header-v1.png"},{"@type":"BreadcrumbList","@id":"https:\/\/sure-antennas.com\/de\/ueber-uns\/esg-strategie\/#breadcrumb","itemListElement":[{"@type":"ListItem","position":1,"name":"Home","item":"https:\/\/sure-antennas.com\/de\/"},{"@type":"ListItem","position":2,"name":"\u00dcber uns","item":"https:\/\/sure-antennas.com\/de\/ueber-uns\/"},{"@type":"ListItem","position":3,"name":"ESG-Strategie"}]},{"@type":"WebSite","@id":"https:\/\/sure-antennas.com\/#website","url":"https:\/\/sure-antennas.com\/","name":"Sure Antennas","description":"Sure Antennas site","publisher":{"@id":"https:\/\/sure-antennas.com\/#organization"},"potentialAction":[{"@type":"SearchAction","target":{"@type":"EntryPoint","urlTemplate":"https:\/\/sure-antennas.com\/?s={search_term_string}"},"query-input":{"@type":"PropertyValueSpecification","valueRequired":true,"valueName":"search_term_string"}}],"inLanguage":"de-DE"},{"@type":"Organization","@id":"https:\/\/sure-antennas.com\/#organization","name":"Sure Antennas","url":"https:\/\/sure-antennas.com\/","logo":{"@type":"ImageObject","inLanguage":"de-DE","@id":"https:\/\/sure-antennas.com\/#\/schema\/logo\/image\/","url":"https:\/\/sure-antennas.com\/wp-content\/uploads\/2021\/04\/logo-1.png","contentUrl":"https:\/\/sure-antennas.com\/wp-content\/uploads\/2021\/04\/logo-1.png","width":211,"height":52,"caption":"Sure Antennas"},"image":{"@id":"https:\/\/sure-antennas.com\/#\/schema\/logo\/image\/"}}]}},"_links":{"self":[{"href":"https:\/\/sure-antennas.com\/de\/wp-json\/wp\/v2\/pages\/38500","targetHints":{"allow":["GET"]}}],"collection":[{"href":"https:\/\/sure-antennas.com\/de\/wp-json\/wp\/v2\/pages"}],"about":[{"href":"https:\/\/sure-antennas.com\/de\/wp-json\/wp\/v2\/types\/page"}],"author":[{"embeddable":true,"href":"https:\/\/sure-antennas.com\/de\/wp-json\/wp\/v2\/users\/4"}],"replies":[{"embeddable":true,"href":"https:\/\/sure-antennas.com\/de\/wp-json\/wp\/v2\/comments?post=38500"}],"version-history":[{"count":0,"href":"https:\/\/sure-antennas.com\/de\/wp-json\/wp\/v2\/pages\/38500\/revisions"}],"up":[{"embeddable":true,"href":"https:\/\/sure-antennas.com\/de\/wp-json\/wp\/v2\/pages\/38495"}],"wp:attachment":[{"href":"https:\/\/sure-antennas.com\/de\/wp-json\/wp\/v2\/media?parent=38500"}],"curies":[{"name":"wp","href":"https:\/\/api.w.org\/{rel}","templated":true}]}}