{"id":38610,"date":"2021-08-11T13:01:15","date_gmt":"2021-08-11T13:01:15","guid":{"rendered":"https:\/\/sure-antennas68068.e.wpstage.net\/esn-ready-vechicle-antennas\/"},"modified":"2025-04-07T08:14:19","modified_gmt":"2025-04-07T08:14:19","slug":"esn-faehige-fahrzeugantennen","status":"publish","type":"page","link":"https:\/\/sure-antennas.com\/de\/esn-faehige-fahrzeugantennen\/","title":{"rendered":"ESN-f\u00e4hige Fahrzeugantennen"},"content":{"rendered":"<p>Das ESN arbeitet mit LTE und es ist geplant, dass dies in naher Zukunft Airwave f\u00fcr die Sprachfunktion abl\u00f6st und zus\u00e4tzlich mobile Hochgeschwindigkeits-Breitbanddaten liefert. Sure Antennas hat eine Reihe von ESN-kompatiblen Antennen entwickelt, die nicht nur die ESN-Spezifikationen erf\u00fcllen, sondern auch vollst\u00e4ndig mit dem Airwave-Netz zusammenarbeiten. Das bedeutet, dass die Fahrzeuge, in denen unsere Antennen installiert sind, zukunftsf\u00e4hig sind und die Antennen nach der Umstellung nicht ausgetauscht werden m\u00fcssen. Im Folgenden finden Sie unser Portfolio an leistungsstarken, multifunktionalen ESN-Fahrzeugantennen: LTE, 5G, 4G, TETRA, GPS und WiFi f\u00fcr Fahrzeuge des Rettungsdienstes und der \u00f6ffentlichen Sicherheit.<\/p>\n","protected":false},"excerpt":{"rendered":"<p>Das ESN arbeitet mit LTE und es ist geplant, dass dies in naher Zukunft Airwave f\u00fcr die Sprachfunktion abl\u00f6st und zus\u00e4tzlich mobile Hochgeschwindigkeits-Breitbanddaten liefert. Sure Antennas hat eine Reihe von ESN-kompatiblen Antennen entwickelt, die nicht nur die ESN-Spezifikationen erf\u00fcllen, sondern auch vollst\u00e4ndig mit dem Airwave-Netz zusammenarbeiten. Das bedeutet, dass die Fahrzeuge, in denen unsere Antennen [&#8230;]<\/p>\n<p><a class=\"btn btn-secondary understrap-read-more-link\" href=\"https:\/\/sure-antennas.com\/de\/esn-faehige-fahrzeugantennen\/\">Weiterlesen&#8230;<\/a><\/p>\n","protected":false},"author":4,"featured_media":0,"parent":0,"menu_order":0,"comment_status":"closed","ping_status":"closed","template":"page-templates\/two-way-radio.php","meta":{"_acf_changed":false,"footnotes":""},"class_list":["post-38610","page","type-page","status-publish","hentry"],"acf":[],"yoast_head":"<!-- This site is optimized with the Yoast SEO plugin v27.4 - https:\/\/yoast.com\/product\/yoast-seo-wordpress\/ -->\n<title>ESN-f\u00e4hige Fahrzeugantennen | Sure Antennas<\/title>\n<meta name=\"description\" content=\"Emergency Services Network (ESN) funktioniert mit LTE. Unser Portfolio bietet zukunftssichere Antennen f\u00fcr Notruf- und Sicherheitsfahrzeuge.\" \/>\n<meta name=\"robots\" content=\"index, follow, max-snippet:-1, max-image-preview:large, max-video-preview:-1\" \/>\n<link rel=\"canonical\" href=\"https:\/\/sure-antennas.com\/de\/esn-faehige-fahrzeugantennen\/\" \/>\n<meta property=\"og:locale\" content=\"de_DE\" \/>\n<meta property=\"og:type\" content=\"article\" \/>\n<meta property=\"og:title\" content=\"ESN-f\u00e4hige Fahrzeugantennen | Sure Antennas\" \/>\n<meta property=\"og:description\" content=\"Emergency Services Network (ESN) funktioniert mit LTE. Unser Portfolio bietet zukunftssichere Antennen f\u00fcr Notruf- und Sicherheitsfahrzeuge.\" \/>\n<meta property=\"og:url\" content=\"https:\/\/sure-antennas.com\/de\/esn-faehige-fahrzeugantennen\/\" \/>\n<meta property=\"og:site_name\" content=\"Sure Antennas\" \/>\n<meta property=\"article:modified_time\" content=\"2025-04-07T08:14:19+00:00\" \/>\n<meta name=\"twitter:card\" content=\"summary_large_image\" \/>\n<meta name=\"twitter:label1\" content=\"Est. reading time\" \/>\n\t<meta name=\"twitter:data1\" content=\"1 minute\" \/>\n<script type=\"application\/ld+json\" class=\"yoast-schema-graph\">{\"@context\":\"https:\\\/\\\/schema.org\",\"@graph\":[{\"@type\":\"WebPage\",\"@id\":\"https:\\\/\\\/sure-antennas.com\\\/de\\\/esn-faehige-fahrzeugantennen\\\/\",\"url\":\"https:\\\/\\\/sure-antennas.com\\\/de\\\/esn-faehige-fahrzeugantennen\\\/\",\"name\":\"ESN-f\u00e4hige Fahrzeugantennen | Sure Antennas\",\"isPartOf\":{\"@id\":\"https:\\\/\\\/sure-antennas.com\\\/#website\"},\"datePublished\":\"2021-08-11T13:01:15+00:00\",\"dateModified\":\"2025-04-07T08:14:19+00:00\",\"description\":\"Emergency Services Network (ESN) funktioniert mit LTE. Unser Portfolio bietet zukunftssichere Antennen f\u00fcr Notruf- und Sicherheitsfahrzeuge.\",\"breadcrumb\":{\"@id\":\"https:\\\/\\\/sure-antennas.com\\\/de\\\/esn-faehige-fahrzeugantennen\\\/#breadcrumb\"},\"inLanguage\":\"de-DE\",\"potentialAction\":[{\"@type\":\"ReadAction\",\"target\":[\"https:\\\/\\\/sure-antennas.com\\\/de\\\/esn-faehige-fahrzeugantennen\\\/\"]}]},{\"@type\":\"BreadcrumbList\",\"@id\":\"https:\\\/\\\/sure-antennas.com\\\/de\\\/esn-faehige-fahrzeugantennen\\\/#breadcrumb\",\"itemListElement\":[{\"@type\":\"ListItem\",\"position\":1,\"name\":\"Home\",\"item\":\"https:\\\/\\\/sure-antennas.com\\\/de\\\/\"},{\"@type\":\"ListItem\",\"position\":2,\"name\":\"ESN-f\u00e4hige Fahrzeugantennen\"}]},{\"@type\":\"WebSite\",\"@id\":\"https:\\\/\\\/sure-antennas.com\\\/#website\",\"url\":\"https:\\\/\\\/sure-antennas.com\\\/\",\"name\":\"Sure Antennas\",\"description\":\"Sure Antennas site\",\"publisher\":{\"@id\":\"https:\\\/\\\/sure-antennas.com\\\/#organization\"},\"potentialAction\":[{\"@type\":\"SearchAction\",\"target\":{\"@type\":\"EntryPoint\",\"urlTemplate\":\"https:\\\/\\\/sure-antennas.com\\\/?s={search_term_string}\"},\"query-input\":{\"@type\":\"PropertyValueSpecification\",\"valueRequired\":true,\"valueName\":\"search_term_string\"}}],\"inLanguage\":\"de-DE\"},{\"@type\":\"Organization\",\"@id\":\"https:\\\/\\\/sure-antennas.com\\\/#organization\",\"name\":\"Sure Antennas\",\"url\":\"https:\\\/\\\/sure-antennas.com\\\/\",\"logo\":{\"@type\":\"ImageObject\",\"inLanguage\":\"de-DE\",\"@id\":\"https:\\\/\\\/sure-antennas.com\\\/#\\\/schema\\\/logo\\\/image\\\/\",\"url\":\"https:\\\/\\\/sure-antennas.com\\\/wp-content\\\/uploads\\\/2021\\\/04\\\/logo-1.png\",\"contentUrl\":\"https:\\\/\\\/sure-antennas.com\\\/wp-content\\\/uploads\\\/2021\\\/04\\\/logo-1.png\",\"width\":211,\"height\":52,\"caption\":\"Sure Antennas\"},\"image\":{\"@id\":\"https:\\\/\\\/sure-antennas.com\\\/#\\\/schema\\\/logo\\\/image\\\/\"}}]}<\/script>\n<!-- \/ Yoast SEO plugin. -->","yoast_head_json":{"title":"ESN-f\u00e4hige Fahrzeugantennen | Sure Antennas","description":"Emergency Services Network (ESN) funktioniert mit LTE. Unser Portfolio bietet zukunftssichere Antennen f\u00fcr Notruf- und Sicherheitsfahrzeuge.","robots":{"index":"index","follow":"follow","max-snippet":"max-snippet:-1","max-image-preview":"max-image-preview:large","max-video-preview":"max-video-preview:-1"},"canonical":"https:\/\/sure-antennas.com\/de\/esn-faehige-fahrzeugantennen\/","og_locale":"de_DE","og_type":"article","og_title":"ESN-f\u00e4hige Fahrzeugantennen | Sure Antennas","og_description":"Emergency Services Network (ESN) funktioniert mit LTE. Unser Portfolio bietet zukunftssichere Antennen f\u00fcr Notruf- und Sicherheitsfahrzeuge.","og_url":"https:\/\/sure-antennas.com\/de\/esn-faehige-fahrzeugantennen\/","og_site_name":"Sure Antennas","article_modified_time":"2025-04-07T08:14:19+00:00","twitter_card":"summary_large_image","twitter_misc":{"Est. reading time":"1 minute"},"schema":{"@context":"https:\/\/schema.org","@graph":[{"@type":"WebPage","@id":"https:\/\/sure-antennas.com\/de\/esn-faehige-fahrzeugantennen\/","url":"https:\/\/sure-antennas.com\/de\/esn-faehige-fahrzeugantennen\/","name":"ESN-f\u00e4hige Fahrzeugantennen | Sure Antennas","isPartOf":{"@id":"https:\/\/sure-antennas.com\/#website"},"datePublished":"2021-08-11T13:01:15+00:00","dateModified":"2025-04-07T08:14:19+00:00","description":"Emergency Services Network (ESN) funktioniert mit LTE. Unser Portfolio bietet zukunftssichere Antennen f\u00fcr Notruf- und Sicherheitsfahrzeuge.","breadcrumb":{"@id":"https:\/\/sure-antennas.com\/de\/esn-faehige-fahrzeugantennen\/#breadcrumb"},"inLanguage":"de-DE","potentialAction":[{"@type":"ReadAction","target":["https:\/\/sure-antennas.com\/de\/esn-faehige-fahrzeugantennen\/"]}]},{"@type":"BreadcrumbList","@id":"https:\/\/sure-antennas.com\/de\/esn-faehige-fahrzeugantennen\/#breadcrumb","itemListElement":[{"@type":"ListItem","position":1,"name":"Home","item":"https:\/\/sure-antennas.com\/de\/"},{"@type":"ListItem","position":2,"name":"ESN-f\u00e4hige Fahrzeugantennen"}]},{"@type":"WebSite","@id":"https:\/\/sure-antennas.com\/#website","url":"https:\/\/sure-antennas.com\/","name":"Sure Antennas","description":"Sure Antennas site","publisher":{"@id":"https:\/\/sure-antennas.com\/#organization"},"potentialAction":[{"@type":"SearchAction","target":{"@type":"EntryPoint","urlTemplate":"https:\/\/sure-antennas.com\/?s={search_term_string}"},"query-input":{"@type":"PropertyValueSpecification","valueRequired":true,"valueName":"search_term_string"}}],"inLanguage":"de-DE"},{"@type":"Organization","@id":"https:\/\/sure-antennas.com\/#organization","name":"Sure Antennas","url":"https:\/\/sure-antennas.com\/","logo":{"@type":"ImageObject","inLanguage":"de-DE","@id":"https:\/\/sure-antennas.com\/#\/schema\/logo\/image\/","url":"https:\/\/sure-antennas.com\/wp-content\/uploads\/2021\/04\/logo-1.png","contentUrl":"https:\/\/sure-antennas.com\/wp-content\/uploads\/2021\/04\/logo-1.png","width":211,"height":52,"caption":"Sure Antennas"},"image":{"@id":"https:\/\/sure-antennas.com\/#\/schema\/logo\/image\/"}}]}},"_links":{"self":[{"href":"https:\/\/sure-antennas.com\/de\/wp-json\/wp\/v2\/pages\/38610","targetHints":{"allow":["GET"]}}],"collection":[{"href":"https:\/\/sure-antennas.com\/de\/wp-json\/wp\/v2\/pages"}],"about":[{"href":"https:\/\/sure-antennas.com\/de\/wp-json\/wp\/v2\/types\/page"}],"author":[{"embeddable":true,"href":"https:\/\/sure-antennas.com\/de\/wp-json\/wp\/v2\/users\/4"}],"replies":[{"embeddable":true,"href":"https:\/\/sure-antennas.com\/de\/wp-json\/wp\/v2\/comments?post=38610"}],"version-history":[{"count":0,"href":"https:\/\/sure-antennas.com\/de\/wp-json\/wp\/v2\/pages\/38610\/revisions"}],"wp:attachment":[{"href":"https:\/\/sure-antennas.com\/de\/wp-json\/wp\/v2\/media?parent=38610"}],"curies":[{"name":"wp","href":"https:\/\/api.w.org\/{rel}","templated":true}]}}