{"id":41158,"date":"2024-04-29T11:42:58","date_gmt":"2024-04-29T11:42:58","guid":{"rendered":"https:\/\/sure-antennas.com\/?page_id=41158"},"modified":"2025-06-27T10:32:56","modified_gmt":"2025-06-27T10:32:56","slug":"europaeischer-vertriebspartner","status":"publish","type":"page","link":"https:\/\/sure-antennas.com\/de\/europaeischer-vertriebspartner\/","title":{"rendered":"Europ\u00e4ischer Vertriebspartner"},"content":{"rendered":"<p><img loading=\"lazy\" decoding=\"async\" class=\"aligncenter wp-image-32655 size-full\" src=\"https:\/\/sure-antennas.com\/wp-content\/uploads\/2024\/04\/euro.png\" alt=\"\" width=\"1000\" height=\"491\" srcset=\"https:\/\/sure-antennas.com\/wp-content\/uploads\/2024\/04\/euro.png 1000w, https:\/\/sure-antennas.com\/wp-content\/uploads\/2024\/04\/euro-300x147.png 300w, https:\/\/sure-antennas.com\/wp-content\/uploads\/2024\/04\/euro-768x377.png 768w, https:\/\/sure-antennas.com\/wp-content\/uploads\/2024\/04\/euro-600x295.png 600w\" sizes=\"auto, (max-width: 1000px) 100vw, 1000px\" \/><\/p>\n<p>Sure Antennas ist auf der Suche nach Vertriebspartnern in ganz Europa. Beliefern Sie derzeit die Notdienste oder den Sektor der \u00f6ffentlichen Sicherheit und sind daran interessiert, Ihr Produktportfolio zu erweitern? Wenn ja, w\u00fcrden wir uns freuen, von Ihnen zu h\u00f6ren. Bitte f\u00fcllen Sie das untenstehende Kontaktformular aus und einer unserer Mitarbeiter wird sich mit Ihnen in Verbindung setzen, um Ihnen weitere Einzelheiten zu unserem Wiederverk\u00e4uferprogramm mitzuteilen.<\/p>\n<div class=\"accreditation-content animated fadeInUp go\">\n<section class=\"contact-form-section animatedParent\">\n<div class=\"container\">\n<div class=\"heading animated fadeInUp go\">\n<h6>Sind Sie daran interessiert?<br \/>\nKontaktieren Sie uns und ein Mitglied unseres Teams wird sich so schnell wie m\u00f6glich mit Ihnen in Verbindung setzen.<\/h6>\n<\/div>\n<div class=\"contact-form animated fadeInUp go\">\n<div class=\"c-message_kit__gutter\">\n<div class=\"c-message_kit__gutter__right\" data-qa=\"message_content\">\n<div class=\"c-message_kit__blocks c-message_kit__blocks--rich_text\">\n<div class=\"c-message__message_blocks c-message__message_blocks--rich_text\">\n<div class=\"p-block_kit_renderer\" data-qa=\"block-kit-renderer\">\n<div class=\"p-block_kit_renderer__block_wrapper p-block_kit_renderer__block_wrapper--first\">\n<div class=\"p-rich_text_block\" dir=\"auto\">\n<div class=\"p-rich_text_section\">\n<div id=\"wpcf7-f12411-o1\" class=\"wpcf7 js\" dir=\"ltr\" lang=\"en-US\">\n<div class=\"screen-reader-response\">\n<p role=\"status\" aria-live=\"polite\" aria-atomic=\"true\">\n<\/div>\n<form class=\"wpcf7-form init mailchimp-ext-0.5.72\" action=\"\/contact-us\/#wpcf7-f12411-o1\" method=\"post\" novalidate=\"novalidate\" aria-label=\"Contact form\" data-status=\"init\">\n<div style=\"display: none;\"><input name=\"_wpcf7\" type=\"hidden\" value=\"12411\" \/><br \/>\n<input name=\"_wpcf7_version\" type=\"hidden\" value=\"5.9.3\" \/><br \/>\n<input name=\"_wpcf7_locale\" type=\"hidden\" value=\"en_US\" \/><br \/>\n<input name=\"_wpcf7_unit_tag\" type=\"hidden\" value=\"wpcf7-f12411-o1\" \/><br \/>\n<input name=\"_wpcf7_container_post\" type=\"hidden\" value=\"0\" \/><br \/>\n<input name=\"_wpcf7_posted_data_hash\" type=\"hidden\" value=\"\" \/><br \/>\n<input name=\"_wpcf7_recaptcha_response\" type=\"hidden\" value=\"03AFcWeA41z3jZQlfJvKc_PoUFCfFwfmUpJEYiQUjSOYTto__VGSIDp2uXKxsKih-u0ITndQaqm2mcVYhJysioIyFyt1_9RhuE9ppND0TmCQz3bU2CrtAM5Hww_kavgBLjfYDgnWmqXNby2pgs7xpHar81AnT4I-dSXWkWZEGMTMqM3RyzTHtURmbqD7CmOIEdvxyOXjdIxOC6Q0MMrL5xnAGvKAeMezPcptA6-oL9tlFJNGEeBBx-nvNlJTWuBvpCPN8KtuLd430Ld812ybKgfQ21NeuLGA7l8SHDxIHzkCDzOC4FxoG1PwXoUjl45W62FzdoqkcQAfNsnrsQ3u2CMsjqeWIn8ruxobX36zcwD30SesM7uispKnGVonzR2kI1X2WGSw65dIhtbkfVLoRR3r3micLIMKDn9v3AoxCvR7q14sWpBb6v2H2Io4XMXu7Nl5e6u-snLwMjjvo8A5bgfzbKoskTT01woru4GsXMiECCHop77iFA8b2lN8J7EmRjdKlFseVMGO5l69wAaAf27O03Dm9WNF_5F6bDQD0S1YYOZuCyqdPHR7iI1KTZF6yhCDyNMQt1TXZXl-rKzXY9YnkTxppyt4OPjDGuY9sIu2kMIWBKqVnZJ9nLCR9S902Qb2rGCtrpqRtZ0jRPxfEBRlFwkCYIAhMpY32h-jKcqF_9uvIW-_EM9K1RQp6Q7CfAtjZdiVOUWFYl9ZG8HTbh9iTyN1Zrdx16kw\" \/><\/div>\n<div class=\"row\">\n<div class=\"col-md-6\">\n<p><label>Name<\/label><br \/>\n<span class=\"wpcf7-form-control-wrap\" data-name=\"your-name\"><input class=\"wpcf7-form-control wpcf7-text wpcf7-validates-as-required\" name=\"your-name\" size=\"40\" type=\"text\" value=\"\" aria-required=\"true\" aria-invalid=\"false\" \/><\/span><\/p>\n<\/div>\n<div class=\"col-md-6\">\n<p>Firmenname<br \/>\n<span class=\"wpcf7-form-control-wrap\" data-name=\"c-name\"><input class=\"wpcf7-form-control wpcf7-text wpcf7-validates-as-required\" name=\"c-name\" size=\"40\" type=\"text\" value=\"\" aria-required=\"true\" aria-invalid=\"false\" \/><\/span><\/p>\n<\/div>\n<div class=\"col-md-6\">\n<p><label>E-Mail Adresse<\/label><br \/>\n<span class=\"wpcf7-form-control-wrap\" data-name=\"your-email\"><input class=\"wpcf7-form-control wpcf7-email wpcf7-validates-as-required wpcf7-text wpcf7-validates-as-email\" name=\"your-email\" size=\"40\" type=\"email\" value=\"\" aria-required=\"true\" aria-invalid=\"false\" \/><\/span><\/p>\n<\/div>\n<div class=\"col-md-6\">\n<p><label>Telefon<\/label><br \/>\n<span class=\"wpcf7-form-control-wrap\" data-name=\"tel-184\"><input class=\"wpcf7-form-control wpcf7-tel wpcf7-validates-as-required wpcf7-text wpcf7-validates-as-tel\" name=\"tel-184\" size=\"40\" type=\"tel\" value=\"\" aria-required=\"true\" aria-invalid=\"false\" \/><\/span><\/p>\n<\/div>\n<div class=\"col-md-12\">\n<p><label>Ihre Mitteilung<\/label><\/p>\n<p><span class=\"wpcf7-form-control-wrap\" data-name=\"your-message\"><textarea class=\"wpcf7-form-control wpcf7-textarea\" cols=\"40\" name=\"your-message\" rows=\"10\" aria-invalid=\"false\"><\/textarea><\/span><\/p>\n<\/div>\n<div class=\"col-md-12\">\n<p><span class=\"wpcf7-form-control-wrap\" data-name=\"sure_antena_agree\"><span class=\"wpcf7-form-control wpcf7-acceptance\"><span class=\"wpcf7-list-item\"><label><input name=\"sure_antena_agree\" type=\"checkbox\" value=\"1\" aria-invalid=\"false\" \/><span class=\"wpcf7-list-item-label\">Ich stimme den <a href=\"https:\/\/sure-antennas.com\/privacy-policy\/\">Datenschutzbedingungen<\/a> von Sure Antennas zu.<\/span><\/label><\/span><\/span><\/span><\/p>\n<\/div>\n<div class=\"col-md-12\">\n<p><input class=\"wpcf7-form-control wpcf7-submit has-spinner btn\" disabled=\"disabled\" type=\"submit\" value=\"Send\" \/><\/p>\n<\/div>\n<\/div>\n<div class=\"wpcf7-response-output\" aria-hidden=\"true\"><\/div>\n<p style=\"display: none !important;\"><span class=\"wpcf7-form-control-wrap referer-page\"><input class=\"wpcf7-form-control wpcf7-text referer-page\" name=\"referer-page\" type=\"hidden\" value=\"https:\/\/sure-antennas68068.e.wpstage.net\/contact-us\/\" data-value=\"https:\/\/sure-antennas68068.e.wpstage.net\/contact-us\/\" aria-invalid=\"false\" \/><\/span><\/p>\n<p><!-- Chimpmatic extension by Renzo Johnson --><\/p>\n<\/form>\n<\/div>\n<\/div>\n<\/div>\n<\/div>\n<\/div>\n<\/div>\n<\/div>\n<\/div>\n<\/div>\n<\/div>\n<\/div>\n<\/section>\n<\/div>\n","protected":false},"excerpt":{"rendered":"<p>Sure Antennas ist auf der Suche nach Vertriebspartnern in ganz Europa. Beliefern Sie derzeit die Notdienste oder den Sektor der \u00f6ffentlichen Sicherheit und sind daran interessiert, Ihr Produktportfolio zu erweitern? Wenn ja, w\u00fcrden wir uns freuen, von Ihnen zu h\u00f6ren. Bitte f\u00fcllen Sie das untenstehende Kontaktformular aus und einer unserer Mitarbeiter wird sich mit Ihnen [&#8230;]<\/p>\n<p><a class=\"btn btn-secondary understrap-read-more-link\" href=\"https:\/\/sure-antennas.com\/de\/europaeischer-vertriebspartner\/\">Weiterlesen&#8230;<\/a><\/p>\n","protected":false},"author":7,"featured_media":0,"parent":0,"menu_order":0,"comment_status":"closed","ping_status":"closed","template":"","meta":{"_acf_changed":false,"footnotes":""},"class_list":["post-41158","page","type-page","status-publish","hentry"],"acf":[],"yoast_head":"<!-- This site is optimized with the Yoast SEO plugin v27.5 - https:\/\/yoast.com\/product\/yoast-seo-wordpress\/ -->\n<title>Europ\u00e4ischer Vertriebspartner - Sure Antennas<\/title>\n<meta name=\"robots\" content=\"index, follow, max-snippet:-1, max-image-preview:large, max-video-preview:-1\" \/>\n<link rel=\"canonical\" href=\"https:\/\/sure-antennas.com\/de\/europaeischer-vertriebspartner\/\" \/>\n<meta property=\"og:locale\" content=\"de_DE\" \/>\n<meta property=\"og:type\" content=\"article\" \/>\n<meta property=\"og:title\" content=\"Europ\u00e4ischer Vertriebspartner - Sure Antennas\" \/>\n<meta property=\"og:description\" content=\"Sure Antennas ist auf der Suche nach Vertriebspartnern in ganz Europa. Beliefern Sie derzeit die Notdienste oder den Sektor der \u00f6ffentlichen Sicherheit und sind daran interessiert, Ihr Produktportfolio zu erweitern? Wenn ja, w\u00fcrden wir uns freuen, von Ihnen zu h\u00f6ren. Bitte f\u00fcllen Sie das untenstehende Kontaktformular aus und einer unserer Mitarbeiter wird sich mit Ihnen [...]Weiterlesen...\" \/>\n<meta property=\"og:url\" content=\"https:\/\/sure-antennas.com\/de\/europaeischer-vertriebspartner\/\" \/>\n<meta property=\"og:site_name\" content=\"Sure Antennas\" \/>\n<meta property=\"article:modified_time\" content=\"2025-06-27T10:32:56+00:00\" \/>\n<meta property=\"og:image\" content=\"https:\/\/sure-antennas.com\/wp-content\/uploads\/2024\/04\/euro.png\" \/>\n\t<meta property=\"og:image:width\" content=\"1000\" \/>\n\t<meta property=\"og:image:height\" content=\"491\" \/>\n\t<meta property=\"og:image:type\" content=\"image\/png\" \/>\n<meta name=\"twitter:card\" content=\"summary_large_image\" \/>\n<meta name=\"twitter:label1\" content=\"Est. reading time\" \/>\n\t<meta name=\"twitter:data1\" content=\"1 minute\" \/>\n<script type=\"application\/ld+json\" class=\"yoast-schema-graph\">{\"@context\":\"https:\\\/\\\/schema.org\",\"@graph\":[{\"@type\":\"WebPage\",\"@id\":\"https:\\\/\\\/sure-antennas.com\\\/de\\\/europaeischer-vertriebspartner\\\/\",\"url\":\"https:\\\/\\\/sure-antennas.com\\\/de\\\/europaeischer-vertriebspartner\\\/\",\"name\":\"Europ\u00e4ischer Vertriebspartner - Sure Antennas\",\"isPartOf\":{\"@id\":\"https:\\\/\\\/sure-antennas.com\\\/#website\"},\"primaryImageOfPage\":{\"@id\":\"https:\\\/\\\/sure-antennas.com\\\/de\\\/europaeischer-vertriebspartner\\\/#primaryimage\"},\"image\":{\"@id\":\"https:\\\/\\\/sure-antennas.com\\\/de\\\/europaeischer-vertriebspartner\\\/#primaryimage\"},\"thumbnailUrl\":\"https:\\\/\\\/sure-antennas.com\\\/wp-content\\\/uploads\\\/2024\\\/04\\\/euro.png\",\"datePublished\":\"2024-04-29T11:42:58+00:00\",\"dateModified\":\"2025-06-27T10:32:56+00:00\",\"breadcrumb\":{\"@id\":\"https:\\\/\\\/sure-antennas.com\\\/de\\\/europaeischer-vertriebspartner\\\/#breadcrumb\"},\"inLanguage\":\"de-DE\",\"potentialAction\":[{\"@type\":\"ReadAction\",\"target\":[\"https:\\\/\\\/sure-antennas.com\\\/de\\\/europaeischer-vertriebspartner\\\/\"]}]},{\"@type\":\"ImageObject\",\"inLanguage\":\"de-DE\",\"@id\":\"https:\\\/\\\/sure-antennas.com\\\/de\\\/europaeischer-vertriebspartner\\\/#primaryimage\",\"url\":\"https:\\\/\\\/sure-antennas.com\\\/wp-content\\\/uploads\\\/2024\\\/04\\\/euro.png\",\"contentUrl\":\"https:\\\/\\\/sure-antennas.com\\\/wp-content\\\/uploads\\\/2024\\\/04\\\/euro.png\"},{\"@type\":\"BreadcrumbList\",\"@id\":\"https:\\\/\\\/sure-antennas.com\\\/de\\\/europaeischer-vertriebspartner\\\/#breadcrumb\",\"itemListElement\":[{\"@type\":\"ListItem\",\"position\":1,\"name\":\"Home\",\"item\":\"https:\\\/\\\/sure-antennas.com\\\/de\\\/\"},{\"@type\":\"ListItem\",\"position\":2,\"name\":\"Europ\u00e4ischer Vertriebspartner\"}]},{\"@type\":\"WebSite\",\"@id\":\"https:\\\/\\\/sure-antennas.com\\\/#website\",\"url\":\"https:\\\/\\\/sure-antennas.com\\\/\",\"name\":\"Sure Antennas\",\"description\":\"Sure Antennas site\",\"publisher\":{\"@id\":\"https:\\\/\\\/sure-antennas.com\\\/#organization\"},\"potentialAction\":[{\"@type\":\"SearchAction\",\"target\":{\"@type\":\"EntryPoint\",\"urlTemplate\":\"https:\\\/\\\/sure-antennas.com\\\/?s={search_term_string}\"},\"query-input\":{\"@type\":\"PropertyValueSpecification\",\"valueRequired\":true,\"valueName\":\"search_term_string\"}}],\"inLanguage\":\"de-DE\"},{\"@type\":\"Organization\",\"@id\":\"https:\\\/\\\/sure-antennas.com\\\/#organization\",\"name\":\"Sure Antennas\",\"url\":\"https:\\\/\\\/sure-antennas.com\\\/\",\"logo\":{\"@type\":\"ImageObject\",\"inLanguage\":\"de-DE\",\"@id\":\"https:\\\/\\\/sure-antennas.com\\\/#\\\/schema\\\/logo\\\/image\\\/\",\"url\":\"https:\\\/\\\/sure-antennas.com\\\/wp-content\\\/uploads\\\/2021\\\/04\\\/logo-1.png\",\"contentUrl\":\"https:\\\/\\\/sure-antennas.com\\\/wp-content\\\/uploads\\\/2021\\\/04\\\/logo-1.png\",\"width\":211,\"height\":52,\"caption\":\"Sure Antennas\"},\"image\":{\"@id\":\"https:\\\/\\\/sure-antennas.com\\\/#\\\/schema\\\/logo\\\/image\\\/\"}}]}<\/script>\n<!-- \/ Yoast SEO plugin. -->","yoast_head_json":{"title":"Europ\u00e4ischer Vertriebspartner - Sure Antennas","robots":{"index":"index","follow":"follow","max-snippet":"max-snippet:-1","max-image-preview":"max-image-preview:large","max-video-preview":"max-video-preview:-1"},"canonical":"https:\/\/sure-antennas.com\/de\/europaeischer-vertriebspartner\/","og_locale":"de_DE","og_type":"article","og_title":"Europ\u00e4ischer Vertriebspartner - Sure Antennas","og_description":"Sure Antennas ist auf der Suche nach Vertriebspartnern in ganz Europa. Beliefern Sie derzeit die Notdienste oder den Sektor der \u00f6ffentlichen Sicherheit und sind daran interessiert, Ihr Produktportfolio zu erweitern? Wenn ja, w\u00fcrden wir uns freuen, von Ihnen zu h\u00f6ren. Bitte f\u00fcllen Sie das untenstehende Kontaktformular aus und einer unserer Mitarbeiter wird sich mit Ihnen [...]Weiterlesen...","og_url":"https:\/\/sure-antennas.com\/de\/europaeischer-vertriebspartner\/","og_site_name":"Sure Antennas","article_modified_time":"2025-06-27T10:32:56+00:00","og_image":[{"width":1000,"height":491,"url":"https:\/\/sure-antennas.com\/wp-content\/uploads\/2024\/04\/euro.png","type":"image\/png"}],"twitter_card":"summary_large_image","twitter_misc":{"Est. reading time":"1 minute"},"schema":{"@context":"https:\/\/schema.org","@graph":[{"@type":"WebPage","@id":"https:\/\/sure-antennas.com\/de\/europaeischer-vertriebspartner\/","url":"https:\/\/sure-antennas.com\/de\/europaeischer-vertriebspartner\/","name":"Europ\u00e4ischer Vertriebspartner - Sure Antennas","isPartOf":{"@id":"https:\/\/sure-antennas.com\/#website"},"primaryImageOfPage":{"@id":"https:\/\/sure-antennas.com\/de\/europaeischer-vertriebspartner\/#primaryimage"},"image":{"@id":"https:\/\/sure-antennas.com\/de\/europaeischer-vertriebspartner\/#primaryimage"},"thumbnailUrl":"https:\/\/sure-antennas.com\/wp-content\/uploads\/2024\/04\/euro.png","datePublished":"2024-04-29T11:42:58+00:00","dateModified":"2025-06-27T10:32:56+00:00","breadcrumb":{"@id":"https:\/\/sure-antennas.com\/de\/europaeischer-vertriebspartner\/#breadcrumb"},"inLanguage":"de-DE","potentialAction":[{"@type":"ReadAction","target":["https:\/\/sure-antennas.com\/de\/europaeischer-vertriebspartner\/"]}]},{"@type":"ImageObject","inLanguage":"de-DE","@id":"https:\/\/sure-antennas.com\/de\/europaeischer-vertriebspartner\/#primaryimage","url":"https:\/\/sure-antennas.com\/wp-content\/uploads\/2024\/04\/euro.png","contentUrl":"https:\/\/sure-antennas.com\/wp-content\/uploads\/2024\/04\/euro.png"},{"@type":"BreadcrumbList","@id":"https:\/\/sure-antennas.com\/de\/europaeischer-vertriebspartner\/#breadcrumb","itemListElement":[{"@type":"ListItem","position":1,"name":"Home","item":"https:\/\/sure-antennas.com\/de\/"},{"@type":"ListItem","position":2,"name":"Europ\u00e4ischer Vertriebspartner"}]},{"@type":"WebSite","@id":"https:\/\/sure-antennas.com\/#website","url":"https:\/\/sure-antennas.com\/","name":"Sure Antennas","description":"Sure Antennas site","publisher":{"@id":"https:\/\/sure-antennas.com\/#organization"},"potentialAction":[{"@type":"SearchAction","target":{"@type":"EntryPoint","urlTemplate":"https:\/\/sure-antennas.com\/?s={search_term_string}"},"query-input":{"@type":"PropertyValueSpecification","valueRequired":true,"valueName":"search_term_string"}}],"inLanguage":"de-DE"},{"@type":"Organization","@id":"https:\/\/sure-antennas.com\/#organization","name":"Sure Antennas","url":"https:\/\/sure-antennas.com\/","logo":{"@type":"ImageObject","inLanguage":"de-DE","@id":"https:\/\/sure-antennas.com\/#\/schema\/logo\/image\/","url":"https:\/\/sure-antennas.com\/wp-content\/uploads\/2021\/04\/logo-1.png","contentUrl":"https:\/\/sure-antennas.com\/wp-content\/uploads\/2021\/04\/logo-1.png","width":211,"height":52,"caption":"Sure Antennas"},"image":{"@id":"https:\/\/sure-antennas.com\/#\/schema\/logo\/image\/"}}]}},"_links":{"self":[{"href":"https:\/\/sure-antennas.com\/de\/wp-json\/wp\/v2\/pages\/41158","targetHints":{"allow":["GET"]}}],"collection":[{"href":"https:\/\/sure-antennas.com\/de\/wp-json\/wp\/v2\/pages"}],"about":[{"href":"https:\/\/sure-antennas.com\/de\/wp-json\/wp\/v2\/types\/page"}],"author":[{"embeddable":true,"href":"https:\/\/sure-antennas.com\/de\/wp-json\/wp\/v2\/users\/7"}],"replies":[{"embeddable":true,"href":"https:\/\/sure-antennas.com\/de\/wp-json\/wp\/v2\/comments?post=41158"}],"version-history":[{"count":0,"href":"https:\/\/sure-antennas.com\/de\/wp-json\/wp\/v2\/pages\/41158\/revisions"}],"wp:attachment":[{"href":"https:\/\/sure-antennas.com\/de\/wp-json\/wp\/v2\/media?parent=41158"}],"curies":[{"name":"wp","href":"https:\/\/api.w.org\/{rel}","templated":true}]}}