{"id":45241,"date":"2025-05-16T08:08:25","date_gmt":"2025-05-16T08:08:25","guid":{"rendered":"https:\/\/sure-antennas.com\/vehicle-technology-teltonika\/"},"modified":"2025-09-04T13:14:04","modified_gmt":"2025-09-04T13:14:04","slug":"fahrzeugtechnik-teltonika","status":"publish","type":"page","link":"https:\/\/sure-antennas.com\/de\/fahrzeugtechnik-teltonika\/","title":{"rendered":"Teltonika Fahrzeugrouter"},"content":{"rendered":"<p>Unsere Antennen sind so konzipiert, dass sie mit allen g\u00e4ngigen Fahrzeugtechnologien kompatibel sind. Unsere Antennen k\u00f6nnen entsprechend Ihren Anforderungen und der von Ihnen verwendeten Ausr\u00fcstung konfiguriert werden.<\/p>\n","protected":false},"excerpt":{"rendered":"<p>Unsere Antennen sind so konzipiert, dass sie mit allen g\u00e4ngigen Fahrzeugtechnologien kompatibel sind. Unsere Antennen k\u00f6nnen entsprechend Ihren Anforderungen und der von Ihnen verwendeten Ausr\u00fcstung konfiguriert werden. [&#8230;]<\/p>\n<p><a class=\"btn btn-secondary understrap-read-more-link\" href=\"https:\/\/sure-antennas.com\/de\/fahrzeugtechnik-teltonika\/\">Weiterlesen&#8230;<\/a><\/p>\n","protected":false},"author":4,"featured_media":0,"parent":0,"menu_order":0,"comment_status":"closed","ping_status":"closed","template":"page-templates\/two-way-radio.php","meta":{"_acf_changed":false,"footnotes":""},"class_list":["post-45241","page","type-page","status-publish","hentry"],"acf":[],"yoast_head":"<!-- This site is optimized with the Yoast SEO plugin v27.0 - https:\/\/yoast.com\/product\/yoast-seo-wordpress\/ -->\n<title>Teltonika Fahrzeugtechnik | Sure Antennas<\/title>\n<meta name=\"description\" content=\"Unsere Antennen sind mit einer Vielzahl von Fahrzeugtechnologien kompatibel, darunter Router und fest installierte Fahrzeugger\u00e4te.\" \/>\n<meta name=\"robots\" content=\"index, follow, max-snippet:-1, max-image-preview:large, max-video-preview:-1\" \/>\n<link rel=\"canonical\" href=\"https:\/\/sure-antennas.com\/de\/fahrzeugtechnik-teltonika\/\" \/>\n<meta property=\"og:locale\" content=\"de_DE\" \/>\n<meta property=\"og:type\" content=\"article\" \/>\n<meta property=\"og:title\" content=\"Teltonika Fahrzeugtechnik | Sure Antennas\" \/>\n<meta property=\"og:description\" content=\"Unsere Antennen sind mit einer Vielzahl von Fahrzeugtechnologien kompatibel, darunter Router und fest installierte Fahrzeugger\u00e4te.\" \/>\n<meta property=\"og:url\" content=\"https:\/\/sure-antennas.com\/de\/fahrzeugtechnik-teltonika\/\" \/>\n<meta property=\"og:site_name\" content=\"Sure Antennas\" \/>\n<meta property=\"article:modified_time\" content=\"2025-09-04T13:14:04+00:00\" \/>\n<meta name=\"twitter:card\" content=\"summary_large_image\" \/>\n<meta name=\"twitter:label1\" content=\"Est. reading time\" \/>\n\t<meta name=\"twitter:data1\" content=\"1 minute\" \/>\n<script type=\"application\/ld+json\" class=\"yoast-schema-graph\">{\"@context\":\"https:\/\/schema.org\",\"@graph\":[{\"@type\":\"WebPage\",\"@id\":\"https:\/\/sure-antennas.com\/de\/fahrzeugtechnik-teltonika\/\",\"url\":\"https:\/\/sure-antennas.com\/de\/fahrzeugtechnik-teltonika\/\",\"name\":\"Teltonika Fahrzeugtechnik | Sure Antennas\",\"isPartOf\":{\"@id\":\"https:\/\/sure-antennas.com\/#website\"},\"datePublished\":\"2025-05-16T08:08:25+00:00\",\"dateModified\":\"2025-09-04T13:14:04+00:00\",\"description\":\"Unsere Antennen sind mit einer Vielzahl von Fahrzeugtechnologien kompatibel, darunter Router und fest installierte Fahrzeugger\u00e4te.\",\"breadcrumb\":{\"@id\":\"https:\/\/sure-antennas.com\/de\/fahrzeugtechnik-teltonika\/#breadcrumb\"},\"inLanguage\":\"de-DE\",\"potentialAction\":[{\"@type\":\"ReadAction\",\"target\":[\"https:\/\/sure-antennas.com\/de\/fahrzeugtechnik-teltonika\/\"]}]},{\"@type\":\"BreadcrumbList\",\"@id\":\"https:\/\/sure-antennas.com\/de\/fahrzeugtechnik-teltonika\/#breadcrumb\",\"itemListElement\":[{\"@type\":\"ListItem\",\"position\":1,\"name\":\"Home\",\"item\":\"https:\/\/sure-antennas.com\/de\/\"},{\"@type\":\"ListItem\",\"position\":2,\"name\":\"Teltonika Fahrzeugrouter\"}]},{\"@type\":\"WebSite\",\"@id\":\"https:\/\/sure-antennas.com\/#website\",\"url\":\"https:\/\/sure-antennas.com\/\",\"name\":\"Sure Antennas\",\"description\":\"Sure Antennas site\",\"publisher\":{\"@id\":\"https:\/\/sure-antennas.com\/#organization\"},\"potentialAction\":[{\"@type\":\"SearchAction\",\"target\":{\"@type\":\"EntryPoint\",\"urlTemplate\":\"https:\/\/sure-antennas.com\/?s={search_term_string}\"},\"query-input\":{\"@type\":\"PropertyValueSpecification\",\"valueRequired\":true,\"valueName\":\"search_term_string\"}}],\"inLanguage\":\"de-DE\"},{\"@type\":\"Organization\",\"@id\":\"https:\/\/sure-antennas.com\/#organization\",\"name\":\"Sure Antennas\",\"url\":\"https:\/\/sure-antennas.com\/\",\"logo\":{\"@type\":\"ImageObject\",\"inLanguage\":\"de-DE\",\"@id\":\"https:\/\/sure-antennas.com\/#\/schema\/logo\/image\/\",\"url\":\"https:\/\/sure-antennas.com\/wp-content\/uploads\/2021\/04\/logo-1.png\",\"contentUrl\":\"https:\/\/sure-antennas.com\/wp-content\/uploads\/2021\/04\/logo-1.png\",\"width\":211,\"height\":52,\"caption\":\"Sure Antennas\"},\"image\":{\"@id\":\"https:\/\/sure-antennas.com\/#\/schema\/logo\/image\/\"}}]}<\/script>\n<!-- \/ Yoast SEO plugin. -->","yoast_head_json":{"title":"Teltonika Fahrzeugtechnik | Sure Antennas","description":"Unsere Antennen sind mit einer Vielzahl von Fahrzeugtechnologien kompatibel, darunter Router und fest installierte Fahrzeugger\u00e4te.","robots":{"index":"index","follow":"follow","max-snippet":"max-snippet:-1","max-image-preview":"max-image-preview:large","max-video-preview":"max-video-preview:-1"},"canonical":"https:\/\/sure-antennas.com\/de\/fahrzeugtechnik-teltonika\/","og_locale":"de_DE","og_type":"article","og_title":"Teltonika Fahrzeugtechnik | Sure Antennas","og_description":"Unsere Antennen sind mit einer Vielzahl von Fahrzeugtechnologien kompatibel, darunter Router und fest installierte Fahrzeugger\u00e4te.","og_url":"https:\/\/sure-antennas.com\/de\/fahrzeugtechnik-teltonika\/","og_site_name":"Sure Antennas","article_modified_time":"2025-09-04T13:14:04+00:00","twitter_card":"summary_large_image","twitter_misc":{"Est. reading time":"1 minute"},"schema":{"@context":"https:\/\/schema.org","@graph":[{"@type":"WebPage","@id":"https:\/\/sure-antennas.com\/de\/fahrzeugtechnik-teltonika\/","url":"https:\/\/sure-antennas.com\/de\/fahrzeugtechnik-teltonika\/","name":"Teltonika Fahrzeugtechnik | Sure Antennas","isPartOf":{"@id":"https:\/\/sure-antennas.com\/#website"},"datePublished":"2025-05-16T08:08:25+00:00","dateModified":"2025-09-04T13:14:04+00:00","description":"Unsere Antennen sind mit einer Vielzahl von Fahrzeugtechnologien kompatibel, darunter Router und fest installierte Fahrzeugger\u00e4te.","breadcrumb":{"@id":"https:\/\/sure-antennas.com\/de\/fahrzeugtechnik-teltonika\/#breadcrumb"},"inLanguage":"de-DE","potentialAction":[{"@type":"ReadAction","target":["https:\/\/sure-antennas.com\/de\/fahrzeugtechnik-teltonika\/"]}]},{"@type":"BreadcrumbList","@id":"https:\/\/sure-antennas.com\/de\/fahrzeugtechnik-teltonika\/#breadcrumb","itemListElement":[{"@type":"ListItem","position":1,"name":"Home","item":"https:\/\/sure-antennas.com\/de\/"},{"@type":"ListItem","position":2,"name":"Teltonika Fahrzeugrouter"}]},{"@type":"WebSite","@id":"https:\/\/sure-antennas.com\/#website","url":"https:\/\/sure-antennas.com\/","name":"Sure Antennas","description":"Sure Antennas site","publisher":{"@id":"https:\/\/sure-antennas.com\/#organization"},"potentialAction":[{"@type":"SearchAction","target":{"@type":"EntryPoint","urlTemplate":"https:\/\/sure-antennas.com\/?s={search_term_string}"},"query-input":{"@type":"PropertyValueSpecification","valueRequired":true,"valueName":"search_term_string"}}],"inLanguage":"de-DE"},{"@type":"Organization","@id":"https:\/\/sure-antennas.com\/#organization","name":"Sure Antennas","url":"https:\/\/sure-antennas.com\/","logo":{"@type":"ImageObject","inLanguage":"de-DE","@id":"https:\/\/sure-antennas.com\/#\/schema\/logo\/image\/","url":"https:\/\/sure-antennas.com\/wp-content\/uploads\/2021\/04\/logo-1.png","contentUrl":"https:\/\/sure-antennas.com\/wp-content\/uploads\/2021\/04\/logo-1.png","width":211,"height":52,"caption":"Sure Antennas"},"image":{"@id":"https:\/\/sure-antennas.com\/#\/schema\/logo\/image\/"}}]}},"_links":{"self":[{"href":"https:\/\/sure-antennas.com\/de\/wp-json\/wp\/v2\/pages\/45241","targetHints":{"allow":["GET"]}}],"collection":[{"href":"https:\/\/sure-antennas.com\/de\/wp-json\/wp\/v2\/pages"}],"about":[{"href":"https:\/\/sure-antennas.com\/de\/wp-json\/wp\/v2\/types\/page"}],"author":[{"embeddable":true,"href":"https:\/\/sure-antennas.com\/de\/wp-json\/wp\/v2\/users\/4"}],"replies":[{"embeddable":true,"href":"https:\/\/sure-antennas.com\/de\/wp-json\/wp\/v2\/comments?post=45241"}],"version-history":[{"count":0,"href":"https:\/\/sure-antennas.com\/de\/wp-json\/wp\/v2\/pages\/45241\/revisions"}],"wp:attachment":[{"href":"https:\/\/sure-antennas.com\/de\/wp-json\/wp\/v2\/media?parent=45241"}],"curies":[{"name":"wp","href":"https:\/\/api.w.org\/{rel}","templated":true}]}}