{"id":48395,"date":"2025-12-09T11:01:40","date_gmt":"2025-12-09T11:01:40","guid":{"rendered":"https:\/\/sure-antennas.com\/covert-oem-modification-process\/"},"modified":"2026-01-29T09:54:28","modified_gmt":"2026-01-29T09:54:28","slug":"verdeckte-antennen-modifizierung","status":"publish","type":"page","link":"https:\/\/sure-antennas.com\/de\/verdeckte-antennen-modifizierung\/","title":{"rendered":"Verdeckte Modifizierung der OEM-Antenne"},"content":{"rendered":"<p>Sure Antennas bietet einen ma\u00dfgeschneiderten Modifizierungsservice f\u00fcr OEM-Antennen, mit dem Sie wichtige Kommunikationsfunktionen in die OEM-Antenne Ihres Fahrzeugs integrieren k\u00f6nnen. Dieser Service ist f\u00fcr verdeckte Fahrzeuge konzipiert, die vollst\u00e4ndige Anonymit\u00e4t erfordern.<\/p>\n<p>Wir bieten zwei verschiedene Optionen f\u00fcr die Modifizierung an: \u201eLieferung und Modifizierung\u201c und \u201eNur Modifizierung\u201c. Nachstehend finden Sie weitere Informationen zu beiden Prozessen.<\/p>\n<p><img loading=\"lazy\" decoding=\"async\" class=\"wp-image-47990 size-full aligncenter\" src=\"https:\/\/sure-antennas.com\/wp-content\/uploads\/2025\/12\/Cut-out-volvo-low-res.png\" alt=\"\" width=\"1152\" height=\"737\" srcset=\"https:\/\/sure-antennas.com\/wp-content\/uploads\/2025\/12\/Cut-out-volvo-low-res.png 1152w, https:\/\/sure-antennas.com\/wp-content\/uploads\/2025\/12\/Cut-out-volvo-low-res-300x192.png 300w, https:\/\/sure-antennas.com\/wp-content\/uploads\/2025\/12\/Cut-out-volvo-low-res-1024x655.png 1024w, https:\/\/sure-antennas.com\/wp-content\/uploads\/2025\/12\/Cut-out-volvo-low-res-768x491.png 768w, https:\/\/sure-antennas.com\/wp-content\/uploads\/2025\/12\/Cut-out-volvo-low-res-600x384.png 600w\" sizes=\"auto, (max-width: 1152px) 100vw, 1152px\" \/><\/p>\n<h4><\/h4>\n<h4 style=\"text-align: left;\">Lieferung und Modifizierung<\/h4>\n<p style=\"text-align: left;\">Bei dieser Option kaufen wir eine OEM-Antenne und passen sie dann an Ihre Anforderungen an. Da wir Teile von einem Lieferanten beziehen m\u00fcssen, fallen bei dieser Option zus\u00e4tzliche Kosten an. Sie k\u00f6nnen jedoch die OEM-Antenne einfach gegen unsere modifizierte OEM-Antenne f\u00fcr kritische Kommunikation austauschen. Wenn Sie das Fahrzeug nach Ablauf seiner Nutzungsdauer verkaufen m\u00f6chten, w\u00e4re dies eine wesentlich einfachere L\u00f6sung.<\/p>\n<p style=\"text-align: left;\">Aufgrund der h\u00f6heren Versandkosten und der Bequemlichkeit ist diese Option f\u00fcr Kunden au\u00dferhalb Gro\u00dfbritanniens zudem deutlich beliebter.<\/p>\n<p>&nbsp;<\/p>\n<h4 style=\"text-align: left;\">Nur Modifizierung<\/h4>\n<p style=\"text-align: left;\">Bei der Option \u201eNur Modifizierung\u201c muss der Kunde die Antenne an unseren Hauptsitz senden, wo sie von unseren Ingenieuren modifiziert wird. Diese Option ist kosteng\u00fcnstiger als \u201eLieferung und Modifizierung\u201c und verursacht keine zus\u00e4tzlichen Lieferzeiten seitens unserer Lieferanten.<\/p>\n<p style=\"text-align: left;\">Bitte beachten Sie auch, dass alle Versandkosten f\u00fcr die Einsendung der Antenne an uns zu Lasten des Kunden fallen.<\/p>\n<p><img loading=\"lazy\" decoding=\"async\" class=\"wp-image-47995 alignnone\" src=\"https:\/\/sure-antennas.com\/wp-content\/uploads\/2025\/12\/Audi-Shark-Fin-Antenna-e1765282639732.jpg\" alt=\"\" width=\"367\" height=\"284\" srcset=\"https:\/\/sure-antennas.com\/wp-content\/uploads\/2025\/12\/Audi-Shark-Fin-Antenna-e1765282639732.jpg 733w, https:\/\/sure-antennas.com\/wp-content\/uploads\/2025\/12\/Audi-Shark-Fin-Antenna-e1765282639732-300x232.jpg 300w, https:\/\/sure-antennas.com\/wp-content\/uploads\/2025\/12\/Audi-Shark-Fin-Antenna-e1765282639732-600x464.jpg 600w\" sizes=\"auto, (max-width: 367px) 100vw, 367px\" \/><img loading=\"lazy\" decoding=\"async\" class=\"alignnone wp-image-47996 \" src=\"https:\/\/sure-antennas.com\/wp-content\/uploads\/2025\/12\/Audi-Shark-Fin-Antenna-Underside-e1765282916293.jpg\" alt=\"\" width=\"348\" height=\"237\" srcset=\"https:\/\/sure-antennas.com\/wp-content\/uploads\/2025\/12\/Audi-Shark-Fin-Antenna-Underside-e1765282916293.jpg 865w, https:\/\/sure-antennas.com\/wp-content\/uploads\/2025\/12\/Audi-Shark-Fin-Antenna-Underside-e1765282916293-300x205.jpg 300w, https:\/\/sure-antennas.com\/wp-content\/uploads\/2025\/12\/Audi-Shark-Fin-Antenna-Underside-e1765282916293-768x524.jpg 768w, https:\/\/sure-antennas.com\/wp-content\/uploads\/2025\/12\/Audi-Shark-Fin-Antenna-Underside-e1765282916293-600x409.jpg 600w\" sizes=\"auto, (max-width: 348px) 100vw, 348px\" \/><\/p>\n<h4><\/h4>\n<h4 style=\"text-align: left;\">Der Prozess<\/h4>\n<p style=\"text-align: left;\">Bevor wir dem Kunden ein Angebot f\u00fcr die modifizierte Antenne unterbreiten k\u00f6nnen, ben\u00f6tigen wir Bilder der Antenne, um festzustellen, ob eine Modifizierung \u00fcberhaupt m\u00f6glich ist. Bitte senden Sie uns Bilder der Antenne und ihrer Unterseite, wie im obigen Beispiel gezeigt.<\/p>\n<p style=\"text-align: left;\">Sie m\u00fcssen au\u00dferdem folgende Angaben machen:<\/p>\n<ul style=\"text-align: left;\">\n<li>Welche Funktionen Sie ben\u00f6tigen.<\/li>\n<li>Ob Sie die OEM-Funktionen Ihrer Antenne beibehalten m\u00f6chten.<\/li>\n<li>Die maximal erforderliche Ausgangsleistung (W)<\/li>\n<\/ul>\n<p style=\"text-align: left;\">Die Vorlaufzeiten f\u00fcr modifizierte Antennen k\u00f6nnen aufgrund ihrer Spezialisierung erheblich variieren und h\u00e4ngen von verschiedenen Faktoren ab. Bitte kontaktieren Sie Ihren Kundenbetreuer f\u00fcr eine ungef\u00e4hre Vorlaufzeit oder schreiben Sie eine E-Mail an sales@sure-antennas.com.<\/p>\n<p style=\"text-align: left;\">Wenn Sie ein Angebot f\u00fcr eine verdeckte Modifizierung einer OEM-Antenne anfordern m\u00f6chten, klicken Sie bitte <a href=\"https:\/\/sure-antennas.com\/de\/kontakt\/\">hier<\/a>.<\/p>\n","protected":false},"excerpt":{"rendered":"<p>Sure Antennas bietet einen ma\u00dfgeschneiderten Modifizierungsservice f\u00fcr OEM-Antennen, mit dem Sie wichtige Kommunikationsfunktionen in die OEM-Antenne Ihres Fahrzeugs integrieren k\u00f6nnen. Dieser Service ist f\u00fcr verdeckte Fahrzeuge konzipiert, die vollst\u00e4ndige Anonymit\u00e4t erfordern. Wir bieten zwei verschiedene Optionen f\u00fcr die Modifizierung an: \u201eLieferung und Modifizierung\u201c und \u201eNur Modifizierung\u201c. Nachstehend finden Sie weitere Informationen zu beiden Prozessen. Lieferung [&#8230;]<\/p>\n<p><a class=\"btn btn-secondary understrap-read-more-link\" href=\"https:\/\/sure-antennas.com\/de\/verdeckte-antennen-modifizierung\/\">Weiterlesen&#8230;<\/a><\/p>\n","protected":false},"author":6,"featured_media":0,"parent":0,"menu_order":0,"comment_status":"closed","ping_status":"closed","template":"page-templates\/two-way-radio.php","meta":{"_acf_changed":false,"footnotes":""},"class_list":["post-48395","page","type-page","status-publish","hentry"],"acf":[],"yoast_head":"<!-- This site is optimized with the Yoast SEO plugin v27.4 - https:\/\/yoast.com\/product\/yoast-seo-wordpress\/ -->\n<title>Verdeckte Modifizierung der OEM-Antenne | Sure Antennas<\/title>\n<meta name=\"description\" content=\"Die speziellen OEM-Antennenmodifizierungen von Sure Antennas erm\u00f6glichen es Ihnen, wichtige Kommunikationsfunktionen zu integrieren.\" \/>\n<meta name=\"robots\" content=\"index, follow, max-snippet:-1, max-image-preview:large, max-video-preview:-1\" \/>\n<link rel=\"canonical\" href=\"https:\/\/sure-antennas.com\/de\/verdeckte-antennen-modifizierung\/\" \/>\n<meta property=\"og:locale\" content=\"de_DE\" \/>\n<meta property=\"og:type\" content=\"article\" \/>\n<meta property=\"og:title\" content=\"Verdeckte Modifizierung der OEM-Antenne | Sure Antennas\" \/>\n<meta property=\"og:description\" content=\"Die speziellen OEM-Antennenmodifizierungen von Sure Antennas erm\u00f6glichen es Ihnen, wichtige Kommunikationsfunktionen zu integrieren.\" \/>\n<meta property=\"og:url\" content=\"https:\/\/sure-antennas.com\/de\/verdeckte-antennen-modifizierung\/\" \/>\n<meta property=\"og:site_name\" content=\"Sure Antennas\" \/>\n<meta property=\"article:modified_time\" content=\"2026-01-29T09:54:28+00:00\" \/>\n<meta property=\"og:image\" content=\"https:\/\/sure-antennas.com\/wp-content\/uploads\/2025\/12\/Cut-out-volvo-low-res.png\" \/>\n\t<meta property=\"og:image:width\" content=\"1152\" \/>\n\t<meta property=\"og:image:height\" content=\"737\" \/>\n\t<meta property=\"og:image:type\" content=\"image\/png\" \/>\n<meta name=\"twitter:card\" content=\"summary_large_image\" \/>\n<meta name=\"twitter:label1\" content=\"Est. reading time\" \/>\n\t<meta name=\"twitter:data1\" content=\"2 minutes\" \/>\n<script type=\"application\/ld+json\" class=\"yoast-schema-graph\">{\"@context\":\"https:\\\/\\\/schema.org\",\"@graph\":[{\"@type\":[\"WebPage\",\"AboutPage\"],\"@id\":\"https:\\\/\\\/sure-antennas.com\\\/de\\\/verdeckte-antennen-modifizierung\\\/\",\"url\":\"https:\\\/\\\/sure-antennas.com\\\/de\\\/verdeckte-antennen-modifizierung\\\/\",\"name\":\"Verdeckte Modifizierung der OEM-Antenne | Sure Antennas\",\"isPartOf\":{\"@id\":\"https:\\\/\\\/sure-antennas.com\\\/#website\"},\"primaryImageOfPage\":{\"@id\":\"https:\\\/\\\/sure-antennas.com\\\/de\\\/verdeckte-antennen-modifizierung\\\/#primaryimage\"},\"image\":{\"@id\":\"https:\\\/\\\/sure-antennas.com\\\/de\\\/verdeckte-antennen-modifizierung\\\/#primaryimage\"},\"thumbnailUrl\":\"https:\\\/\\\/sure-antennas.com\\\/wp-content\\\/uploads\\\/2025\\\/12\\\/Cut-out-volvo-low-res.png\",\"datePublished\":\"2025-12-09T11:01:40+00:00\",\"dateModified\":\"2026-01-29T09:54:28+00:00\",\"description\":\"Die speziellen OEM-Antennenmodifizierungen von Sure Antennas erm\u00f6glichen es Ihnen, wichtige Kommunikationsfunktionen zu integrieren.\",\"breadcrumb\":{\"@id\":\"https:\\\/\\\/sure-antennas.com\\\/de\\\/verdeckte-antennen-modifizierung\\\/#breadcrumb\"},\"inLanguage\":\"de-DE\",\"potentialAction\":[{\"@type\":\"ReadAction\",\"target\":[\"https:\\\/\\\/sure-antennas.com\\\/de\\\/verdeckte-antennen-modifizierung\\\/\"]}]},{\"@type\":\"ImageObject\",\"inLanguage\":\"de-DE\",\"@id\":\"https:\\\/\\\/sure-antennas.com\\\/de\\\/verdeckte-antennen-modifizierung\\\/#primaryimage\",\"url\":\"https:\\\/\\\/sure-antennas.com\\\/wp-content\\\/uploads\\\/2025\\\/12\\\/Cut-out-volvo-low-res.png\",\"contentUrl\":\"https:\\\/\\\/sure-antennas.com\\\/wp-content\\\/uploads\\\/2025\\\/12\\\/Cut-out-volvo-low-res.png\"},{\"@type\":\"BreadcrumbList\",\"@id\":\"https:\\\/\\\/sure-antennas.com\\\/de\\\/verdeckte-antennen-modifizierung\\\/#breadcrumb\",\"itemListElement\":[{\"@type\":\"ListItem\",\"position\":1,\"name\":\"Home\",\"item\":\"https:\\\/\\\/sure-antennas.com\\\/de\\\/\"},{\"@type\":\"ListItem\",\"position\":2,\"name\":\"Verdeckte Modifizierung der OEM-Antenne\"}]},{\"@type\":\"WebSite\",\"@id\":\"https:\\\/\\\/sure-antennas.com\\\/#website\",\"url\":\"https:\\\/\\\/sure-antennas.com\\\/\",\"name\":\"Sure Antennas\",\"description\":\"Sure Antennas site\",\"publisher\":{\"@id\":\"https:\\\/\\\/sure-antennas.com\\\/#organization\"},\"potentialAction\":[{\"@type\":\"SearchAction\",\"target\":{\"@type\":\"EntryPoint\",\"urlTemplate\":\"https:\\\/\\\/sure-antennas.com\\\/?s={search_term_string}\"},\"query-input\":{\"@type\":\"PropertyValueSpecification\",\"valueRequired\":true,\"valueName\":\"search_term_string\"}}],\"inLanguage\":\"de-DE\"},{\"@type\":\"Organization\",\"@id\":\"https:\\\/\\\/sure-antennas.com\\\/#organization\",\"name\":\"Sure Antennas\",\"url\":\"https:\\\/\\\/sure-antennas.com\\\/\",\"logo\":{\"@type\":\"ImageObject\",\"inLanguage\":\"de-DE\",\"@id\":\"https:\\\/\\\/sure-antennas.com\\\/#\\\/schema\\\/logo\\\/image\\\/\",\"url\":\"https:\\\/\\\/sure-antennas.com\\\/wp-content\\\/uploads\\\/2021\\\/04\\\/logo-1.png\",\"contentUrl\":\"https:\\\/\\\/sure-antennas.com\\\/wp-content\\\/uploads\\\/2021\\\/04\\\/logo-1.png\",\"width\":211,\"height\":52,\"caption\":\"Sure Antennas\"},\"image\":{\"@id\":\"https:\\\/\\\/sure-antennas.com\\\/#\\\/schema\\\/logo\\\/image\\\/\"}}]}<\/script>\n<!-- \/ Yoast SEO plugin. -->","yoast_head_json":{"title":"Verdeckte Modifizierung der OEM-Antenne | Sure Antennas","description":"Die speziellen OEM-Antennenmodifizierungen von Sure Antennas erm\u00f6glichen es Ihnen, wichtige Kommunikationsfunktionen zu integrieren.","robots":{"index":"index","follow":"follow","max-snippet":"max-snippet:-1","max-image-preview":"max-image-preview:large","max-video-preview":"max-video-preview:-1"},"canonical":"https:\/\/sure-antennas.com\/de\/verdeckte-antennen-modifizierung\/","og_locale":"de_DE","og_type":"article","og_title":"Verdeckte Modifizierung der OEM-Antenne | Sure Antennas","og_description":"Die speziellen OEM-Antennenmodifizierungen von Sure Antennas erm\u00f6glichen es Ihnen, wichtige Kommunikationsfunktionen zu integrieren.","og_url":"https:\/\/sure-antennas.com\/de\/verdeckte-antennen-modifizierung\/","og_site_name":"Sure Antennas","article_modified_time":"2026-01-29T09:54:28+00:00","og_image":[{"width":1152,"height":737,"url":"https:\/\/sure-antennas.com\/wp-content\/uploads\/2025\/12\/Cut-out-volvo-low-res.png","type":"image\/png"}],"twitter_card":"summary_large_image","twitter_misc":{"Est. reading time":"2 minutes"},"schema":{"@context":"https:\/\/schema.org","@graph":[{"@type":["WebPage","AboutPage"],"@id":"https:\/\/sure-antennas.com\/de\/verdeckte-antennen-modifizierung\/","url":"https:\/\/sure-antennas.com\/de\/verdeckte-antennen-modifizierung\/","name":"Verdeckte Modifizierung der OEM-Antenne | Sure Antennas","isPartOf":{"@id":"https:\/\/sure-antennas.com\/#website"},"primaryImageOfPage":{"@id":"https:\/\/sure-antennas.com\/de\/verdeckte-antennen-modifizierung\/#primaryimage"},"image":{"@id":"https:\/\/sure-antennas.com\/de\/verdeckte-antennen-modifizierung\/#primaryimage"},"thumbnailUrl":"https:\/\/sure-antennas.com\/wp-content\/uploads\/2025\/12\/Cut-out-volvo-low-res.png","datePublished":"2025-12-09T11:01:40+00:00","dateModified":"2026-01-29T09:54:28+00:00","description":"Die speziellen OEM-Antennenmodifizierungen von Sure Antennas erm\u00f6glichen es Ihnen, wichtige Kommunikationsfunktionen zu integrieren.","breadcrumb":{"@id":"https:\/\/sure-antennas.com\/de\/verdeckte-antennen-modifizierung\/#breadcrumb"},"inLanguage":"de-DE","potentialAction":[{"@type":"ReadAction","target":["https:\/\/sure-antennas.com\/de\/verdeckte-antennen-modifizierung\/"]}]},{"@type":"ImageObject","inLanguage":"de-DE","@id":"https:\/\/sure-antennas.com\/de\/verdeckte-antennen-modifizierung\/#primaryimage","url":"https:\/\/sure-antennas.com\/wp-content\/uploads\/2025\/12\/Cut-out-volvo-low-res.png","contentUrl":"https:\/\/sure-antennas.com\/wp-content\/uploads\/2025\/12\/Cut-out-volvo-low-res.png"},{"@type":"BreadcrumbList","@id":"https:\/\/sure-antennas.com\/de\/verdeckte-antennen-modifizierung\/#breadcrumb","itemListElement":[{"@type":"ListItem","position":1,"name":"Home","item":"https:\/\/sure-antennas.com\/de\/"},{"@type":"ListItem","position":2,"name":"Verdeckte Modifizierung der OEM-Antenne"}]},{"@type":"WebSite","@id":"https:\/\/sure-antennas.com\/#website","url":"https:\/\/sure-antennas.com\/","name":"Sure Antennas","description":"Sure Antennas site","publisher":{"@id":"https:\/\/sure-antennas.com\/#organization"},"potentialAction":[{"@type":"SearchAction","target":{"@type":"EntryPoint","urlTemplate":"https:\/\/sure-antennas.com\/?s={search_term_string}"},"query-input":{"@type":"PropertyValueSpecification","valueRequired":true,"valueName":"search_term_string"}}],"inLanguage":"de-DE"},{"@type":"Organization","@id":"https:\/\/sure-antennas.com\/#organization","name":"Sure Antennas","url":"https:\/\/sure-antennas.com\/","logo":{"@type":"ImageObject","inLanguage":"de-DE","@id":"https:\/\/sure-antennas.com\/#\/schema\/logo\/image\/","url":"https:\/\/sure-antennas.com\/wp-content\/uploads\/2021\/04\/logo-1.png","contentUrl":"https:\/\/sure-antennas.com\/wp-content\/uploads\/2021\/04\/logo-1.png","width":211,"height":52,"caption":"Sure Antennas"},"image":{"@id":"https:\/\/sure-antennas.com\/#\/schema\/logo\/image\/"}}]}},"_links":{"self":[{"href":"https:\/\/sure-antennas.com\/de\/wp-json\/wp\/v2\/pages\/48395","targetHints":{"allow":["GET"]}}],"collection":[{"href":"https:\/\/sure-antennas.com\/de\/wp-json\/wp\/v2\/pages"}],"about":[{"href":"https:\/\/sure-antennas.com\/de\/wp-json\/wp\/v2\/types\/page"}],"author":[{"embeddable":true,"href":"https:\/\/sure-antennas.com\/de\/wp-json\/wp\/v2\/users\/6"}],"replies":[{"embeddable":true,"href":"https:\/\/sure-antennas.com\/de\/wp-json\/wp\/v2\/comments?post=48395"}],"version-history":[{"count":0,"href":"https:\/\/sure-antennas.com\/de\/wp-json\/wp\/v2\/pages\/48395\/revisions"}],"wp:attachment":[{"href":"https:\/\/sure-antennas.com\/de\/wp-json\/wp\/v2\/media?parent=48395"}],"curies":[{"name":"wp","href":"https:\/\/api.w.org\/{rel}","templated":true}]}}