{"id":38859,"date":"2025-01-07T16:07:48","date_gmt":"2025-01-07T16:07:48","guid":{"rendered":"https:\/\/sure-antennas68068.e.wpstage.net\/product\/teltonika-rutc50-wifi-6-4g-lte-5g-cat-20-router-w-2-x-embedded-sim-slots-2-9gbps-ax\/"},"modified":"2025-02-21T12:36:34","modified_gmt":"2025-02-21T12:36:34","slug":"teltonika-rutc50-de","status":"publish","type":"product","link":"https:\/\/sure-antennas.com\/de\/produkt\/teltonika-rutc50-de\/","title":{"rendered":"Teltonika RUTC50 WiFi 6 4G LTE\/5G Cat 20 Router mit 2 integrierten SIM-Steckpl\u00e4tzen (2.9Gbps AX)"},"content":{"rendered":"<p>Der Teltonika RUTC50 WiFi 5 4G LTE\/5G Cat 20 Router ist Ihr zukunftssicherer, netzwerk\u00fcbergreifender Industrierouter, der 5G-Mobilkommunikation f\u00fcr Hochgeschwindigkeits- und datenintensive Anwendungen bietet. Die 5G-Dual-SIM-Mobilfunkkommunikation in Kombination mit 5 x Gigabit-Ethernet-Anschl\u00fcssen und Dual-Band-WiFi erm\u00f6glicht eine zuverl\u00e4ssige Daten\u00fcbertragung mit extrem niedriger Latenzzeit. Die Leistungsf\u00e4higkeit der 5G-Technologie in Kombination mit einer breiten Palette von Schnittstellen und industriellen Hardware-Funktionen gew\u00e4hrleistet die Anpassungsf\u00e4higkeit f\u00fcr zuk\u00fcnftige Upgrades und Erweiterungen. Der RUTC50 wird mit dem RutOS ausgeliefert, das fortschrittliche Sicherheitsfunktionen und spezialisierte Industrieprotokolle f\u00fcr eine Vielzahl professioneller Anwendungsszenarien bietet und mit unserem Remote Management System (RMS) kompatibel ist, das optimierte Fernverwaltungs- und \u00dcberwachungsfunktionen f\u00fcr gro\u00dfe Ger\u00e4teflotten bietet.<\/p>\n","protected":false},"excerpt":{"rendered":"<p><strong>Artikelnummer: RUTC50<\/strong><\/p>\n<p>Der Teltonika RUTC50 WiFi 5 4G LTE\/5G Cat 20 Router ist Ihr zukunftssicherer, netzwerk\u00fcbergreifender Industrierouter, der 5G-Mobilkommunikation f\u00fcr Hochgeschwindigkeits- und datenintensive Anwendungen bietet. Die 5G-Dual-SIM-Mobilfunkkommunikation in Kombination mit 5 x Gigabit-Ethernet-Ports und Dual-Band-WiFi erm\u00f6glicht eine zuverl\u00e4ssige Daten\u00fcbertragung mit extrem niedriger Latenzzeit. Die Leistungsf\u00e4higkeit der 5G-Technologie in Kombination mit einer breiten Palette von Schnittstellen und industriellen Hardware-Funktionen gew\u00e4hrleistet die Anpassungsf\u00e4higkeit f\u00fcr zuk\u00fcnftige Upgrades und Erweiterungen. Der RUTC50 wird mit dem RutOS geliefert, das fortschrittliche Sicherheitsfunktionen und spezialisierte Industrieprotokolle f\u00fcr eine breite Palette professioneller Anwendungsszenarien bietet und mit unserem Remote Management System (RMS) kompatibel ist, das optimierte Fernverwaltungs- und \u00dcberwachungsfunktionen f\u00fcr gro\u00dfe Ger\u00e4teflotten bietet. [&#8230;]<\/p>\n<p><a class=\"btn btn-secondary understrap-read-more-link\" href=\"https:\/\/sure-antennas.com\/de\/produkt\/teltonika-rutc50-de\/\">Weiterlesen&#8230;<\/a><\/p>\n","protected":false},"featured_media":38860,"comment_status":"closed","ping_status":"closed","template":"","meta":{"_acf_changed":false},"product_brand":[],"product_cat":[282],"product_tag":[],"class_list":{"0":"post-38859","1":"product","2":"type-product","3":"status-publish","4":"has-post-thumbnail","6":"product_cat-vehicle-technology-de","8":"first","9":"instock","10":"product-type-simple"},"acf":[],"yoast_head":"<!-- This site is optimized with the Yoast SEO plugin v27.0 - https:\/\/yoast.com\/product\/yoast-seo-wordpress\/ -->\n<title>Teltonika RUTC50 | Sure Antennas<\/title>\n<meta name=\"description\" content=\"Die 5G-Technologie in Verbindung mit einer breiten Palette von Schnittstellen gew\u00e4hrleistet die Anpassungsf\u00e4higkeit f\u00fcr k\u00fcnftige Upgrades.\" \/>\n<meta name=\"robots\" content=\"index, follow, max-snippet:-1, max-image-preview:large, max-video-preview:-1\" \/>\n<link rel=\"canonical\" href=\"https:\/\/sure-antennas.com\/de\/produkt\/teltonika-rutc50-de\/\" \/>\n<meta property=\"og:locale\" content=\"de_DE\" \/>\n<meta property=\"og:type\" content=\"article\" \/>\n<meta property=\"og:title\" content=\"Teltonika RUTC50 | Sure Antennas\" \/>\n<meta property=\"og:description\" content=\"Die 5G-Technologie in Verbindung mit einer breiten Palette von Schnittstellen gew\u00e4hrleistet die Anpassungsf\u00e4higkeit f\u00fcr k\u00fcnftige Upgrades.\" \/>\n<meta property=\"og:url\" content=\"https:\/\/sure-antennas.com\/de\/produkt\/teltonika-rutc50-de\/\" \/>\n<meta property=\"og:site_name\" content=\"Sure Antennas\" \/>\n<meta property=\"article:modified_time\" content=\"2025-02-21T12:36:34+00:00\" \/>\n<meta property=\"og:image\" content=\"https:\/\/sure-antennas.com\/wp-content\/uploads\/2025\/01\/rutc50-840xAuto.webp\" \/>\n\t<meta property=\"og:image:width\" content=\"840\" \/>\n\t<meta property=\"og:image:height\" content=\"935\" \/>\n\t<meta property=\"og:image:type\" content=\"image\/webp\" \/>\n<meta name=\"twitter:card\" content=\"summary_large_image\" \/>\n<meta name=\"twitter:label1\" content=\"Est. reading time\" \/>\n\t<meta name=\"twitter:data1\" content=\"1 minute\" \/>\n<script type=\"application\/ld+json\" class=\"yoast-schema-graph\">{\"@context\":\"https:\/\/schema.org\",\"@graph\":[{\"@type\":\"WebPage\",\"@id\":\"https:\/\/sure-antennas.com\/de\/produkt\/teltonika-rutc50-de\/\",\"url\":\"https:\/\/sure-antennas.com\/de\/produkt\/teltonika-rutc50-de\/\",\"name\":\"Teltonika RUTC50 | Sure Antennas\",\"isPartOf\":{\"@id\":\"https:\/\/sure-antennas.com\/#website\"},\"primaryImageOfPage\":{\"@id\":\"https:\/\/sure-antennas.com\/de\/produkt\/teltonika-rutc50-de\/#primaryimage\"},\"image\":{\"@id\":\"https:\/\/sure-antennas.com\/de\/produkt\/teltonika-rutc50-de\/#primaryimage\"},\"thumbnailUrl\":\"https:\/\/sure-antennas.com\/wp-content\/uploads\/2025\/01\/rutc50-840xAuto.webp\",\"datePublished\":\"2025-01-07T16:07:48+00:00\",\"dateModified\":\"2025-02-21T12:36:34+00:00\",\"description\":\"Die 5G-Technologie in Verbindung mit einer breiten Palette von Schnittstellen gew\u00e4hrleistet die Anpassungsf\u00e4higkeit f\u00fcr k\u00fcnftige Upgrades.\",\"breadcrumb\":{\"@id\":\"https:\/\/sure-antennas.com\/de\/produkt\/teltonika-rutc50-de\/#breadcrumb\"},\"inLanguage\":\"de-DE\",\"potentialAction\":[{\"@type\":\"ReadAction\",\"target\":[\"https:\/\/sure-antennas.com\/de\/produkt\/teltonika-rutc50-de\/\"]}]},{\"@type\":\"ImageObject\",\"inLanguage\":\"de-DE\",\"@id\":\"https:\/\/sure-antennas.com\/de\/produkt\/teltonika-rutc50-de\/#primaryimage\",\"url\":\"https:\/\/sure-antennas.com\/wp-content\/uploads\/2025\/01\/rutc50-840xAuto.webp\",\"contentUrl\":\"https:\/\/sure-antennas.com\/wp-content\/uploads\/2025\/01\/rutc50-840xAuto.webp\",\"width\":840,\"height\":935},{\"@type\":\"BreadcrumbList\",\"@id\":\"https:\/\/sure-antennas.com\/de\/produkt\/teltonika-rutc50-de\/#breadcrumb\",\"itemListElement\":[{\"@type\":\"ListItem\",\"position\":1,\"name\":\"Home\",\"item\":\"https:\/\/sure-antennas.com\/de\/\"},{\"@type\":\"ListItem\",\"position\":2,\"name\":\"Gesch\u00e4ft\",\"item\":\"https:\/\/sure-antennas.com\/de\/geschaeft\/\"},{\"@type\":\"ListItem\",\"position\":3,\"name\":\"Teltonika RUTC50 WiFi 6 4G LTE\/5G Cat 20 Router mit 2 integrierten SIM-Steckpl\u00e4tzen (2.9Gbps AX)\"}]},{\"@type\":\"WebSite\",\"@id\":\"https:\/\/sure-antennas.com\/#website\",\"url\":\"https:\/\/sure-antennas.com\/\",\"name\":\"Sure Antennas\",\"description\":\"Sure Antennas site\",\"publisher\":{\"@id\":\"https:\/\/sure-antennas.com\/#organization\"},\"potentialAction\":[{\"@type\":\"SearchAction\",\"target\":{\"@type\":\"EntryPoint\",\"urlTemplate\":\"https:\/\/sure-antennas.com\/?s={search_term_string}\"},\"query-input\":{\"@type\":\"PropertyValueSpecification\",\"valueRequired\":true,\"valueName\":\"search_term_string\"}}],\"inLanguage\":\"de-DE\"},{\"@type\":\"Organization\",\"@id\":\"https:\/\/sure-antennas.com\/#organization\",\"name\":\"Sure Antennas\",\"url\":\"https:\/\/sure-antennas.com\/\",\"logo\":{\"@type\":\"ImageObject\",\"inLanguage\":\"de-DE\",\"@id\":\"https:\/\/sure-antennas.com\/#\/schema\/logo\/image\/\",\"url\":\"https:\/\/sure-antennas.com\/wp-content\/uploads\/2021\/04\/logo-1.png\",\"contentUrl\":\"https:\/\/sure-antennas.com\/wp-content\/uploads\/2021\/04\/logo-1.png\",\"width\":211,\"height\":52,\"caption\":\"Sure Antennas\"},\"image\":{\"@id\":\"https:\/\/sure-antennas.com\/#\/schema\/logo\/image\/\"}}]}<\/script>\n<!-- \/ Yoast SEO plugin. -->","yoast_head_json":{"title":"Teltonika RUTC50 | Sure Antennas","description":"Die 5G-Technologie in Verbindung mit einer breiten Palette von Schnittstellen gew\u00e4hrleistet die Anpassungsf\u00e4higkeit f\u00fcr k\u00fcnftige Upgrades.","robots":{"index":"index","follow":"follow","max-snippet":"max-snippet:-1","max-image-preview":"max-image-preview:large","max-video-preview":"max-video-preview:-1"},"canonical":"https:\/\/sure-antennas.com\/de\/produkt\/teltonika-rutc50-de\/","og_locale":"de_DE","og_type":"article","og_title":"Teltonika RUTC50 | Sure Antennas","og_description":"Die 5G-Technologie in Verbindung mit einer breiten Palette von Schnittstellen gew\u00e4hrleistet die Anpassungsf\u00e4higkeit f\u00fcr k\u00fcnftige Upgrades.","og_url":"https:\/\/sure-antennas.com\/de\/produkt\/teltonika-rutc50-de\/","og_site_name":"Sure Antennas","article_modified_time":"2025-02-21T12:36:34+00:00","og_image":[{"width":840,"height":935,"url":"https:\/\/sure-antennas.com\/wp-content\/uploads\/2025\/01\/rutc50-840xAuto.webp","type":"image\/webp"}],"twitter_card":"summary_large_image","twitter_misc":{"Est. reading time":"1 minute"},"schema":{"@context":"https:\/\/schema.org","@graph":[{"@type":"WebPage","@id":"https:\/\/sure-antennas.com\/de\/produkt\/teltonika-rutc50-de\/","url":"https:\/\/sure-antennas.com\/de\/produkt\/teltonika-rutc50-de\/","name":"Teltonika RUTC50 | Sure Antennas","isPartOf":{"@id":"https:\/\/sure-antennas.com\/#website"},"primaryImageOfPage":{"@id":"https:\/\/sure-antennas.com\/de\/produkt\/teltonika-rutc50-de\/#primaryimage"},"image":{"@id":"https:\/\/sure-antennas.com\/de\/produkt\/teltonika-rutc50-de\/#primaryimage"},"thumbnailUrl":"https:\/\/sure-antennas.com\/wp-content\/uploads\/2025\/01\/rutc50-840xAuto.webp","datePublished":"2025-01-07T16:07:48+00:00","dateModified":"2025-02-21T12:36:34+00:00","description":"Die 5G-Technologie in Verbindung mit einer breiten Palette von Schnittstellen gew\u00e4hrleistet die Anpassungsf\u00e4higkeit f\u00fcr k\u00fcnftige Upgrades.","breadcrumb":{"@id":"https:\/\/sure-antennas.com\/de\/produkt\/teltonika-rutc50-de\/#breadcrumb"},"inLanguage":"de-DE","potentialAction":[{"@type":"ReadAction","target":["https:\/\/sure-antennas.com\/de\/produkt\/teltonika-rutc50-de\/"]}]},{"@type":"ImageObject","inLanguage":"de-DE","@id":"https:\/\/sure-antennas.com\/de\/produkt\/teltonika-rutc50-de\/#primaryimage","url":"https:\/\/sure-antennas.com\/wp-content\/uploads\/2025\/01\/rutc50-840xAuto.webp","contentUrl":"https:\/\/sure-antennas.com\/wp-content\/uploads\/2025\/01\/rutc50-840xAuto.webp","width":840,"height":935},{"@type":"BreadcrumbList","@id":"https:\/\/sure-antennas.com\/de\/produkt\/teltonika-rutc50-de\/#breadcrumb","itemListElement":[{"@type":"ListItem","position":1,"name":"Home","item":"https:\/\/sure-antennas.com\/de\/"},{"@type":"ListItem","position":2,"name":"Gesch\u00e4ft","item":"https:\/\/sure-antennas.com\/de\/geschaeft\/"},{"@type":"ListItem","position":3,"name":"Teltonika RUTC50 WiFi 6 4G LTE\/5G Cat 20 Router mit 2 integrierten SIM-Steckpl\u00e4tzen (2.9Gbps AX)"}]},{"@type":"WebSite","@id":"https:\/\/sure-antennas.com\/#website","url":"https:\/\/sure-antennas.com\/","name":"Sure Antennas","description":"Sure Antennas site","publisher":{"@id":"https:\/\/sure-antennas.com\/#organization"},"potentialAction":[{"@type":"SearchAction","target":{"@type":"EntryPoint","urlTemplate":"https:\/\/sure-antennas.com\/?s={search_term_string}"},"query-input":{"@type":"PropertyValueSpecification","valueRequired":true,"valueName":"search_term_string"}}],"inLanguage":"de-DE"},{"@type":"Organization","@id":"https:\/\/sure-antennas.com\/#organization","name":"Sure Antennas","url":"https:\/\/sure-antennas.com\/","logo":{"@type":"ImageObject","inLanguage":"de-DE","@id":"https:\/\/sure-antennas.com\/#\/schema\/logo\/image\/","url":"https:\/\/sure-antennas.com\/wp-content\/uploads\/2021\/04\/logo-1.png","contentUrl":"https:\/\/sure-antennas.com\/wp-content\/uploads\/2021\/04\/logo-1.png","width":211,"height":52,"caption":"Sure Antennas"},"image":{"@id":"https:\/\/sure-antennas.com\/#\/schema\/logo\/image\/"}}]}},"_links":{"self":[{"href":"https:\/\/sure-antennas.com\/de\/wp-json\/wp\/v2\/product\/38859","targetHints":{"allow":["GET"]}}],"collection":[{"href":"https:\/\/sure-antennas.com\/de\/wp-json\/wp\/v2\/product"}],"about":[{"href":"https:\/\/sure-antennas.com\/de\/wp-json\/wp\/v2\/types\/product"}],"replies":[{"embeddable":true,"href":"https:\/\/sure-antennas.com\/de\/wp-json\/wp\/v2\/comments?post=38859"}],"wp:featuredmedia":[{"embeddable":true,"href":"https:\/\/sure-antennas.com\/de\/wp-json\/wp\/v2\/media\/38860"}],"wp:attachment":[{"href":"https:\/\/sure-antennas.com\/de\/wp-json\/wp\/v2\/media?parent=38859"}],"wp:term":[{"taxonomy":"product_brand","embeddable":true,"href":"https:\/\/sure-antennas.com\/de\/wp-json\/wp\/v2\/product_brand?post=38859"},{"taxonomy":"product_cat","embeddable":true,"href":"https:\/\/sure-antennas.com\/de\/wp-json\/wp\/v2\/product_cat?post=38859"},{"taxonomy":"product_tag","embeddable":true,"href":"https:\/\/sure-antennas.com\/de\/wp-json\/wp\/v2\/product_tag?post=38859"}],"curies":[{"name":"wp","href":"https:\/\/api.w.org\/{rel}","templated":true}]}}