{"id":38865,"date":"2024-12-18T15:46:07","date_gmt":"2024-12-18T15:46:07","guid":{"rendered":"https:\/\/sure-antennas68068.e.wpstage.net\/product\/teltonika-rut200-wifi-4-4g-lte-cat-4-router-w-1-x-embedded-sim-slot-3-x-external-antennas-150mbps\/"},"modified":"2025-02-21T12:36:52","modified_gmt":"2025-02-21T12:36:52","slug":"teltonika-rut200-de","status":"publish","type":"product","link":"https:\/\/sure-antennas.com\/de\/produkt\/teltonika-rut200-de\/","title":{"rendered":"Teltonika RUT200 WiFi 4 4G LTE Cat 4 Router mit 1 x integriertem SIM Steckplatz &#038; 3 x externen Antennen (150Mbps)"},"content":{"rendered":"<p>Der Teltonika RUT200 WiFi 4 4G LTE Cat 4 Router ist ein kompakter industrieller Mobilfunk-Router, der zuverl\u00e4ssige, unternehmenskritische Konnektivit\u00e4t unter harten Bedingungen in Branchen wie Automatisierung, Transport und Fertigung bietet. Dieses Modell ist mit 4G LTE, WiFi und zwei Ethernet-Anschl\u00fcssen ausgestattet und damit ideal f\u00fcr die schnelle Einrichtung von Prim\u00e4r- und Backup-Konnektivit\u00e4t mit Fernverwaltungsfunktionen.<\/p>\n","protected":false},"excerpt":{"rendered":"<p><strong>Artikelnummer: RUT240<\/strong><\/p>\n<p>Ausgestattet mit 4G LTE, Wi-Fi und zwei Ethernet-Anschl\u00fcssen bietet der RUT241 ununterbrochene Verbindungskontinuit\u00e4t mit automatischem WAN-Failover. Das industrielle Design, die kompakte Gr\u00f6\u00dfe, mehrere Verbindungsschnittstellen und die Kompatibilit\u00e4t mit RMS machen dieses Ger\u00e4t zu einer ausgezeichneten L\u00f6sung f\u00fcr zahlreiche IoT- und M2M-L\u00f6sungen. [&#8230;]<\/p>\n<p><a class=\"btn btn-secondary understrap-read-more-link\" href=\"https:\/\/sure-antennas.com\/de\/produkt\/teltonika-rut200-de\/\">Weiterlesen&#8230;<\/a><\/p>\n","protected":false},"featured_media":38866,"comment_status":"closed","ping_status":"closed","template":"","meta":{"_acf_changed":false},"product_brand":[],"product_cat":[282],"product_tag":[],"class_list":{"0":"post-38865","1":"product","2":"type-product","3":"status-publish","4":"has-post-thumbnail","6":"product_cat-vehicle-technology-de","8":"first","9":"instock","10":"product-type-simple"},"acf":[],"yoast_head":"<!-- This site is optimized with the Yoast SEO plugin v27.4 - https:\/\/yoast.com\/product\/yoast-seo-wordpress\/ -->\n<title>Teltonika RUT200 | Sure Antennas<\/title>\n<meta name=\"description\" content=\"Ausgestattet mit 4G LTE, WiFi und zwei Ethernet-Anschl\u00fcssen ist der Router ideal f\u00fcr die schnelle Einrichtung von Prim\u00e4r- und Backup-Konnektivit\u00e4t.\" \/>\n<meta name=\"robots\" content=\"index, follow, max-snippet:-1, max-image-preview:large, max-video-preview:-1\" \/>\n<link rel=\"canonical\" href=\"https:\/\/sure-antennas.com\/de\/produkt\/teltonika-rut200-de\/\" \/>\n<meta property=\"og:locale\" content=\"de_DE\" \/>\n<meta property=\"og:type\" content=\"article\" \/>\n<meta property=\"og:title\" content=\"Teltonika RUT200 | Sure Antennas\" \/>\n<meta property=\"og:description\" content=\"Ausgestattet mit 4G LTE, WiFi und zwei Ethernet-Anschl\u00fcssen ist der Router ideal f\u00fcr die schnelle Einrichtung von Prim\u00e4r- und Backup-Konnektivit\u00e4t.\" \/>\n<meta property=\"og:url\" content=\"https:\/\/sure-antennas.com\/de\/produkt\/teltonika-rut200-de\/\" \/>\n<meta property=\"og:site_name\" content=\"Sure Antennas\" \/>\n<meta property=\"article:modified_time\" content=\"2025-02-21T12:36:52+00:00\" \/>\n<meta property=\"og:image\" content=\"https:\/\/sure-antennas.com\/wp-content\/uploads\/2024\/12\/rut200-840xAuto.webp\" \/>\n\t<meta property=\"og:image:width\" content=\"840\" \/>\n\t<meta property=\"og:image:height\" content=\"935\" \/>\n\t<meta property=\"og:image:type\" content=\"image\/webp\" \/>\n<meta name=\"twitter:card\" content=\"summary_large_image\" \/>\n<meta name=\"twitter:label1\" content=\"Est. reading time\" \/>\n\t<meta name=\"twitter:data1\" content=\"1 minute\" \/>\n<script type=\"application\/ld+json\" class=\"yoast-schema-graph\">{\"@context\":\"https:\\\/\\\/schema.org\",\"@graph\":[{\"@type\":\"WebPage\",\"@id\":\"https:\\\/\\\/sure-antennas.com\\\/de\\\/produkt\\\/teltonika-rut200-de\\\/\",\"url\":\"https:\\\/\\\/sure-antennas.com\\\/de\\\/produkt\\\/teltonika-rut200-de\\\/\",\"name\":\"Teltonika RUT200 | Sure Antennas\",\"isPartOf\":{\"@id\":\"https:\\\/\\\/sure-antennas.com\\\/#website\"},\"primaryImageOfPage\":{\"@id\":\"https:\\\/\\\/sure-antennas.com\\\/de\\\/produkt\\\/teltonika-rut200-de\\\/#primaryimage\"},\"image\":{\"@id\":\"https:\\\/\\\/sure-antennas.com\\\/de\\\/produkt\\\/teltonika-rut200-de\\\/#primaryimage\"},\"thumbnailUrl\":\"https:\\\/\\\/sure-antennas.com\\\/wp-content\\\/uploads\\\/2024\\\/12\\\/rut200-840xAuto.webp\",\"datePublished\":\"2024-12-18T15:46:07+00:00\",\"dateModified\":\"2025-02-21T12:36:52+00:00\",\"description\":\"Ausgestattet mit 4G LTE, WiFi und zwei Ethernet-Anschl\u00fcssen ist der Router ideal f\u00fcr die schnelle Einrichtung von Prim\u00e4r- und Backup-Konnektivit\u00e4t.\",\"breadcrumb\":{\"@id\":\"https:\\\/\\\/sure-antennas.com\\\/de\\\/produkt\\\/teltonika-rut200-de\\\/#breadcrumb\"},\"inLanguage\":\"de-DE\",\"potentialAction\":[{\"@type\":\"ReadAction\",\"target\":[\"https:\\\/\\\/sure-antennas.com\\\/de\\\/produkt\\\/teltonika-rut200-de\\\/\"]}]},{\"@type\":\"ImageObject\",\"inLanguage\":\"de-DE\",\"@id\":\"https:\\\/\\\/sure-antennas.com\\\/de\\\/produkt\\\/teltonika-rut200-de\\\/#primaryimage\",\"url\":\"https:\\\/\\\/sure-antennas.com\\\/wp-content\\\/uploads\\\/2024\\\/12\\\/rut200-840xAuto.webp\",\"contentUrl\":\"https:\\\/\\\/sure-antennas.com\\\/wp-content\\\/uploads\\\/2024\\\/12\\\/rut200-840xAuto.webp\",\"width\":840,\"height\":935},{\"@type\":\"BreadcrumbList\",\"@id\":\"https:\\\/\\\/sure-antennas.com\\\/de\\\/produkt\\\/teltonika-rut200-de\\\/#breadcrumb\",\"itemListElement\":[{\"@type\":\"ListItem\",\"position\":1,\"name\":\"Home\",\"item\":\"https:\\\/\\\/sure-antennas.com\\\/de\\\/\"},{\"@type\":\"ListItem\",\"position\":2,\"name\":\"Gesch\u00e4ft\",\"item\":\"https:\\\/\\\/sure-antennas.com\\\/de\\\/geschaeft\\\/\"},{\"@type\":\"ListItem\",\"position\":3,\"name\":\"Teltonika RUT200 WiFi 4 4G LTE Cat 4 Router mit 1 x integriertem SIM Steckplatz &#038; 3 x externen Antennen (150Mbps)\"}]},{\"@type\":\"WebSite\",\"@id\":\"https:\\\/\\\/sure-antennas.com\\\/#website\",\"url\":\"https:\\\/\\\/sure-antennas.com\\\/\",\"name\":\"Sure Antennas\",\"description\":\"Sure Antennas site\",\"publisher\":{\"@id\":\"https:\\\/\\\/sure-antennas.com\\\/#organization\"},\"potentialAction\":[{\"@type\":\"SearchAction\",\"target\":{\"@type\":\"EntryPoint\",\"urlTemplate\":\"https:\\\/\\\/sure-antennas.com\\\/?s={search_term_string}\"},\"query-input\":{\"@type\":\"PropertyValueSpecification\",\"valueRequired\":true,\"valueName\":\"search_term_string\"}}],\"inLanguage\":\"de-DE\"},{\"@type\":\"Organization\",\"@id\":\"https:\\\/\\\/sure-antennas.com\\\/#organization\",\"name\":\"Sure Antennas\",\"url\":\"https:\\\/\\\/sure-antennas.com\\\/\",\"logo\":{\"@type\":\"ImageObject\",\"inLanguage\":\"de-DE\",\"@id\":\"https:\\\/\\\/sure-antennas.com\\\/#\\\/schema\\\/logo\\\/image\\\/\",\"url\":\"https:\\\/\\\/sure-antennas.com\\\/wp-content\\\/uploads\\\/2021\\\/04\\\/logo-1.png\",\"contentUrl\":\"https:\\\/\\\/sure-antennas.com\\\/wp-content\\\/uploads\\\/2021\\\/04\\\/logo-1.png\",\"width\":211,\"height\":52,\"caption\":\"Sure Antennas\"},\"image\":{\"@id\":\"https:\\\/\\\/sure-antennas.com\\\/#\\\/schema\\\/logo\\\/image\\\/\"}}]}<\/script>\n<!-- \/ Yoast SEO plugin. -->","yoast_head_json":{"title":"Teltonika RUT200 | Sure Antennas","description":"Ausgestattet mit 4G LTE, WiFi und zwei Ethernet-Anschl\u00fcssen ist der Router ideal f\u00fcr die schnelle Einrichtung von Prim\u00e4r- und Backup-Konnektivit\u00e4t.","robots":{"index":"index","follow":"follow","max-snippet":"max-snippet:-1","max-image-preview":"max-image-preview:large","max-video-preview":"max-video-preview:-1"},"canonical":"https:\/\/sure-antennas.com\/de\/produkt\/teltonika-rut200-de\/","og_locale":"de_DE","og_type":"article","og_title":"Teltonika RUT200 | Sure Antennas","og_description":"Ausgestattet mit 4G LTE, WiFi und zwei Ethernet-Anschl\u00fcssen ist der Router ideal f\u00fcr die schnelle Einrichtung von Prim\u00e4r- und Backup-Konnektivit\u00e4t.","og_url":"https:\/\/sure-antennas.com\/de\/produkt\/teltonika-rut200-de\/","og_site_name":"Sure Antennas","article_modified_time":"2025-02-21T12:36:52+00:00","og_image":[{"width":840,"height":935,"url":"https:\/\/sure-antennas.com\/wp-content\/uploads\/2024\/12\/rut200-840xAuto.webp","type":"image\/webp"}],"twitter_card":"summary_large_image","twitter_misc":{"Est. reading time":"1 minute"},"schema":{"@context":"https:\/\/schema.org","@graph":[{"@type":"WebPage","@id":"https:\/\/sure-antennas.com\/de\/produkt\/teltonika-rut200-de\/","url":"https:\/\/sure-antennas.com\/de\/produkt\/teltonika-rut200-de\/","name":"Teltonika RUT200 | Sure Antennas","isPartOf":{"@id":"https:\/\/sure-antennas.com\/#website"},"primaryImageOfPage":{"@id":"https:\/\/sure-antennas.com\/de\/produkt\/teltonika-rut200-de\/#primaryimage"},"image":{"@id":"https:\/\/sure-antennas.com\/de\/produkt\/teltonika-rut200-de\/#primaryimage"},"thumbnailUrl":"https:\/\/sure-antennas.com\/wp-content\/uploads\/2024\/12\/rut200-840xAuto.webp","datePublished":"2024-12-18T15:46:07+00:00","dateModified":"2025-02-21T12:36:52+00:00","description":"Ausgestattet mit 4G LTE, WiFi und zwei Ethernet-Anschl\u00fcssen ist der Router ideal f\u00fcr die schnelle Einrichtung von Prim\u00e4r- und Backup-Konnektivit\u00e4t.","breadcrumb":{"@id":"https:\/\/sure-antennas.com\/de\/produkt\/teltonika-rut200-de\/#breadcrumb"},"inLanguage":"de-DE","potentialAction":[{"@type":"ReadAction","target":["https:\/\/sure-antennas.com\/de\/produkt\/teltonika-rut200-de\/"]}]},{"@type":"ImageObject","inLanguage":"de-DE","@id":"https:\/\/sure-antennas.com\/de\/produkt\/teltonika-rut200-de\/#primaryimage","url":"https:\/\/sure-antennas.com\/wp-content\/uploads\/2024\/12\/rut200-840xAuto.webp","contentUrl":"https:\/\/sure-antennas.com\/wp-content\/uploads\/2024\/12\/rut200-840xAuto.webp","width":840,"height":935},{"@type":"BreadcrumbList","@id":"https:\/\/sure-antennas.com\/de\/produkt\/teltonika-rut200-de\/#breadcrumb","itemListElement":[{"@type":"ListItem","position":1,"name":"Home","item":"https:\/\/sure-antennas.com\/de\/"},{"@type":"ListItem","position":2,"name":"Gesch\u00e4ft","item":"https:\/\/sure-antennas.com\/de\/geschaeft\/"},{"@type":"ListItem","position":3,"name":"Teltonika RUT200 WiFi 4 4G LTE Cat 4 Router mit 1 x integriertem SIM Steckplatz &#038; 3 x externen Antennen (150Mbps)"}]},{"@type":"WebSite","@id":"https:\/\/sure-antennas.com\/#website","url":"https:\/\/sure-antennas.com\/","name":"Sure Antennas","description":"Sure Antennas site","publisher":{"@id":"https:\/\/sure-antennas.com\/#organization"},"potentialAction":[{"@type":"SearchAction","target":{"@type":"EntryPoint","urlTemplate":"https:\/\/sure-antennas.com\/?s={search_term_string}"},"query-input":{"@type":"PropertyValueSpecification","valueRequired":true,"valueName":"search_term_string"}}],"inLanguage":"de-DE"},{"@type":"Organization","@id":"https:\/\/sure-antennas.com\/#organization","name":"Sure Antennas","url":"https:\/\/sure-antennas.com\/","logo":{"@type":"ImageObject","inLanguage":"de-DE","@id":"https:\/\/sure-antennas.com\/#\/schema\/logo\/image\/","url":"https:\/\/sure-antennas.com\/wp-content\/uploads\/2021\/04\/logo-1.png","contentUrl":"https:\/\/sure-antennas.com\/wp-content\/uploads\/2021\/04\/logo-1.png","width":211,"height":52,"caption":"Sure Antennas"},"image":{"@id":"https:\/\/sure-antennas.com\/#\/schema\/logo\/image\/"}}]}},"_links":{"self":[{"href":"https:\/\/sure-antennas.com\/de\/wp-json\/wp\/v2\/product\/38865","targetHints":{"allow":["GET"]}}],"collection":[{"href":"https:\/\/sure-antennas.com\/de\/wp-json\/wp\/v2\/product"}],"about":[{"href":"https:\/\/sure-antennas.com\/de\/wp-json\/wp\/v2\/types\/product"}],"replies":[{"embeddable":true,"href":"https:\/\/sure-antennas.com\/de\/wp-json\/wp\/v2\/comments?post=38865"}],"wp:featuredmedia":[{"embeddable":true,"href":"https:\/\/sure-antennas.com\/de\/wp-json\/wp\/v2\/media\/38866"}],"wp:attachment":[{"href":"https:\/\/sure-antennas.com\/de\/wp-json\/wp\/v2\/media?parent=38865"}],"wp:term":[{"taxonomy":"product_brand","embeddable":true,"href":"https:\/\/sure-antennas.com\/de\/wp-json\/wp\/v2\/product_brand?post=38865"},{"taxonomy":"product_cat","embeddable":true,"href":"https:\/\/sure-antennas.com\/de\/wp-json\/wp\/v2\/product_cat?post=38865"},{"taxonomy":"product_tag","embeddable":true,"href":"https:\/\/sure-antennas.com\/de\/wp-json\/wp\/v2\/product_tag?post=38865"}],"curies":[{"name":"wp","href":"https:\/\/api.w.org\/{rel}","templated":true}]}}