{"id":38884,"date":"2025-09-01T14:43:45","date_gmt":"2025-09-01T14:43:45","guid":{"rendered":"https:\/\/sure-antennas68068.e.wpstage.net\/product\/dual-band-vhf-gps-antenna-5000-220\/"},"modified":"2025-09-16T14:28:38","modified_gmt":"2025-09-16T14:28:38","slug":"dual-band-vhf-gps-antenne-5000-220","status":"publish","type":"product","link":"https:\/\/sure-antennas.com\/de\/produkt\/dual-band-vhf-gps-antenne-5000-220\/","title":{"rendered":"Dual Band-VHF- und GPS-Antenne &#8211; 5000-220"},"content":{"rendered":"<p><strong>Die Dual Band TETRA- und VHF-Antenne von Sure Antennas &#8211; 5000-220<\/strong><\/p>\n<hr \/>\n<ul>\n<li>Artikelnummer: 5000-220<\/li>\n<li>VHF Frequenzbereich: 138-174 MHz<\/li>\n<li>GPS, QZSS, GLONASS, BeiDou und Galileo kompatibel<\/li>\n<li>Einfache Installation<\/li>\n<\/ul>\n","protected":false},"excerpt":{"rendered":"<p>Erleben Sie pr\u00e4zise Navigation mit unserer <strong>Dual Band-Antenne f\u00fcr VHF und GPS<\/strong>, die mit VHF und den wichtigsten Satellitensystemen wie <strong>GPS<\/strong>, <strong>QZSS<\/strong>, <strong>GLONASS<\/strong>, <strong>BeiDou<\/strong> und <strong>Galileo<\/strong> kompatibel ist.<br \/>\nDiese kompakte, robuste Antenne gew\u00e4hrleistet einen gleichm\u00e4\u00dfigen und klaren Signalempfang. Sie ist einfach zu installieren und eignet sich hervorragend f\u00fcr die Verbesserung der VHF- und GPS-Funktionen in jeder <strong>anspruchsvollen Umgebung<\/strong>. Diese Antenne ist f\u00fcr einen zuverl\u00e4ssigen, <strong>hochwertigen Signalempfang<\/strong> ausgelegt. [&#8230;]<\/p>\n<p><a class=\"btn btn-secondary understrap-read-more-link\" href=\"https:\/\/sure-antennas.com\/de\/produkt\/dual-band-vhf-gps-antenne-5000-220\/\">Weiterlesen&#8230;<\/a><\/p>\n","protected":false},"featured_media":45675,"comment_status":"closed","ping_status":"closed","template":"","meta":{"_acf_changed":false},"product_brand":[],"product_cat":[273],"product_tag":[],"class_list":{"0":"post-38884","1":"product","2":"type-product","3":"status-publish","4":"has-post-thumbnail","6":"product_cat-gps-vehicle-antennas-de","7":"manufacturer-gps-vehicle-antennas-de","9":"first","10":"instock","11":"shipping-taxable","12":"product-type-simple"},"acf":[],"yoast_head":"<!-- This site is optimized with the Yoast SEO plugin v27.5 - https:\/\/yoast.com\/product\/yoast-seo-wordpress\/ -->\n<title>Dual Band-VHF- und GPS-Antenne - 5000-220<\/title>\n<meta name=\"description\" content=\"Sure Antennas Dual Band-VHF- und GPS-Antenne. Einfach zu installieren und mit gleichm\u00e4\u00dfigem und klarem Signalempfang. Mehr erfahren.\" \/>\n<meta name=\"robots\" content=\"index, follow, max-snippet:-1, max-image-preview:large, max-video-preview:-1\" \/>\n<link rel=\"canonical\" href=\"https:\/\/sure-antennas.com\/de\/produkt\/dual-band-vhf-gps-antenne-5000-220\/\" \/>\n<meta property=\"og:locale\" content=\"de_DE\" \/>\n<meta property=\"og:type\" content=\"article\" \/>\n<meta property=\"og:title\" content=\"Dual Band-VHF- und GPS-Antenne - 5000-220\" \/>\n<meta property=\"og:description\" content=\"Sure Antennas Dual Band-VHF- und GPS-Antenne. Einfach zu installieren und mit gleichm\u00e4\u00dfigem und klarem Signalempfang. Mehr erfahren.\" \/>\n<meta property=\"og:url\" content=\"https:\/\/sure-antennas.com\/de\/produkt\/dual-band-vhf-gps-antenne-5000-220\/\" \/>\n<meta property=\"og:site_name\" content=\"Sure Antennas\" \/>\n<meta property=\"article:modified_time\" content=\"2025-09-16T14:28:38+00:00\" \/>\n<meta property=\"og:image\" content=\"https:\/\/sure-antennas.com\/wp-content\/uploads\/2024\/04\/dualband.png\" \/>\n\t<meta property=\"og:image:width\" content=\"1200\" \/>\n\t<meta property=\"og:image:height\" content=\"1200\" \/>\n\t<meta property=\"og:image:type\" content=\"image\/png\" \/>\n<meta name=\"twitter:card\" content=\"summary_large_image\" \/>\n<meta name=\"twitter:label1\" content=\"Est. reading time\" \/>\n\t<meta name=\"twitter:data1\" content=\"1 minute\" \/>\n<script type=\"application\/ld+json\" class=\"yoast-schema-graph\">{\"@context\":\"https:\\\/\\\/schema.org\",\"@graph\":[{\"@type\":\"WebPage\",\"@id\":\"https:\\\/\\\/sure-antennas.com\\\/de\\\/produkt\\\/dual-band-vhf-gps-antenne-5000-220\\\/\",\"url\":\"https:\\\/\\\/sure-antennas.com\\\/de\\\/produkt\\\/dual-band-vhf-gps-antenne-5000-220\\\/\",\"name\":\"Dual Band-VHF- und GPS-Antenne - 5000-220\",\"isPartOf\":{\"@id\":\"https:\\\/\\\/sure-antennas.com\\\/#website\"},\"primaryImageOfPage\":{\"@id\":\"https:\\\/\\\/sure-antennas.com\\\/de\\\/produkt\\\/dual-band-vhf-gps-antenne-5000-220\\\/#primaryimage\"},\"image\":{\"@id\":\"https:\\\/\\\/sure-antennas.com\\\/de\\\/produkt\\\/dual-band-vhf-gps-antenne-5000-220\\\/#primaryimage\"},\"thumbnailUrl\":\"https:\\\/\\\/sure-antennas.com\\\/wp-content\\\/uploads\\\/2024\\\/04\\\/dualband.png\",\"datePublished\":\"2025-09-01T14:43:45+00:00\",\"dateModified\":\"2025-09-16T14:28:38+00:00\",\"description\":\"Sure Antennas Dual Band-VHF- und GPS-Antenne. Einfach zu installieren und mit gleichm\u00e4\u00dfigem und klarem Signalempfang. Mehr erfahren.\",\"breadcrumb\":{\"@id\":\"https:\\\/\\\/sure-antennas.com\\\/de\\\/produkt\\\/dual-band-vhf-gps-antenne-5000-220\\\/#breadcrumb\"},\"inLanguage\":\"de-DE\",\"potentialAction\":[{\"@type\":\"ReadAction\",\"target\":[\"https:\\\/\\\/sure-antennas.com\\\/de\\\/produkt\\\/dual-band-vhf-gps-antenne-5000-220\\\/\"]}]},{\"@type\":\"ImageObject\",\"inLanguage\":\"de-DE\",\"@id\":\"https:\\\/\\\/sure-antennas.com\\\/de\\\/produkt\\\/dual-band-vhf-gps-antenne-5000-220\\\/#primaryimage\",\"url\":\"https:\\\/\\\/sure-antennas.com\\\/wp-content\\\/uploads\\\/2024\\\/04\\\/dualband.png\",\"contentUrl\":\"https:\\\/\\\/sure-antennas.com\\\/wp-content\\\/uploads\\\/2024\\\/04\\\/dualband.png\",\"width\":1200,\"height\":1200},{\"@type\":\"BreadcrumbList\",\"@id\":\"https:\\\/\\\/sure-antennas.com\\\/de\\\/produkt\\\/dual-band-vhf-gps-antenne-5000-220\\\/#breadcrumb\",\"itemListElement\":[{\"@type\":\"ListItem\",\"position\":1,\"name\":\"Home\",\"item\":\"https:\\\/\\\/sure-antennas.com\\\/de\\\/\"},{\"@type\":\"ListItem\",\"position\":2,\"name\":\"Gesch\u00e4ft\",\"item\":\"https:\\\/\\\/sure-antennas.com\\\/de\\\/geschaeft\\\/\"},{\"@type\":\"ListItem\",\"position\":3,\"name\":\"Dual Band-VHF- und GPS-Antenne &#8211; 5000-220\"}]},{\"@type\":\"WebSite\",\"@id\":\"https:\\\/\\\/sure-antennas.com\\\/#website\",\"url\":\"https:\\\/\\\/sure-antennas.com\\\/\",\"name\":\"Sure Antennas\",\"description\":\"Sure Antennas site\",\"publisher\":{\"@id\":\"https:\\\/\\\/sure-antennas.com\\\/#organization\"},\"potentialAction\":[{\"@type\":\"SearchAction\",\"target\":{\"@type\":\"EntryPoint\",\"urlTemplate\":\"https:\\\/\\\/sure-antennas.com\\\/?s={search_term_string}\"},\"query-input\":{\"@type\":\"PropertyValueSpecification\",\"valueRequired\":true,\"valueName\":\"search_term_string\"}}],\"inLanguage\":\"de-DE\"},{\"@type\":\"Organization\",\"@id\":\"https:\\\/\\\/sure-antennas.com\\\/#organization\",\"name\":\"Sure Antennas\",\"url\":\"https:\\\/\\\/sure-antennas.com\\\/\",\"logo\":{\"@type\":\"ImageObject\",\"inLanguage\":\"de-DE\",\"@id\":\"https:\\\/\\\/sure-antennas.com\\\/#\\\/schema\\\/logo\\\/image\\\/\",\"url\":\"https:\\\/\\\/sure-antennas.com\\\/wp-content\\\/uploads\\\/2021\\\/04\\\/logo-1.png\",\"contentUrl\":\"https:\\\/\\\/sure-antennas.com\\\/wp-content\\\/uploads\\\/2021\\\/04\\\/logo-1.png\",\"width\":211,\"height\":52,\"caption\":\"Sure Antennas\"},\"image\":{\"@id\":\"https:\\\/\\\/sure-antennas.com\\\/#\\\/schema\\\/logo\\\/image\\\/\"}}]}<\/script>\n<!-- \/ Yoast SEO plugin. -->","yoast_head_json":{"title":"Dual Band-VHF- und GPS-Antenne - 5000-220","description":"Sure Antennas Dual Band-VHF- und GPS-Antenne. Einfach zu installieren und mit gleichm\u00e4\u00dfigem und klarem Signalempfang. Mehr erfahren.","robots":{"index":"index","follow":"follow","max-snippet":"max-snippet:-1","max-image-preview":"max-image-preview:large","max-video-preview":"max-video-preview:-1"},"canonical":"https:\/\/sure-antennas.com\/de\/produkt\/dual-band-vhf-gps-antenne-5000-220\/","og_locale":"de_DE","og_type":"article","og_title":"Dual Band-VHF- und GPS-Antenne - 5000-220","og_description":"Sure Antennas Dual Band-VHF- und GPS-Antenne. Einfach zu installieren und mit gleichm\u00e4\u00dfigem und klarem Signalempfang. Mehr erfahren.","og_url":"https:\/\/sure-antennas.com\/de\/produkt\/dual-band-vhf-gps-antenne-5000-220\/","og_site_name":"Sure Antennas","article_modified_time":"2025-09-16T14:28:38+00:00","og_image":[{"width":1200,"height":1200,"url":"https:\/\/sure-antennas.com\/wp-content\/uploads\/2024\/04\/dualband.png","type":"image\/png"}],"twitter_card":"summary_large_image","twitter_misc":{"Est. reading time":"1 minute"},"schema":{"@context":"https:\/\/schema.org","@graph":[{"@type":"WebPage","@id":"https:\/\/sure-antennas.com\/de\/produkt\/dual-band-vhf-gps-antenne-5000-220\/","url":"https:\/\/sure-antennas.com\/de\/produkt\/dual-band-vhf-gps-antenne-5000-220\/","name":"Dual Band-VHF- und GPS-Antenne - 5000-220","isPartOf":{"@id":"https:\/\/sure-antennas.com\/#website"},"primaryImageOfPage":{"@id":"https:\/\/sure-antennas.com\/de\/produkt\/dual-band-vhf-gps-antenne-5000-220\/#primaryimage"},"image":{"@id":"https:\/\/sure-antennas.com\/de\/produkt\/dual-band-vhf-gps-antenne-5000-220\/#primaryimage"},"thumbnailUrl":"https:\/\/sure-antennas.com\/wp-content\/uploads\/2024\/04\/dualband.png","datePublished":"2025-09-01T14:43:45+00:00","dateModified":"2025-09-16T14:28:38+00:00","description":"Sure Antennas Dual Band-VHF- und GPS-Antenne. Einfach zu installieren und mit gleichm\u00e4\u00dfigem und klarem Signalempfang. Mehr erfahren.","breadcrumb":{"@id":"https:\/\/sure-antennas.com\/de\/produkt\/dual-band-vhf-gps-antenne-5000-220\/#breadcrumb"},"inLanguage":"de-DE","potentialAction":[{"@type":"ReadAction","target":["https:\/\/sure-antennas.com\/de\/produkt\/dual-band-vhf-gps-antenne-5000-220\/"]}]},{"@type":"ImageObject","inLanguage":"de-DE","@id":"https:\/\/sure-antennas.com\/de\/produkt\/dual-band-vhf-gps-antenne-5000-220\/#primaryimage","url":"https:\/\/sure-antennas.com\/wp-content\/uploads\/2024\/04\/dualband.png","contentUrl":"https:\/\/sure-antennas.com\/wp-content\/uploads\/2024\/04\/dualband.png","width":1200,"height":1200},{"@type":"BreadcrumbList","@id":"https:\/\/sure-antennas.com\/de\/produkt\/dual-band-vhf-gps-antenne-5000-220\/#breadcrumb","itemListElement":[{"@type":"ListItem","position":1,"name":"Home","item":"https:\/\/sure-antennas.com\/de\/"},{"@type":"ListItem","position":2,"name":"Gesch\u00e4ft","item":"https:\/\/sure-antennas.com\/de\/geschaeft\/"},{"@type":"ListItem","position":3,"name":"Dual Band-VHF- und GPS-Antenne &#8211; 5000-220"}]},{"@type":"WebSite","@id":"https:\/\/sure-antennas.com\/#website","url":"https:\/\/sure-antennas.com\/","name":"Sure Antennas","description":"Sure Antennas site","publisher":{"@id":"https:\/\/sure-antennas.com\/#organization"},"potentialAction":[{"@type":"SearchAction","target":{"@type":"EntryPoint","urlTemplate":"https:\/\/sure-antennas.com\/?s={search_term_string}"},"query-input":{"@type":"PropertyValueSpecification","valueRequired":true,"valueName":"search_term_string"}}],"inLanguage":"de-DE"},{"@type":"Organization","@id":"https:\/\/sure-antennas.com\/#organization","name":"Sure Antennas","url":"https:\/\/sure-antennas.com\/","logo":{"@type":"ImageObject","inLanguage":"de-DE","@id":"https:\/\/sure-antennas.com\/#\/schema\/logo\/image\/","url":"https:\/\/sure-antennas.com\/wp-content\/uploads\/2021\/04\/logo-1.png","contentUrl":"https:\/\/sure-antennas.com\/wp-content\/uploads\/2021\/04\/logo-1.png","width":211,"height":52,"caption":"Sure Antennas"},"image":{"@id":"https:\/\/sure-antennas.com\/#\/schema\/logo\/image\/"}}]}},"_links":{"self":[{"href":"https:\/\/sure-antennas.com\/de\/wp-json\/wp\/v2\/product\/38884","targetHints":{"allow":["GET"]}}],"collection":[{"href":"https:\/\/sure-antennas.com\/de\/wp-json\/wp\/v2\/product"}],"about":[{"href":"https:\/\/sure-antennas.com\/de\/wp-json\/wp\/v2\/types\/product"}],"replies":[{"embeddable":true,"href":"https:\/\/sure-antennas.com\/de\/wp-json\/wp\/v2\/comments?post=38884"}],"wp:featuredmedia":[{"embeddable":true,"href":"https:\/\/sure-antennas.com\/de\/wp-json\/wp\/v2\/media\/45675"}],"wp:attachment":[{"href":"https:\/\/sure-antennas.com\/de\/wp-json\/wp\/v2\/media?parent=38884"}],"wp:term":[{"taxonomy":"product_brand","embeddable":true,"href":"https:\/\/sure-antennas.com\/de\/wp-json\/wp\/v2\/product_brand?post=38884"},{"taxonomy":"product_cat","embeddable":true,"href":"https:\/\/sure-antennas.com\/de\/wp-json\/wp\/v2\/product_cat?post=38884"},{"taxonomy":"product_tag","embeddable":true,"href":"https:\/\/sure-antennas.com\/de\/wp-json\/wp\/v2\/product_tag?post=38884"}],"curies":[{"name":"wp","href":"https:\/\/api.w.org\/{rel}","templated":true}]}}