{"id":38902,"date":"2024-04-19T11:26:59","date_gmt":"2024-04-19T11:26:59","guid":{"rendered":"https:\/\/sure-antennas68068.e.wpstage.net\/product\/volvo-antenna-repositioning-kit-2022-onwards-sk030111-sk030112\/"},"modified":"2025-09-17T11:52:07","modified_gmt":"2025-09-17T11:52:07","slug":"umbausatz-der-volvo-antenne-2022","status":"publish","type":"product","link":"https:\/\/sure-antennas.com\/de\/produkt\/umbausatz-der-volvo-antenne-2022\/","title":{"rendered":"UMBAUSATZ DER VOLVO-ANTENNE &#8211; SK030111"},"content":{"rendered":"<p>Bei Sure Antennas sind wir uns bewusst, dass der Platz auf dem Dach von Fahrzeugen knapp bemessen ist. Mit dem Aufkommen fortschrittlicher Fahrzeuge, die mehr Antennenanschl\u00fcsse und sogar Stromversorgungssysteme mit Solarzellen ben\u00f6tigen, wird die Schaffung von Platz auf dem Dach immer wichtiger.<\/p>\n<p>Dank unserer fortschrittlichen Kenntnisse \u00fcber OEM-Fahrzeugantennen konnten wir eine Reihe von OEM-Antennen-Umbaus\u00e4tzen f\u00fcr beliebte Blaulichtfahrzeugmodelle entwickeln. Bitte kontaktieren Sie uns f\u00fcr andere Fahrzeugmarken und -modelle.<\/p>\n<p>Dieser spezielle Bausatz ist f\u00fcr die neueste Generation von Volvo und deckt derzeit die gesamte Fahrzeugpalette ab. Mit diesem Kit kann die werksseitig montierte Haifischflosse auf dem Dach an einer anderen Stelle des Fahrzeugs positioniert werden. Die gesamte Verkabelung des Fahrzeugs bleibt erhalten, aber die Antennen f\u00fcr die OEM-Fahrzeugfunktionen werden durch interne Antennen f\u00fcr die Scheibenmontage ersetzt. Dadurch kann der vorhandene Antennenplatz durch die mitgelieferte Volvo-Antennenhalterung ausgef\u00fcllt werden, so dass unsere Multifunktionsantennen \u201eMallard\u201c und \u201eSandcastle\u201c installiert werden k\u00f6nnen.<\/p>\n<p>Dank der FAKRA-Anschl\u00fcsse im Fahrzeug bleibt das System OEM und ist von allen installierten kritischen Kommunikationssystemen getrennt.<\/p>\n<p>Wir k\u00f6nnen diesen Bausatz nur als Modifizierungsoption (MODIFY ONLY) anbieten, bei der Sie uns die OEM-Teile aus dem zu modifizierenden Fahrzeug wie den oben abgebildeten Bausatz zusenden.<\/p>\n<p>Wenn dieser Bausatz mit unseren zukunftssicheren \u201eMallard\u201c- und \u201eSandcastle\u201c-Antennen kombiniert wird, kann diese Zubeh\u00f6rkombination es erm\u00f6glichen, dass Ihr neues Fahrzeug f\u00fcr ESN bereit ist und gleichzeitig ein bestehendes Airwave-System mit all seinen OEM-Funktionen beibeh\u00e4lt. Wir stellen auch Koaxialkabel-Kits her, um unsere Antennen mit allen verschiedenen Herstellern von Fahrzeugmodems, CCTV, Telemetrie und anderen Kommunikationsger\u00e4ten kompatibel zu machen.<\/p>\n<p>Der Bausatz enth\u00e4lt:<\/p>\n<ul>\n<li>Umr\u00fcstsatz<\/li>\n<li>Ersatz-Haifischflossen-Antenne<\/li>\n<li>Montageplatte<\/li>\n<\/ul>\n","protected":false},"excerpt":{"rendered":"<p>Der OEM-Antennennachr\u00fcstsatz f\u00fcr Volvo 2022 Modelle erm\u00f6glicht es Ihnen, Ihre vorhandene Antenne durch eine wichtige Kommunikationsantenne zu ersetzen. [&#8230;]<\/p>\n<p><a class=\"btn btn-secondary understrap-read-more-link\" href=\"https:\/\/sure-antennas.com\/de\/produkt\/umbausatz-der-volvo-antenne-2022\/\">Weiterlesen&#8230;<\/a><\/p>\n","protected":false},"featured_media":38882,"comment_status":"closed","ping_status":"closed","template":"","meta":{"_acf_changed":false},"product_brand":[],"product_cat":[283,274],"product_tag":[],"class_list":{"0":"post-38902","1":"product","2":"type-product","3":"status-publish","4":"has-post-thumbnail","6":"product_cat-repositioning-kits-de","7":"product_cat-tetra-vehicle-accessories-de","8":"manufacturer-repositioning-kits-de","10":"first","11":"instock","12":"shipping-taxable","13":"product-type-simple"},"acf":[],"yoast_head":"<!-- This site is optimized with the Yoast SEO plugin v27.0 - https:\/\/yoast.com\/product\/yoast-seo-wordpress\/ -->\n<title>UMBAUSATZ DER VOLVO-ANTENNE - SK030111 - Sure Antennas<\/title>\n<meta name=\"description\" content=\"Verbessern Sie die Funktionalit\u00e4t Ihres Volvo mit dem Umbausatz der Volvo-Antenne ab 2022 von Sure Antennas. Mehr erfahren.\" \/>\n<meta name=\"robots\" content=\"index, follow, max-snippet:-1, max-image-preview:large, max-video-preview:-1\" \/>\n<link rel=\"canonical\" href=\"https:\/\/sure-antennas.com\/de\/produkt\/umbausatz-der-volvo-antenne-2022\/\" \/>\n<meta property=\"og:locale\" content=\"de_DE\" \/>\n<meta property=\"og:type\" content=\"article\" \/>\n<meta property=\"og:title\" content=\"UMBAUSATZ DER VOLVO-ANTENNE - SK030111 - Sure Antennas\" \/>\n<meta property=\"og:description\" content=\"Verbessern Sie die Funktionalit\u00e4t Ihres Volvo mit dem Umbausatz der Volvo-Antenne ab 2022 von Sure Antennas. Mehr erfahren.\" \/>\n<meta property=\"og:url\" content=\"https:\/\/sure-antennas.com\/de\/produkt\/umbausatz-der-volvo-antenne-2022\/\" \/>\n<meta property=\"og:site_name\" content=\"Sure Antennas\" \/>\n<meta property=\"article:modified_time\" content=\"2025-09-17T11:52:07+00:00\" \/>\n<meta property=\"og:image\" content=\"https:\/\/sure-antennas.com\/wp-content\/uploads\/2024\/04\/Repositioning-kit-VOLVO-2022.png\" \/>\n\t<meta property=\"og:image:width\" content=\"714\" \/>\n\t<meta property=\"og:image:height\" content=\"953\" \/>\n\t<meta property=\"og:image:type\" content=\"image\/png\" \/>\n<meta name=\"twitter:card\" content=\"summary_large_image\" \/>\n<meta name=\"twitter:label1\" content=\"Est. reading time\" \/>\n\t<meta name=\"twitter:data1\" content=\"2 minutes\" \/>\n<script type=\"application\/ld+json\" class=\"yoast-schema-graph\">{\"@context\":\"https:\/\/schema.org\",\"@graph\":[{\"@type\":\"WebPage\",\"@id\":\"https:\/\/sure-antennas.com\/de\/produkt\/umbausatz-der-volvo-antenne-2022\/\",\"url\":\"https:\/\/sure-antennas.com\/de\/produkt\/umbausatz-der-volvo-antenne-2022\/\",\"name\":\"UMBAUSATZ DER VOLVO-ANTENNE - SK030111 - Sure Antennas\",\"isPartOf\":{\"@id\":\"https:\/\/sure-antennas.com\/#website\"},\"primaryImageOfPage\":{\"@id\":\"https:\/\/sure-antennas.com\/de\/produkt\/umbausatz-der-volvo-antenne-2022\/#primaryimage\"},\"image\":{\"@id\":\"https:\/\/sure-antennas.com\/de\/produkt\/umbausatz-der-volvo-antenne-2022\/#primaryimage\"},\"thumbnailUrl\":\"https:\/\/sure-antennas.com\/wp-content\/uploads\/2024\/04\/Repositioning-kit-VOLVO-2022.png\",\"datePublished\":\"2024-04-19T11:26:59+00:00\",\"dateModified\":\"2025-09-17T11:52:07+00:00\",\"description\":\"Verbessern Sie die Funktionalit\u00e4t Ihres Volvo mit dem Umbausatz der Volvo-Antenne ab 2022 von Sure Antennas. Mehr erfahren.\",\"breadcrumb\":{\"@id\":\"https:\/\/sure-antennas.com\/de\/produkt\/umbausatz-der-volvo-antenne-2022\/#breadcrumb\"},\"inLanguage\":\"de-DE\",\"potentialAction\":[{\"@type\":\"ReadAction\",\"target\":[\"https:\/\/sure-antennas.com\/de\/produkt\/umbausatz-der-volvo-antenne-2022\/\"]}]},{\"@type\":\"ImageObject\",\"inLanguage\":\"de-DE\",\"@id\":\"https:\/\/sure-antennas.com\/de\/produkt\/umbausatz-der-volvo-antenne-2022\/#primaryimage\",\"url\":\"https:\/\/sure-antennas.com\/wp-content\/uploads\/2024\/04\/Repositioning-kit-VOLVO-2022.png\",\"contentUrl\":\"https:\/\/sure-antennas.com\/wp-content\/uploads\/2024\/04\/Repositioning-kit-VOLVO-2022.png\",\"width\":714,\"height\":953},{\"@type\":\"BreadcrumbList\",\"@id\":\"https:\/\/sure-antennas.com\/de\/produkt\/umbausatz-der-volvo-antenne-2022\/#breadcrumb\",\"itemListElement\":[{\"@type\":\"ListItem\",\"position\":1,\"name\":\"Home\",\"item\":\"https:\/\/sure-antennas.com\/de\/\"},{\"@type\":\"ListItem\",\"position\":2,\"name\":\"Gesch\u00e4ft\",\"item\":\"https:\/\/sure-antennas.com\/de\/geschaeft\/\"},{\"@type\":\"ListItem\",\"position\":3,\"name\":\"UMBAUSATZ DER VOLVO-ANTENNE &#8211; SK030111\"}]},{\"@type\":\"WebSite\",\"@id\":\"https:\/\/sure-antennas.com\/#website\",\"url\":\"https:\/\/sure-antennas.com\/\",\"name\":\"Sure Antennas\",\"description\":\"Sure Antennas site\",\"publisher\":{\"@id\":\"https:\/\/sure-antennas.com\/#organization\"},\"potentialAction\":[{\"@type\":\"SearchAction\",\"target\":{\"@type\":\"EntryPoint\",\"urlTemplate\":\"https:\/\/sure-antennas.com\/?s={search_term_string}\"},\"query-input\":{\"@type\":\"PropertyValueSpecification\",\"valueRequired\":true,\"valueName\":\"search_term_string\"}}],\"inLanguage\":\"de-DE\"},{\"@type\":\"Organization\",\"@id\":\"https:\/\/sure-antennas.com\/#organization\",\"name\":\"Sure Antennas\",\"url\":\"https:\/\/sure-antennas.com\/\",\"logo\":{\"@type\":\"ImageObject\",\"inLanguage\":\"de-DE\",\"@id\":\"https:\/\/sure-antennas.com\/#\/schema\/logo\/image\/\",\"url\":\"https:\/\/sure-antennas.com\/wp-content\/uploads\/2021\/04\/logo-1.png\",\"contentUrl\":\"https:\/\/sure-antennas.com\/wp-content\/uploads\/2021\/04\/logo-1.png\",\"width\":211,\"height\":52,\"caption\":\"Sure Antennas\"},\"image\":{\"@id\":\"https:\/\/sure-antennas.com\/#\/schema\/logo\/image\/\"}}]}<\/script>\n<!-- \/ Yoast SEO plugin. -->","yoast_head_json":{"title":"UMBAUSATZ DER VOLVO-ANTENNE - SK030111 - Sure Antennas","description":"Verbessern Sie die Funktionalit\u00e4t Ihres Volvo mit dem Umbausatz der Volvo-Antenne ab 2022 von Sure Antennas. Mehr erfahren.","robots":{"index":"index","follow":"follow","max-snippet":"max-snippet:-1","max-image-preview":"max-image-preview:large","max-video-preview":"max-video-preview:-1"},"canonical":"https:\/\/sure-antennas.com\/de\/produkt\/umbausatz-der-volvo-antenne-2022\/","og_locale":"de_DE","og_type":"article","og_title":"UMBAUSATZ DER VOLVO-ANTENNE - SK030111 - Sure Antennas","og_description":"Verbessern Sie die Funktionalit\u00e4t Ihres Volvo mit dem Umbausatz der Volvo-Antenne ab 2022 von Sure Antennas. Mehr erfahren.","og_url":"https:\/\/sure-antennas.com\/de\/produkt\/umbausatz-der-volvo-antenne-2022\/","og_site_name":"Sure Antennas","article_modified_time":"2025-09-17T11:52:07+00:00","og_image":[{"width":714,"height":953,"url":"https:\/\/sure-antennas.com\/wp-content\/uploads\/2024\/04\/Repositioning-kit-VOLVO-2022.png","type":"image\/png"}],"twitter_card":"summary_large_image","twitter_misc":{"Est. reading time":"2 minutes"},"schema":{"@context":"https:\/\/schema.org","@graph":[{"@type":"WebPage","@id":"https:\/\/sure-antennas.com\/de\/produkt\/umbausatz-der-volvo-antenne-2022\/","url":"https:\/\/sure-antennas.com\/de\/produkt\/umbausatz-der-volvo-antenne-2022\/","name":"UMBAUSATZ DER VOLVO-ANTENNE - SK030111 - Sure Antennas","isPartOf":{"@id":"https:\/\/sure-antennas.com\/#website"},"primaryImageOfPage":{"@id":"https:\/\/sure-antennas.com\/de\/produkt\/umbausatz-der-volvo-antenne-2022\/#primaryimage"},"image":{"@id":"https:\/\/sure-antennas.com\/de\/produkt\/umbausatz-der-volvo-antenne-2022\/#primaryimage"},"thumbnailUrl":"https:\/\/sure-antennas.com\/wp-content\/uploads\/2024\/04\/Repositioning-kit-VOLVO-2022.png","datePublished":"2024-04-19T11:26:59+00:00","dateModified":"2025-09-17T11:52:07+00:00","description":"Verbessern Sie die Funktionalit\u00e4t Ihres Volvo mit dem Umbausatz der Volvo-Antenne ab 2022 von Sure Antennas. Mehr erfahren.","breadcrumb":{"@id":"https:\/\/sure-antennas.com\/de\/produkt\/umbausatz-der-volvo-antenne-2022\/#breadcrumb"},"inLanguage":"de-DE","potentialAction":[{"@type":"ReadAction","target":["https:\/\/sure-antennas.com\/de\/produkt\/umbausatz-der-volvo-antenne-2022\/"]}]},{"@type":"ImageObject","inLanguage":"de-DE","@id":"https:\/\/sure-antennas.com\/de\/produkt\/umbausatz-der-volvo-antenne-2022\/#primaryimage","url":"https:\/\/sure-antennas.com\/wp-content\/uploads\/2024\/04\/Repositioning-kit-VOLVO-2022.png","contentUrl":"https:\/\/sure-antennas.com\/wp-content\/uploads\/2024\/04\/Repositioning-kit-VOLVO-2022.png","width":714,"height":953},{"@type":"BreadcrumbList","@id":"https:\/\/sure-antennas.com\/de\/produkt\/umbausatz-der-volvo-antenne-2022\/#breadcrumb","itemListElement":[{"@type":"ListItem","position":1,"name":"Home","item":"https:\/\/sure-antennas.com\/de\/"},{"@type":"ListItem","position":2,"name":"Gesch\u00e4ft","item":"https:\/\/sure-antennas.com\/de\/geschaeft\/"},{"@type":"ListItem","position":3,"name":"UMBAUSATZ DER VOLVO-ANTENNE &#8211; SK030111"}]},{"@type":"WebSite","@id":"https:\/\/sure-antennas.com\/#website","url":"https:\/\/sure-antennas.com\/","name":"Sure Antennas","description":"Sure Antennas site","publisher":{"@id":"https:\/\/sure-antennas.com\/#organization"},"potentialAction":[{"@type":"SearchAction","target":{"@type":"EntryPoint","urlTemplate":"https:\/\/sure-antennas.com\/?s={search_term_string}"},"query-input":{"@type":"PropertyValueSpecification","valueRequired":true,"valueName":"search_term_string"}}],"inLanguage":"de-DE"},{"@type":"Organization","@id":"https:\/\/sure-antennas.com\/#organization","name":"Sure Antennas","url":"https:\/\/sure-antennas.com\/","logo":{"@type":"ImageObject","inLanguage":"de-DE","@id":"https:\/\/sure-antennas.com\/#\/schema\/logo\/image\/","url":"https:\/\/sure-antennas.com\/wp-content\/uploads\/2021\/04\/logo-1.png","contentUrl":"https:\/\/sure-antennas.com\/wp-content\/uploads\/2021\/04\/logo-1.png","width":211,"height":52,"caption":"Sure Antennas"},"image":{"@id":"https:\/\/sure-antennas.com\/#\/schema\/logo\/image\/"}}]}},"_links":{"self":[{"href":"https:\/\/sure-antennas.com\/de\/wp-json\/wp\/v2\/product\/38902","targetHints":{"allow":["GET"]}}],"collection":[{"href":"https:\/\/sure-antennas.com\/de\/wp-json\/wp\/v2\/product"}],"about":[{"href":"https:\/\/sure-antennas.com\/de\/wp-json\/wp\/v2\/types\/product"}],"replies":[{"embeddable":true,"href":"https:\/\/sure-antennas.com\/de\/wp-json\/wp\/v2\/comments?post=38902"}],"wp:featuredmedia":[{"embeddable":true,"href":"https:\/\/sure-antennas.com\/de\/wp-json\/wp\/v2\/media\/38882"}],"wp:attachment":[{"href":"https:\/\/sure-antennas.com\/de\/wp-json\/wp\/v2\/media?parent=38902"}],"wp:term":[{"taxonomy":"product_brand","embeddable":true,"href":"https:\/\/sure-antennas.com\/de\/wp-json\/wp\/v2\/product_brand?post=38902"},{"taxonomy":"product_cat","embeddable":true,"href":"https:\/\/sure-antennas.com\/de\/wp-json\/wp\/v2\/product_cat?post=38902"},{"taxonomy":"product_tag","embeddable":true,"href":"https:\/\/sure-antennas.com\/de\/wp-json\/wp\/v2\/product_tag?post=38902"}],"curies":[{"name":"wp","href":"https:\/\/api.w.org\/{rel}","templated":true}]}}