{"id":38906,"date":"2024-02-23T15:05:31","date_gmt":"2024-02-23T15:05:31","guid":{"rendered":"https:\/\/sure-antennas68068.e.wpstage.net\/product\/bmw-antenna-repositioning-kit-sk03010x\/"},"modified":"2025-09-17T11:55:00","modified_gmt":"2025-09-17T11:55:00","slug":"umruestsatz-bmw-antennen-sk03010x","status":"publish","type":"product","link":"https:\/\/sure-antennas.com\/de\/produkt\/umruestsatz-bmw-antennen-sk03010x\/","title":{"rendered":"UMR\u00dcSTSATZ F\u00dcR BMW-ANTENNEN &#8211; SK030101"},"content":{"rendered":"<p>Bei Sure Antennas sind wir uns bewusst, dass der Platz auf dem Dach von Fahrzeugen knapp bemessen ist. Mit dem Aufkommen fortschrittlicher Fahrzeuge, die mehr Antennenanschl\u00fcsse und sogar Stromversorgungssysteme mit Solarzellen ben\u00f6tigen, wird die Schaffung von Platz auf dem Dach immer wichtiger.<\/p>\n<p>Dank unserer fortschrittlichen Kenntnisse \u00fcber OEM-Fahrzeugantennen konnten wir eine Reihe von OEM-Antennen-Umpositionierungss\u00e4tzen f\u00fcr beliebte Blaulichtfahrzeugmodelle entwickeln. Bitte kontaktieren Sie uns f\u00fcr andere Fahrzeugmarken und -modelle.<\/p>\n<p>Dieses spezielle Kit ist f\u00fcr die neueste Generation von BMW und deckt derzeit die gesamte Fahrzeugpalette ab. Mit diesem Kit kann die OEM-Antenne auf dem Dach an einer anderen Stelle des Fahrzeugs positioniert werden. Die gesamte Verkabelung des Fahrzeugs bleibt erhalten, aber die Antennen f\u00fcr die OEM-Funktionen des Fahrzeugs werden in der Scheibe montiert. Dadurch kann der vorhandene Antennenplatz durch eine optionale BMW-Antennenhalterung ausgef\u00fcllt werden, so dass unsere Multifunktionsantennen \u201eMallard\u201c und \u201eSandcastle\u201c installiert werden k\u00f6nnen. Dank der FAKRA-Anschl\u00fcsse f\u00fcr den Automobilbereich bleibt das System OEM und ist von allen installierten kritischen Kommunikationssystemen getrennt.<\/p>\n<p>Wir k\u00f6nnen dieses Kit als Modifikation oder als Lieferoption anbieten. Jede Option hat eine eigene Teilenummer. Wenn Sie die Modifikationsoption bevorzugen, senden Sie uns die OEM-Teile aus dem zu modifizierenden Fahrzeug als Kit. Wenn die Versorgung Option bevorzugt wird, werden wir eine neue Haifischflossen-OEM-Teil als Teil des Kits zu liefern.<\/p>\n<p>Wenn dieses Kit mit einer BMW Antennenmontageplatte und unseren zukunftssicheren \u201eMallard\u201c- und \u201eSandcastle\u201c-Antennen kombiniert wird, kann diese Zubeh\u00f6rkombination es erm\u00f6glichen, dass Ihr neues Fahrzeug f\u00fcr ESN bereit ist und gleichzeitig ein bestehendes Airwave-System mit all seinen OEM-Funktionen beibehalten wird. Wir stellen auch Koaxialkabels\u00e4tze her, um unsere Antennen mit mehreren verschiedenen Herstellern von Fahrzeugmodems, CCTV, Telemetrie und anderen Kommunikationsger\u00e4ten kompatibel zu machen.<\/p>\n<p>Hauptmerkmale:<\/p>\n<ul>\n<li>Optionen \u201eNur Modifizierung\u201c und \u201eNur Lieferung\u201c<\/li>\n<li>Freigeben von wichtigem BMW-Dachraum f\u00fcr kritische Kommunikationsantennen \/ Solarpaneele<\/li>\n<li>Optionale farbige Montageplatten<\/li>\n<li>Plug-and-Play-L\u00f6sung<\/li>\n<li>Keine Fehlermeldungen auf dem Armaturenbrett<\/li>\n<li>Die Optionen decken zwei Arten von BMW-OEM-Haiflossenantennen ab<\/li>\n<\/ul>\n","protected":false},"excerpt":{"rendered":"<p>Mit dem OEM-Antennenumbaukit f\u00fcr BMW-Modelle k\u00f6nnen Sie Ihre vorhandene Antenne durch eine kritische Kommunikations-Antenne ersetzen. [&#8230;]<\/p>\n<p><a class=\"btn btn-secondary understrap-read-more-link\" href=\"https:\/\/sure-antennas.com\/de\/produkt\/umruestsatz-bmw-antennen-sk03010x\/\">Weiterlesen&#8230;<\/a><\/p>\n","protected":false},"featured_media":38907,"comment_status":"closed","ping_status":"closed","template":"","meta":{"_acf_changed":false},"product_brand":[],"product_cat":[283,274],"product_tag":[],"class_list":{"0":"post-38906","1":"product","2":"type-product","3":"status-publish","4":"has-post-thumbnail","6":"product_cat-repositioning-kits-de","7":"product_cat-tetra-vehicle-accessories-de","8":"manufacturer-repositioning-kits-de","10":"first","11":"instock","12":"shipping-taxable","13":"product-type-simple"},"acf":[],"yoast_head":"<!-- This site is optimized with the Yoast SEO plugin v27.0 - https:\/\/yoast.com\/product\/yoast-seo-wordpress\/ -->\n<title>UMR\u00dcSTSATZ F\u00dcR BMW-ANTENNEN - SK030101 - Sure Antennas<\/title>\n<meta name=\"description\" content=\"Dies ist ein Umr\u00fcstsatz f\u00fcr BMW-Modelle, der als Option \u201enur Modifizierung\u201c und \u201enur Lieferung\u201c erh\u00e4ltlich ist. Mehr erfahren.\" \/>\n<meta name=\"robots\" content=\"index, follow, max-snippet:-1, max-image-preview:large, max-video-preview:-1\" \/>\n<link rel=\"canonical\" href=\"https:\/\/sure-antennas.com\/de\/produkt\/umruestsatz-bmw-antennen-sk03010x\/\" \/>\n<meta property=\"og:locale\" content=\"de_DE\" \/>\n<meta property=\"og:type\" content=\"article\" \/>\n<meta property=\"og:title\" content=\"UMR\u00dcSTSATZ F\u00dcR BMW-ANTENNEN - SK030101 - Sure Antennas\" \/>\n<meta property=\"og:description\" content=\"Dies ist ein Umr\u00fcstsatz f\u00fcr BMW-Modelle, der als Option \u201enur Modifizierung\u201c und \u201enur Lieferung\u201c erh\u00e4ltlich ist. Mehr erfahren.\" \/>\n<meta property=\"og:url\" content=\"https:\/\/sure-antennas.com\/de\/produkt\/umruestsatz-bmw-antennen-sk03010x\/\" \/>\n<meta property=\"og:site_name\" content=\"Sure Antennas\" \/>\n<meta property=\"article:modified_time\" content=\"2025-09-17T11:55:00+00:00\" \/>\n<meta property=\"og:image\" content=\"https:\/\/sure-antennas.com\/wp-content\/uploads\/2024\/02\/Repositioning-kit-copy.png\" \/>\n\t<meta property=\"og:image:width\" content=\"714\" \/>\n\t<meta property=\"og:image:height\" content=\"953\" \/>\n\t<meta property=\"og:image:type\" content=\"image\/png\" \/>\n<meta name=\"twitter:card\" content=\"summary_large_image\" \/>\n<meta name=\"twitter:label1\" content=\"Est. reading time\" \/>\n\t<meta name=\"twitter:data1\" content=\"2 minutes\" \/>\n<script type=\"application\/ld+json\" class=\"yoast-schema-graph\">{\"@context\":\"https:\/\/schema.org\",\"@graph\":[{\"@type\":\"WebPage\",\"@id\":\"https:\/\/sure-antennas.com\/de\/produkt\/umruestsatz-bmw-antennen-sk03010x\/\",\"url\":\"https:\/\/sure-antennas.com\/de\/produkt\/umruestsatz-bmw-antennen-sk03010x\/\",\"name\":\"UMR\u00dcSTSATZ F\u00dcR BMW-ANTENNEN - SK030101 - Sure Antennas\",\"isPartOf\":{\"@id\":\"https:\/\/sure-antennas.com\/#website\"},\"primaryImageOfPage\":{\"@id\":\"https:\/\/sure-antennas.com\/de\/produkt\/umruestsatz-bmw-antennen-sk03010x\/#primaryimage\"},\"image\":{\"@id\":\"https:\/\/sure-antennas.com\/de\/produkt\/umruestsatz-bmw-antennen-sk03010x\/#primaryimage\"},\"thumbnailUrl\":\"https:\/\/sure-antennas.com\/wp-content\/uploads\/2024\/02\/Repositioning-kit-copy.png\",\"datePublished\":\"2024-02-23T15:05:31+00:00\",\"dateModified\":\"2025-09-17T11:55:00+00:00\",\"description\":\"Dies ist ein Umr\u00fcstsatz f\u00fcr BMW-Modelle, der als Option \u201enur Modifizierung\u201c und \u201enur Lieferung\u201c erh\u00e4ltlich ist. Mehr erfahren.\",\"breadcrumb\":{\"@id\":\"https:\/\/sure-antennas.com\/de\/produkt\/umruestsatz-bmw-antennen-sk03010x\/#breadcrumb\"},\"inLanguage\":\"de-DE\",\"potentialAction\":[{\"@type\":\"ReadAction\",\"target\":[\"https:\/\/sure-antennas.com\/de\/produkt\/umruestsatz-bmw-antennen-sk03010x\/\"]}]},{\"@type\":\"ImageObject\",\"inLanguage\":\"de-DE\",\"@id\":\"https:\/\/sure-antennas.com\/de\/produkt\/umruestsatz-bmw-antennen-sk03010x\/#primaryimage\",\"url\":\"https:\/\/sure-antennas.com\/wp-content\/uploads\/2024\/02\/Repositioning-kit-copy.png\",\"contentUrl\":\"https:\/\/sure-antennas.com\/wp-content\/uploads\/2024\/02\/Repositioning-kit-copy.png\",\"width\":714,\"height\":953},{\"@type\":\"BreadcrumbList\",\"@id\":\"https:\/\/sure-antennas.com\/de\/produkt\/umruestsatz-bmw-antennen-sk03010x\/#breadcrumb\",\"itemListElement\":[{\"@type\":\"ListItem\",\"position\":1,\"name\":\"Home\",\"item\":\"https:\/\/sure-antennas.com\/de\/\"},{\"@type\":\"ListItem\",\"position\":2,\"name\":\"Gesch\u00e4ft\",\"item\":\"https:\/\/sure-antennas.com\/de\/geschaeft\/\"},{\"@type\":\"ListItem\",\"position\":3,\"name\":\"UMR\u00dcSTSATZ F\u00dcR BMW-ANTENNEN &#8211; SK030101\"}]},{\"@type\":\"WebSite\",\"@id\":\"https:\/\/sure-antennas.com\/#website\",\"url\":\"https:\/\/sure-antennas.com\/\",\"name\":\"Sure Antennas\",\"description\":\"Sure Antennas site\",\"publisher\":{\"@id\":\"https:\/\/sure-antennas.com\/#organization\"},\"potentialAction\":[{\"@type\":\"SearchAction\",\"target\":{\"@type\":\"EntryPoint\",\"urlTemplate\":\"https:\/\/sure-antennas.com\/?s={search_term_string}\"},\"query-input\":{\"@type\":\"PropertyValueSpecification\",\"valueRequired\":true,\"valueName\":\"search_term_string\"}}],\"inLanguage\":\"de-DE\"},{\"@type\":\"Organization\",\"@id\":\"https:\/\/sure-antennas.com\/#organization\",\"name\":\"Sure Antennas\",\"url\":\"https:\/\/sure-antennas.com\/\",\"logo\":{\"@type\":\"ImageObject\",\"inLanguage\":\"de-DE\",\"@id\":\"https:\/\/sure-antennas.com\/#\/schema\/logo\/image\/\",\"url\":\"https:\/\/sure-antennas.com\/wp-content\/uploads\/2021\/04\/logo-1.png\",\"contentUrl\":\"https:\/\/sure-antennas.com\/wp-content\/uploads\/2021\/04\/logo-1.png\",\"width\":211,\"height\":52,\"caption\":\"Sure Antennas\"},\"image\":{\"@id\":\"https:\/\/sure-antennas.com\/#\/schema\/logo\/image\/\"}}]}<\/script>\n<!-- \/ Yoast SEO plugin. -->","yoast_head_json":{"title":"UMR\u00dcSTSATZ F\u00dcR BMW-ANTENNEN - SK030101 - Sure Antennas","description":"Dies ist ein Umr\u00fcstsatz f\u00fcr BMW-Modelle, der als Option \u201enur Modifizierung\u201c und \u201enur Lieferung\u201c erh\u00e4ltlich ist. Mehr erfahren.","robots":{"index":"index","follow":"follow","max-snippet":"max-snippet:-1","max-image-preview":"max-image-preview:large","max-video-preview":"max-video-preview:-1"},"canonical":"https:\/\/sure-antennas.com\/de\/produkt\/umruestsatz-bmw-antennen-sk03010x\/","og_locale":"de_DE","og_type":"article","og_title":"UMR\u00dcSTSATZ F\u00dcR BMW-ANTENNEN - SK030101 - Sure Antennas","og_description":"Dies ist ein Umr\u00fcstsatz f\u00fcr BMW-Modelle, der als Option \u201enur Modifizierung\u201c und \u201enur Lieferung\u201c erh\u00e4ltlich ist. Mehr erfahren.","og_url":"https:\/\/sure-antennas.com\/de\/produkt\/umruestsatz-bmw-antennen-sk03010x\/","og_site_name":"Sure Antennas","article_modified_time":"2025-09-17T11:55:00+00:00","og_image":[{"width":714,"height":953,"url":"https:\/\/sure-antennas.com\/wp-content\/uploads\/2024\/02\/Repositioning-kit-copy.png","type":"image\/png"}],"twitter_card":"summary_large_image","twitter_misc":{"Est. reading time":"2 minutes"},"schema":{"@context":"https:\/\/schema.org","@graph":[{"@type":"WebPage","@id":"https:\/\/sure-antennas.com\/de\/produkt\/umruestsatz-bmw-antennen-sk03010x\/","url":"https:\/\/sure-antennas.com\/de\/produkt\/umruestsatz-bmw-antennen-sk03010x\/","name":"UMR\u00dcSTSATZ F\u00dcR BMW-ANTENNEN - SK030101 - Sure Antennas","isPartOf":{"@id":"https:\/\/sure-antennas.com\/#website"},"primaryImageOfPage":{"@id":"https:\/\/sure-antennas.com\/de\/produkt\/umruestsatz-bmw-antennen-sk03010x\/#primaryimage"},"image":{"@id":"https:\/\/sure-antennas.com\/de\/produkt\/umruestsatz-bmw-antennen-sk03010x\/#primaryimage"},"thumbnailUrl":"https:\/\/sure-antennas.com\/wp-content\/uploads\/2024\/02\/Repositioning-kit-copy.png","datePublished":"2024-02-23T15:05:31+00:00","dateModified":"2025-09-17T11:55:00+00:00","description":"Dies ist ein Umr\u00fcstsatz f\u00fcr BMW-Modelle, der als Option \u201enur Modifizierung\u201c und \u201enur Lieferung\u201c erh\u00e4ltlich ist. Mehr erfahren.","breadcrumb":{"@id":"https:\/\/sure-antennas.com\/de\/produkt\/umruestsatz-bmw-antennen-sk03010x\/#breadcrumb"},"inLanguage":"de-DE","potentialAction":[{"@type":"ReadAction","target":["https:\/\/sure-antennas.com\/de\/produkt\/umruestsatz-bmw-antennen-sk03010x\/"]}]},{"@type":"ImageObject","inLanguage":"de-DE","@id":"https:\/\/sure-antennas.com\/de\/produkt\/umruestsatz-bmw-antennen-sk03010x\/#primaryimage","url":"https:\/\/sure-antennas.com\/wp-content\/uploads\/2024\/02\/Repositioning-kit-copy.png","contentUrl":"https:\/\/sure-antennas.com\/wp-content\/uploads\/2024\/02\/Repositioning-kit-copy.png","width":714,"height":953},{"@type":"BreadcrumbList","@id":"https:\/\/sure-antennas.com\/de\/produkt\/umruestsatz-bmw-antennen-sk03010x\/#breadcrumb","itemListElement":[{"@type":"ListItem","position":1,"name":"Home","item":"https:\/\/sure-antennas.com\/de\/"},{"@type":"ListItem","position":2,"name":"Gesch\u00e4ft","item":"https:\/\/sure-antennas.com\/de\/geschaeft\/"},{"@type":"ListItem","position":3,"name":"UMR\u00dcSTSATZ F\u00dcR BMW-ANTENNEN &#8211; SK030101"}]},{"@type":"WebSite","@id":"https:\/\/sure-antennas.com\/#website","url":"https:\/\/sure-antennas.com\/","name":"Sure Antennas","description":"Sure Antennas site","publisher":{"@id":"https:\/\/sure-antennas.com\/#organization"},"potentialAction":[{"@type":"SearchAction","target":{"@type":"EntryPoint","urlTemplate":"https:\/\/sure-antennas.com\/?s={search_term_string}"},"query-input":{"@type":"PropertyValueSpecification","valueRequired":true,"valueName":"search_term_string"}}],"inLanguage":"de-DE"},{"@type":"Organization","@id":"https:\/\/sure-antennas.com\/#organization","name":"Sure Antennas","url":"https:\/\/sure-antennas.com\/","logo":{"@type":"ImageObject","inLanguage":"de-DE","@id":"https:\/\/sure-antennas.com\/#\/schema\/logo\/image\/","url":"https:\/\/sure-antennas.com\/wp-content\/uploads\/2021\/04\/logo-1.png","contentUrl":"https:\/\/sure-antennas.com\/wp-content\/uploads\/2021\/04\/logo-1.png","width":211,"height":52,"caption":"Sure Antennas"},"image":{"@id":"https:\/\/sure-antennas.com\/#\/schema\/logo\/image\/"}}]}},"_links":{"self":[{"href":"https:\/\/sure-antennas.com\/de\/wp-json\/wp\/v2\/product\/38906","targetHints":{"allow":["GET"]}}],"collection":[{"href":"https:\/\/sure-antennas.com\/de\/wp-json\/wp\/v2\/product"}],"about":[{"href":"https:\/\/sure-antennas.com\/de\/wp-json\/wp\/v2\/types\/product"}],"replies":[{"embeddable":true,"href":"https:\/\/sure-antennas.com\/de\/wp-json\/wp\/v2\/comments?post=38906"}],"wp:featuredmedia":[{"embeddable":true,"href":"https:\/\/sure-antennas.com\/de\/wp-json\/wp\/v2\/media\/38907"}],"wp:attachment":[{"href":"https:\/\/sure-antennas.com\/de\/wp-json\/wp\/v2\/media?parent=38906"}],"wp:term":[{"taxonomy":"product_brand","embeddable":true,"href":"https:\/\/sure-antennas.com\/de\/wp-json\/wp\/v2\/product_brand?post=38906"},{"taxonomy":"product_cat","embeddable":true,"href":"https:\/\/sure-antennas.com\/de\/wp-json\/wp\/v2\/product_cat?post=38906"},{"taxonomy":"product_tag","embeddable":true,"href":"https:\/\/sure-antennas.com\/de\/wp-json\/wp\/v2\/product_tag?post=38906"}],"curies":[{"name":"wp","href":"https:\/\/api.w.org\/{rel}","templated":true}]}}