{"id":38916,"date":"2024-02-21T09:32:26","date_gmt":"2024-02-21T09:32:26","guid":{"rendered":"https:\/\/sure-antennas68068.e.wpstage.net\/product\/antenna-repositioning-kit\/"},"modified":"2025-02-21T15:44:35","modified_gmt":"2025-02-21T15:44:35","slug":"antennen-umstellungssatz","status":"publish","type":"product","link":"https:\/\/sure-antennas.com\/de\/produkt\/antennen-umstellungssatz\/","title":{"rendered":"ANTENNEN-UMSTELLUNGSSATZ"},"content":{"rendered":"<p>Bei Sure Antennas sind wir uns bewusst, dass der Platz auf dem Dach von Fahrzeugen knapp bemessen ist. Mit dem Aufkommen fortschrittlicher Fahrzeuge, die mehr Antennenanschl\u00fcsse und sogar Stromversorgungssysteme mit Solarzellen ben\u00f6tigen, wird die Schaffung von Platz auf dem Dach immer wichtiger.<\/p>\n<p>Dank unserer fortschrittlichen Kenntnisse \u00fcber OEM-Fahrzeugantennen konnten wir eine Reihe von OEM-Antennen-Umpositionierungss\u00e4tzen f\u00fcr beliebte Blaulichtfahrzeugmodelle entwickeln. Bitte kontaktieren Sie uns f\u00fcr andere Fahrzeugmarken und -modelle.<\/p>\n<p>Mit diesem Kit kann die werkseitig montierte OEM-Antenne auf dem Dach an einer anderen Stelle des Fahrzeugs neu positioniert werden. Die gesamte Verkabelung des Fahrzeugs bleibt erhalten, aber die Antennen f\u00fcr die OEM-Fahrzeugfunktionen werden durch interne Antennen f\u00fcr die Scheibenmontage ersetzt. Dadurch kann der vorhandene Platz f\u00fcr die Antennen durch die mitgelieferte Antennenhalterung ausgef\u00fcllt werden, so dass unsere Multifunktionsantennen \u201eMallard\u201c und \u201eSandcastle\u201c installiert werden k\u00f6nnen.<\/p>\n<p>Dank der FAKRA-Anschl\u00fcsse f\u00fcr den Automobilbereich bleibt das System OEM und ist von allen installierten kritischen Kommunikationssystemen getrennt.<\/p>\n<p>Wir k\u00f6nnen dieses Kit als Modifizierung oder als Lieferoption anbieten. Jede Option hat eine eigene Artikelnummer. Wenn Sie die Modifikationsoption bevorzugen, senden Sie uns die OEM-Teile aus dem zu modifizierenden Fahrzeug als Kit. Wenn die Lieferung Option bevorzugt wird, werden wir eine neue Haifischflossen-OEM-Teil als Teil des Kits liefern.<\/p>\n<p>Wenn dieser Bausatz mit unseren zukunftssicheren Mallard- und Sandcastle-Antennen kombiniert wird, kann diese Zubeh\u00f6rkombination es erm\u00f6glichen, dass Ihr Neufahrzeug f\u00fcr ESN bereit ist und gleichzeitig ein bestehendes Airwave-System mit all seinen OEM-Funktionen beibehalten wird. Wir stellen auch Koaxialkabel-Kits her, um unsere Antennen mit allen verschiedenen Herstellern von Fahrzeugmodems, CCTV, Telemetrie und anderen Kommunikationsger\u00e4ten kompatibel zu machen.<\/p>\n<p>Der Bausatz enth\u00e4lt:<\/p>\n<ul>\n<li>Umr\u00fcstungssatz<\/li>\n<li>Ersatz-Haifischflossen-Antenne<\/li>\n<li>Montageplatte<\/li>\n<\/ul>\n","protected":false},"excerpt":{"rendered":"<p>OEM-Antennenumr\u00fcstsatz f\u00fcr alle Fahrzeugmodelle erm\u00f6glicht es Ihnen, Ihre vorhandene Antenne durch eine wichtige Kommunikationsantenne zu ersetzen. [&#8230;]<\/p>\n<p><a class=\"btn btn-secondary understrap-read-more-link\" href=\"https:\/\/sure-antennas.com\/de\/produkt\/antennen-umstellungssatz\/\">Weiterlesen&#8230;<\/a><\/p>\n","protected":false},"featured_media":38912,"comment_status":"closed","ping_status":"closed","template":"","meta":{"_acf_changed":false},"product_brand":[],"product_cat":[258,285,274],"product_tag":[],"class_list":{"0":"post-38916","1":"product","2":"type-product","3":"status-publish","4":"has-post-thumbnail","6":"product_cat-antennen","7":"product_cat-car-kits-de","8":"product_cat-tetra-vehicle-accessories-de","9":"manufacturer-handgetragener-fahrzeug-kit","11":"first","12":"instock","13":"shipping-taxable","14":"product-type-simple"},"acf":[],"yoast_head":"<!-- This site is optimized with the Yoast SEO plugin v27.5 - https:\/\/yoast.com\/product\/yoast-seo-wordpress\/ -->\n<title>ANTENNEN-UMSTELLUNGSSATZ - Sure Antennas<\/title>\n<meta name=\"description\" content=\"Verbessern Sie die Funktionalit\u00e4t Ihres Fahrzeugs mit dem OEM-Haifischflossen-Antennen-Umr\u00fcstsatz von Sure Antennas. Mehr erfahren.\" \/>\n<meta name=\"robots\" content=\"index, follow, max-snippet:-1, max-image-preview:large, max-video-preview:-1\" \/>\n<link rel=\"canonical\" href=\"https:\/\/sure-antennas.com\/de\/produkt\/antennen-umstellungssatz\/\" \/>\n<meta property=\"og:locale\" content=\"de_DE\" \/>\n<meta property=\"og:type\" content=\"article\" \/>\n<meta property=\"og:title\" content=\"ANTENNEN-UMSTELLUNGSSATZ - Sure Antennas\" \/>\n<meta property=\"og:description\" content=\"Verbessern Sie die Funktionalit\u00e4t Ihres Fahrzeugs mit dem OEM-Haifischflossen-Antennen-Umr\u00fcstsatz von Sure Antennas. Mehr erfahren.\" \/>\n<meta property=\"og:url\" content=\"https:\/\/sure-antennas.com\/de\/produkt\/antennen-umstellungssatz\/\" \/>\n<meta property=\"og:site_name\" content=\"Sure Antennas\" \/>\n<meta property=\"article:modified_time\" content=\"2025-02-21T15:44:35+00:00\" \/>\n<meta property=\"og:image\" content=\"https:\/\/sure-antennas.com\/wp-content\/uploads\/2024\/02\/volvo-transfer-1024x1020.png\" \/>\n\t<meta property=\"og:image:width\" content=\"1024\" \/>\n\t<meta property=\"og:image:height\" content=\"1020\" \/>\n\t<meta property=\"og:image:type\" content=\"image\/png\" \/>\n<meta name=\"twitter:card\" content=\"summary_large_image\" \/>\n<meta name=\"twitter:label1\" content=\"Est. reading time\" \/>\n\t<meta name=\"twitter:data1\" content=\"2 minutes\" \/>\n<script type=\"application\/ld+json\" class=\"yoast-schema-graph\">{\"@context\":\"https:\\\/\\\/schema.org\",\"@graph\":[{\"@type\":\"WebPage\",\"@id\":\"https:\\\/\\\/sure-antennas.com\\\/de\\\/produkt\\\/antennen-umstellungssatz\\\/\",\"url\":\"https:\\\/\\\/sure-antennas.com\\\/de\\\/produkt\\\/antennen-umstellungssatz\\\/\",\"name\":\"ANTENNEN-UMSTELLUNGSSATZ - Sure Antennas\",\"isPartOf\":{\"@id\":\"https:\\\/\\\/sure-antennas.com\\\/#website\"},\"primaryImageOfPage\":{\"@id\":\"https:\\\/\\\/sure-antennas.com\\\/de\\\/produkt\\\/antennen-umstellungssatz\\\/#primaryimage\"},\"image\":{\"@id\":\"https:\\\/\\\/sure-antennas.com\\\/de\\\/produkt\\\/antennen-umstellungssatz\\\/#primaryimage\"},\"thumbnailUrl\":\"https:\\\/\\\/sure-antennas.com\\\/wp-content\\\/uploads\\\/2024\\\/02\\\/volvo-transfer.png\",\"datePublished\":\"2024-02-21T09:32:26+00:00\",\"dateModified\":\"2025-02-21T15:44:35+00:00\",\"description\":\"Verbessern Sie die Funktionalit\u00e4t Ihres Fahrzeugs mit dem OEM-Haifischflossen-Antennen-Umr\u00fcstsatz von Sure Antennas. Mehr erfahren.\",\"breadcrumb\":{\"@id\":\"https:\\\/\\\/sure-antennas.com\\\/de\\\/produkt\\\/antennen-umstellungssatz\\\/#breadcrumb\"},\"inLanguage\":\"de-DE\",\"potentialAction\":[{\"@type\":\"ReadAction\",\"target\":[\"https:\\\/\\\/sure-antennas.com\\\/de\\\/produkt\\\/antennen-umstellungssatz\\\/\"]}]},{\"@type\":\"ImageObject\",\"inLanguage\":\"de-DE\",\"@id\":\"https:\\\/\\\/sure-antennas.com\\\/de\\\/produkt\\\/antennen-umstellungssatz\\\/#primaryimage\",\"url\":\"https:\\\/\\\/sure-antennas.com\\\/wp-content\\\/uploads\\\/2024\\\/02\\\/volvo-transfer.png\",\"contentUrl\":\"https:\\\/\\\/sure-antennas.com\\\/wp-content\\\/uploads\\\/2024\\\/02\\\/volvo-transfer.png\",\"width\":3024,\"height\":3011},{\"@type\":\"BreadcrumbList\",\"@id\":\"https:\\\/\\\/sure-antennas.com\\\/de\\\/produkt\\\/antennen-umstellungssatz\\\/#breadcrumb\",\"itemListElement\":[{\"@type\":\"ListItem\",\"position\":1,\"name\":\"Home\",\"item\":\"https:\\\/\\\/sure-antennas.com\\\/de\\\/\"},{\"@type\":\"ListItem\",\"position\":2,\"name\":\"Gesch\u00e4ft\",\"item\":\"https:\\\/\\\/sure-antennas.com\\\/de\\\/geschaeft\\\/\"},{\"@type\":\"ListItem\",\"position\":3,\"name\":\"ANTENNEN-UMSTELLUNGSSATZ\"}]},{\"@type\":\"WebSite\",\"@id\":\"https:\\\/\\\/sure-antennas.com\\\/#website\",\"url\":\"https:\\\/\\\/sure-antennas.com\\\/\",\"name\":\"Sure Antennas\",\"description\":\"Sure Antennas site\",\"publisher\":{\"@id\":\"https:\\\/\\\/sure-antennas.com\\\/#organization\"},\"potentialAction\":[{\"@type\":\"SearchAction\",\"target\":{\"@type\":\"EntryPoint\",\"urlTemplate\":\"https:\\\/\\\/sure-antennas.com\\\/?s={search_term_string}\"},\"query-input\":{\"@type\":\"PropertyValueSpecification\",\"valueRequired\":true,\"valueName\":\"search_term_string\"}}],\"inLanguage\":\"de-DE\"},{\"@type\":\"Organization\",\"@id\":\"https:\\\/\\\/sure-antennas.com\\\/#organization\",\"name\":\"Sure Antennas\",\"url\":\"https:\\\/\\\/sure-antennas.com\\\/\",\"logo\":{\"@type\":\"ImageObject\",\"inLanguage\":\"de-DE\",\"@id\":\"https:\\\/\\\/sure-antennas.com\\\/#\\\/schema\\\/logo\\\/image\\\/\",\"url\":\"https:\\\/\\\/sure-antennas.com\\\/wp-content\\\/uploads\\\/2021\\\/04\\\/logo-1.png\",\"contentUrl\":\"https:\\\/\\\/sure-antennas.com\\\/wp-content\\\/uploads\\\/2021\\\/04\\\/logo-1.png\",\"width\":211,\"height\":52,\"caption\":\"Sure Antennas\"},\"image\":{\"@id\":\"https:\\\/\\\/sure-antennas.com\\\/#\\\/schema\\\/logo\\\/image\\\/\"}}]}<\/script>\n<!-- \/ Yoast SEO plugin. -->","yoast_head_json":{"title":"ANTENNEN-UMSTELLUNGSSATZ - Sure Antennas","description":"Verbessern Sie die Funktionalit\u00e4t Ihres Fahrzeugs mit dem OEM-Haifischflossen-Antennen-Umr\u00fcstsatz von Sure Antennas. Mehr erfahren.","robots":{"index":"index","follow":"follow","max-snippet":"max-snippet:-1","max-image-preview":"max-image-preview:large","max-video-preview":"max-video-preview:-1"},"canonical":"https:\/\/sure-antennas.com\/de\/produkt\/antennen-umstellungssatz\/","og_locale":"de_DE","og_type":"article","og_title":"ANTENNEN-UMSTELLUNGSSATZ - Sure Antennas","og_description":"Verbessern Sie die Funktionalit\u00e4t Ihres Fahrzeugs mit dem OEM-Haifischflossen-Antennen-Umr\u00fcstsatz von Sure Antennas. Mehr erfahren.","og_url":"https:\/\/sure-antennas.com\/de\/produkt\/antennen-umstellungssatz\/","og_site_name":"Sure Antennas","article_modified_time":"2025-02-21T15:44:35+00:00","og_image":[{"width":1024,"height":1020,"url":"https:\/\/sure-antennas.com\/wp-content\/uploads\/2024\/02\/volvo-transfer-1024x1020.png","type":"image\/png"}],"twitter_card":"summary_large_image","twitter_misc":{"Est. reading time":"2 minutes"},"schema":{"@context":"https:\/\/schema.org","@graph":[{"@type":"WebPage","@id":"https:\/\/sure-antennas.com\/de\/produkt\/antennen-umstellungssatz\/","url":"https:\/\/sure-antennas.com\/de\/produkt\/antennen-umstellungssatz\/","name":"ANTENNEN-UMSTELLUNGSSATZ - Sure Antennas","isPartOf":{"@id":"https:\/\/sure-antennas.com\/#website"},"primaryImageOfPage":{"@id":"https:\/\/sure-antennas.com\/de\/produkt\/antennen-umstellungssatz\/#primaryimage"},"image":{"@id":"https:\/\/sure-antennas.com\/de\/produkt\/antennen-umstellungssatz\/#primaryimage"},"thumbnailUrl":"https:\/\/sure-antennas.com\/wp-content\/uploads\/2024\/02\/volvo-transfer.png","datePublished":"2024-02-21T09:32:26+00:00","dateModified":"2025-02-21T15:44:35+00:00","description":"Verbessern Sie die Funktionalit\u00e4t Ihres Fahrzeugs mit dem OEM-Haifischflossen-Antennen-Umr\u00fcstsatz von Sure Antennas. Mehr erfahren.","breadcrumb":{"@id":"https:\/\/sure-antennas.com\/de\/produkt\/antennen-umstellungssatz\/#breadcrumb"},"inLanguage":"de-DE","potentialAction":[{"@type":"ReadAction","target":["https:\/\/sure-antennas.com\/de\/produkt\/antennen-umstellungssatz\/"]}]},{"@type":"ImageObject","inLanguage":"de-DE","@id":"https:\/\/sure-antennas.com\/de\/produkt\/antennen-umstellungssatz\/#primaryimage","url":"https:\/\/sure-antennas.com\/wp-content\/uploads\/2024\/02\/volvo-transfer.png","contentUrl":"https:\/\/sure-antennas.com\/wp-content\/uploads\/2024\/02\/volvo-transfer.png","width":3024,"height":3011},{"@type":"BreadcrumbList","@id":"https:\/\/sure-antennas.com\/de\/produkt\/antennen-umstellungssatz\/#breadcrumb","itemListElement":[{"@type":"ListItem","position":1,"name":"Home","item":"https:\/\/sure-antennas.com\/de\/"},{"@type":"ListItem","position":2,"name":"Gesch\u00e4ft","item":"https:\/\/sure-antennas.com\/de\/geschaeft\/"},{"@type":"ListItem","position":3,"name":"ANTENNEN-UMSTELLUNGSSATZ"}]},{"@type":"WebSite","@id":"https:\/\/sure-antennas.com\/#website","url":"https:\/\/sure-antennas.com\/","name":"Sure Antennas","description":"Sure Antennas site","publisher":{"@id":"https:\/\/sure-antennas.com\/#organization"},"potentialAction":[{"@type":"SearchAction","target":{"@type":"EntryPoint","urlTemplate":"https:\/\/sure-antennas.com\/?s={search_term_string}"},"query-input":{"@type":"PropertyValueSpecification","valueRequired":true,"valueName":"search_term_string"}}],"inLanguage":"de-DE"},{"@type":"Organization","@id":"https:\/\/sure-antennas.com\/#organization","name":"Sure Antennas","url":"https:\/\/sure-antennas.com\/","logo":{"@type":"ImageObject","inLanguage":"de-DE","@id":"https:\/\/sure-antennas.com\/#\/schema\/logo\/image\/","url":"https:\/\/sure-antennas.com\/wp-content\/uploads\/2021\/04\/logo-1.png","contentUrl":"https:\/\/sure-antennas.com\/wp-content\/uploads\/2021\/04\/logo-1.png","width":211,"height":52,"caption":"Sure Antennas"},"image":{"@id":"https:\/\/sure-antennas.com\/#\/schema\/logo\/image\/"}}]}},"_links":{"self":[{"href":"https:\/\/sure-antennas.com\/de\/wp-json\/wp\/v2\/product\/38916","targetHints":{"allow":["GET"]}}],"collection":[{"href":"https:\/\/sure-antennas.com\/de\/wp-json\/wp\/v2\/product"}],"about":[{"href":"https:\/\/sure-antennas.com\/de\/wp-json\/wp\/v2\/types\/product"}],"replies":[{"embeddable":true,"href":"https:\/\/sure-antennas.com\/de\/wp-json\/wp\/v2\/comments?post=38916"}],"wp:featuredmedia":[{"embeddable":true,"href":"https:\/\/sure-antennas.com\/de\/wp-json\/wp\/v2\/media\/38912"}],"wp:attachment":[{"href":"https:\/\/sure-antennas.com\/de\/wp-json\/wp\/v2\/media?parent=38916"}],"wp:term":[{"taxonomy":"product_brand","embeddable":true,"href":"https:\/\/sure-antennas.com\/de\/wp-json\/wp\/v2\/product_brand?post=38916"},{"taxonomy":"product_cat","embeddable":true,"href":"https:\/\/sure-antennas.com\/de\/wp-json\/wp\/v2\/product_cat?post=38916"},{"taxonomy":"product_tag","embeddable":true,"href":"https:\/\/sure-antennas.com\/de\/wp-json\/wp\/v2\/product_tag?post=38916"}],"curies":[{"name":"wp","href":"https:\/\/api.w.org\/{rel}","templated":true}]}}