{"id":38985,"date":"2023-10-09T11:43:22","date_gmt":"2023-10-09T11:43:22","guid":{"rendered":"https:\/\/sure-antennas68068.e.wpstage.net\/product\/full-covert-skoda-roof-antenna\/"},"modified":"2025-12-11T11:13:09","modified_gmt":"2025-12-11T11:13:09","slug":"vollstaendig-verdeckte-skoda-haifischflossen-antenne","status":"publish","type":"product","link":"https:\/\/sure-antennas.com\/de\/produkt\/vollstaendig-verdeckte-skoda-haifischflossen-antenne\/","title":{"rendered":"Vollst\u00e4ndig Verdeckte Skoda Haifischflossen-Dachantenne"},"content":{"rendered":"<p>Diese OEM-Haifischflossenantenne wird normalerweise in den meisten Cupra-, Skoda- und Volkswagen-Fahrzeugen verwendet. Es kann modifiziert werden, um einzelne oder mehrere Funktionen zu unterst\u00fctzen, um Ihre Installation zu erm\u00f6glichen, um bestehende Funktionen durch den Automobilhersteller ausgestattet zu behalten.<\/p>\n<p>Eine kleine Auswahl an verf\u00fcgbaren Frequenzen finden Sie auf dieser Website, aber wir k\u00f6nnen jede unserer Antennen so modifizieren, dass sie f\u00fcr Ihre zentrale Sendefrequenz geeignet ist. Bitte kontaktieren Sie uns mit Ihrer Frequenz, um die Kompatibilit\u00e4t zu besprechen.<\/p>\n<p>Alle unsere Antennen werden auf die von Ihnen gew\u00fcnschte Frequenz modifiziert und vor der Auslieferung an unsere Techniker vollst\u00e4ndig auf ihre Spezifikation gepr\u00fcft.<\/p>\n<p>Diese Antenne ist in der Regel innerhalb von f\u00fcnf Arbeitstagen verf\u00fcgbar, je nach Farbwunsch und Frequenzanforderungen. Bitte kontaktieren Sie uns f\u00fcr weitere Informationen unter +44 (0)151 334 9160.<\/p>\n","protected":false},"excerpt":{"rendered":"<p>Diese Panel-Antenne kann so modifiziert werden, dass sie eine Reihe von Frequenzbandbreiten erg\u00e4nzt, um die verdeckte Natur Ihres Skoda zu verschleiern. [&#8230;]<\/p>\n<p><a class=\"btn btn-secondary understrap-read-more-link\" href=\"https:\/\/sure-antennas.com\/de\/produkt\/vollstaendig-verdeckte-skoda-haifischflossen-antenne\/\">Weiterlesen&#8230;<\/a><\/p>\n","protected":false},"featured_media":46018,"comment_status":"closed","ping_status":"closed","template":"","meta":{"_acf_changed":false},"product_brand":[],"product_cat":[257],"product_tag":[300,263,301,302,303,304,265,266,267,268,269,270,305,271],"class_list":{"0":"post-38985","1":"product","2":"type-product","3":"status-publish","4":"has-post-thumbnail","6":"product_cat-verdeckte-antennen","7":"product_tag-2m-de","8":"product_tag-3g-de","9":"product_tag-4m-de","10":"product_tag-am-fm-de","11":"product_tag-bos-de","12":"product_tag-dab-de","13":"product_tag-gps-de","14":"product_tag-gsm-de","15":"product_tag-perris-de","16":"product_tag-smart-de","17":"product_tag-tetra-de","18":"product_tag-uhf-de","19":"product_tag-vhf-de","20":"product_tag-wlan-de","21":"manufacturer-skoda-de","23":"first","24":"instock","25":"product-type-simple"},"acf":[],"yoast_head":"<!-- This site is optimized with the Yoast SEO plugin v27.0 - https:\/\/yoast.com\/product\/yoast-seo-wordpress\/ -->\n<title>Vollst\u00e4ndig Verdeckte Skoda Haifischflossen-Dachantenne<\/title>\n<meta name=\"description\" content=\"Diese Panel-Antenne kann so modifiziert werden, dass sie eine Reihe von Frequenzbandbreiten erg\u00e4nzt, um die verdeckte Natur Ihres Skoda zu verschleiern.\" \/>\n<meta name=\"robots\" content=\"index, follow, max-snippet:-1, max-image-preview:large, max-video-preview:-1\" \/>\n<link rel=\"canonical\" href=\"https:\/\/sure-antennas.com\/de\/produkt\/vollstaendig-verdeckte-skoda-haifischflossen-antenne\/\" \/>\n<meta property=\"og:locale\" content=\"de_DE\" \/>\n<meta property=\"og:type\" content=\"article\" \/>\n<meta property=\"og:title\" content=\"Vollst\u00e4ndig Verdeckte Skoda Haifischflossen-Dachantenne\" \/>\n<meta property=\"og:description\" content=\"Diese Panel-Antenne kann so modifiziert werden, dass sie eine Reihe von Frequenzbandbreiten erg\u00e4nzt, um die verdeckte Natur Ihres Skoda zu verschleiern.\" \/>\n<meta property=\"og:url\" content=\"https:\/\/sure-antennas.com\/de\/produkt\/vollstaendig-verdeckte-skoda-haifischflossen-antenne\/\" \/>\n<meta property=\"og:site_name\" content=\"Sure Antennas\" \/>\n<meta property=\"article:modified_time\" content=\"2025-12-11T11:13:09+00:00\" \/>\n<meta property=\"og:image\" content=\"https:\/\/sure-antennas.com\/wp-content\/uploads\/2023\/09\/Large-Skoda-Cupra-Antenna-1.jpg\" \/>\n\t<meta property=\"og:image:width\" content=\"1293\" \/>\n\t<meta property=\"og:image:height\" content=\"1084\" \/>\n\t<meta property=\"og:image:type\" content=\"image\/jpeg\" \/>\n<meta name=\"twitter:card\" content=\"summary_large_image\" \/>\n<meta name=\"twitter:label1\" content=\"Est. reading time\" \/>\n\t<meta name=\"twitter:data1\" content=\"1 minute\" \/>\n<script type=\"application\/ld+json\" class=\"yoast-schema-graph\">{\"@context\":\"https:\/\/schema.org\",\"@graph\":[{\"@type\":\"WebPage\",\"@id\":\"https:\/\/sure-antennas.com\/de\/produkt\/vollstaendig-verdeckte-skoda-haifischflossen-antenne\/\",\"url\":\"https:\/\/sure-antennas.com\/de\/produkt\/vollstaendig-verdeckte-skoda-haifischflossen-antenne\/\",\"name\":\"Vollst\u00e4ndig Verdeckte Skoda Haifischflossen-Dachantenne\",\"isPartOf\":{\"@id\":\"https:\/\/sure-antennas.com\/#website\"},\"primaryImageOfPage\":{\"@id\":\"https:\/\/sure-antennas.com\/de\/produkt\/vollstaendig-verdeckte-skoda-haifischflossen-antenne\/#primaryimage\"},\"image\":{\"@id\":\"https:\/\/sure-antennas.com\/de\/produkt\/vollstaendig-verdeckte-skoda-haifischflossen-antenne\/#primaryimage\"},\"thumbnailUrl\":\"https:\/\/sure-antennas.com\/wp-content\/uploads\/2023\/09\/Large-Skoda-Cupra-Antenna-1.jpg\",\"datePublished\":\"2023-10-09T11:43:22+00:00\",\"dateModified\":\"2025-12-11T11:13:09+00:00\",\"description\":\"Diese Panel-Antenne kann so modifiziert werden, dass sie eine Reihe von Frequenzbandbreiten erg\u00e4nzt, um die verdeckte Natur Ihres Skoda zu verschleiern.\",\"breadcrumb\":{\"@id\":\"https:\/\/sure-antennas.com\/de\/produkt\/vollstaendig-verdeckte-skoda-haifischflossen-antenne\/#breadcrumb\"},\"inLanguage\":\"de-DE\",\"potentialAction\":[{\"@type\":\"ReadAction\",\"target\":[\"https:\/\/sure-antennas.com\/de\/produkt\/vollstaendig-verdeckte-skoda-haifischflossen-antenne\/\"]}]},{\"@type\":\"ImageObject\",\"inLanguage\":\"de-DE\",\"@id\":\"https:\/\/sure-antennas.com\/de\/produkt\/vollstaendig-verdeckte-skoda-haifischflossen-antenne\/#primaryimage\",\"url\":\"https:\/\/sure-antennas.com\/wp-content\/uploads\/2023\/09\/Large-Skoda-Cupra-Antenna-1.jpg\",\"contentUrl\":\"https:\/\/sure-antennas.com\/wp-content\/uploads\/2023\/09\/Large-Skoda-Cupra-Antenna-1.jpg\",\"width\":1293,\"height\":1084},{\"@type\":\"BreadcrumbList\",\"@id\":\"https:\/\/sure-antennas.com\/de\/produkt\/vollstaendig-verdeckte-skoda-haifischflossen-antenne\/#breadcrumb\",\"itemListElement\":[{\"@type\":\"ListItem\",\"position\":1,\"name\":\"Home\",\"item\":\"https:\/\/sure-antennas.com\/de\/\"},{\"@type\":\"ListItem\",\"position\":2,\"name\":\"Gesch\u00e4ft\",\"item\":\"https:\/\/sure-antennas.com\/de\/geschaeft\/\"},{\"@type\":\"ListItem\",\"position\":3,\"name\":\"Vollst\u00e4ndig Verdeckte Skoda Haifischflossen-Dachantenne\"}]},{\"@type\":\"WebSite\",\"@id\":\"https:\/\/sure-antennas.com\/#website\",\"url\":\"https:\/\/sure-antennas.com\/\",\"name\":\"Sure Antennas\",\"description\":\"Sure Antennas site\",\"publisher\":{\"@id\":\"https:\/\/sure-antennas.com\/#organization\"},\"potentialAction\":[{\"@type\":\"SearchAction\",\"target\":{\"@type\":\"EntryPoint\",\"urlTemplate\":\"https:\/\/sure-antennas.com\/?s={search_term_string}\"},\"query-input\":{\"@type\":\"PropertyValueSpecification\",\"valueRequired\":true,\"valueName\":\"search_term_string\"}}],\"inLanguage\":\"de-DE\"},{\"@type\":\"Organization\",\"@id\":\"https:\/\/sure-antennas.com\/#organization\",\"name\":\"Sure Antennas\",\"url\":\"https:\/\/sure-antennas.com\/\",\"logo\":{\"@type\":\"ImageObject\",\"inLanguage\":\"de-DE\",\"@id\":\"https:\/\/sure-antennas.com\/#\/schema\/logo\/image\/\",\"url\":\"https:\/\/sure-antennas.com\/wp-content\/uploads\/2021\/04\/logo-1.png\",\"contentUrl\":\"https:\/\/sure-antennas.com\/wp-content\/uploads\/2021\/04\/logo-1.png\",\"width\":211,\"height\":52,\"caption\":\"Sure Antennas\"},\"image\":{\"@id\":\"https:\/\/sure-antennas.com\/#\/schema\/logo\/image\/\"}}]}<\/script>\n<!-- \/ Yoast SEO plugin. -->","yoast_head_json":{"title":"Vollst\u00e4ndig Verdeckte Skoda Haifischflossen-Dachantenne","description":"Diese Panel-Antenne kann so modifiziert werden, dass sie eine Reihe von Frequenzbandbreiten erg\u00e4nzt, um die verdeckte Natur Ihres Skoda zu verschleiern.","robots":{"index":"index","follow":"follow","max-snippet":"max-snippet:-1","max-image-preview":"max-image-preview:large","max-video-preview":"max-video-preview:-1"},"canonical":"https:\/\/sure-antennas.com\/de\/produkt\/vollstaendig-verdeckte-skoda-haifischflossen-antenne\/","og_locale":"de_DE","og_type":"article","og_title":"Vollst\u00e4ndig Verdeckte Skoda Haifischflossen-Dachantenne","og_description":"Diese Panel-Antenne kann so modifiziert werden, dass sie eine Reihe von Frequenzbandbreiten erg\u00e4nzt, um die verdeckte Natur Ihres Skoda zu verschleiern.","og_url":"https:\/\/sure-antennas.com\/de\/produkt\/vollstaendig-verdeckte-skoda-haifischflossen-antenne\/","og_site_name":"Sure Antennas","article_modified_time":"2025-12-11T11:13:09+00:00","og_image":[{"width":1293,"height":1084,"url":"https:\/\/sure-antennas.com\/wp-content\/uploads\/2023\/09\/Large-Skoda-Cupra-Antenna-1.jpg","type":"image\/jpeg"}],"twitter_card":"summary_large_image","twitter_misc":{"Est. reading time":"1 minute"},"schema":{"@context":"https:\/\/schema.org","@graph":[{"@type":"WebPage","@id":"https:\/\/sure-antennas.com\/de\/produkt\/vollstaendig-verdeckte-skoda-haifischflossen-antenne\/","url":"https:\/\/sure-antennas.com\/de\/produkt\/vollstaendig-verdeckte-skoda-haifischflossen-antenne\/","name":"Vollst\u00e4ndig Verdeckte Skoda Haifischflossen-Dachantenne","isPartOf":{"@id":"https:\/\/sure-antennas.com\/#website"},"primaryImageOfPage":{"@id":"https:\/\/sure-antennas.com\/de\/produkt\/vollstaendig-verdeckte-skoda-haifischflossen-antenne\/#primaryimage"},"image":{"@id":"https:\/\/sure-antennas.com\/de\/produkt\/vollstaendig-verdeckte-skoda-haifischflossen-antenne\/#primaryimage"},"thumbnailUrl":"https:\/\/sure-antennas.com\/wp-content\/uploads\/2023\/09\/Large-Skoda-Cupra-Antenna-1.jpg","datePublished":"2023-10-09T11:43:22+00:00","dateModified":"2025-12-11T11:13:09+00:00","description":"Diese Panel-Antenne kann so modifiziert werden, dass sie eine Reihe von Frequenzbandbreiten erg\u00e4nzt, um die verdeckte Natur Ihres Skoda zu verschleiern.","breadcrumb":{"@id":"https:\/\/sure-antennas.com\/de\/produkt\/vollstaendig-verdeckte-skoda-haifischflossen-antenne\/#breadcrumb"},"inLanguage":"de-DE","potentialAction":[{"@type":"ReadAction","target":["https:\/\/sure-antennas.com\/de\/produkt\/vollstaendig-verdeckte-skoda-haifischflossen-antenne\/"]}]},{"@type":"ImageObject","inLanguage":"de-DE","@id":"https:\/\/sure-antennas.com\/de\/produkt\/vollstaendig-verdeckte-skoda-haifischflossen-antenne\/#primaryimage","url":"https:\/\/sure-antennas.com\/wp-content\/uploads\/2023\/09\/Large-Skoda-Cupra-Antenna-1.jpg","contentUrl":"https:\/\/sure-antennas.com\/wp-content\/uploads\/2023\/09\/Large-Skoda-Cupra-Antenna-1.jpg","width":1293,"height":1084},{"@type":"BreadcrumbList","@id":"https:\/\/sure-antennas.com\/de\/produkt\/vollstaendig-verdeckte-skoda-haifischflossen-antenne\/#breadcrumb","itemListElement":[{"@type":"ListItem","position":1,"name":"Home","item":"https:\/\/sure-antennas.com\/de\/"},{"@type":"ListItem","position":2,"name":"Gesch\u00e4ft","item":"https:\/\/sure-antennas.com\/de\/geschaeft\/"},{"@type":"ListItem","position":3,"name":"Vollst\u00e4ndig Verdeckte Skoda Haifischflossen-Dachantenne"}]},{"@type":"WebSite","@id":"https:\/\/sure-antennas.com\/#website","url":"https:\/\/sure-antennas.com\/","name":"Sure Antennas","description":"Sure Antennas site","publisher":{"@id":"https:\/\/sure-antennas.com\/#organization"},"potentialAction":[{"@type":"SearchAction","target":{"@type":"EntryPoint","urlTemplate":"https:\/\/sure-antennas.com\/?s={search_term_string}"},"query-input":{"@type":"PropertyValueSpecification","valueRequired":true,"valueName":"search_term_string"}}],"inLanguage":"de-DE"},{"@type":"Organization","@id":"https:\/\/sure-antennas.com\/#organization","name":"Sure Antennas","url":"https:\/\/sure-antennas.com\/","logo":{"@type":"ImageObject","inLanguage":"de-DE","@id":"https:\/\/sure-antennas.com\/#\/schema\/logo\/image\/","url":"https:\/\/sure-antennas.com\/wp-content\/uploads\/2021\/04\/logo-1.png","contentUrl":"https:\/\/sure-antennas.com\/wp-content\/uploads\/2021\/04\/logo-1.png","width":211,"height":52,"caption":"Sure Antennas"},"image":{"@id":"https:\/\/sure-antennas.com\/#\/schema\/logo\/image\/"}}]}},"_links":{"self":[{"href":"https:\/\/sure-antennas.com\/de\/wp-json\/wp\/v2\/product\/38985","targetHints":{"allow":["GET"]}}],"collection":[{"href":"https:\/\/sure-antennas.com\/de\/wp-json\/wp\/v2\/product"}],"about":[{"href":"https:\/\/sure-antennas.com\/de\/wp-json\/wp\/v2\/types\/product"}],"replies":[{"embeddable":true,"href":"https:\/\/sure-antennas.com\/de\/wp-json\/wp\/v2\/comments?post=38985"}],"wp:featuredmedia":[{"embeddable":true,"href":"https:\/\/sure-antennas.com\/de\/wp-json\/wp\/v2\/media\/46018"}],"wp:attachment":[{"href":"https:\/\/sure-antennas.com\/de\/wp-json\/wp\/v2\/media?parent=38985"}],"wp:term":[{"taxonomy":"product_brand","embeddable":true,"href":"https:\/\/sure-antennas.com\/de\/wp-json\/wp\/v2\/product_brand?post=38985"},{"taxonomy":"product_cat","embeddable":true,"href":"https:\/\/sure-antennas.com\/de\/wp-json\/wp\/v2\/product_cat?post=38985"},{"taxonomy":"product_tag","embeddable":true,"href":"https:\/\/sure-antennas.com\/de\/wp-json\/wp\/v2\/product_tag?post=38985"}],"curies":[{"name":"wp","href":"https:\/\/api.w.org\/{rel}","templated":true}]}}