{"id":39001,"date":"2023-06-22T14:19:07","date_gmt":"2023-06-22T14:19:07","guid":{"rendered":"https:\/\/sure-antennas68068.e.wpstage.net\/product\/motorola-tetra-mtp6000-series-car-kit\/"},"modified":"2025-02-24T11:49:43","modified_gmt":"2025-02-24T11:49:43","slug":"motorola-tetra-mtp6650-serie-fahrzeugsatz","status":"publish","type":"product","link":"https:\/\/sure-antennas.com\/de\/produkt\/motorola-tetra-mtp6650-serie-fahrzeugsatz\/","title":{"rendered":"MOTOROLA TETRA MTP6650 SERIE FAHRZEUGSATZ &#8211; GM0301A"},"content":{"rendered":"<p>Fahrzeugladeger\u00e4t mit Unterst\u00fctzung f\u00fcr externe Antennen und Freisprecheinrichtungen.<\/p>\n<p><strong>Das Kit enth\u00e4lt:<\/strong><\/p>\n<ul>\n<li>Anschlussdose<\/li>\n<li>Kabel vom Cradle zur Anschlussdose<\/li>\n<li>Stromkabel<\/li>\n<li>Montagehalterung f\u00fcr Cradle<\/li>\n<li>Cradle mit RF-Anschluss<\/li>\n<li>Smart Visier-Mikrofon<\/li>\n<li>7,5 W Lautsprecher<\/li>\n<li>Drucktaste PTT (Push-to-Talk)<\/li>\n<\/ul>\n","protected":false},"excerpt":{"rendered":"<p>Fahrzeugladeger\u00e4t mit Unterst\u00fctzung f\u00fcr externe Antennen und Freisprecheinrichtungen. Das Kit enth\u00e4lt: Anschlussdose Kabel vom Cradle zur Anschlussdose Stromkabel Montagehalterung f\u00fcr Cradle Cradle mit RF-Anschluss Smart Visier-Mikrofon 7,5 W Lautsprecher Drucktaste PTT (Push-to-Talk) [&#8230;]<\/p>\n<p><a class=\"btn btn-secondary understrap-read-more-link\" href=\"https:\/\/sure-antennas.com\/de\/produkt\/motorola-tetra-mtp6650-serie-fahrzeugsatz\/\">Weiterlesen&#8230;<\/a><\/p>\n","protected":false},"featured_media":38310,"comment_status":"closed","ping_status":"closed","template":"","meta":{"_acf_changed":false},"product_brand":[],"product_cat":[285,274],"product_tag":[],"class_list":{"0":"post-39001","1":"product","2":"type-product","3":"status-publish","4":"has-post-thumbnail","6":"product_cat-car-kits-de","7":"product_cat-tetra-vehicle-accessories-de","8":"manufacturer-handgetragener-fahrzeug-kit","10":"first","11":"instock","12":"shipping-taxable","13":"product-type-simple"},"acf":[],"yoast_head":"<!-- This site is optimized with the Yoast SEO plugin v27.4 - https:\/\/yoast.com\/product\/yoast-seo-wordpress\/ -->\n<title>MOTOROLA TETRA MTP6650 SERIE FAHRZEUGSATZ<\/title>\n<meta name=\"robots\" content=\"index, follow, max-snippet:-1, max-image-preview:large, max-video-preview:-1\" \/>\n<link rel=\"canonical\" href=\"https:\/\/sure-antennas.com\/de\/produkt\/motorola-tetra-mtp6650-serie-fahrzeugsatz\/\" \/>\n<meta property=\"og:locale\" content=\"de_DE\" \/>\n<meta property=\"og:type\" content=\"article\" \/>\n<meta property=\"og:title\" content=\"MOTOROLA TETRA MTP6650 SERIE FAHRZEUGSATZ\" \/>\n<meta property=\"og:description\" content=\"Fahrzeugladeger\u00e4t mit Unterst\u00fctzung f\u00fcr externe Antennen und Freisprecheinrichtungen. Das Kit enth\u00e4lt: Anschlussdose Kabel vom Cradle zur Anschlussdose Stromkabel Montagehalterung f\u00fcr Cradle Cradle mit RF-Anschluss Smart Visier-Mikrofon 7,5 W Lautsprecher Drucktaste PTT (Push-to-Talk) [...]Weiterlesen...\" \/>\n<meta property=\"og:url\" content=\"https:\/\/sure-antennas.com\/de\/produkt\/motorola-tetra-mtp6650-serie-fahrzeugsatz\/\" \/>\n<meta property=\"og:site_name\" content=\"Sure Antennas\" \/>\n<meta property=\"article:modified_time\" content=\"2025-02-24T11:49:43+00:00\" \/>\n<meta property=\"og:image\" content=\"https:\/\/sure-antennas.com\/wp-content\/uploads\/2023\/06\/GM0301.png\" \/>\n\t<meta property=\"og:image:width\" content=\"500\" \/>\n\t<meta property=\"og:image:height\" content=\"500\" \/>\n\t<meta property=\"og:image:type\" content=\"image\/png\" \/>\n<meta name=\"twitter:card\" content=\"summary_large_image\" \/>\n<meta name=\"twitter:label1\" content=\"Est. reading time\" \/>\n\t<meta name=\"twitter:data1\" content=\"1 minute\" \/>\n<script type=\"application\/ld+json\" class=\"yoast-schema-graph\">{\"@context\":\"https:\\\/\\\/schema.org\",\"@graph\":[{\"@type\":\"WebPage\",\"@id\":\"https:\\\/\\\/sure-antennas.com\\\/de\\\/produkt\\\/motorola-tetra-mtp6650-serie-fahrzeugsatz\\\/\",\"url\":\"https:\\\/\\\/sure-antennas.com\\\/de\\\/produkt\\\/motorola-tetra-mtp6650-serie-fahrzeugsatz\\\/\",\"name\":\"MOTOROLA TETRA MTP6650 SERIE FAHRZEUGSATZ\",\"isPartOf\":{\"@id\":\"https:\\\/\\\/sure-antennas.com\\\/#website\"},\"primaryImageOfPage\":{\"@id\":\"https:\\\/\\\/sure-antennas.com\\\/de\\\/produkt\\\/motorola-tetra-mtp6650-serie-fahrzeugsatz\\\/#primaryimage\"},\"image\":{\"@id\":\"https:\\\/\\\/sure-antennas.com\\\/de\\\/produkt\\\/motorola-tetra-mtp6650-serie-fahrzeugsatz\\\/#primaryimage\"},\"thumbnailUrl\":\"https:\\\/\\\/sure-antennas.com\\\/wp-content\\\/uploads\\\/2023\\\/06\\\/GM0301.png\",\"datePublished\":\"2023-06-22T14:19:07+00:00\",\"dateModified\":\"2025-02-24T11:49:43+00:00\",\"breadcrumb\":{\"@id\":\"https:\\\/\\\/sure-antennas.com\\\/de\\\/produkt\\\/motorola-tetra-mtp6650-serie-fahrzeugsatz\\\/#breadcrumb\"},\"inLanguage\":\"de-DE\",\"potentialAction\":[{\"@type\":\"ReadAction\",\"target\":[\"https:\\\/\\\/sure-antennas.com\\\/de\\\/produkt\\\/motorola-tetra-mtp6650-serie-fahrzeugsatz\\\/\"]}]},{\"@type\":\"ImageObject\",\"inLanguage\":\"de-DE\",\"@id\":\"https:\\\/\\\/sure-antennas.com\\\/de\\\/produkt\\\/motorola-tetra-mtp6650-serie-fahrzeugsatz\\\/#primaryimage\",\"url\":\"https:\\\/\\\/sure-antennas.com\\\/wp-content\\\/uploads\\\/2023\\\/06\\\/GM0301.png\",\"contentUrl\":\"https:\\\/\\\/sure-antennas.com\\\/wp-content\\\/uploads\\\/2023\\\/06\\\/GM0301.png\",\"width\":500,\"height\":500},{\"@type\":\"BreadcrumbList\",\"@id\":\"https:\\\/\\\/sure-antennas.com\\\/de\\\/produkt\\\/motorola-tetra-mtp6650-serie-fahrzeugsatz\\\/#breadcrumb\",\"itemListElement\":[{\"@type\":\"ListItem\",\"position\":1,\"name\":\"Home\",\"item\":\"https:\\\/\\\/sure-antennas.com\\\/de\\\/\"},{\"@type\":\"ListItem\",\"position\":2,\"name\":\"Gesch\u00e4ft\",\"item\":\"https:\\\/\\\/sure-antennas.com\\\/de\\\/geschaeft\\\/\"},{\"@type\":\"ListItem\",\"position\":3,\"name\":\"MOTOROLA TETRA MTP6650 SERIE FAHRZEUGSATZ &#8211; GM0301A\"}]},{\"@type\":\"WebSite\",\"@id\":\"https:\\\/\\\/sure-antennas.com\\\/#website\",\"url\":\"https:\\\/\\\/sure-antennas.com\\\/\",\"name\":\"Sure Antennas\",\"description\":\"Sure Antennas site\",\"publisher\":{\"@id\":\"https:\\\/\\\/sure-antennas.com\\\/#organization\"},\"potentialAction\":[{\"@type\":\"SearchAction\",\"target\":{\"@type\":\"EntryPoint\",\"urlTemplate\":\"https:\\\/\\\/sure-antennas.com\\\/?s={search_term_string}\"},\"query-input\":{\"@type\":\"PropertyValueSpecification\",\"valueRequired\":true,\"valueName\":\"search_term_string\"}}],\"inLanguage\":\"de-DE\"},{\"@type\":\"Organization\",\"@id\":\"https:\\\/\\\/sure-antennas.com\\\/#organization\",\"name\":\"Sure Antennas\",\"url\":\"https:\\\/\\\/sure-antennas.com\\\/\",\"logo\":{\"@type\":\"ImageObject\",\"inLanguage\":\"de-DE\",\"@id\":\"https:\\\/\\\/sure-antennas.com\\\/#\\\/schema\\\/logo\\\/image\\\/\",\"url\":\"https:\\\/\\\/sure-antennas.com\\\/wp-content\\\/uploads\\\/2021\\\/04\\\/logo-1.png\",\"contentUrl\":\"https:\\\/\\\/sure-antennas.com\\\/wp-content\\\/uploads\\\/2021\\\/04\\\/logo-1.png\",\"width\":211,\"height\":52,\"caption\":\"Sure Antennas\"},\"image\":{\"@id\":\"https:\\\/\\\/sure-antennas.com\\\/#\\\/schema\\\/logo\\\/image\\\/\"}}]}<\/script>\n<!-- \/ Yoast SEO plugin. -->","yoast_head_json":{"title":"MOTOROLA TETRA MTP6650 SERIE FAHRZEUGSATZ","robots":{"index":"index","follow":"follow","max-snippet":"max-snippet:-1","max-image-preview":"max-image-preview:large","max-video-preview":"max-video-preview:-1"},"canonical":"https:\/\/sure-antennas.com\/de\/produkt\/motorola-tetra-mtp6650-serie-fahrzeugsatz\/","og_locale":"de_DE","og_type":"article","og_title":"MOTOROLA TETRA MTP6650 SERIE FAHRZEUGSATZ","og_description":"Fahrzeugladeger\u00e4t mit Unterst\u00fctzung f\u00fcr externe Antennen und Freisprecheinrichtungen. Das Kit enth\u00e4lt: Anschlussdose Kabel vom Cradle zur Anschlussdose Stromkabel Montagehalterung f\u00fcr Cradle Cradle mit RF-Anschluss Smart Visier-Mikrofon 7,5 W Lautsprecher Drucktaste PTT (Push-to-Talk) [...]Weiterlesen...","og_url":"https:\/\/sure-antennas.com\/de\/produkt\/motorola-tetra-mtp6650-serie-fahrzeugsatz\/","og_site_name":"Sure Antennas","article_modified_time":"2025-02-24T11:49:43+00:00","og_image":[{"width":500,"height":500,"url":"https:\/\/sure-antennas.com\/wp-content\/uploads\/2023\/06\/GM0301.png","type":"image\/png"}],"twitter_card":"summary_large_image","twitter_misc":{"Est. reading time":"1 minute"},"schema":{"@context":"https:\/\/schema.org","@graph":[{"@type":"WebPage","@id":"https:\/\/sure-antennas.com\/de\/produkt\/motorola-tetra-mtp6650-serie-fahrzeugsatz\/","url":"https:\/\/sure-antennas.com\/de\/produkt\/motorola-tetra-mtp6650-serie-fahrzeugsatz\/","name":"MOTOROLA TETRA MTP6650 SERIE FAHRZEUGSATZ","isPartOf":{"@id":"https:\/\/sure-antennas.com\/#website"},"primaryImageOfPage":{"@id":"https:\/\/sure-antennas.com\/de\/produkt\/motorola-tetra-mtp6650-serie-fahrzeugsatz\/#primaryimage"},"image":{"@id":"https:\/\/sure-antennas.com\/de\/produkt\/motorola-tetra-mtp6650-serie-fahrzeugsatz\/#primaryimage"},"thumbnailUrl":"https:\/\/sure-antennas.com\/wp-content\/uploads\/2023\/06\/GM0301.png","datePublished":"2023-06-22T14:19:07+00:00","dateModified":"2025-02-24T11:49:43+00:00","breadcrumb":{"@id":"https:\/\/sure-antennas.com\/de\/produkt\/motorola-tetra-mtp6650-serie-fahrzeugsatz\/#breadcrumb"},"inLanguage":"de-DE","potentialAction":[{"@type":"ReadAction","target":["https:\/\/sure-antennas.com\/de\/produkt\/motorola-tetra-mtp6650-serie-fahrzeugsatz\/"]}]},{"@type":"ImageObject","inLanguage":"de-DE","@id":"https:\/\/sure-antennas.com\/de\/produkt\/motorola-tetra-mtp6650-serie-fahrzeugsatz\/#primaryimage","url":"https:\/\/sure-antennas.com\/wp-content\/uploads\/2023\/06\/GM0301.png","contentUrl":"https:\/\/sure-antennas.com\/wp-content\/uploads\/2023\/06\/GM0301.png","width":500,"height":500},{"@type":"BreadcrumbList","@id":"https:\/\/sure-antennas.com\/de\/produkt\/motorola-tetra-mtp6650-serie-fahrzeugsatz\/#breadcrumb","itemListElement":[{"@type":"ListItem","position":1,"name":"Home","item":"https:\/\/sure-antennas.com\/de\/"},{"@type":"ListItem","position":2,"name":"Gesch\u00e4ft","item":"https:\/\/sure-antennas.com\/de\/geschaeft\/"},{"@type":"ListItem","position":3,"name":"MOTOROLA TETRA MTP6650 SERIE FAHRZEUGSATZ &#8211; GM0301A"}]},{"@type":"WebSite","@id":"https:\/\/sure-antennas.com\/#website","url":"https:\/\/sure-antennas.com\/","name":"Sure Antennas","description":"Sure Antennas site","publisher":{"@id":"https:\/\/sure-antennas.com\/#organization"},"potentialAction":[{"@type":"SearchAction","target":{"@type":"EntryPoint","urlTemplate":"https:\/\/sure-antennas.com\/?s={search_term_string}"},"query-input":{"@type":"PropertyValueSpecification","valueRequired":true,"valueName":"search_term_string"}}],"inLanguage":"de-DE"},{"@type":"Organization","@id":"https:\/\/sure-antennas.com\/#organization","name":"Sure Antennas","url":"https:\/\/sure-antennas.com\/","logo":{"@type":"ImageObject","inLanguage":"de-DE","@id":"https:\/\/sure-antennas.com\/#\/schema\/logo\/image\/","url":"https:\/\/sure-antennas.com\/wp-content\/uploads\/2021\/04\/logo-1.png","contentUrl":"https:\/\/sure-antennas.com\/wp-content\/uploads\/2021\/04\/logo-1.png","width":211,"height":52,"caption":"Sure Antennas"},"image":{"@id":"https:\/\/sure-antennas.com\/#\/schema\/logo\/image\/"}}]}},"_links":{"self":[{"href":"https:\/\/sure-antennas.com\/de\/wp-json\/wp\/v2\/product\/39001","targetHints":{"allow":["GET"]}}],"collection":[{"href":"https:\/\/sure-antennas.com\/de\/wp-json\/wp\/v2\/product"}],"about":[{"href":"https:\/\/sure-antennas.com\/de\/wp-json\/wp\/v2\/types\/product"}],"replies":[{"embeddable":true,"href":"https:\/\/sure-antennas.com\/de\/wp-json\/wp\/v2\/comments?post=39001"}],"wp:featuredmedia":[{"embeddable":true,"href":"https:\/\/sure-antennas.com\/de\/wp-json\/wp\/v2\/media\/38310"}],"wp:attachment":[{"href":"https:\/\/sure-antennas.com\/de\/wp-json\/wp\/v2\/media?parent=39001"}],"wp:term":[{"taxonomy":"product_brand","embeddable":true,"href":"https:\/\/sure-antennas.com\/de\/wp-json\/wp\/v2\/product_brand?post=39001"},{"taxonomy":"product_cat","embeddable":true,"href":"https:\/\/sure-antennas.com\/de\/wp-json\/wp\/v2\/product_cat?post=39001"},{"taxonomy":"product_tag","embeddable":true,"href":"https:\/\/sure-antennas.com\/de\/wp-json\/wp\/v2\/product_tag?post=39001"}],"curies":[{"name":"wp","href":"https:\/\/api.w.org\/{rel}","templated":true}]}}