{"id":39035,"date":"2025-08-22T08:22:02","date_gmt":"2025-08-22T08:22:02","guid":{"rendered":"https:\/\/sure-antennas68068.e.wpstage.net\/product\/esn-multi-function-wideband-mimo-oem-antenna-the-mallard-without-tetra\/"},"modified":"2026-03-13T14:39:44","modified_gmt":"2026-03-13T14:39:44","slug":"4g-5g-esn-multifunktions-breitband-mimo-oem-antenne-mallard","status":"publish","type":"product","link":"https:\/\/sure-antennas.com\/de\/produkt\/4g-5g-esn-multifunktions-breitband-mimo-oem-antenne-mallard\/","title":{"rendered":"4G\/5G ESN-Multifunktions-Breitband-MiMo-OEM-Antenne &#8211; Die \u201eMallard\u201c &#8211; ohne TETRA"},"content":{"rendered":"<p>Die \u201eMallard\u201c ist eine kompakte Haifischflossen-Antenne im eleganten OEM-Design, die bis zu 7 Funktionen unterst\u00fctzt.<\/p>\n<p>Ihr robustes \u00c4u\u00dferes beherbergt Ultrabreitband-Antennenelemente, die 700 MHz bis 6 GHz mit einem Mindestgewinn von 4 dBi \u00fcber das gesamte Band unterst\u00fctzen.<\/p>\n<p>Durch die Installation in einem einzigen Loch und die vielen m\u00f6glichen Frequenzfunktionen kann diese Antenne dazu beitragen, die Installationskosten zu senken und den Wiederverkaufswert Ihres Fahrzeugs zu sch\u00fctzen, indem sie dazu beitr\u00e4gt, die Installation Ihres Fahrzeugs zukunftssicher zu machen.<\/p>\n<p>Die \u201eMallard\u201c kann mit verschiedenen Funktionskombinationen geliefert werden, die zu den Ger\u00e4ten passen, an die sie angeschlossen wird, und es kann auch eine breite Palette an kundenspezifischen verlustarmen Koaxialkabel-Kits geliefert werden.<\/p>\n<p>Bitte kontaktieren Sie uns unter +44 (0)151 363 7377 f\u00fcr weitere Informationen.<\/p>\n","protected":false},"excerpt":{"rendered":"<p>Diese flache MIMO- Multifunktions-Antenne ist liebevoll als <strong>\u201eMallard\u201c bekannt &#8211; ohne TETRA<\/strong> und mit bis zu 7 Funktionen. Die <strong>\u201eMallard\u201c<\/strong> kann mit verschiedenen Kombinationen von Funktionen geliefert werden, um den Ger\u00e4ten zu entsprechen, an die sie angeschlossen werden soll. Sie kann auch mit kundenspezifischen Koaxialkabel-Kits geliefert werden. [&#8230;]<\/p>\n<p><a class=\"btn btn-secondary understrap-read-more-link\" href=\"https:\/\/sure-antennas.com\/de\/produkt\/4g-5g-esn-multifunktions-breitband-mimo-oem-antenne-mallard\/\">Weiterlesen&#8230;<\/a><\/p>\n","protected":false},"featured_media":47460,"comment_status":"closed","ping_status":"closed","template":"","meta":{"_acf_changed":false},"product_brand":[],"product_cat":[277,311],"product_tag":[],"class_list":{"0":"post-39035","1":"product","2":"type-product","3":"status-publish","4":"has-post-thumbnail","6":"product_cat-esn-vehicle-antennas-de","7":"product_cat-discreet-antennas-de","8":"manufacturer-discreet-antennas-2-de","10":"first","11":"instock","12":"shipping-taxable","13":"product-type-simple"},"acf":[],"yoast_head":"<!-- This site is optimized with the Yoast SEO plugin v27.5 - https:\/\/yoast.com\/product\/yoast-seo-wordpress\/ -->\n<title>4G\/5G ESN-Multifunktions-Breitband-MiMo-OEM-Antenne<\/title>\n<meta name=\"description\" content=\"Die \u201eMallard\u201c-Antenne ist eine kompakte Haifischflossen-Antenne im eleganten OEM-Design, die bis zu 7 Funktionen unterst\u00fctzen kann.\" \/>\n<meta name=\"robots\" content=\"index, follow, max-snippet:-1, max-image-preview:large, max-video-preview:-1\" \/>\n<link rel=\"canonical\" href=\"https:\/\/sure-antennas.com\/de\/produkt\/4g-5g-esn-multifunktions-breitband-mimo-oem-antenne-mallard\/\" \/>\n<meta property=\"og:locale\" content=\"de_DE\" \/>\n<meta property=\"og:type\" content=\"article\" \/>\n<meta property=\"og:title\" content=\"4G\/5G ESN-Multifunktions-Breitband-MiMo-OEM-Antenne\" \/>\n<meta property=\"og:description\" content=\"Die \u201eMallard\u201c-Antenne ist eine kompakte Haifischflossen-Antenne im eleganten OEM-Design, die bis zu 7 Funktionen unterst\u00fctzen kann.\" \/>\n<meta property=\"og:url\" content=\"https:\/\/sure-antennas.com\/de\/produkt\/4g-5g-esn-multifunktions-breitband-mimo-oem-antenne-mallard\/\" \/>\n<meta property=\"og:site_name\" content=\"Sure Antennas\" \/>\n<meta property=\"article:modified_time\" content=\"2026-03-13T14:39:44+00:00\" \/>\n<meta property=\"og:image\" content=\"https:\/\/sure-antennas.com\/wp-content\/uploads\/2025\/08\/Mallard-enhanced-no-tetra.jpg\" \/>\n\t<meta property=\"og:image:width\" content=\"1245\" \/>\n\t<meta property=\"og:image:height\" content=\"1187\" \/>\n\t<meta property=\"og:image:type\" content=\"image\/jpeg\" \/>\n<meta name=\"twitter:card\" content=\"summary_large_image\" \/>\n<meta name=\"twitter:label1\" content=\"Est. reading time\" \/>\n\t<meta name=\"twitter:data1\" content=\"1 minute\" \/>\n<script type=\"application\/ld+json\" class=\"yoast-schema-graph\">{\"@context\":\"https:\\\/\\\/schema.org\",\"@graph\":[{\"@type\":\"WebPage\",\"@id\":\"https:\\\/\\\/sure-antennas.com\\\/de\\\/produkt\\\/4g-5g-esn-multifunktions-breitband-mimo-oem-antenne-mallard\\\/\",\"url\":\"https:\\\/\\\/sure-antennas.com\\\/de\\\/produkt\\\/4g-5g-esn-multifunktions-breitband-mimo-oem-antenne-mallard\\\/\",\"name\":\"4G\\\/5G ESN-Multifunktions-Breitband-MiMo-OEM-Antenne\",\"isPartOf\":{\"@id\":\"https:\\\/\\\/sure-antennas.com\\\/#website\"},\"primaryImageOfPage\":{\"@id\":\"https:\\\/\\\/sure-antennas.com\\\/de\\\/produkt\\\/4g-5g-esn-multifunktions-breitband-mimo-oem-antenne-mallard\\\/#primaryimage\"},\"image\":{\"@id\":\"https:\\\/\\\/sure-antennas.com\\\/de\\\/produkt\\\/4g-5g-esn-multifunktions-breitband-mimo-oem-antenne-mallard\\\/#primaryimage\"},\"thumbnailUrl\":\"https:\\\/\\\/sure-antennas.com\\\/wp-content\\\/uploads\\\/2025\\\/08\\\/Mallard-enhanced-no-tetra.jpg\",\"datePublished\":\"2025-08-22T08:22:02+00:00\",\"dateModified\":\"2026-03-13T14:39:44+00:00\",\"description\":\"Die \u201eMallard\u201c-Antenne ist eine kompakte Haifischflossen-Antenne im eleganten OEM-Design, die bis zu 7 Funktionen unterst\u00fctzen kann.\",\"breadcrumb\":{\"@id\":\"https:\\\/\\\/sure-antennas.com\\\/de\\\/produkt\\\/4g-5g-esn-multifunktions-breitband-mimo-oem-antenne-mallard\\\/#breadcrumb\"},\"inLanguage\":\"de-DE\",\"potentialAction\":[{\"@type\":\"ReadAction\",\"target\":[\"https:\\\/\\\/sure-antennas.com\\\/de\\\/produkt\\\/4g-5g-esn-multifunktions-breitband-mimo-oem-antenne-mallard\\\/\"]}]},{\"@type\":\"ImageObject\",\"inLanguage\":\"de-DE\",\"@id\":\"https:\\\/\\\/sure-antennas.com\\\/de\\\/produkt\\\/4g-5g-esn-multifunktions-breitband-mimo-oem-antenne-mallard\\\/#primaryimage\",\"url\":\"https:\\\/\\\/sure-antennas.com\\\/wp-content\\\/uploads\\\/2025\\\/08\\\/Mallard-enhanced-no-tetra.jpg\",\"contentUrl\":\"https:\\\/\\\/sure-antennas.com\\\/wp-content\\\/uploads\\\/2025\\\/08\\\/Mallard-enhanced-no-tetra.jpg\",\"width\":1245,\"height\":1187},{\"@type\":\"BreadcrumbList\",\"@id\":\"https:\\\/\\\/sure-antennas.com\\\/de\\\/produkt\\\/4g-5g-esn-multifunktions-breitband-mimo-oem-antenne-mallard\\\/#breadcrumb\",\"itemListElement\":[{\"@type\":\"ListItem\",\"position\":1,\"name\":\"Home\",\"item\":\"https:\\\/\\\/sure-antennas.com\\\/de\\\/\"},{\"@type\":\"ListItem\",\"position\":2,\"name\":\"Gesch\u00e4ft\",\"item\":\"https:\\\/\\\/sure-antennas.com\\\/de\\\/geschaeft\\\/\"},{\"@type\":\"ListItem\",\"position\":3,\"name\":\"4G\\\/5G ESN-Multifunktions-Breitband-MiMo-OEM-Antenne &#8211; Die \u201eMallard\u201c &#8211; ohne TETRA\"}]},{\"@type\":\"WebSite\",\"@id\":\"https:\\\/\\\/sure-antennas.com\\\/#website\",\"url\":\"https:\\\/\\\/sure-antennas.com\\\/\",\"name\":\"Sure Antennas\",\"description\":\"Sure Antennas site\",\"publisher\":{\"@id\":\"https:\\\/\\\/sure-antennas.com\\\/#organization\"},\"potentialAction\":[{\"@type\":\"SearchAction\",\"target\":{\"@type\":\"EntryPoint\",\"urlTemplate\":\"https:\\\/\\\/sure-antennas.com\\\/?s={search_term_string}\"},\"query-input\":{\"@type\":\"PropertyValueSpecification\",\"valueRequired\":true,\"valueName\":\"search_term_string\"}}],\"inLanguage\":\"de-DE\"},{\"@type\":\"Organization\",\"@id\":\"https:\\\/\\\/sure-antennas.com\\\/#organization\",\"name\":\"Sure Antennas\",\"url\":\"https:\\\/\\\/sure-antennas.com\\\/\",\"logo\":{\"@type\":\"ImageObject\",\"inLanguage\":\"de-DE\",\"@id\":\"https:\\\/\\\/sure-antennas.com\\\/#\\\/schema\\\/logo\\\/image\\\/\",\"url\":\"https:\\\/\\\/sure-antennas.com\\\/wp-content\\\/uploads\\\/2021\\\/04\\\/logo-1.png\",\"contentUrl\":\"https:\\\/\\\/sure-antennas.com\\\/wp-content\\\/uploads\\\/2021\\\/04\\\/logo-1.png\",\"width\":211,\"height\":52,\"caption\":\"Sure Antennas\"},\"image\":{\"@id\":\"https:\\\/\\\/sure-antennas.com\\\/#\\\/schema\\\/logo\\\/image\\\/\"}}]}<\/script>\n<!-- \/ Yoast SEO plugin. -->","yoast_head_json":{"title":"4G\/5G ESN-Multifunktions-Breitband-MiMo-OEM-Antenne","description":"Die \u201eMallard\u201c-Antenne ist eine kompakte Haifischflossen-Antenne im eleganten OEM-Design, die bis zu 7 Funktionen unterst\u00fctzen kann.","robots":{"index":"index","follow":"follow","max-snippet":"max-snippet:-1","max-image-preview":"max-image-preview:large","max-video-preview":"max-video-preview:-1"},"canonical":"https:\/\/sure-antennas.com\/de\/produkt\/4g-5g-esn-multifunktions-breitband-mimo-oem-antenne-mallard\/","og_locale":"de_DE","og_type":"article","og_title":"4G\/5G ESN-Multifunktions-Breitband-MiMo-OEM-Antenne","og_description":"Die \u201eMallard\u201c-Antenne ist eine kompakte Haifischflossen-Antenne im eleganten OEM-Design, die bis zu 7 Funktionen unterst\u00fctzen kann.","og_url":"https:\/\/sure-antennas.com\/de\/produkt\/4g-5g-esn-multifunktions-breitband-mimo-oem-antenne-mallard\/","og_site_name":"Sure Antennas","article_modified_time":"2026-03-13T14:39:44+00:00","og_image":[{"width":1245,"height":1187,"url":"https:\/\/sure-antennas.com\/wp-content\/uploads\/2025\/08\/Mallard-enhanced-no-tetra.jpg","type":"image\/jpeg"}],"twitter_card":"summary_large_image","twitter_misc":{"Est. reading time":"1 minute"},"schema":{"@context":"https:\/\/schema.org","@graph":[{"@type":"WebPage","@id":"https:\/\/sure-antennas.com\/de\/produkt\/4g-5g-esn-multifunktions-breitband-mimo-oem-antenne-mallard\/","url":"https:\/\/sure-antennas.com\/de\/produkt\/4g-5g-esn-multifunktions-breitband-mimo-oem-antenne-mallard\/","name":"4G\/5G ESN-Multifunktions-Breitband-MiMo-OEM-Antenne","isPartOf":{"@id":"https:\/\/sure-antennas.com\/#website"},"primaryImageOfPage":{"@id":"https:\/\/sure-antennas.com\/de\/produkt\/4g-5g-esn-multifunktions-breitband-mimo-oem-antenne-mallard\/#primaryimage"},"image":{"@id":"https:\/\/sure-antennas.com\/de\/produkt\/4g-5g-esn-multifunktions-breitband-mimo-oem-antenne-mallard\/#primaryimage"},"thumbnailUrl":"https:\/\/sure-antennas.com\/wp-content\/uploads\/2025\/08\/Mallard-enhanced-no-tetra.jpg","datePublished":"2025-08-22T08:22:02+00:00","dateModified":"2026-03-13T14:39:44+00:00","description":"Die \u201eMallard\u201c-Antenne ist eine kompakte Haifischflossen-Antenne im eleganten OEM-Design, die bis zu 7 Funktionen unterst\u00fctzen kann.","breadcrumb":{"@id":"https:\/\/sure-antennas.com\/de\/produkt\/4g-5g-esn-multifunktions-breitband-mimo-oem-antenne-mallard\/#breadcrumb"},"inLanguage":"de-DE","potentialAction":[{"@type":"ReadAction","target":["https:\/\/sure-antennas.com\/de\/produkt\/4g-5g-esn-multifunktions-breitband-mimo-oem-antenne-mallard\/"]}]},{"@type":"ImageObject","inLanguage":"de-DE","@id":"https:\/\/sure-antennas.com\/de\/produkt\/4g-5g-esn-multifunktions-breitband-mimo-oem-antenne-mallard\/#primaryimage","url":"https:\/\/sure-antennas.com\/wp-content\/uploads\/2025\/08\/Mallard-enhanced-no-tetra.jpg","contentUrl":"https:\/\/sure-antennas.com\/wp-content\/uploads\/2025\/08\/Mallard-enhanced-no-tetra.jpg","width":1245,"height":1187},{"@type":"BreadcrumbList","@id":"https:\/\/sure-antennas.com\/de\/produkt\/4g-5g-esn-multifunktions-breitband-mimo-oem-antenne-mallard\/#breadcrumb","itemListElement":[{"@type":"ListItem","position":1,"name":"Home","item":"https:\/\/sure-antennas.com\/de\/"},{"@type":"ListItem","position":2,"name":"Gesch\u00e4ft","item":"https:\/\/sure-antennas.com\/de\/geschaeft\/"},{"@type":"ListItem","position":3,"name":"4G\/5G ESN-Multifunktions-Breitband-MiMo-OEM-Antenne &#8211; Die \u201eMallard\u201c &#8211; ohne TETRA"}]},{"@type":"WebSite","@id":"https:\/\/sure-antennas.com\/#website","url":"https:\/\/sure-antennas.com\/","name":"Sure Antennas","description":"Sure Antennas site","publisher":{"@id":"https:\/\/sure-antennas.com\/#organization"},"potentialAction":[{"@type":"SearchAction","target":{"@type":"EntryPoint","urlTemplate":"https:\/\/sure-antennas.com\/?s={search_term_string}"},"query-input":{"@type":"PropertyValueSpecification","valueRequired":true,"valueName":"search_term_string"}}],"inLanguage":"de-DE"},{"@type":"Organization","@id":"https:\/\/sure-antennas.com\/#organization","name":"Sure Antennas","url":"https:\/\/sure-antennas.com\/","logo":{"@type":"ImageObject","inLanguage":"de-DE","@id":"https:\/\/sure-antennas.com\/#\/schema\/logo\/image\/","url":"https:\/\/sure-antennas.com\/wp-content\/uploads\/2021\/04\/logo-1.png","contentUrl":"https:\/\/sure-antennas.com\/wp-content\/uploads\/2021\/04\/logo-1.png","width":211,"height":52,"caption":"Sure Antennas"},"image":{"@id":"https:\/\/sure-antennas.com\/#\/schema\/logo\/image\/"}}]}},"_links":{"self":[{"href":"https:\/\/sure-antennas.com\/de\/wp-json\/wp\/v2\/product\/39035","targetHints":{"allow":["GET"]}}],"collection":[{"href":"https:\/\/sure-antennas.com\/de\/wp-json\/wp\/v2\/product"}],"about":[{"href":"https:\/\/sure-antennas.com\/de\/wp-json\/wp\/v2\/types\/product"}],"replies":[{"embeddable":true,"href":"https:\/\/sure-antennas.com\/de\/wp-json\/wp\/v2\/comments?post=39035"}],"wp:featuredmedia":[{"embeddable":true,"href":"https:\/\/sure-antennas.com\/de\/wp-json\/wp\/v2\/media\/47460"}],"wp:attachment":[{"href":"https:\/\/sure-antennas.com\/de\/wp-json\/wp\/v2\/media?parent=39035"}],"wp:term":[{"taxonomy":"product_brand","embeddable":true,"href":"https:\/\/sure-antennas.com\/de\/wp-json\/wp\/v2\/product_brand?post=39035"},{"taxonomy":"product_cat","embeddable":true,"href":"https:\/\/sure-antennas.com\/de\/wp-json\/wp\/v2\/product_cat?post=39035"},{"taxonomy":"product_tag","embeddable":true,"href":"https:\/\/sure-antennas.com\/de\/wp-json\/wp\/v2\/product_tag?post=39035"}],"curies":[{"name":"wp","href":"https:\/\/api.w.org\/{rel}","templated":true}]}}