{"id":39057,"date":"2025-08-29T15:05:28","date_gmt":"2025-08-29T15:05:28","guid":{"rendered":"https:\/\/sure-antennas68068.e.wpstage.net\/product\/esn-ready-multi-function-mimo-antenna-sand-castle-without-tetra\/"},"modified":"2026-03-12T15:43:23","modified_gmt":"2026-03-12T15:43:23","slug":"multifunktions-antenne-die-sandcastle-ohne-tetra","status":"publish","type":"product","link":"https:\/\/sure-antennas.com\/de\/produkt\/multifunktions-antenne-die-sandcastle-ohne-tetra\/","title":{"rendered":"ESN-f\u00e4hige Multifunktions-MIMO-Antenne &#8211; Die \u201eSandcastle\u201c &#8211; ohne TETRA"},"content":{"rendered":"<p>Die <strong>\u201eSandcastle\u201c- ohne TETRA<\/strong> ist eine Multifunktionsantenne, die speziell f\u00fcr den ESN-\u00dcbergang entwickelt wurde und bis zu 11 Funktionen unterst\u00fctzen kann.<\/p>\n<p>Mit 4 Ultrabreitband-Antennenelementen, die 700 MHz bis 6 GHz abdecken, ist diese Antenne zukunftssicher f\u00fcr Ihre Fahrzeuginstallation f\u00fcr die n\u00e4chsten Jahre.<\/p>\n<p>Mit einem Mindestgewinn von 4 dBi \u00fcber das gesamte Band ist sie eine effiziente Option f\u00fcr alle Anwendungen im Bereich der \u00f6ffentlichen Sicherheit. Durch die Montage mit nur einem Loch werden die Installationskosten reduziert und gleichzeitig der Wiederverkaufswert Ihres Fahrzeugs gesch\u00fctzt.<\/p>\n<p>Die \u201eSandcastle\u201c kann mit verschiedenen Funktionskombinationen geliefert werden, die auf die angeschlossenen Ger\u00e4te abgestimmt sind, und es kann auch eine breite Palette an kundenspezifischen verlustarmen Koaxialverl\u00e4ngerungskabels\u00e4tzen geliefert werden. <strong>Weitere Informationen finden Sie in den Datenbl\u00e4ttern.<\/strong><\/p>\n","protected":false},"excerpt":{"rendered":"<p>Diese flache MIMO- Multifunktions-Antenne wird liebevoll <strong>\u201eSandcastle\u201c<\/strong> genannt und kann 11 Funktionen unterst\u00fctzen. Die <strong>\u201eSandcastle\u201c<\/strong> kann mit verschiedenen Kombinationen von Funktionen und Koaxialkabels\u00e4tzen geliefert werden, um den Ger\u00e4ten zu entsprechen, an die sie angeschlossen werden soll. [&#8230;]<\/p>\n<p><a class=\"btn btn-secondary understrap-read-more-link\" href=\"https:\/\/sure-antennas.com\/de\/produkt\/multifunktions-antenne-die-sandcastle-ohne-tetra\/\">Weiterlesen&#8230;<\/a><\/p>\n","protected":false},"featured_media":39058,"comment_status":"closed","ping_status":"closed","template":"","meta":{"_acf_changed":false},"product_brand":[],"product_cat":[277],"product_tag":[],"class_list":{"0":"post-39057","1":"product","2":"type-product","3":"status-publish","4":"has-post-thumbnail","6":"product_cat-esn-vehicle-antennas-de","7":"manufacturer-overt-lte-vehicle-antennasesn-antennas-de","9":"first","10":"instock","11":"shipping-taxable","12":"product-type-simple"},"acf":[],"yoast_head":"<!-- This site is optimized with the Yoast SEO plugin v27.0 - https:\/\/yoast.com\/product\/yoast-seo-wordpress\/ -->\n<title>Multifunktions-Antenne - Die \u201eSandcastle\u201c - ohne TETRA<\/title>\n<meta name=\"description\" content=\"Die \u201eSandcastle\u201c- ohne TETRA ist eine speziell f\u00fcr den ESN-\u00dcbergang entwickelte Multifunktionsantenne, die bis zu 11 Funktionen unterst\u00fctzen kann.\" \/>\n<meta name=\"robots\" content=\"index, follow, max-snippet:-1, max-image-preview:large, max-video-preview:-1\" \/>\n<link rel=\"canonical\" href=\"https:\/\/sure-antennas.com\/de\/produkt\/multifunktions-antenne-die-sandcastle-ohne-tetra\/\" \/>\n<meta property=\"og:locale\" content=\"de_DE\" \/>\n<meta property=\"og:type\" content=\"article\" \/>\n<meta property=\"og:title\" content=\"Multifunktions-Antenne - Die \u201eSandcastle\u201c - ohne TETRA\" \/>\n<meta property=\"og:description\" content=\"Die \u201eSandcastle\u201c- ohne TETRA ist eine speziell f\u00fcr den ESN-\u00dcbergang entwickelte Multifunktionsantenne, die bis zu 11 Funktionen unterst\u00fctzen kann.\" \/>\n<meta property=\"og:url\" content=\"https:\/\/sure-antennas.com\/de\/produkt\/multifunktions-antenne-die-sandcastle-ohne-tetra\/\" \/>\n<meta property=\"og:site_name\" content=\"Sure Antennas\" \/>\n<meta property=\"article:modified_time\" content=\"2026-03-12T15:43:23+00:00\" \/>\n<meta property=\"og:image\" content=\"https:\/\/sure-antennas.com\/wp-content\/uploads\/2021\/06\/Untitled-design-4.png\" \/>\n\t<meta property=\"og:image:width\" content=\"613\" \/>\n\t<meta property=\"og:image:height\" content=\"639\" \/>\n\t<meta property=\"og:image:type\" content=\"image\/png\" \/>\n<meta name=\"twitter:card\" content=\"summary_large_image\" \/>\n<meta name=\"twitter:label1\" content=\"Est. reading time\" \/>\n\t<meta name=\"twitter:data1\" content=\"1 minute\" \/>\n<script type=\"application\/ld+json\" class=\"yoast-schema-graph\">{\"@context\":\"https:\/\/schema.org\",\"@graph\":[{\"@type\":\"WebPage\",\"@id\":\"https:\/\/sure-antennas.com\/de\/produkt\/multifunktions-antenne-die-sandcastle-ohne-tetra\/\",\"url\":\"https:\/\/sure-antennas.com\/de\/produkt\/multifunktions-antenne-die-sandcastle-ohne-tetra\/\",\"name\":\"Multifunktions-Antenne - Die \u201eSandcastle\u201c - ohne TETRA\",\"isPartOf\":{\"@id\":\"https:\/\/sure-antennas.com\/#website\"},\"primaryImageOfPage\":{\"@id\":\"https:\/\/sure-antennas.com\/de\/produkt\/multifunktions-antenne-die-sandcastle-ohne-tetra\/#primaryimage\"},\"image\":{\"@id\":\"https:\/\/sure-antennas.com\/de\/produkt\/multifunktions-antenne-die-sandcastle-ohne-tetra\/#primaryimage\"},\"thumbnailUrl\":\"https:\/\/sure-antennas.com\/wp-content\/uploads\/2021\/06\/Untitled-design-4.png\",\"datePublished\":\"2025-08-29T15:05:28+00:00\",\"dateModified\":\"2026-03-12T15:43:23+00:00\",\"description\":\"Die \u201eSandcastle\u201c- ohne TETRA ist eine speziell f\u00fcr den ESN-\u00dcbergang entwickelte Multifunktionsantenne, die bis zu 11 Funktionen unterst\u00fctzen kann.\",\"breadcrumb\":{\"@id\":\"https:\/\/sure-antennas.com\/de\/produkt\/multifunktions-antenne-die-sandcastle-ohne-tetra\/#breadcrumb\"},\"inLanguage\":\"de-DE\",\"potentialAction\":[{\"@type\":\"ReadAction\",\"target\":[\"https:\/\/sure-antennas.com\/de\/produkt\/multifunktions-antenne-die-sandcastle-ohne-tetra\/\"]}]},{\"@type\":\"ImageObject\",\"inLanguage\":\"de-DE\",\"@id\":\"https:\/\/sure-antennas.com\/de\/produkt\/multifunktions-antenne-die-sandcastle-ohne-tetra\/#primaryimage\",\"url\":\"https:\/\/sure-antennas.com\/wp-content\/uploads\/2021\/06\/Untitled-design-4.png\",\"contentUrl\":\"https:\/\/sure-antennas.com\/wp-content\/uploads\/2021\/06\/Untitled-design-4.png\",\"width\":613,\"height\":639},{\"@type\":\"BreadcrumbList\",\"@id\":\"https:\/\/sure-antennas.com\/de\/produkt\/multifunktions-antenne-die-sandcastle-ohne-tetra\/#breadcrumb\",\"itemListElement\":[{\"@type\":\"ListItem\",\"position\":1,\"name\":\"Home\",\"item\":\"https:\/\/sure-antennas.com\/de\/\"},{\"@type\":\"ListItem\",\"position\":2,\"name\":\"Gesch\u00e4ft\",\"item\":\"https:\/\/sure-antennas.com\/de\/geschaeft\/\"},{\"@type\":\"ListItem\",\"position\":3,\"name\":\"ESN-f\u00e4hige Multifunktions-MIMO-Antenne &#8211; Die \u201eSandcastle\u201c &#8211; ohne TETRA\"}]},{\"@type\":\"WebSite\",\"@id\":\"https:\/\/sure-antennas.com\/#website\",\"url\":\"https:\/\/sure-antennas.com\/\",\"name\":\"Sure Antennas\",\"description\":\"Sure Antennas site\",\"publisher\":{\"@id\":\"https:\/\/sure-antennas.com\/#organization\"},\"potentialAction\":[{\"@type\":\"SearchAction\",\"target\":{\"@type\":\"EntryPoint\",\"urlTemplate\":\"https:\/\/sure-antennas.com\/?s={search_term_string}\"},\"query-input\":{\"@type\":\"PropertyValueSpecification\",\"valueRequired\":true,\"valueName\":\"search_term_string\"}}],\"inLanguage\":\"de-DE\"},{\"@type\":\"Organization\",\"@id\":\"https:\/\/sure-antennas.com\/#organization\",\"name\":\"Sure Antennas\",\"url\":\"https:\/\/sure-antennas.com\/\",\"logo\":{\"@type\":\"ImageObject\",\"inLanguage\":\"de-DE\",\"@id\":\"https:\/\/sure-antennas.com\/#\/schema\/logo\/image\/\",\"url\":\"https:\/\/sure-antennas.com\/wp-content\/uploads\/2021\/04\/logo-1.png\",\"contentUrl\":\"https:\/\/sure-antennas.com\/wp-content\/uploads\/2021\/04\/logo-1.png\",\"width\":211,\"height\":52,\"caption\":\"Sure Antennas\"},\"image\":{\"@id\":\"https:\/\/sure-antennas.com\/#\/schema\/logo\/image\/\"}}]}<\/script>\n<!-- \/ Yoast SEO plugin. -->","yoast_head_json":{"title":"Multifunktions-Antenne - Die \u201eSandcastle\u201c - ohne TETRA","description":"Die \u201eSandcastle\u201c- ohne TETRA ist eine speziell f\u00fcr den ESN-\u00dcbergang entwickelte Multifunktionsantenne, die bis zu 11 Funktionen unterst\u00fctzen kann.","robots":{"index":"index","follow":"follow","max-snippet":"max-snippet:-1","max-image-preview":"max-image-preview:large","max-video-preview":"max-video-preview:-1"},"canonical":"https:\/\/sure-antennas.com\/de\/produkt\/multifunktions-antenne-die-sandcastle-ohne-tetra\/","og_locale":"de_DE","og_type":"article","og_title":"Multifunktions-Antenne - Die \u201eSandcastle\u201c - ohne TETRA","og_description":"Die \u201eSandcastle\u201c- ohne TETRA ist eine speziell f\u00fcr den ESN-\u00dcbergang entwickelte Multifunktionsantenne, die bis zu 11 Funktionen unterst\u00fctzen kann.","og_url":"https:\/\/sure-antennas.com\/de\/produkt\/multifunktions-antenne-die-sandcastle-ohne-tetra\/","og_site_name":"Sure Antennas","article_modified_time":"2026-03-12T15:43:23+00:00","og_image":[{"width":613,"height":639,"url":"https:\/\/sure-antennas.com\/wp-content\/uploads\/2021\/06\/Untitled-design-4.png","type":"image\/png"}],"twitter_card":"summary_large_image","twitter_misc":{"Est. reading time":"1 minute"},"schema":{"@context":"https:\/\/schema.org","@graph":[{"@type":"WebPage","@id":"https:\/\/sure-antennas.com\/de\/produkt\/multifunktions-antenne-die-sandcastle-ohne-tetra\/","url":"https:\/\/sure-antennas.com\/de\/produkt\/multifunktions-antenne-die-sandcastle-ohne-tetra\/","name":"Multifunktions-Antenne - Die \u201eSandcastle\u201c - ohne TETRA","isPartOf":{"@id":"https:\/\/sure-antennas.com\/#website"},"primaryImageOfPage":{"@id":"https:\/\/sure-antennas.com\/de\/produkt\/multifunktions-antenne-die-sandcastle-ohne-tetra\/#primaryimage"},"image":{"@id":"https:\/\/sure-antennas.com\/de\/produkt\/multifunktions-antenne-die-sandcastle-ohne-tetra\/#primaryimage"},"thumbnailUrl":"https:\/\/sure-antennas.com\/wp-content\/uploads\/2021\/06\/Untitled-design-4.png","datePublished":"2025-08-29T15:05:28+00:00","dateModified":"2026-03-12T15:43:23+00:00","description":"Die \u201eSandcastle\u201c- ohne TETRA ist eine speziell f\u00fcr den ESN-\u00dcbergang entwickelte Multifunktionsantenne, die bis zu 11 Funktionen unterst\u00fctzen kann.","breadcrumb":{"@id":"https:\/\/sure-antennas.com\/de\/produkt\/multifunktions-antenne-die-sandcastle-ohne-tetra\/#breadcrumb"},"inLanguage":"de-DE","potentialAction":[{"@type":"ReadAction","target":["https:\/\/sure-antennas.com\/de\/produkt\/multifunktions-antenne-die-sandcastle-ohne-tetra\/"]}]},{"@type":"ImageObject","inLanguage":"de-DE","@id":"https:\/\/sure-antennas.com\/de\/produkt\/multifunktions-antenne-die-sandcastle-ohne-tetra\/#primaryimage","url":"https:\/\/sure-antennas.com\/wp-content\/uploads\/2021\/06\/Untitled-design-4.png","contentUrl":"https:\/\/sure-antennas.com\/wp-content\/uploads\/2021\/06\/Untitled-design-4.png","width":613,"height":639},{"@type":"BreadcrumbList","@id":"https:\/\/sure-antennas.com\/de\/produkt\/multifunktions-antenne-die-sandcastle-ohne-tetra\/#breadcrumb","itemListElement":[{"@type":"ListItem","position":1,"name":"Home","item":"https:\/\/sure-antennas.com\/de\/"},{"@type":"ListItem","position":2,"name":"Gesch\u00e4ft","item":"https:\/\/sure-antennas.com\/de\/geschaeft\/"},{"@type":"ListItem","position":3,"name":"ESN-f\u00e4hige Multifunktions-MIMO-Antenne &#8211; Die \u201eSandcastle\u201c &#8211; ohne TETRA"}]},{"@type":"WebSite","@id":"https:\/\/sure-antennas.com\/#website","url":"https:\/\/sure-antennas.com\/","name":"Sure Antennas","description":"Sure Antennas site","publisher":{"@id":"https:\/\/sure-antennas.com\/#organization"},"potentialAction":[{"@type":"SearchAction","target":{"@type":"EntryPoint","urlTemplate":"https:\/\/sure-antennas.com\/?s={search_term_string}"},"query-input":{"@type":"PropertyValueSpecification","valueRequired":true,"valueName":"search_term_string"}}],"inLanguage":"de-DE"},{"@type":"Organization","@id":"https:\/\/sure-antennas.com\/#organization","name":"Sure Antennas","url":"https:\/\/sure-antennas.com\/","logo":{"@type":"ImageObject","inLanguage":"de-DE","@id":"https:\/\/sure-antennas.com\/#\/schema\/logo\/image\/","url":"https:\/\/sure-antennas.com\/wp-content\/uploads\/2021\/04\/logo-1.png","contentUrl":"https:\/\/sure-antennas.com\/wp-content\/uploads\/2021\/04\/logo-1.png","width":211,"height":52,"caption":"Sure Antennas"},"image":{"@id":"https:\/\/sure-antennas.com\/#\/schema\/logo\/image\/"}}]}},"_links":{"self":[{"href":"https:\/\/sure-antennas.com\/de\/wp-json\/wp\/v2\/product\/39057","targetHints":{"allow":["GET"]}}],"collection":[{"href":"https:\/\/sure-antennas.com\/de\/wp-json\/wp\/v2\/product"}],"about":[{"href":"https:\/\/sure-antennas.com\/de\/wp-json\/wp\/v2\/types\/product"}],"replies":[{"embeddable":true,"href":"https:\/\/sure-antennas.com\/de\/wp-json\/wp\/v2\/comments?post=39057"}],"wp:featuredmedia":[{"embeddable":true,"href":"https:\/\/sure-antennas.com\/de\/wp-json\/wp\/v2\/media\/39058"}],"wp:attachment":[{"href":"https:\/\/sure-antennas.com\/de\/wp-json\/wp\/v2\/media?parent=39057"}],"wp:term":[{"taxonomy":"product_brand","embeddable":true,"href":"https:\/\/sure-antennas.com\/de\/wp-json\/wp\/v2\/product_brand?post=39057"},{"taxonomy":"product_cat","embeddable":true,"href":"https:\/\/sure-antennas.com\/de\/wp-json\/wp\/v2\/product_cat?post=39057"},{"taxonomy":"product_tag","embeddable":true,"href":"https:\/\/sure-antennas.com\/de\/wp-json\/wp\/v2\/product_tag?post=39057"}],"curies":[{"name":"wp","href":"https:\/\/api.w.org\/{rel}","templated":true}]}}