{"id":39083,"date":"2021-06-11T09:47:04","date_gmt":"2021-06-11T09:47:04","guid":{"rendered":"https:\/\/sure-antennas68068.e.wpstage.net\/product\/bnc-cable-assemblies\/"},"modified":"2025-06-23T09:32:33","modified_gmt":"2025-06-23T09:32:33","slug":"bnc-kabelkonfektionen","status":"publish","type":"product","link":"https:\/\/sure-antennas.com\/de\/produkt\/bnc-kabelkonfektionen\/","title":{"rendered":"LBC195 &#8211; FME-Stecker auf BNC-Stecker konfektioniertes Verl\u00e4ngerungskabel"},"content":{"rendered":"<p>Das SCTF1TB1-01500-LBC195-Verl\u00e4ngerungskabel ist ein hochleistungsf\u00e4higes 1,5 Meter langes RF-Verl\u00e4ngerungskabel mit LBC195-Koaxialkabel, das geringe Signalverluste und eine lange Lebensdauer bietet. Es verf\u00fcgt \u00fcber einen FME-Stecker auf der einen Seite und einen BNC-Stecker auf der anderen Seite, geeignet f\u00fcr verschiedene RF- und Fahrzeugkommunikationssysteme.<\/p>\n","protected":false},"excerpt":{"rendered":"<p>Hochwertiges 5-Meter-Verl\u00e4ngerungskabel mit wasserblauen FAKRA-Buchsen auf wasserblaue FAKRA-Stecker. [&#8230;]<\/p>\n<p><a class=\"btn btn-secondary understrap-read-more-link\" href=\"https:\/\/sure-antennas.com\/de\/produkt\/bnc-kabelkonfektionen\/\">Weiterlesen&#8230;<\/a><\/p>\n","protected":false},"featured_media":44124,"comment_status":"open","ping_status":"closed","template":"","meta":{"_acf_changed":false},"product_brand":[],"product_cat":[288],"product_tag":[],"class_list":{"0":"post-39083","1":"product","2":"type-product","3":"status-publish","4":"has-post-thumbnail","6":"product_cat-installation-cables-de","8":"first","9":"instock","10":"shipping-taxable","11":"product-type-simple"},"acf":[],"yoast_head":"<!-- This site is optimized with the Yoast SEO plugin v27.4 - https:\/\/yoast.com\/product\/yoast-seo-wordpress\/ -->\n<title>LBC195 - FME-Stecker auf BNC-Stecker | Sure Antennas<\/title>\n<meta name=\"description\" content=\"Das SCTF1TB1-01500-LBC195-Verl\u00e4ngerungskabel ist ein leistungsstarkes 1,5 Meter langes RF-Verl\u00e4ngerungskabel mit LBC195-Koaxialkabel.\" \/>\n<meta name=\"robots\" content=\"index, follow, max-snippet:-1, max-image-preview:large, max-video-preview:-1\" \/>\n<link rel=\"canonical\" href=\"https:\/\/sure-antennas.com\/de\/produkt\/bnc-kabelkonfektionen\/\" \/>\n<meta property=\"og:locale\" content=\"de_DE\" \/>\n<meta property=\"og:type\" content=\"article\" \/>\n<meta property=\"og:title\" content=\"LBC195 - FME-Stecker auf BNC-Stecker | Sure Antennas\" \/>\n<meta property=\"og:description\" content=\"Das SCTF1TB1-01500-LBC195-Verl\u00e4ngerungskabel ist ein leistungsstarkes 1,5 Meter langes RF-Verl\u00e4ngerungskabel mit LBC195-Koaxialkabel.\" \/>\n<meta property=\"og:url\" content=\"https:\/\/sure-antennas.com\/de\/produkt\/bnc-kabelkonfektionen\/\" \/>\n<meta property=\"og:site_name\" content=\"Sure Antennas\" \/>\n<meta property=\"article:modified_time\" content=\"2025-06-23T09:32:33+00:00\" \/>\n<meta property=\"og:image\" content=\"https:\/\/sure-antennas.com\/wp-content\/uploads\/2021\/06\/bnc222.png\" \/>\n\t<meta property=\"og:image:width\" content=\"500\" \/>\n\t<meta property=\"og:image:height\" content=\"500\" \/>\n\t<meta property=\"og:image:type\" content=\"image\/png\" \/>\n<meta name=\"twitter:card\" content=\"summary_large_image\" \/>\n<meta name=\"twitter:label1\" content=\"Est. reading time\" \/>\n\t<meta name=\"twitter:data1\" content=\"1 minute\" \/>\n<script type=\"application\/ld+json\" class=\"yoast-schema-graph\">{\"@context\":\"https:\\\/\\\/schema.org\",\"@graph\":[{\"@type\":\"WebPage\",\"@id\":\"https:\\\/\\\/sure-antennas.com\\\/de\\\/produkt\\\/bnc-kabelkonfektionen\\\/\",\"url\":\"https:\\\/\\\/sure-antennas.com\\\/de\\\/produkt\\\/bnc-kabelkonfektionen\\\/\",\"name\":\"LBC195 - FME-Stecker auf BNC-Stecker | Sure Antennas\",\"isPartOf\":{\"@id\":\"https:\\\/\\\/sure-antennas.com\\\/#website\"},\"primaryImageOfPage\":{\"@id\":\"https:\\\/\\\/sure-antennas.com\\\/de\\\/produkt\\\/bnc-kabelkonfektionen\\\/#primaryimage\"},\"image\":{\"@id\":\"https:\\\/\\\/sure-antennas.com\\\/de\\\/produkt\\\/bnc-kabelkonfektionen\\\/#primaryimage\"},\"thumbnailUrl\":\"https:\\\/\\\/sure-antennas.com\\\/wp-content\\\/uploads\\\/2021\\\/06\\\/bnc222.png\",\"datePublished\":\"2021-06-11T09:47:04+00:00\",\"dateModified\":\"2025-06-23T09:32:33+00:00\",\"description\":\"Das SCTF1TB1-01500-LBC195-Verl\u00e4ngerungskabel ist ein leistungsstarkes 1,5 Meter langes RF-Verl\u00e4ngerungskabel mit LBC195-Koaxialkabel.\",\"breadcrumb\":{\"@id\":\"https:\\\/\\\/sure-antennas.com\\\/de\\\/produkt\\\/bnc-kabelkonfektionen\\\/#breadcrumb\"},\"inLanguage\":\"de-DE\",\"potentialAction\":[{\"@type\":\"ReadAction\",\"target\":[\"https:\\\/\\\/sure-antennas.com\\\/de\\\/produkt\\\/bnc-kabelkonfektionen\\\/\"]}]},{\"@type\":\"ImageObject\",\"inLanguage\":\"de-DE\",\"@id\":\"https:\\\/\\\/sure-antennas.com\\\/de\\\/produkt\\\/bnc-kabelkonfektionen\\\/#primaryimage\",\"url\":\"https:\\\/\\\/sure-antennas.com\\\/wp-content\\\/uploads\\\/2021\\\/06\\\/bnc222.png\",\"contentUrl\":\"https:\\\/\\\/sure-antennas.com\\\/wp-content\\\/uploads\\\/2021\\\/06\\\/bnc222.png\",\"width\":500,\"height\":500},{\"@type\":\"BreadcrumbList\",\"@id\":\"https:\\\/\\\/sure-antennas.com\\\/de\\\/produkt\\\/bnc-kabelkonfektionen\\\/#breadcrumb\",\"itemListElement\":[{\"@type\":\"ListItem\",\"position\":1,\"name\":\"Home\",\"item\":\"https:\\\/\\\/sure-antennas.com\\\/de\\\/\"},{\"@type\":\"ListItem\",\"position\":2,\"name\":\"Gesch\u00e4ft\",\"item\":\"https:\\\/\\\/sure-antennas.com\\\/de\\\/geschaeft\\\/\"},{\"@type\":\"ListItem\",\"position\":3,\"name\":\"LBC195 &#8211; FME-Stecker auf BNC-Stecker konfektioniertes Verl\u00e4ngerungskabel\"}]},{\"@type\":\"WebSite\",\"@id\":\"https:\\\/\\\/sure-antennas.com\\\/#website\",\"url\":\"https:\\\/\\\/sure-antennas.com\\\/\",\"name\":\"Sure Antennas\",\"description\":\"Sure Antennas site\",\"publisher\":{\"@id\":\"https:\\\/\\\/sure-antennas.com\\\/#organization\"},\"potentialAction\":[{\"@type\":\"SearchAction\",\"target\":{\"@type\":\"EntryPoint\",\"urlTemplate\":\"https:\\\/\\\/sure-antennas.com\\\/?s={search_term_string}\"},\"query-input\":{\"@type\":\"PropertyValueSpecification\",\"valueRequired\":true,\"valueName\":\"search_term_string\"}}],\"inLanguage\":\"de-DE\"},{\"@type\":\"Organization\",\"@id\":\"https:\\\/\\\/sure-antennas.com\\\/#organization\",\"name\":\"Sure Antennas\",\"url\":\"https:\\\/\\\/sure-antennas.com\\\/\",\"logo\":{\"@type\":\"ImageObject\",\"inLanguage\":\"de-DE\",\"@id\":\"https:\\\/\\\/sure-antennas.com\\\/#\\\/schema\\\/logo\\\/image\\\/\",\"url\":\"https:\\\/\\\/sure-antennas.com\\\/wp-content\\\/uploads\\\/2021\\\/04\\\/logo-1.png\",\"contentUrl\":\"https:\\\/\\\/sure-antennas.com\\\/wp-content\\\/uploads\\\/2021\\\/04\\\/logo-1.png\",\"width\":211,\"height\":52,\"caption\":\"Sure Antennas\"},\"image\":{\"@id\":\"https:\\\/\\\/sure-antennas.com\\\/#\\\/schema\\\/logo\\\/image\\\/\"}}]}<\/script>\n<!-- \/ Yoast SEO plugin. -->","yoast_head_json":{"title":"LBC195 - FME-Stecker auf BNC-Stecker | Sure Antennas","description":"Das SCTF1TB1-01500-LBC195-Verl\u00e4ngerungskabel ist ein leistungsstarkes 1,5 Meter langes RF-Verl\u00e4ngerungskabel mit LBC195-Koaxialkabel.","robots":{"index":"index","follow":"follow","max-snippet":"max-snippet:-1","max-image-preview":"max-image-preview:large","max-video-preview":"max-video-preview:-1"},"canonical":"https:\/\/sure-antennas.com\/de\/produkt\/bnc-kabelkonfektionen\/","og_locale":"de_DE","og_type":"article","og_title":"LBC195 - FME-Stecker auf BNC-Stecker | Sure Antennas","og_description":"Das SCTF1TB1-01500-LBC195-Verl\u00e4ngerungskabel ist ein leistungsstarkes 1,5 Meter langes RF-Verl\u00e4ngerungskabel mit LBC195-Koaxialkabel.","og_url":"https:\/\/sure-antennas.com\/de\/produkt\/bnc-kabelkonfektionen\/","og_site_name":"Sure Antennas","article_modified_time":"2025-06-23T09:32:33+00:00","og_image":[{"width":500,"height":500,"url":"https:\/\/sure-antennas.com\/wp-content\/uploads\/2021\/06\/bnc222.png","type":"image\/png"}],"twitter_card":"summary_large_image","twitter_misc":{"Est. reading time":"1 minute"},"schema":{"@context":"https:\/\/schema.org","@graph":[{"@type":"WebPage","@id":"https:\/\/sure-antennas.com\/de\/produkt\/bnc-kabelkonfektionen\/","url":"https:\/\/sure-antennas.com\/de\/produkt\/bnc-kabelkonfektionen\/","name":"LBC195 - FME-Stecker auf BNC-Stecker | Sure Antennas","isPartOf":{"@id":"https:\/\/sure-antennas.com\/#website"},"primaryImageOfPage":{"@id":"https:\/\/sure-antennas.com\/de\/produkt\/bnc-kabelkonfektionen\/#primaryimage"},"image":{"@id":"https:\/\/sure-antennas.com\/de\/produkt\/bnc-kabelkonfektionen\/#primaryimage"},"thumbnailUrl":"https:\/\/sure-antennas.com\/wp-content\/uploads\/2021\/06\/bnc222.png","datePublished":"2021-06-11T09:47:04+00:00","dateModified":"2025-06-23T09:32:33+00:00","description":"Das SCTF1TB1-01500-LBC195-Verl\u00e4ngerungskabel ist ein leistungsstarkes 1,5 Meter langes RF-Verl\u00e4ngerungskabel mit LBC195-Koaxialkabel.","breadcrumb":{"@id":"https:\/\/sure-antennas.com\/de\/produkt\/bnc-kabelkonfektionen\/#breadcrumb"},"inLanguage":"de-DE","potentialAction":[{"@type":"ReadAction","target":["https:\/\/sure-antennas.com\/de\/produkt\/bnc-kabelkonfektionen\/"]}]},{"@type":"ImageObject","inLanguage":"de-DE","@id":"https:\/\/sure-antennas.com\/de\/produkt\/bnc-kabelkonfektionen\/#primaryimage","url":"https:\/\/sure-antennas.com\/wp-content\/uploads\/2021\/06\/bnc222.png","contentUrl":"https:\/\/sure-antennas.com\/wp-content\/uploads\/2021\/06\/bnc222.png","width":500,"height":500},{"@type":"BreadcrumbList","@id":"https:\/\/sure-antennas.com\/de\/produkt\/bnc-kabelkonfektionen\/#breadcrumb","itemListElement":[{"@type":"ListItem","position":1,"name":"Home","item":"https:\/\/sure-antennas.com\/de\/"},{"@type":"ListItem","position":2,"name":"Gesch\u00e4ft","item":"https:\/\/sure-antennas.com\/de\/geschaeft\/"},{"@type":"ListItem","position":3,"name":"LBC195 &#8211; FME-Stecker auf BNC-Stecker konfektioniertes Verl\u00e4ngerungskabel"}]},{"@type":"WebSite","@id":"https:\/\/sure-antennas.com\/#website","url":"https:\/\/sure-antennas.com\/","name":"Sure Antennas","description":"Sure Antennas site","publisher":{"@id":"https:\/\/sure-antennas.com\/#organization"},"potentialAction":[{"@type":"SearchAction","target":{"@type":"EntryPoint","urlTemplate":"https:\/\/sure-antennas.com\/?s={search_term_string}"},"query-input":{"@type":"PropertyValueSpecification","valueRequired":true,"valueName":"search_term_string"}}],"inLanguage":"de-DE"},{"@type":"Organization","@id":"https:\/\/sure-antennas.com\/#organization","name":"Sure Antennas","url":"https:\/\/sure-antennas.com\/","logo":{"@type":"ImageObject","inLanguage":"de-DE","@id":"https:\/\/sure-antennas.com\/#\/schema\/logo\/image\/","url":"https:\/\/sure-antennas.com\/wp-content\/uploads\/2021\/04\/logo-1.png","contentUrl":"https:\/\/sure-antennas.com\/wp-content\/uploads\/2021\/04\/logo-1.png","width":211,"height":52,"caption":"Sure Antennas"},"image":{"@id":"https:\/\/sure-antennas.com\/#\/schema\/logo\/image\/"}}]}},"_links":{"self":[{"href":"https:\/\/sure-antennas.com\/de\/wp-json\/wp\/v2\/product\/39083","targetHints":{"allow":["GET"]}}],"collection":[{"href":"https:\/\/sure-antennas.com\/de\/wp-json\/wp\/v2\/product"}],"about":[{"href":"https:\/\/sure-antennas.com\/de\/wp-json\/wp\/v2\/types\/product"}],"replies":[{"embeddable":true,"href":"https:\/\/sure-antennas.com\/de\/wp-json\/wp\/v2\/comments?post=39083"}],"wp:featuredmedia":[{"embeddable":true,"href":"https:\/\/sure-antennas.com\/de\/wp-json\/wp\/v2\/media\/44124"}],"wp:attachment":[{"href":"https:\/\/sure-antennas.com\/de\/wp-json\/wp\/v2\/media?parent=39083"}],"wp:term":[{"taxonomy":"product_brand","embeddable":true,"href":"https:\/\/sure-antennas.com\/de\/wp-json\/wp\/v2\/product_brand?post=39083"},{"taxonomy":"product_cat","embeddable":true,"href":"https:\/\/sure-antennas.com\/de\/wp-json\/wp\/v2\/product_cat?post=39083"},{"taxonomy":"product_tag","embeddable":true,"href":"https:\/\/sure-antennas.com\/de\/wp-json\/wp\/v2\/product_tag?post=39083"}],"curies":[{"name":"wp","href":"https:\/\/api.w.org\/{rel}","templated":true}]}}