{"id":39090,"date":"2021-06-11T09:43:24","date_gmt":"2021-06-11T09:43:24","guid":{"rendered":"https:\/\/sure-antennas68068.e.wpstage.net\/product\/n-type-cable-assemblies\/"},"modified":"2025-06-23T08:28:56","modified_gmt":"2025-06-23T08:28:56","slug":"n-typ-kabelkonfektionen","status":"publish","type":"product","link":"https:\/\/sure-antennas.com\/de\/produkt\/n-typ-kabelkonfektionen\/","title":{"rendered":"LBC240 &#8211; SMA-Stecker auf N-TYPE-Stecker &#8211; konfektioniertes Verl\u00e4ngerungskabel"},"content":{"rendered":"<p>Langlebige, verlustarme N-Typ-Kabelkonfektionen, die f\u00fcr Hochleistungs-RF-Anwendungen entwickelt wurden. Ideal f\u00fcr Anwendungen, die eine robuste und sichere Konnektivit\u00e4t zwischen verschiedenen RF-Schnittstellen erfordern.<\/p>\n","protected":false},"excerpt":{"rendered":"<p>Das Kabel SCTS1TN1-05000-LBC240 ist ein 5 Meter langes Hochleistungs-RF-Verl\u00e4ngerungskabel mit SMA Male auf N-Type Male Steckern. [&#8230;]<\/p>\n<p><a class=\"btn btn-secondary understrap-read-more-link\" href=\"https:\/\/sure-antennas.com\/de\/produkt\/n-typ-kabelkonfektionen\/\">Weiterlesen&#8230;<\/a><\/p>\n","protected":false},"featured_media":44085,"comment_status":"open","ping_status":"closed","template":"","meta":{"_acf_changed":false},"product_brand":[],"product_cat":[288],"product_tag":[],"class_list":{"0":"post-39090","1":"product","2":"type-product","3":"status-publish","4":"has-post-thumbnail","6":"product_cat-installation-cables-de","8":"first","9":"instock","10":"shipping-taxable","11":"product-type-simple"},"acf":[],"yoast_head":"<!-- This site is optimized with the Yoast SEO plugin v27.4 - https:\/\/yoast.com\/product\/yoast-seo-wordpress\/ -->\n<title>LBC240 - SMA-Stecker auf N-TYPE-Stecker | Sure Antennas<\/title>\n<meta name=\"description\" content=\"Langlebige, verlustarme N-Type-Kabel sind f\u00fcr leistungsstarke RF-Anwendungen konzipiert. Ideal f\u00fcr Mobilfunk-, WLAN- und Antennensysteme.\" \/>\n<meta name=\"robots\" content=\"index, follow, max-snippet:-1, max-image-preview:large, max-video-preview:-1\" \/>\n<link rel=\"canonical\" href=\"https:\/\/sure-antennas.com\/de\/produkt\/n-typ-kabelkonfektionen\/\" \/>\n<meta property=\"og:locale\" content=\"de_DE\" \/>\n<meta property=\"og:type\" content=\"article\" \/>\n<meta property=\"og:title\" content=\"LBC240 - SMA-Stecker auf N-TYPE-Stecker | Sure Antennas\" \/>\n<meta property=\"og:description\" content=\"Langlebige, verlustarme N-Type-Kabel sind f\u00fcr leistungsstarke RF-Anwendungen konzipiert. Ideal f\u00fcr Mobilfunk-, WLAN- und Antennensysteme.\" \/>\n<meta property=\"og:url\" content=\"https:\/\/sure-antennas.com\/de\/produkt\/n-typ-kabelkonfektionen\/\" \/>\n<meta property=\"og:site_name\" content=\"Sure Antennas\" \/>\n<meta property=\"article:modified_time\" content=\"2025-06-23T08:28:56+00:00\" \/>\n<meta property=\"og:image\" content=\"https:\/\/sure-antennas.com\/wp-content\/uploads\/2021\/06\/ntype-1.png\" \/>\n\t<meta property=\"og:image:width\" content=\"500\" \/>\n\t<meta property=\"og:image:height\" content=\"500\" \/>\n\t<meta property=\"og:image:type\" content=\"image\/png\" \/>\n<meta name=\"twitter:card\" content=\"summary_large_image\" \/>\n<meta name=\"twitter:label1\" content=\"Est. reading time\" \/>\n\t<meta name=\"twitter:data1\" content=\"1 minute\" \/>\n<script type=\"application\/ld+json\" class=\"yoast-schema-graph\">{\"@context\":\"https:\\\/\\\/schema.org\",\"@graph\":[{\"@type\":\"WebPage\",\"@id\":\"https:\\\/\\\/sure-antennas.com\\\/de\\\/produkt\\\/n-typ-kabelkonfektionen\\\/\",\"url\":\"https:\\\/\\\/sure-antennas.com\\\/de\\\/produkt\\\/n-typ-kabelkonfektionen\\\/\",\"name\":\"LBC240 - SMA-Stecker auf N-TYPE-Stecker | Sure Antennas\",\"isPartOf\":{\"@id\":\"https:\\\/\\\/sure-antennas.com\\\/#website\"},\"primaryImageOfPage\":{\"@id\":\"https:\\\/\\\/sure-antennas.com\\\/de\\\/produkt\\\/n-typ-kabelkonfektionen\\\/#primaryimage\"},\"image\":{\"@id\":\"https:\\\/\\\/sure-antennas.com\\\/de\\\/produkt\\\/n-typ-kabelkonfektionen\\\/#primaryimage\"},\"thumbnailUrl\":\"https:\\\/\\\/sure-antennas.com\\\/wp-content\\\/uploads\\\/2021\\\/06\\\/ntype-1.png\",\"datePublished\":\"2021-06-11T09:43:24+00:00\",\"dateModified\":\"2025-06-23T08:28:56+00:00\",\"description\":\"Langlebige, verlustarme N-Type-Kabel sind f\u00fcr leistungsstarke RF-Anwendungen konzipiert. Ideal f\u00fcr Mobilfunk-, WLAN- und Antennensysteme.\",\"breadcrumb\":{\"@id\":\"https:\\\/\\\/sure-antennas.com\\\/de\\\/produkt\\\/n-typ-kabelkonfektionen\\\/#breadcrumb\"},\"inLanguage\":\"de-DE\",\"potentialAction\":[{\"@type\":\"ReadAction\",\"target\":[\"https:\\\/\\\/sure-antennas.com\\\/de\\\/produkt\\\/n-typ-kabelkonfektionen\\\/\"]}]},{\"@type\":\"ImageObject\",\"inLanguage\":\"de-DE\",\"@id\":\"https:\\\/\\\/sure-antennas.com\\\/de\\\/produkt\\\/n-typ-kabelkonfektionen\\\/#primaryimage\",\"url\":\"https:\\\/\\\/sure-antennas.com\\\/wp-content\\\/uploads\\\/2021\\\/06\\\/ntype-1.png\",\"contentUrl\":\"https:\\\/\\\/sure-antennas.com\\\/wp-content\\\/uploads\\\/2021\\\/06\\\/ntype-1.png\",\"width\":500,\"height\":500},{\"@type\":\"BreadcrumbList\",\"@id\":\"https:\\\/\\\/sure-antennas.com\\\/de\\\/produkt\\\/n-typ-kabelkonfektionen\\\/#breadcrumb\",\"itemListElement\":[{\"@type\":\"ListItem\",\"position\":1,\"name\":\"Home\",\"item\":\"https:\\\/\\\/sure-antennas.com\\\/de\\\/\"},{\"@type\":\"ListItem\",\"position\":2,\"name\":\"Gesch\u00e4ft\",\"item\":\"https:\\\/\\\/sure-antennas.com\\\/de\\\/geschaeft\\\/\"},{\"@type\":\"ListItem\",\"position\":3,\"name\":\"LBC240 &#8211; SMA-Stecker auf N-TYPE-Stecker &#8211; konfektioniertes Verl\u00e4ngerungskabel\"}]},{\"@type\":\"WebSite\",\"@id\":\"https:\\\/\\\/sure-antennas.com\\\/#website\",\"url\":\"https:\\\/\\\/sure-antennas.com\\\/\",\"name\":\"Sure Antennas\",\"description\":\"Sure Antennas site\",\"publisher\":{\"@id\":\"https:\\\/\\\/sure-antennas.com\\\/#organization\"},\"potentialAction\":[{\"@type\":\"SearchAction\",\"target\":{\"@type\":\"EntryPoint\",\"urlTemplate\":\"https:\\\/\\\/sure-antennas.com\\\/?s={search_term_string}\"},\"query-input\":{\"@type\":\"PropertyValueSpecification\",\"valueRequired\":true,\"valueName\":\"search_term_string\"}}],\"inLanguage\":\"de-DE\"},{\"@type\":\"Organization\",\"@id\":\"https:\\\/\\\/sure-antennas.com\\\/#organization\",\"name\":\"Sure Antennas\",\"url\":\"https:\\\/\\\/sure-antennas.com\\\/\",\"logo\":{\"@type\":\"ImageObject\",\"inLanguage\":\"de-DE\",\"@id\":\"https:\\\/\\\/sure-antennas.com\\\/#\\\/schema\\\/logo\\\/image\\\/\",\"url\":\"https:\\\/\\\/sure-antennas.com\\\/wp-content\\\/uploads\\\/2021\\\/04\\\/logo-1.png\",\"contentUrl\":\"https:\\\/\\\/sure-antennas.com\\\/wp-content\\\/uploads\\\/2021\\\/04\\\/logo-1.png\",\"width\":211,\"height\":52,\"caption\":\"Sure Antennas\"},\"image\":{\"@id\":\"https:\\\/\\\/sure-antennas.com\\\/#\\\/schema\\\/logo\\\/image\\\/\"}}]}<\/script>\n<!-- \/ Yoast SEO plugin. -->","yoast_head_json":{"title":"LBC240 - SMA-Stecker auf N-TYPE-Stecker | Sure Antennas","description":"Langlebige, verlustarme N-Type-Kabel sind f\u00fcr leistungsstarke RF-Anwendungen konzipiert. Ideal f\u00fcr Mobilfunk-, WLAN- und Antennensysteme.","robots":{"index":"index","follow":"follow","max-snippet":"max-snippet:-1","max-image-preview":"max-image-preview:large","max-video-preview":"max-video-preview:-1"},"canonical":"https:\/\/sure-antennas.com\/de\/produkt\/n-typ-kabelkonfektionen\/","og_locale":"de_DE","og_type":"article","og_title":"LBC240 - SMA-Stecker auf N-TYPE-Stecker | Sure Antennas","og_description":"Langlebige, verlustarme N-Type-Kabel sind f\u00fcr leistungsstarke RF-Anwendungen konzipiert. Ideal f\u00fcr Mobilfunk-, WLAN- und Antennensysteme.","og_url":"https:\/\/sure-antennas.com\/de\/produkt\/n-typ-kabelkonfektionen\/","og_site_name":"Sure Antennas","article_modified_time":"2025-06-23T08:28:56+00:00","og_image":[{"width":500,"height":500,"url":"https:\/\/sure-antennas.com\/wp-content\/uploads\/2021\/06\/ntype-1.png","type":"image\/png"}],"twitter_card":"summary_large_image","twitter_misc":{"Est. reading time":"1 minute"},"schema":{"@context":"https:\/\/schema.org","@graph":[{"@type":"WebPage","@id":"https:\/\/sure-antennas.com\/de\/produkt\/n-typ-kabelkonfektionen\/","url":"https:\/\/sure-antennas.com\/de\/produkt\/n-typ-kabelkonfektionen\/","name":"LBC240 - SMA-Stecker auf N-TYPE-Stecker | Sure Antennas","isPartOf":{"@id":"https:\/\/sure-antennas.com\/#website"},"primaryImageOfPage":{"@id":"https:\/\/sure-antennas.com\/de\/produkt\/n-typ-kabelkonfektionen\/#primaryimage"},"image":{"@id":"https:\/\/sure-antennas.com\/de\/produkt\/n-typ-kabelkonfektionen\/#primaryimage"},"thumbnailUrl":"https:\/\/sure-antennas.com\/wp-content\/uploads\/2021\/06\/ntype-1.png","datePublished":"2021-06-11T09:43:24+00:00","dateModified":"2025-06-23T08:28:56+00:00","description":"Langlebige, verlustarme N-Type-Kabel sind f\u00fcr leistungsstarke RF-Anwendungen konzipiert. Ideal f\u00fcr Mobilfunk-, WLAN- und Antennensysteme.","breadcrumb":{"@id":"https:\/\/sure-antennas.com\/de\/produkt\/n-typ-kabelkonfektionen\/#breadcrumb"},"inLanguage":"de-DE","potentialAction":[{"@type":"ReadAction","target":["https:\/\/sure-antennas.com\/de\/produkt\/n-typ-kabelkonfektionen\/"]}]},{"@type":"ImageObject","inLanguage":"de-DE","@id":"https:\/\/sure-antennas.com\/de\/produkt\/n-typ-kabelkonfektionen\/#primaryimage","url":"https:\/\/sure-antennas.com\/wp-content\/uploads\/2021\/06\/ntype-1.png","contentUrl":"https:\/\/sure-antennas.com\/wp-content\/uploads\/2021\/06\/ntype-1.png","width":500,"height":500},{"@type":"BreadcrumbList","@id":"https:\/\/sure-antennas.com\/de\/produkt\/n-typ-kabelkonfektionen\/#breadcrumb","itemListElement":[{"@type":"ListItem","position":1,"name":"Home","item":"https:\/\/sure-antennas.com\/de\/"},{"@type":"ListItem","position":2,"name":"Gesch\u00e4ft","item":"https:\/\/sure-antennas.com\/de\/geschaeft\/"},{"@type":"ListItem","position":3,"name":"LBC240 &#8211; SMA-Stecker auf N-TYPE-Stecker &#8211; konfektioniertes Verl\u00e4ngerungskabel"}]},{"@type":"WebSite","@id":"https:\/\/sure-antennas.com\/#website","url":"https:\/\/sure-antennas.com\/","name":"Sure Antennas","description":"Sure Antennas site","publisher":{"@id":"https:\/\/sure-antennas.com\/#organization"},"potentialAction":[{"@type":"SearchAction","target":{"@type":"EntryPoint","urlTemplate":"https:\/\/sure-antennas.com\/?s={search_term_string}"},"query-input":{"@type":"PropertyValueSpecification","valueRequired":true,"valueName":"search_term_string"}}],"inLanguage":"de-DE"},{"@type":"Organization","@id":"https:\/\/sure-antennas.com\/#organization","name":"Sure Antennas","url":"https:\/\/sure-antennas.com\/","logo":{"@type":"ImageObject","inLanguage":"de-DE","@id":"https:\/\/sure-antennas.com\/#\/schema\/logo\/image\/","url":"https:\/\/sure-antennas.com\/wp-content\/uploads\/2021\/04\/logo-1.png","contentUrl":"https:\/\/sure-antennas.com\/wp-content\/uploads\/2021\/04\/logo-1.png","width":211,"height":52,"caption":"Sure Antennas"},"image":{"@id":"https:\/\/sure-antennas.com\/#\/schema\/logo\/image\/"}}]}},"_links":{"self":[{"href":"https:\/\/sure-antennas.com\/de\/wp-json\/wp\/v2\/product\/39090","targetHints":{"allow":["GET"]}}],"collection":[{"href":"https:\/\/sure-antennas.com\/de\/wp-json\/wp\/v2\/product"}],"about":[{"href":"https:\/\/sure-antennas.com\/de\/wp-json\/wp\/v2\/types\/product"}],"replies":[{"embeddable":true,"href":"https:\/\/sure-antennas.com\/de\/wp-json\/wp\/v2\/comments?post=39090"}],"wp:featuredmedia":[{"embeddable":true,"href":"https:\/\/sure-antennas.com\/de\/wp-json\/wp\/v2\/media\/44085"}],"wp:attachment":[{"href":"https:\/\/sure-antennas.com\/de\/wp-json\/wp\/v2\/media?parent=39090"}],"wp:term":[{"taxonomy":"product_brand","embeddable":true,"href":"https:\/\/sure-antennas.com\/de\/wp-json\/wp\/v2\/product_brand?post=39090"},{"taxonomy":"product_cat","embeddable":true,"href":"https:\/\/sure-antennas.com\/de\/wp-json\/wp\/v2\/product_cat?post=39090"},{"taxonomy":"product_tag","embeddable":true,"href":"https:\/\/sure-antennas.com\/de\/wp-json\/wp\/v2\/product_tag?post=39090"}],"curies":[{"name":"wp","href":"https:\/\/api.w.org\/{rel}","templated":true}]}}