{"id":39095,"date":"2025-06-30T08:46:45","date_gmt":"2025-06-30T08:46:45","guid":{"rendered":"https:\/\/sure-antennas68068.e.wpstage.net\/product\/handsfree-r5-fixed-vehicle-device\/"},"modified":"2025-11-17T12:14:14","modified_gmt":"2025-11-17T12:14:14","slug":"handsfree-r5-festinstallierte-fahrzeugeinheit","status":"publish","type":"product","link":"https:\/\/sure-antennas.com\/de\/produkt\/handsfree-r5-festinstallierte-fahrzeugeinheit\/","title":{"rendered":"Handsfree R5 Festinstallierte Fahrzeugeinheit"},"content":{"rendered":"<p>Die fest installierte R5 ESN-Ger\u00e4tel\u00f6sung von Handsfree wurde in Zusammenarbeit mit dem Innenministerium (des Vereinigten K\u00f6nigreichs) unter einem Rahmenvertrag und anschlie\u00dfenden Abrufvereinbarungen entwickelt. Die ESN-L\u00f6sung besteht aus einer exklusiven und leistungsstarken Steuereinheit, die mit einer Auswahl an intuitiven Benutzerschnittstellen verbunden ist, die flexibel und programmierbar sind, so dass Sie bei Bedarf Funktionen wie zus\u00e4tzliche Terminals, mehrere Handger\u00e4te, Sprechfunktion (Push-to-Talk), Kameraansicht und Telematik hinzuf\u00fcgen k\u00f6nnen.<\/p>\n","protected":false},"excerpt":{"rendered":"<p>Das R5 von Handsfree ist ein <strong>ESN-f\u00e4higes<\/strong>, fahrzeugfestes Ger\u00e4t, das mit unseren Antennen <strong>\u201eMallard\u201c<\/strong> und <strong>\u201eSandcastle\u201c<\/strong> voll kompatibel ist. [&#8230;]<\/p>\n<p><a class=\"btn btn-secondary understrap-read-more-link\" href=\"https:\/\/sure-antennas.com\/de\/produkt\/handsfree-r5-festinstallierte-fahrzeugeinheit\/\">Weiterlesen&#8230;<\/a><\/p>\n","protected":false},"featured_media":45704,"comment_status":"open","ping_status":"closed","template":"","meta":{"_acf_changed":false},"product_brand":[],"product_cat":[282],"product_tag":[],"class_list":{"0":"post-39095","1":"product","2":"type-product","3":"status-publish","4":"has-post-thumbnail","6":"product_cat-vehicle-technology-de","7":"manufacturer-handsfree-r5-fixed-vehicle-device-de","9":"first","10":"instock","11":"shipping-taxable","12":"product-type-simple"},"acf":[],"yoast_head":"<!-- This site is optimized with the Yoast SEO plugin v27.4 - https:\/\/yoast.com\/product\/yoast-seo-wordpress\/ -->\n<title>Handsfree R5 Festinstallierte Fahrzeugeinheit<\/title>\n<meta name=\"description\" content=\"Das R5 von Handsfree ist ein ESN-f\u00e4higes, fahrzeugfestes Ger\u00e4t, das mit unseren Antennen \u201eMallard\u201c und \u201eSandcastle\u201c vollst\u00e4ndig kompatibel ist.\" \/>\n<meta name=\"robots\" content=\"index, follow, max-snippet:-1, max-image-preview:large, max-video-preview:-1\" \/>\n<link rel=\"canonical\" href=\"https:\/\/sure-antennas.com\/de\/produkt\/handsfree-r5-festinstallierte-fahrzeugeinheit\/\" \/>\n<meta property=\"og:locale\" content=\"de_DE\" \/>\n<meta property=\"og:type\" content=\"article\" \/>\n<meta property=\"og:title\" content=\"Handsfree R5 Festinstallierte Fahrzeugeinheit\" \/>\n<meta property=\"og:description\" content=\"Das R5 von Handsfree ist ein ESN-f\u00e4higes, fahrzeugfestes Ger\u00e4t, das mit unseren Antennen \u201eMallard\u201c und \u201eSandcastle\u201c vollst\u00e4ndig kompatibel ist.\" \/>\n<meta property=\"og:url\" content=\"https:\/\/sure-antennas.com\/de\/produkt\/handsfree-r5-festinstallierte-fahrzeugeinheit\/\" \/>\n<meta property=\"og:site_name\" content=\"Sure Antennas\" \/>\n<meta property=\"article:modified_time\" content=\"2025-11-17T12:14:14+00:00\" \/>\n<meta property=\"og:image\" content=\"https:\/\/sure-antennas.com\/wp-content\/uploads\/2025\/06\/Handsfree-ESN-5.7-Front-scaled-1.jpg\" \/>\n\t<meta property=\"og:image:width\" content=\"2560\" \/>\n\t<meta property=\"og:image:height\" content=\"1810\" \/>\n\t<meta property=\"og:image:type\" content=\"image\/jpeg\" \/>\n<meta name=\"twitter:card\" content=\"summary_large_image\" \/>\n<meta name=\"twitter:label1\" content=\"Est. reading time\" \/>\n\t<meta name=\"twitter:data1\" content=\"1 minute\" \/>\n<script type=\"application\/ld+json\" class=\"yoast-schema-graph\">{\"@context\":\"https:\\\/\\\/schema.org\",\"@graph\":[{\"@type\":\"WebPage\",\"@id\":\"https:\\\/\\\/sure-antennas.com\\\/de\\\/produkt\\\/handsfree-r5-festinstallierte-fahrzeugeinheit\\\/\",\"url\":\"https:\\\/\\\/sure-antennas.com\\\/de\\\/produkt\\\/handsfree-r5-festinstallierte-fahrzeugeinheit\\\/\",\"name\":\"Handsfree R5 Festinstallierte Fahrzeugeinheit\",\"isPartOf\":{\"@id\":\"https:\\\/\\\/sure-antennas.com\\\/#website\"},\"primaryImageOfPage\":{\"@id\":\"https:\\\/\\\/sure-antennas.com\\\/de\\\/produkt\\\/handsfree-r5-festinstallierte-fahrzeugeinheit\\\/#primaryimage\"},\"image\":{\"@id\":\"https:\\\/\\\/sure-antennas.com\\\/de\\\/produkt\\\/handsfree-r5-festinstallierte-fahrzeugeinheit\\\/#primaryimage\"},\"thumbnailUrl\":\"https:\\\/\\\/sure-antennas.com\\\/wp-content\\\/uploads\\\/2025\\\/06\\\/Handsfree-ESN-5.7-Front-scaled-1.jpg\",\"datePublished\":\"2025-06-30T08:46:45+00:00\",\"dateModified\":\"2025-11-17T12:14:14+00:00\",\"description\":\"Das R5 von Handsfree ist ein ESN-f\u00e4higes, fahrzeugfestes Ger\u00e4t, das mit unseren Antennen \u201eMallard\u201c und \u201eSandcastle\u201c vollst\u00e4ndig kompatibel ist.\",\"breadcrumb\":{\"@id\":\"https:\\\/\\\/sure-antennas.com\\\/de\\\/produkt\\\/handsfree-r5-festinstallierte-fahrzeugeinheit\\\/#breadcrumb\"},\"inLanguage\":\"de-DE\",\"potentialAction\":[{\"@type\":\"ReadAction\",\"target\":[\"https:\\\/\\\/sure-antennas.com\\\/de\\\/produkt\\\/handsfree-r5-festinstallierte-fahrzeugeinheit\\\/\"]}]},{\"@type\":\"ImageObject\",\"inLanguage\":\"de-DE\",\"@id\":\"https:\\\/\\\/sure-antennas.com\\\/de\\\/produkt\\\/handsfree-r5-festinstallierte-fahrzeugeinheit\\\/#primaryimage\",\"url\":\"https:\\\/\\\/sure-antennas.com\\\/wp-content\\\/uploads\\\/2025\\\/06\\\/Handsfree-ESN-5.7-Front-scaled-1.jpg\",\"contentUrl\":\"https:\\\/\\\/sure-antennas.com\\\/wp-content\\\/uploads\\\/2025\\\/06\\\/Handsfree-ESN-5.7-Front-scaled-1.jpg\",\"width\":2560,\"height\":1810},{\"@type\":\"BreadcrumbList\",\"@id\":\"https:\\\/\\\/sure-antennas.com\\\/de\\\/produkt\\\/handsfree-r5-festinstallierte-fahrzeugeinheit\\\/#breadcrumb\",\"itemListElement\":[{\"@type\":\"ListItem\",\"position\":1,\"name\":\"Home\",\"item\":\"https:\\\/\\\/sure-antennas.com\\\/de\\\/\"},{\"@type\":\"ListItem\",\"position\":2,\"name\":\"Gesch\u00e4ft\",\"item\":\"https:\\\/\\\/sure-antennas.com\\\/de\\\/geschaeft\\\/\"},{\"@type\":\"ListItem\",\"position\":3,\"name\":\"Handsfree R5 Festinstallierte Fahrzeugeinheit\"}]},{\"@type\":\"WebSite\",\"@id\":\"https:\\\/\\\/sure-antennas.com\\\/#website\",\"url\":\"https:\\\/\\\/sure-antennas.com\\\/\",\"name\":\"Sure Antennas\",\"description\":\"Sure Antennas site\",\"publisher\":{\"@id\":\"https:\\\/\\\/sure-antennas.com\\\/#organization\"},\"potentialAction\":[{\"@type\":\"SearchAction\",\"target\":{\"@type\":\"EntryPoint\",\"urlTemplate\":\"https:\\\/\\\/sure-antennas.com\\\/?s={search_term_string}\"},\"query-input\":{\"@type\":\"PropertyValueSpecification\",\"valueRequired\":true,\"valueName\":\"search_term_string\"}}],\"inLanguage\":\"de-DE\"},{\"@type\":\"Organization\",\"@id\":\"https:\\\/\\\/sure-antennas.com\\\/#organization\",\"name\":\"Sure Antennas\",\"url\":\"https:\\\/\\\/sure-antennas.com\\\/\",\"logo\":{\"@type\":\"ImageObject\",\"inLanguage\":\"de-DE\",\"@id\":\"https:\\\/\\\/sure-antennas.com\\\/#\\\/schema\\\/logo\\\/image\\\/\",\"url\":\"https:\\\/\\\/sure-antennas.com\\\/wp-content\\\/uploads\\\/2021\\\/04\\\/logo-1.png\",\"contentUrl\":\"https:\\\/\\\/sure-antennas.com\\\/wp-content\\\/uploads\\\/2021\\\/04\\\/logo-1.png\",\"width\":211,\"height\":52,\"caption\":\"Sure Antennas\"},\"image\":{\"@id\":\"https:\\\/\\\/sure-antennas.com\\\/#\\\/schema\\\/logo\\\/image\\\/\"}}]}<\/script>\n<!-- \/ Yoast SEO plugin. -->","yoast_head_json":{"title":"Handsfree R5 Festinstallierte Fahrzeugeinheit","description":"Das R5 von Handsfree ist ein ESN-f\u00e4higes, fahrzeugfestes Ger\u00e4t, das mit unseren Antennen \u201eMallard\u201c und \u201eSandcastle\u201c vollst\u00e4ndig kompatibel ist.","robots":{"index":"index","follow":"follow","max-snippet":"max-snippet:-1","max-image-preview":"max-image-preview:large","max-video-preview":"max-video-preview:-1"},"canonical":"https:\/\/sure-antennas.com\/de\/produkt\/handsfree-r5-festinstallierte-fahrzeugeinheit\/","og_locale":"de_DE","og_type":"article","og_title":"Handsfree R5 Festinstallierte Fahrzeugeinheit","og_description":"Das R5 von Handsfree ist ein ESN-f\u00e4higes, fahrzeugfestes Ger\u00e4t, das mit unseren Antennen \u201eMallard\u201c und \u201eSandcastle\u201c vollst\u00e4ndig kompatibel ist.","og_url":"https:\/\/sure-antennas.com\/de\/produkt\/handsfree-r5-festinstallierte-fahrzeugeinheit\/","og_site_name":"Sure Antennas","article_modified_time":"2025-11-17T12:14:14+00:00","og_image":[{"width":2560,"height":1810,"url":"https:\/\/sure-antennas.com\/wp-content\/uploads\/2025\/06\/Handsfree-ESN-5.7-Front-scaled-1.jpg","type":"image\/jpeg"}],"twitter_card":"summary_large_image","twitter_misc":{"Est. reading time":"1 minute"},"schema":{"@context":"https:\/\/schema.org","@graph":[{"@type":"WebPage","@id":"https:\/\/sure-antennas.com\/de\/produkt\/handsfree-r5-festinstallierte-fahrzeugeinheit\/","url":"https:\/\/sure-antennas.com\/de\/produkt\/handsfree-r5-festinstallierte-fahrzeugeinheit\/","name":"Handsfree R5 Festinstallierte Fahrzeugeinheit","isPartOf":{"@id":"https:\/\/sure-antennas.com\/#website"},"primaryImageOfPage":{"@id":"https:\/\/sure-antennas.com\/de\/produkt\/handsfree-r5-festinstallierte-fahrzeugeinheit\/#primaryimage"},"image":{"@id":"https:\/\/sure-antennas.com\/de\/produkt\/handsfree-r5-festinstallierte-fahrzeugeinheit\/#primaryimage"},"thumbnailUrl":"https:\/\/sure-antennas.com\/wp-content\/uploads\/2025\/06\/Handsfree-ESN-5.7-Front-scaled-1.jpg","datePublished":"2025-06-30T08:46:45+00:00","dateModified":"2025-11-17T12:14:14+00:00","description":"Das R5 von Handsfree ist ein ESN-f\u00e4higes, fahrzeugfestes Ger\u00e4t, das mit unseren Antennen \u201eMallard\u201c und \u201eSandcastle\u201c vollst\u00e4ndig kompatibel ist.","breadcrumb":{"@id":"https:\/\/sure-antennas.com\/de\/produkt\/handsfree-r5-festinstallierte-fahrzeugeinheit\/#breadcrumb"},"inLanguage":"de-DE","potentialAction":[{"@type":"ReadAction","target":["https:\/\/sure-antennas.com\/de\/produkt\/handsfree-r5-festinstallierte-fahrzeugeinheit\/"]}]},{"@type":"ImageObject","inLanguage":"de-DE","@id":"https:\/\/sure-antennas.com\/de\/produkt\/handsfree-r5-festinstallierte-fahrzeugeinheit\/#primaryimage","url":"https:\/\/sure-antennas.com\/wp-content\/uploads\/2025\/06\/Handsfree-ESN-5.7-Front-scaled-1.jpg","contentUrl":"https:\/\/sure-antennas.com\/wp-content\/uploads\/2025\/06\/Handsfree-ESN-5.7-Front-scaled-1.jpg","width":2560,"height":1810},{"@type":"BreadcrumbList","@id":"https:\/\/sure-antennas.com\/de\/produkt\/handsfree-r5-festinstallierte-fahrzeugeinheit\/#breadcrumb","itemListElement":[{"@type":"ListItem","position":1,"name":"Home","item":"https:\/\/sure-antennas.com\/de\/"},{"@type":"ListItem","position":2,"name":"Gesch\u00e4ft","item":"https:\/\/sure-antennas.com\/de\/geschaeft\/"},{"@type":"ListItem","position":3,"name":"Handsfree R5 Festinstallierte Fahrzeugeinheit"}]},{"@type":"WebSite","@id":"https:\/\/sure-antennas.com\/#website","url":"https:\/\/sure-antennas.com\/","name":"Sure Antennas","description":"Sure Antennas site","publisher":{"@id":"https:\/\/sure-antennas.com\/#organization"},"potentialAction":[{"@type":"SearchAction","target":{"@type":"EntryPoint","urlTemplate":"https:\/\/sure-antennas.com\/?s={search_term_string}"},"query-input":{"@type":"PropertyValueSpecification","valueRequired":true,"valueName":"search_term_string"}}],"inLanguage":"de-DE"},{"@type":"Organization","@id":"https:\/\/sure-antennas.com\/#organization","name":"Sure Antennas","url":"https:\/\/sure-antennas.com\/","logo":{"@type":"ImageObject","inLanguage":"de-DE","@id":"https:\/\/sure-antennas.com\/#\/schema\/logo\/image\/","url":"https:\/\/sure-antennas.com\/wp-content\/uploads\/2021\/04\/logo-1.png","contentUrl":"https:\/\/sure-antennas.com\/wp-content\/uploads\/2021\/04\/logo-1.png","width":211,"height":52,"caption":"Sure Antennas"},"image":{"@id":"https:\/\/sure-antennas.com\/#\/schema\/logo\/image\/"}}]}},"_links":{"self":[{"href":"https:\/\/sure-antennas.com\/de\/wp-json\/wp\/v2\/product\/39095","targetHints":{"allow":["GET"]}}],"collection":[{"href":"https:\/\/sure-antennas.com\/de\/wp-json\/wp\/v2\/product"}],"about":[{"href":"https:\/\/sure-antennas.com\/de\/wp-json\/wp\/v2\/types\/product"}],"replies":[{"embeddable":true,"href":"https:\/\/sure-antennas.com\/de\/wp-json\/wp\/v2\/comments?post=39095"}],"wp:featuredmedia":[{"embeddable":true,"href":"https:\/\/sure-antennas.com\/de\/wp-json\/wp\/v2\/media\/45704"}],"wp:attachment":[{"href":"https:\/\/sure-antennas.com\/de\/wp-json\/wp\/v2\/media?parent=39095"}],"wp:term":[{"taxonomy":"product_brand","embeddable":true,"href":"https:\/\/sure-antennas.com\/de\/wp-json\/wp\/v2\/product_brand?post=39095"},{"taxonomy":"product_cat","embeddable":true,"href":"https:\/\/sure-antennas.com\/de\/wp-json\/wp\/v2\/product_cat?post=39095"},{"taxonomy":"product_tag","embeddable":true,"href":"https:\/\/sure-antennas.com\/de\/wp-json\/wp\/v2\/product_tag?post=39095"}],"curies":[{"name":"wp","href":"https:\/\/api.w.org\/{rel}","templated":true}]}}