{"id":39098,"date":"2021-05-25T13:15:49","date_gmt":"2021-05-25T13:15:49","guid":{"rendered":"https:\/\/sure-antennas68068.e.wpstage.net\/product\/cradlepoint-cor-ibr900\/"},"modified":"2025-11-17T12:04:52","modified_gmt":"2025-11-17T12:04:52","slug":"cradlepoint-cor-ibr900-de","status":"publish","type":"product","link":"https:\/\/sure-antennas.com\/de\/produkt\/cradlepoint-cor-ibr900-de\/","title":{"rendered":"Cradlepoint COR IBR900 Router"},"content":{"rendered":"<p>Der Router der Cradlepoint COR IBR900-Serie ist eine robuste Gigabit-Class-LTE-Netzwerkplattform, die f\u00fcr eine dauerhafte Konnektivit\u00e4t in einer Vielzahl von Fahrzeuganwendungen entwickelt wurde, darunter Ersthelfer, Service- und Lieferwagen, Taxi- und Limousinenflotten sowie k\u00fcstennahe Schiffe. Mit dem verf\u00fcgbaren Gigabit-Class LTE-Modem, einem optionalen zweiten Modem, Wave 2 Dual-Band und Dual-Current Gigabit WiFi bietet das IBR900 rund um die Uhr zuverl\u00e4ssige Konnektivit\u00e4t f\u00fcr Mitarbeiter und Ger\u00e4te, sowohl innerhalb als auch au\u00dferhalb des Fahrzeugs. Mobile Netzwerke erfordern starke Sicherheitsvorkehrungen f\u00fcr verschiedene Implementierungen, einschlie\u00dflich \u00f6ffentlichem WiFi an Bord und Zugriff auf Cloud-Anwendungen. Mit Multizonen-Firewalls, IDS\/IPS, Internetsicherheit und FIPS 140-2-Zertifizierung mindert Cradlepoint die Sicherheitsrisiken f\u00fcr mobile Netzwerke und Benutzer.<\/p>\n<p>Die Mobilfunkrouter der COR IBR900-Serie von Cradlepoint werden in umfassenden NetCloud-L\u00f6sungspakete verkauft, die Cloud-Management, speziell entwickelte Hardware, 24&#215;7-Support und eine begrenzte lebenslange Garantie beinhalten.<\/p>\n","protected":false},"excerpt":{"rendered":"<p><strong>Artikelnummer: COR IBR900<br \/>\n<\/strong>Die Router der Cradlepoint COR IBR900 Serie sind robuste LTE-Netzwerkplattformen der Gigabit-Klasse, die f\u00fcr dauerhafte Konnektivit\u00e4t in einer Vielzahl von Fahrzeuganwendungen entwickelt wurden, darunter Rettungsdienste, Service- und Lieferwagen, Taxi- und Limousinenflotten sowie k\u00fcstennahe Schiffe. [&#8230;]<\/p>\n<p><a class=\"btn btn-secondary understrap-read-more-link\" href=\"https:\/\/sure-antennas.com\/de\/produkt\/cradlepoint-cor-ibr900-de\/\">Weiterlesen&#8230;<\/a><\/p>\n","protected":false},"featured_media":37226,"comment_status":"closed","ping_status":"closed","template":"","meta":{"_acf_changed":false},"product_brand":[],"product_cat":[282],"product_tag":[],"class_list":{"0":"post-39098","1":"product","2":"type-product","3":"status-publish","4":"has-post-thumbnail","6":"product_cat-vehicle-technology-de","7":"manufacturer-cradlepoint-cor-ibr900-de","9":"first","10":"instock","11":"product-type-simple"},"acf":[],"yoast_head":"<!-- This site is optimized with the Yoast SEO plugin v27.5 - https:\/\/yoast.com\/product\/yoast-seo-wordpress\/ -->\n<title>Cradlepoint COR IBR900 Gigabit-Class Router | Sure Antennas<\/title>\n<meta name=\"description\" content=\"Der Cradlepoint COR IBR900-Serie Router ist eine robuste LTE-Netzwerkplattform der Gigabit-Klasse, die f\u00fcr dauerhafte Konnektivit\u00e4t ausgelegt ist.\" \/>\n<meta name=\"robots\" content=\"index, follow, max-snippet:-1, max-image-preview:large, max-video-preview:-1\" \/>\n<link rel=\"canonical\" href=\"https:\/\/sure-antennas.com\/de\/produkt\/cradlepoint-cor-ibr900-de\/\" \/>\n<meta property=\"og:locale\" content=\"de_DE\" \/>\n<meta property=\"og:type\" content=\"article\" \/>\n<meta property=\"og:title\" content=\"Cradlepoint COR IBR900 Gigabit-Class Router | Sure Antennas\" \/>\n<meta property=\"og:description\" content=\"Der Cradlepoint COR IBR900-Serie Router ist eine robuste LTE-Netzwerkplattform der Gigabit-Klasse, die f\u00fcr dauerhafte Konnektivit\u00e4t ausgelegt ist.\" \/>\n<meta property=\"og:url\" content=\"https:\/\/sure-antennas.com\/de\/produkt\/cradlepoint-cor-ibr900-de\/\" \/>\n<meta property=\"og:site_name\" content=\"Sure Antennas\" \/>\n<meta property=\"article:modified_time\" content=\"2025-11-17T12:04:52+00:00\" \/>\n<meta property=\"og:image\" content=\"https:\/\/sure-antennas.com\/wp-content\/uploads\/2021\/05\/MG9011234-1.png\" \/>\n\t<meta property=\"og:image:width\" content=\"650\" \/>\n\t<meta property=\"og:image:height\" content=\"642\" \/>\n\t<meta property=\"og:image:type\" content=\"image\/png\" \/>\n<meta name=\"twitter:card\" content=\"summary_large_image\" \/>\n<meta name=\"twitter:label1\" content=\"Est. reading time\" \/>\n\t<meta name=\"twitter:data1\" content=\"1 minute\" \/>\n<script type=\"application\/ld+json\" class=\"yoast-schema-graph\">{\"@context\":\"https:\\\/\\\/schema.org\",\"@graph\":[{\"@type\":\"WebPage\",\"@id\":\"https:\\\/\\\/sure-antennas.com\\\/de\\\/produkt\\\/cradlepoint-cor-ibr900-de\\\/\",\"url\":\"https:\\\/\\\/sure-antennas.com\\\/de\\\/produkt\\\/cradlepoint-cor-ibr900-de\\\/\",\"name\":\"Cradlepoint COR IBR900 Gigabit-Class Router | Sure Antennas\",\"isPartOf\":{\"@id\":\"https:\\\/\\\/sure-antennas.com\\\/#website\"},\"primaryImageOfPage\":{\"@id\":\"https:\\\/\\\/sure-antennas.com\\\/de\\\/produkt\\\/cradlepoint-cor-ibr900-de\\\/#primaryimage\"},\"image\":{\"@id\":\"https:\\\/\\\/sure-antennas.com\\\/de\\\/produkt\\\/cradlepoint-cor-ibr900-de\\\/#primaryimage\"},\"thumbnailUrl\":\"https:\\\/\\\/sure-antennas.com\\\/wp-content\\\/uploads\\\/2021\\\/05\\\/MG9011234-1.png\",\"datePublished\":\"2021-05-25T13:15:49+00:00\",\"dateModified\":\"2025-11-17T12:04:52+00:00\",\"description\":\"Der Cradlepoint COR IBR900-Serie Router ist eine robuste LTE-Netzwerkplattform der Gigabit-Klasse, die f\u00fcr dauerhafte Konnektivit\u00e4t ausgelegt ist.\",\"breadcrumb\":{\"@id\":\"https:\\\/\\\/sure-antennas.com\\\/de\\\/produkt\\\/cradlepoint-cor-ibr900-de\\\/#breadcrumb\"},\"inLanguage\":\"de-DE\",\"potentialAction\":[{\"@type\":\"ReadAction\",\"target\":[\"https:\\\/\\\/sure-antennas.com\\\/de\\\/produkt\\\/cradlepoint-cor-ibr900-de\\\/\"]}]},{\"@type\":\"ImageObject\",\"inLanguage\":\"de-DE\",\"@id\":\"https:\\\/\\\/sure-antennas.com\\\/de\\\/produkt\\\/cradlepoint-cor-ibr900-de\\\/#primaryimage\",\"url\":\"https:\\\/\\\/sure-antennas.com\\\/wp-content\\\/uploads\\\/2021\\\/05\\\/MG9011234-1.png\",\"contentUrl\":\"https:\\\/\\\/sure-antennas.com\\\/wp-content\\\/uploads\\\/2021\\\/05\\\/MG9011234-1.png\",\"width\":650,\"height\":642},{\"@type\":\"BreadcrumbList\",\"@id\":\"https:\\\/\\\/sure-antennas.com\\\/de\\\/produkt\\\/cradlepoint-cor-ibr900-de\\\/#breadcrumb\",\"itemListElement\":[{\"@type\":\"ListItem\",\"position\":1,\"name\":\"Home\",\"item\":\"https:\\\/\\\/sure-antennas.com\\\/de\\\/\"},{\"@type\":\"ListItem\",\"position\":2,\"name\":\"Gesch\u00e4ft\",\"item\":\"https:\\\/\\\/sure-antennas.com\\\/de\\\/geschaeft\\\/\"},{\"@type\":\"ListItem\",\"position\":3,\"name\":\"Cradlepoint COR IBR900 Router\"}]},{\"@type\":\"WebSite\",\"@id\":\"https:\\\/\\\/sure-antennas.com\\\/#website\",\"url\":\"https:\\\/\\\/sure-antennas.com\\\/\",\"name\":\"Sure Antennas\",\"description\":\"Sure Antennas site\",\"publisher\":{\"@id\":\"https:\\\/\\\/sure-antennas.com\\\/#organization\"},\"potentialAction\":[{\"@type\":\"SearchAction\",\"target\":{\"@type\":\"EntryPoint\",\"urlTemplate\":\"https:\\\/\\\/sure-antennas.com\\\/?s={search_term_string}\"},\"query-input\":{\"@type\":\"PropertyValueSpecification\",\"valueRequired\":true,\"valueName\":\"search_term_string\"}}],\"inLanguage\":\"de-DE\"},{\"@type\":\"Organization\",\"@id\":\"https:\\\/\\\/sure-antennas.com\\\/#organization\",\"name\":\"Sure Antennas\",\"url\":\"https:\\\/\\\/sure-antennas.com\\\/\",\"logo\":{\"@type\":\"ImageObject\",\"inLanguage\":\"de-DE\",\"@id\":\"https:\\\/\\\/sure-antennas.com\\\/#\\\/schema\\\/logo\\\/image\\\/\",\"url\":\"https:\\\/\\\/sure-antennas.com\\\/wp-content\\\/uploads\\\/2021\\\/04\\\/logo-1.png\",\"contentUrl\":\"https:\\\/\\\/sure-antennas.com\\\/wp-content\\\/uploads\\\/2021\\\/04\\\/logo-1.png\",\"width\":211,\"height\":52,\"caption\":\"Sure Antennas\"},\"image\":{\"@id\":\"https:\\\/\\\/sure-antennas.com\\\/#\\\/schema\\\/logo\\\/image\\\/\"}}]}<\/script>\n<!-- \/ Yoast SEO plugin. -->","yoast_head_json":{"title":"Cradlepoint COR IBR900 Gigabit-Class Router | Sure Antennas","description":"Der Cradlepoint COR IBR900-Serie Router ist eine robuste LTE-Netzwerkplattform der Gigabit-Klasse, die f\u00fcr dauerhafte Konnektivit\u00e4t ausgelegt ist.","robots":{"index":"index","follow":"follow","max-snippet":"max-snippet:-1","max-image-preview":"max-image-preview:large","max-video-preview":"max-video-preview:-1"},"canonical":"https:\/\/sure-antennas.com\/de\/produkt\/cradlepoint-cor-ibr900-de\/","og_locale":"de_DE","og_type":"article","og_title":"Cradlepoint COR IBR900 Gigabit-Class Router | Sure Antennas","og_description":"Der Cradlepoint COR IBR900-Serie Router ist eine robuste LTE-Netzwerkplattform der Gigabit-Klasse, die f\u00fcr dauerhafte Konnektivit\u00e4t ausgelegt ist.","og_url":"https:\/\/sure-antennas.com\/de\/produkt\/cradlepoint-cor-ibr900-de\/","og_site_name":"Sure Antennas","article_modified_time":"2025-11-17T12:04:52+00:00","og_image":[{"width":650,"height":642,"url":"https:\/\/sure-antennas.com\/wp-content\/uploads\/2021\/05\/MG9011234-1.png","type":"image\/png"}],"twitter_card":"summary_large_image","twitter_misc":{"Est. reading time":"1 minute"},"schema":{"@context":"https:\/\/schema.org","@graph":[{"@type":"WebPage","@id":"https:\/\/sure-antennas.com\/de\/produkt\/cradlepoint-cor-ibr900-de\/","url":"https:\/\/sure-antennas.com\/de\/produkt\/cradlepoint-cor-ibr900-de\/","name":"Cradlepoint COR IBR900 Gigabit-Class Router | Sure Antennas","isPartOf":{"@id":"https:\/\/sure-antennas.com\/#website"},"primaryImageOfPage":{"@id":"https:\/\/sure-antennas.com\/de\/produkt\/cradlepoint-cor-ibr900-de\/#primaryimage"},"image":{"@id":"https:\/\/sure-antennas.com\/de\/produkt\/cradlepoint-cor-ibr900-de\/#primaryimage"},"thumbnailUrl":"https:\/\/sure-antennas.com\/wp-content\/uploads\/2021\/05\/MG9011234-1.png","datePublished":"2021-05-25T13:15:49+00:00","dateModified":"2025-11-17T12:04:52+00:00","description":"Der Cradlepoint COR IBR900-Serie Router ist eine robuste LTE-Netzwerkplattform der Gigabit-Klasse, die f\u00fcr dauerhafte Konnektivit\u00e4t ausgelegt ist.","breadcrumb":{"@id":"https:\/\/sure-antennas.com\/de\/produkt\/cradlepoint-cor-ibr900-de\/#breadcrumb"},"inLanguage":"de-DE","potentialAction":[{"@type":"ReadAction","target":["https:\/\/sure-antennas.com\/de\/produkt\/cradlepoint-cor-ibr900-de\/"]}]},{"@type":"ImageObject","inLanguage":"de-DE","@id":"https:\/\/sure-antennas.com\/de\/produkt\/cradlepoint-cor-ibr900-de\/#primaryimage","url":"https:\/\/sure-antennas.com\/wp-content\/uploads\/2021\/05\/MG9011234-1.png","contentUrl":"https:\/\/sure-antennas.com\/wp-content\/uploads\/2021\/05\/MG9011234-1.png","width":650,"height":642},{"@type":"BreadcrumbList","@id":"https:\/\/sure-antennas.com\/de\/produkt\/cradlepoint-cor-ibr900-de\/#breadcrumb","itemListElement":[{"@type":"ListItem","position":1,"name":"Home","item":"https:\/\/sure-antennas.com\/de\/"},{"@type":"ListItem","position":2,"name":"Gesch\u00e4ft","item":"https:\/\/sure-antennas.com\/de\/geschaeft\/"},{"@type":"ListItem","position":3,"name":"Cradlepoint COR IBR900 Router"}]},{"@type":"WebSite","@id":"https:\/\/sure-antennas.com\/#website","url":"https:\/\/sure-antennas.com\/","name":"Sure Antennas","description":"Sure Antennas site","publisher":{"@id":"https:\/\/sure-antennas.com\/#organization"},"potentialAction":[{"@type":"SearchAction","target":{"@type":"EntryPoint","urlTemplate":"https:\/\/sure-antennas.com\/?s={search_term_string}"},"query-input":{"@type":"PropertyValueSpecification","valueRequired":true,"valueName":"search_term_string"}}],"inLanguage":"de-DE"},{"@type":"Organization","@id":"https:\/\/sure-antennas.com\/#organization","name":"Sure Antennas","url":"https:\/\/sure-antennas.com\/","logo":{"@type":"ImageObject","inLanguage":"de-DE","@id":"https:\/\/sure-antennas.com\/#\/schema\/logo\/image\/","url":"https:\/\/sure-antennas.com\/wp-content\/uploads\/2021\/04\/logo-1.png","contentUrl":"https:\/\/sure-antennas.com\/wp-content\/uploads\/2021\/04\/logo-1.png","width":211,"height":52,"caption":"Sure Antennas"},"image":{"@id":"https:\/\/sure-antennas.com\/#\/schema\/logo\/image\/"}}]}},"_links":{"self":[{"href":"https:\/\/sure-antennas.com\/de\/wp-json\/wp\/v2\/product\/39098","targetHints":{"allow":["GET"]}}],"collection":[{"href":"https:\/\/sure-antennas.com\/de\/wp-json\/wp\/v2\/product"}],"about":[{"href":"https:\/\/sure-antennas.com\/de\/wp-json\/wp\/v2\/types\/product"}],"replies":[{"embeddable":true,"href":"https:\/\/sure-antennas.com\/de\/wp-json\/wp\/v2\/comments?post=39098"}],"wp:featuredmedia":[{"embeddable":true,"href":"https:\/\/sure-antennas.com\/de\/wp-json\/wp\/v2\/media\/37226"}],"wp:attachment":[{"href":"https:\/\/sure-antennas.com\/de\/wp-json\/wp\/v2\/media?parent=39098"}],"wp:term":[{"taxonomy":"product_brand","embeddable":true,"href":"https:\/\/sure-antennas.com\/de\/wp-json\/wp\/v2\/product_brand?post=39098"},{"taxonomy":"product_cat","embeddable":true,"href":"https:\/\/sure-antennas.com\/de\/wp-json\/wp\/v2\/product_cat?post=39098"},{"taxonomy":"product_tag","embeddable":true,"href":"https:\/\/sure-antennas.com\/de\/wp-json\/wp\/v2\/product_tag?post=39098"}],"curies":[{"name":"wp","href":"https:\/\/api.w.org\/{rel}","templated":true}]}}