{"id":39100,"date":"2021-05-25T13:15:49","date_gmt":"2021-05-25T13:15:49","guid":{"rendered":"https:\/\/sure-antennas68068.e.wpstage.net\/product\/sierra-wireless-xr90-vehicle-router\/"},"modified":"2025-02-25T10:27:49","modified_gmt":"2025-02-25T10:27:49","slug":"sierra-wireless-xr90-fahrzeug-router","status":"publish","type":"product","link":"https:\/\/sure-antennas.com\/de\/produkt\/sierra-wireless-xr90-fahrzeug-router\/","title":{"rendered":"Sierra Wireless XR90 5G &#8211; Fahrzeug-Router"},"content":{"rendered":"<p>Der leistungsstarke XR90 wurde speziell f\u00fcr die \u00f6ffentliche Sicherheit und den Transitverkehr entwickelt und verf\u00fcgt \u00fcber zwei 5G-Mobilfunkger\u00e4te und zwei unabh\u00e4ngige 4\u00d74 MIMO-Wi-Fi-Antennen. Er ist der leistungsst\u00e4rkste und flexibelste Router im Sierra-Portfolio. Er unterst\u00fctzt vollst\u00e4ndige Device-to-Cloud-Sicherheit, reduziert Ihre Gesamtbetriebskosten mit ALMS Out-of-Band-Management und erm\u00f6glicht durch das Cartridge-basierte Design eine langfristige Erweiterbarkeit und Aufr\u00fcstbarkeit.<\/p>\n","protected":false},"excerpt":{"rendered":"<p><strong>Artikelnummer: XR90<br \/>\n<\/strong> [&#8230;]<\/p>\n<p><a class=\"btn btn-secondary understrap-read-more-link\" href=\"https:\/\/sure-antennas.com\/de\/produkt\/sierra-wireless-xr90-fahrzeug-router\/\">Weiterlesen&#8230;<\/a><\/p>\n","protected":false},"featured_media":38233,"comment_status":"closed","ping_status":"closed","template":"","meta":{"_acf_changed":false},"product_brand":[],"product_cat":[282],"product_tag":[],"class_list":{"0":"post-39100","1":"product","2":"type-product","3":"status-publish","4":"has-post-thumbnail","6":"product_cat-vehicle-technology-de","7":"manufacturer-sierra-wireless-xr90-5g-vehicle-router-de","9":"first","10":"instock","11":"product-type-simple"},"acf":[],"yoast_head":"<!-- This site is optimized with the Yoast SEO plugin v27.4 - https:\/\/yoast.com\/product\/yoast-seo-wordpress\/ -->\n<title>Sierra Wireless XR90 5G - Fahrzeug-Router<\/title>\n<meta name=\"description\" content=\"Der leistungsstarke XR90 wurde speziell f\u00fcr die \u00f6ffentliche Sicherheit und den Transitverkehr entwickelt und verf\u00fcgt \u00fcber zwei 5G-Mobilfunkger\u00e4te.\" \/>\n<meta name=\"robots\" content=\"index, follow, max-snippet:-1, max-image-preview:large, max-video-preview:-1\" \/>\n<link rel=\"canonical\" href=\"https:\/\/sure-antennas.com\/de\/produkt\/sierra-wireless-xr90-fahrzeug-router\/\" \/>\n<meta property=\"og:locale\" content=\"de_DE\" \/>\n<meta property=\"og:type\" content=\"article\" \/>\n<meta property=\"og:title\" content=\"Sierra Wireless XR90 5G - Fahrzeug-Router\" \/>\n<meta property=\"og:description\" content=\"Der leistungsstarke XR90 wurde speziell f\u00fcr die \u00f6ffentliche Sicherheit und den Transitverkehr entwickelt und verf\u00fcgt \u00fcber zwei 5G-Mobilfunkger\u00e4te.\" \/>\n<meta property=\"og:url\" content=\"https:\/\/sure-antennas.com\/de\/produkt\/sierra-wireless-xr90-fahrzeug-router\/\" \/>\n<meta property=\"og:site_name\" content=\"Sure Antennas\" \/>\n<meta property=\"article:modified_time\" content=\"2025-02-25T10:27:49+00:00\" \/>\n<meta property=\"og:image\" content=\"https:\/\/sure-antennas.com\/wp-content\/uploads\/2021\/05\/XR90-1.jpg\" \/>\n\t<meta property=\"og:image:width\" content=\"720\" \/>\n\t<meta property=\"og:image:height\" content=\"385\" \/>\n\t<meta property=\"og:image:type\" content=\"image\/jpeg\" \/>\n<meta name=\"twitter:card\" content=\"summary_large_image\" \/>\n<meta name=\"twitter:label1\" content=\"Est. reading time\" \/>\n\t<meta name=\"twitter:data1\" content=\"1 minute\" \/>\n<script type=\"application\/ld+json\" class=\"yoast-schema-graph\">{\"@context\":\"https:\\\/\\\/schema.org\",\"@graph\":[{\"@type\":\"WebPage\",\"@id\":\"https:\\\/\\\/sure-antennas.com\\\/de\\\/produkt\\\/sierra-wireless-xr90-fahrzeug-router\\\/\",\"url\":\"https:\\\/\\\/sure-antennas.com\\\/de\\\/produkt\\\/sierra-wireless-xr90-fahrzeug-router\\\/\",\"name\":\"Sierra Wireless XR90 5G - Fahrzeug-Router\",\"isPartOf\":{\"@id\":\"https:\\\/\\\/sure-antennas.com\\\/#website\"},\"primaryImageOfPage\":{\"@id\":\"https:\\\/\\\/sure-antennas.com\\\/de\\\/produkt\\\/sierra-wireless-xr90-fahrzeug-router\\\/#primaryimage\"},\"image\":{\"@id\":\"https:\\\/\\\/sure-antennas.com\\\/de\\\/produkt\\\/sierra-wireless-xr90-fahrzeug-router\\\/#primaryimage\"},\"thumbnailUrl\":\"https:\\\/\\\/sure-antennas.com\\\/wp-content\\\/uploads\\\/2021\\\/05\\\/XR90-1.jpg\",\"datePublished\":\"2021-05-25T13:15:49+00:00\",\"dateModified\":\"2025-02-25T10:27:49+00:00\",\"description\":\"Der leistungsstarke XR90 wurde speziell f\u00fcr die \u00f6ffentliche Sicherheit und den Transitverkehr entwickelt und verf\u00fcgt \u00fcber zwei 5G-Mobilfunkger\u00e4te.\",\"breadcrumb\":{\"@id\":\"https:\\\/\\\/sure-antennas.com\\\/de\\\/produkt\\\/sierra-wireless-xr90-fahrzeug-router\\\/#breadcrumb\"},\"inLanguage\":\"de-DE\",\"potentialAction\":[{\"@type\":\"ReadAction\",\"target\":[\"https:\\\/\\\/sure-antennas.com\\\/de\\\/produkt\\\/sierra-wireless-xr90-fahrzeug-router\\\/\"]}]},{\"@type\":\"ImageObject\",\"inLanguage\":\"de-DE\",\"@id\":\"https:\\\/\\\/sure-antennas.com\\\/de\\\/produkt\\\/sierra-wireless-xr90-fahrzeug-router\\\/#primaryimage\",\"url\":\"https:\\\/\\\/sure-antennas.com\\\/wp-content\\\/uploads\\\/2021\\\/05\\\/XR90-1.jpg\",\"contentUrl\":\"https:\\\/\\\/sure-antennas.com\\\/wp-content\\\/uploads\\\/2021\\\/05\\\/XR90-1.jpg\",\"width\":720,\"height\":385},{\"@type\":\"BreadcrumbList\",\"@id\":\"https:\\\/\\\/sure-antennas.com\\\/de\\\/produkt\\\/sierra-wireless-xr90-fahrzeug-router\\\/#breadcrumb\",\"itemListElement\":[{\"@type\":\"ListItem\",\"position\":1,\"name\":\"Home\",\"item\":\"https:\\\/\\\/sure-antennas.com\\\/de\\\/\"},{\"@type\":\"ListItem\",\"position\":2,\"name\":\"Gesch\u00e4ft\",\"item\":\"https:\\\/\\\/sure-antennas.com\\\/de\\\/geschaeft\\\/\"},{\"@type\":\"ListItem\",\"position\":3,\"name\":\"Sierra Wireless XR90 5G &#8211; Fahrzeug-Router\"}]},{\"@type\":\"WebSite\",\"@id\":\"https:\\\/\\\/sure-antennas.com\\\/#website\",\"url\":\"https:\\\/\\\/sure-antennas.com\\\/\",\"name\":\"Sure Antennas\",\"description\":\"Sure Antennas site\",\"publisher\":{\"@id\":\"https:\\\/\\\/sure-antennas.com\\\/#organization\"},\"potentialAction\":[{\"@type\":\"SearchAction\",\"target\":{\"@type\":\"EntryPoint\",\"urlTemplate\":\"https:\\\/\\\/sure-antennas.com\\\/?s={search_term_string}\"},\"query-input\":{\"@type\":\"PropertyValueSpecification\",\"valueRequired\":true,\"valueName\":\"search_term_string\"}}],\"inLanguage\":\"de-DE\"},{\"@type\":\"Organization\",\"@id\":\"https:\\\/\\\/sure-antennas.com\\\/#organization\",\"name\":\"Sure Antennas\",\"url\":\"https:\\\/\\\/sure-antennas.com\\\/\",\"logo\":{\"@type\":\"ImageObject\",\"inLanguage\":\"de-DE\",\"@id\":\"https:\\\/\\\/sure-antennas.com\\\/#\\\/schema\\\/logo\\\/image\\\/\",\"url\":\"https:\\\/\\\/sure-antennas.com\\\/wp-content\\\/uploads\\\/2021\\\/04\\\/logo-1.png\",\"contentUrl\":\"https:\\\/\\\/sure-antennas.com\\\/wp-content\\\/uploads\\\/2021\\\/04\\\/logo-1.png\",\"width\":211,\"height\":52,\"caption\":\"Sure Antennas\"},\"image\":{\"@id\":\"https:\\\/\\\/sure-antennas.com\\\/#\\\/schema\\\/logo\\\/image\\\/\"}}]}<\/script>\n<!-- \/ Yoast SEO plugin. -->","yoast_head_json":{"title":"Sierra Wireless XR90 5G - Fahrzeug-Router","description":"Der leistungsstarke XR90 wurde speziell f\u00fcr die \u00f6ffentliche Sicherheit und den Transitverkehr entwickelt und verf\u00fcgt \u00fcber zwei 5G-Mobilfunkger\u00e4te.","robots":{"index":"index","follow":"follow","max-snippet":"max-snippet:-1","max-image-preview":"max-image-preview:large","max-video-preview":"max-video-preview:-1"},"canonical":"https:\/\/sure-antennas.com\/de\/produkt\/sierra-wireless-xr90-fahrzeug-router\/","og_locale":"de_DE","og_type":"article","og_title":"Sierra Wireless XR90 5G - Fahrzeug-Router","og_description":"Der leistungsstarke XR90 wurde speziell f\u00fcr die \u00f6ffentliche Sicherheit und den Transitverkehr entwickelt und verf\u00fcgt \u00fcber zwei 5G-Mobilfunkger\u00e4te.","og_url":"https:\/\/sure-antennas.com\/de\/produkt\/sierra-wireless-xr90-fahrzeug-router\/","og_site_name":"Sure Antennas","article_modified_time":"2025-02-25T10:27:49+00:00","og_image":[{"width":720,"height":385,"url":"https:\/\/sure-antennas.com\/wp-content\/uploads\/2021\/05\/XR90-1.jpg","type":"image\/jpeg"}],"twitter_card":"summary_large_image","twitter_misc":{"Est. reading time":"1 minute"},"schema":{"@context":"https:\/\/schema.org","@graph":[{"@type":"WebPage","@id":"https:\/\/sure-antennas.com\/de\/produkt\/sierra-wireless-xr90-fahrzeug-router\/","url":"https:\/\/sure-antennas.com\/de\/produkt\/sierra-wireless-xr90-fahrzeug-router\/","name":"Sierra Wireless XR90 5G - Fahrzeug-Router","isPartOf":{"@id":"https:\/\/sure-antennas.com\/#website"},"primaryImageOfPage":{"@id":"https:\/\/sure-antennas.com\/de\/produkt\/sierra-wireless-xr90-fahrzeug-router\/#primaryimage"},"image":{"@id":"https:\/\/sure-antennas.com\/de\/produkt\/sierra-wireless-xr90-fahrzeug-router\/#primaryimage"},"thumbnailUrl":"https:\/\/sure-antennas.com\/wp-content\/uploads\/2021\/05\/XR90-1.jpg","datePublished":"2021-05-25T13:15:49+00:00","dateModified":"2025-02-25T10:27:49+00:00","description":"Der leistungsstarke XR90 wurde speziell f\u00fcr die \u00f6ffentliche Sicherheit und den Transitverkehr entwickelt und verf\u00fcgt \u00fcber zwei 5G-Mobilfunkger\u00e4te.","breadcrumb":{"@id":"https:\/\/sure-antennas.com\/de\/produkt\/sierra-wireless-xr90-fahrzeug-router\/#breadcrumb"},"inLanguage":"de-DE","potentialAction":[{"@type":"ReadAction","target":["https:\/\/sure-antennas.com\/de\/produkt\/sierra-wireless-xr90-fahrzeug-router\/"]}]},{"@type":"ImageObject","inLanguage":"de-DE","@id":"https:\/\/sure-antennas.com\/de\/produkt\/sierra-wireless-xr90-fahrzeug-router\/#primaryimage","url":"https:\/\/sure-antennas.com\/wp-content\/uploads\/2021\/05\/XR90-1.jpg","contentUrl":"https:\/\/sure-antennas.com\/wp-content\/uploads\/2021\/05\/XR90-1.jpg","width":720,"height":385},{"@type":"BreadcrumbList","@id":"https:\/\/sure-antennas.com\/de\/produkt\/sierra-wireless-xr90-fahrzeug-router\/#breadcrumb","itemListElement":[{"@type":"ListItem","position":1,"name":"Home","item":"https:\/\/sure-antennas.com\/de\/"},{"@type":"ListItem","position":2,"name":"Gesch\u00e4ft","item":"https:\/\/sure-antennas.com\/de\/geschaeft\/"},{"@type":"ListItem","position":3,"name":"Sierra Wireless XR90 5G &#8211; Fahrzeug-Router"}]},{"@type":"WebSite","@id":"https:\/\/sure-antennas.com\/#website","url":"https:\/\/sure-antennas.com\/","name":"Sure Antennas","description":"Sure Antennas site","publisher":{"@id":"https:\/\/sure-antennas.com\/#organization"},"potentialAction":[{"@type":"SearchAction","target":{"@type":"EntryPoint","urlTemplate":"https:\/\/sure-antennas.com\/?s={search_term_string}"},"query-input":{"@type":"PropertyValueSpecification","valueRequired":true,"valueName":"search_term_string"}}],"inLanguage":"de-DE"},{"@type":"Organization","@id":"https:\/\/sure-antennas.com\/#organization","name":"Sure Antennas","url":"https:\/\/sure-antennas.com\/","logo":{"@type":"ImageObject","inLanguage":"de-DE","@id":"https:\/\/sure-antennas.com\/#\/schema\/logo\/image\/","url":"https:\/\/sure-antennas.com\/wp-content\/uploads\/2021\/04\/logo-1.png","contentUrl":"https:\/\/sure-antennas.com\/wp-content\/uploads\/2021\/04\/logo-1.png","width":211,"height":52,"caption":"Sure Antennas"},"image":{"@id":"https:\/\/sure-antennas.com\/#\/schema\/logo\/image\/"}}]}},"_links":{"self":[{"href":"https:\/\/sure-antennas.com\/de\/wp-json\/wp\/v2\/product\/39100","targetHints":{"allow":["GET"]}}],"collection":[{"href":"https:\/\/sure-antennas.com\/de\/wp-json\/wp\/v2\/product"}],"about":[{"href":"https:\/\/sure-antennas.com\/de\/wp-json\/wp\/v2\/types\/product"}],"replies":[{"embeddable":true,"href":"https:\/\/sure-antennas.com\/de\/wp-json\/wp\/v2\/comments?post=39100"}],"wp:featuredmedia":[{"embeddable":true,"href":"https:\/\/sure-antennas.com\/de\/wp-json\/wp\/v2\/media\/38233"}],"wp:attachment":[{"href":"https:\/\/sure-antennas.com\/de\/wp-json\/wp\/v2\/media?parent=39100"}],"wp:term":[{"taxonomy":"product_brand","embeddable":true,"href":"https:\/\/sure-antennas.com\/de\/wp-json\/wp\/v2\/product_brand?post=39100"},{"taxonomy":"product_cat","embeddable":true,"href":"https:\/\/sure-antennas.com\/de\/wp-json\/wp\/v2\/product_cat?post=39100"},{"taxonomy":"product_tag","embeddable":true,"href":"https:\/\/sure-antennas.com\/de\/wp-json\/wp\/v2\/product_tag?post=39100"}],"curies":[{"name":"wp","href":"https:\/\/api.w.org\/{rel}","templated":true}]}}