{"id":39103,"date":"2021-05-25T13:15:49","date_gmt":"2021-05-25T13:15:49","guid":{"rendered":"https:\/\/sure-antennas68068.e.wpstage.net\/product\/sierra-wireless-xr80-vehicle-router\/"},"modified":"2025-02-25T10:39:03","modified_gmt":"2025-02-25T10:39:03","slug":"sierra-wireless-xr80-fahrzeug-router","status":"publish","type":"product","link":"https:\/\/sure-antennas.com\/de\/produkt\/sierra-wireless-xr80-fahrzeug-router\/","title":{"rendered":"Sierra Wireless XR80 5G\/ LTE CAT 20- Fahrzeug-Router"},"content":{"rendered":"<p>Der leistungsstarke AirLink XR80 ist f\u00fcr feste und mobile Anwendungen optimiert. Der verf\u00fcgbare Dual-5G-Mobilfunk und 4X5 MIMO Wi-Fi 6 bieten Flexibilit\u00e4t f\u00fcr individuelle Konfigurationen. Der AirLink XR80 unterst\u00fctzt vollst\u00e4ndige Device-to-Cloud-Sicherheit, reduziert Ihre Gesamtbetriebskosten mit ALMS Out-of-Band-Management und erm\u00f6glicht mit dem Cartridge-basierten Design langfristige Erweiterbarkeit und Aufr\u00fcstbarkeit.<\/p>\n<p>Verf\u00fcgbare Modelle &#8211; XR80 5G, XR80 LTE Cat 20 &#8211;<\/p>\n","protected":false},"excerpt":{"rendered":"<p><strong>Artikelnummer: XR80 LTE Cat 20 &#8211;<\/strong> [&#8230;]<\/p>\n<p><a class=\"btn btn-secondary understrap-read-more-link\" href=\"https:\/\/sure-antennas.com\/de\/produkt\/sierra-wireless-xr80-fahrzeug-router\/\">Weiterlesen&#8230;<\/a><\/p>\n","protected":false},"featured_media":38230,"comment_status":"closed","ping_status":"closed","template":"","meta":{"_acf_changed":false},"product_brand":[],"product_cat":[282],"product_tag":[],"class_list":{"0":"post-39103","1":"product","2":"type-product","3":"status-publish","4":"has-post-thumbnail","6":"product_cat-vehicle-technology-de","7":"manufacturer-sierra-wireless-xr80-5g-lte-cat-20-vehicle-router-de","9":"first","10":"instock","11":"product-type-simple"},"acf":[],"yoast_head":"<!-- This site is optimized with the Yoast SEO plugin v27.4 - https:\/\/yoast.com\/product\/yoast-seo-wordpress\/ -->\n<title>Sierra Wireless XR80 5G\/ LTE CAT 20- Fahrzeug-Router<\/title>\n<meta name=\"description\" content=\"Der leistungsstarke AirLink XR80 ist f\u00fcr station\u00e4re und mobile Anwendungen optimiert und unterst\u00fctzt vollst\u00e4ndige Device-to-Cloud-Sicherheit.\" \/>\n<meta name=\"robots\" content=\"index, follow, max-snippet:-1, max-image-preview:large, max-video-preview:-1\" \/>\n<link rel=\"canonical\" href=\"https:\/\/sure-antennas.com\/de\/produkt\/sierra-wireless-xr80-fahrzeug-router\/\" \/>\n<meta property=\"og:locale\" content=\"de_DE\" \/>\n<meta property=\"og:type\" content=\"article\" \/>\n<meta property=\"og:title\" content=\"Sierra Wireless XR80 5G\/ LTE CAT 20- Fahrzeug-Router\" \/>\n<meta property=\"og:description\" content=\"Der leistungsstarke AirLink XR80 ist f\u00fcr station\u00e4re und mobile Anwendungen optimiert und unterst\u00fctzt vollst\u00e4ndige Device-to-Cloud-Sicherheit.\" \/>\n<meta property=\"og:url\" content=\"https:\/\/sure-antennas.com\/de\/produkt\/sierra-wireless-xr80-fahrzeug-router\/\" \/>\n<meta property=\"og:site_name\" content=\"Sure Antennas\" \/>\n<meta property=\"article:modified_time\" content=\"2025-02-25T10:39:03+00:00\" \/>\n<meta property=\"og:image\" content=\"https:\/\/sure-antennas.com\/wp-content\/uploads\/2021\/05\/XR-80.jpg\" \/>\n\t<meta property=\"og:image:width\" content=\"720\" \/>\n\t<meta property=\"og:image:height\" content=\"417\" \/>\n\t<meta property=\"og:image:type\" content=\"image\/jpeg\" \/>\n<meta name=\"twitter:card\" content=\"summary_large_image\" \/>\n<meta name=\"twitter:label1\" content=\"Est. reading time\" \/>\n\t<meta name=\"twitter:data1\" content=\"1 minute\" \/>\n<script type=\"application\/ld+json\" class=\"yoast-schema-graph\">{\"@context\":\"https:\\\/\\\/schema.org\",\"@graph\":[{\"@type\":\"WebPage\",\"@id\":\"https:\\\/\\\/sure-antennas.com\\\/de\\\/produkt\\\/sierra-wireless-xr80-fahrzeug-router\\\/\",\"url\":\"https:\\\/\\\/sure-antennas.com\\\/de\\\/produkt\\\/sierra-wireless-xr80-fahrzeug-router\\\/\",\"name\":\"Sierra Wireless XR80 5G\\\/ LTE CAT 20- Fahrzeug-Router\",\"isPartOf\":{\"@id\":\"https:\\\/\\\/sure-antennas.com\\\/#website\"},\"primaryImageOfPage\":{\"@id\":\"https:\\\/\\\/sure-antennas.com\\\/de\\\/produkt\\\/sierra-wireless-xr80-fahrzeug-router\\\/#primaryimage\"},\"image\":{\"@id\":\"https:\\\/\\\/sure-antennas.com\\\/de\\\/produkt\\\/sierra-wireless-xr80-fahrzeug-router\\\/#primaryimage\"},\"thumbnailUrl\":\"https:\\\/\\\/sure-antennas.com\\\/wp-content\\\/uploads\\\/2021\\\/05\\\/XR-80.jpg\",\"datePublished\":\"2021-05-25T13:15:49+00:00\",\"dateModified\":\"2025-02-25T10:39:03+00:00\",\"description\":\"Der leistungsstarke AirLink XR80 ist f\u00fcr station\u00e4re und mobile Anwendungen optimiert und unterst\u00fctzt vollst\u00e4ndige Device-to-Cloud-Sicherheit.\",\"breadcrumb\":{\"@id\":\"https:\\\/\\\/sure-antennas.com\\\/de\\\/produkt\\\/sierra-wireless-xr80-fahrzeug-router\\\/#breadcrumb\"},\"inLanguage\":\"de-DE\",\"potentialAction\":[{\"@type\":\"ReadAction\",\"target\":[\"https:\\\/\\\/sure-antennas.com\\\/de\\\/produkt\\\/sierra-wireless-xr80-fahrzeug-router\\\/\"]}]},{\"@type\":\"ImageObject\",\"inLanguage\":\"de-DE\",\"@id\":\"https:\\\/\\\/sure-antennas.com\\\/de\\\/produkt\\\/sierra-wireless-xr80-fahrzeug-router\\\/#primaryimage\",\"url\":\"https:\\\/\\\/sure-antennas.com\\\/wp-content\\\/uploads\\\/2021\\\/05\\\/XR-80.jpg\",\"contentUrl\":\"https:\\\/\\\/sure-antennas.com\\\/wp-content\\\/uploads\\\/2021\\\/05\\\/XR-80.jpg\",\"width\":720,\"height\":417},{\"@type\":\"BreadcrumbList\",\"@id\":\"https:\\\/\\\/sure-antennas.com\\\/de\\\/produkt\\\/sierra-wireless-xr80-fahrzeug-router\\\/#breadcrumb\",\"itemListElement\":[{\"@type\":\"ListItem\",\"position\":1,\"name\":\"Home\",\"item\":\"https:\\\/\\\/sure-antennas.com\\\/de\\\/\"},{\"@type\":\"ListItem\",\"position\":2,\"name\":\"Gesch\u00e4ft\",\"item\":\"https:\\\/\\\/sure-antennas.com\\\/de\\\/geschaeft\\\/\"},{\"@type\":\"ListItem\",\"position\":3,\"name\":\"Sierra Wireless XR80 5G\\\/ LTE CAT 20- Fahrzeug-Router\"}]},{\"@type\":\"WebSite\",\"@id\":\"https:\\\/\\\/sure-antennas.com\\\/#website\",\"url\":\"https:\\\/\\\/sure-antennas.com\\\/\",\"name\":\"Sure Antennas\",\"description\":\"Sure Antennas site\",\"publisher\":{\"@id\":\"https:\\\/\\\/sure-antennas.com\\\/#organization\"},\"potentialAction\":[{\"@type\":\"SearchAction\",\"target\":{\"@type\":\"EntryPoint\",\"urlTemplate\":\"https:\\\/\\\/sure-antennas.com\\\/?s={search_term_string}\"},\"query-input\":{\"@type\":\"PropertyValueSpecification\",\"valueRequired\":true,\"valueName\":\"search_term_string\"}}],\"inLanguage\":\"de-DE\"},{\"@type\":\"Organization\",\"@id\":\"https:\\\/\\\/sure-antennas.com\\\/#organization\",\"name\":\"Sure Antennas\",\"url\":\"https:\\\/\\\/sure-antennas.com\\\/\",\"logo\":{\"@type\":\"ImageObject\",\"inLanguage\":\"de-DE\",\"@id\":\"https:\\\/\\\/sure-antennas.com\\\/#\\\/schema\\\/logo\\\/image\\\/\",\"url\":\"https:\\\/\\\/sure-antennas.com\\\/wp-content\\\/uploads\\\/2021\\\/04\\\/logo-1.png\",\"contentUrl\":\"https:\\\/\\\/sure-antennas.com\\\/wp-content\\\/uploads\\\/2021\\\/04\\\/logo-1.png\",\"width\":211,\"height\":52,\"caption\":\"Sure Antennas\"},\"image\":{\"@id\":\"https:\\\/\\\/sure-antennas.com\\\/#\\\/schema\\\/logo\\\/image\\\/\"}}]}<\/script>\n<!-- \/ Yoast SEO plugin. -->","yoast_head_json":{"title":"Sierra Wireless XR80 5G\/ LTE CAT 20- Fahrzeug-Router","description":"Der leistungsstarke AirLink XR80 ist f\u00fcr station\u00e4re und mobile Anwendungen optimiert und unterst\u00fctzt vollst\u00e4ndige Device-to-Cloud-Sicherheit.","robots":{"index":"index","follow":"follow","max-snippet":"max-snippet:-1","max-image-preview":"max-image-preview:large","max-video-preview":"max-video-preview:-1"},"canonical":"https:\/\/sure-antennas.com\/de\/produkt\/sierra-wireless-xr80-fahrzeug-router\/","og_locale":"de_DE","og_type":"article","og_title":"Sierra Wireless XR80 5G\/ LTE CAT 20- Fahrzeug-Router","og_description":"Der leistungsstarke AirLink XR80 ist f\u00fcr station\u00e4re und mobile Anwendungen optimiert und unterst\u00fctzt vollst\u00e4ndige Device-to-Cloud-Sicherheit.","og_url":"https:\/\/sure-antennas.com\/de\/produkt\/sierra-wireless-xr80-fahrzeug-router\/","og_site_name":"Sure Antennas","article_modified_time":"2025-02-25T10:39:03+00:00","og_image":[{"width":720,"height":417,"url":"https:\/\/sure-antennas.com\/wp-content\/uploads\/2021\/05\/XR-80.jpg","type":"image\/jpeg"}],"twitter_card":"summary_large_image","twitter_misc":{"Est. reading time":"1 minute"},"schema":{"@context":"https:\/\/schema.org","@graph":[{"@type":"WebPage","@id":"https:\/\/sure-antennas.com\/de\/produkt\/sierra-wireless-xr80-fahrzeug-router\/","url":"https:\/\/sure-antennas.com\/de\/produkt\/sierra-wireless-xr80-fahrzeug-router\/","name":"Sierra Wireless XR80 5G\/ LTE CAT 20- Fahrzeug-Router","isPartOf":{"@id":"https:\/\/sure-antennas.com\/#website"},"primaryImageOfPage":{"@id":"https:\/\/sure-antennas.com\/de\/produkt\/sierra-wireless-xr80-fahrzeug-router\/#primaryimage"},"image":{"@id":"https:\/\/sure-antennas.com\/de\/produkt\/sierra-wireless-xr80-fahrzeug-router\/#primaryimage"},"thumbnailUrl":"https:\/\/sure-antennas.com\/wp-content\/uploads\/2021\/05\/XR-80.jpg","datePublished":"2021-05-25T13:15:49+00:00","dateModified":"2025-02-25T10:39:03+00:00","description":"Der leistungsstarke AirLink XR80 ist f\u00fcr station\u00e4re und mobile Anwendungen optimiert und unterst\u00fctzt vollst\u00e4ndige Device-to-Cloud-Sicherheit.","breadcrumb":{"@id":"https:\/\/sure-antennas.com\/de\/produkt\/sierra-wireless-xr80-fahrzeug-router\/#breadcrumb"},"inLanguage":"de-DE","potentialAction":[{"@type":"ReadAction","target":["https:\/\/sure-antennas.com\/de\/produkt\/sierra-wireless-xr80-fahrzeug-router\/"]}]},{"@type":"ImageObject","inLanguage":"de-DE","@id":"https:\/\/sure-antennas.com\/de\/produkt\/sierra-wireless-xr80-fahrzeug-router\/#primaryimage","url":"https:\/\/sure-antennas.com\/wp-content\/uploads\/2021\/05\/XR-80.jpg","contentUrl":"https:\/\/sure-antennas.com\/wp-content\/uploads\/2021\/05\/XR-80.jpg","width":720,"height":417},{"@type":"BreadcrumbList","@id":"https:\/\/sure-antennas.com\/de\/produkt\/sierra-wireless-xr80-fahrzeug-router\/#breadcrumb","itemListElement":[{"@type":"ListItem","position":1,"name":"Home","item":"https:\/\/sure-antennas.com\/de\/"},{"@type":"ListItem","position":2,"name":"Gesch\u00e4ft","item":"https:\/\/sure-antennas.com\/de\/geschaeft\/"},{"@type":"ListItem","position":3,"name":"Sierra Wireless XR80 5G\/ LTE CAT 20- Fahrzeug-Router"}]},{"@type":"WebSite","@id":"https:\/\/sure-antennas.com\/#website","url":"https:\/\/sure-antennas.com\/","name":"Sure Antennas","description":"Sure Antennas site","publisher":{"@id":"https:\/\/sure-antennas.com\/#organization"},"potentialAction":[{"@type":"SearchAction","target":{"@type":"EntryPoint","urlTemplate":"https:\/\/sure-antennas.com\/?s={search_term_string}"},"query-input":{"@type":"PropertyValueSpecification","valueRequired":true,"valueName":"search_term_string"}}],"inLanguage":"de-DE"},{"@type":"Organization","@id":"https:\/\/sure-antennas.com\/#organization","name":"Sure Antennas","url":"https:\/\/sure-antennas.com\/","logo":{"@type":"ImageObject","inLanguage":"de-DE","@id":"https:\/\/sure-antennas.com\/#\/schema\/logo\/image\/","url":"https:\/\/sure-antennas.com\/wp-content\/uploads\/2021\/04\/logo-1.png","contentUrl":"https:\/\/sure-antennas.com\/wp-content\/uploads\/2021\/04\/logo-1.png","width":211,"height":52,"caption":"Sure Antennas"},"image":{"@id":"https:\/\/sure-antennas.com\/#\/schema\/logo\/image\/"}}]}},"_links":{"self":[{"href":"https:\/\/sure-antennas.com\/de\/wp-json\/wp\/v2\/product\/39103","targetHints":{"allow":["GET"]}}],"collection":[{"href":"https:\/\/sure-antennas.com\/de\/wp-json\/wp\/v2\/product"}],"about":[{"href":"https:\/\/sure-antennas.com\/de\/wp-json\/wp\/v2\/types\/product"}],"replies":[{"embeddable":true,"href":"https:\/\/sure-antennas.com\/de\/wp-json\/wp\/v2\/comments?post=39103"}],"wp:featuredmedia":[{"embeddable":true,"href":"https:\/\/sure-antennas.com\/de\/wp-json\/wp\/v2\/media\/38230"}],"wp:attachment":[{"href":"https:\/\/sure-antennas.com\/de\/wp-json\/wp\/v2\/media?parent=39103"}],"wp:term":[{"taxonomy":"product_brand","embeddable":true,"href":"https:\/\/sure-antennas.com\/de\/wp-json\/wp\/v2\/product_brand?post=39103"},{"taxonomy":"product_cat","embeddable":true,"href":"https:\/\/sure-antennas.com\/de\/wp-json\/wp\/v2\/product_cat?post=39103"},{"taxonomy":"product_tag","embeddable":true,"href":"https:\/\/sure-antennas.com\/de\/wp-json\/wp\/v2\/product_tag?post=39103"}],"curies":[{"name":"wp","href":"https:\/\/api.w.org\/{rel}","templated":true}]}}