{"id":39146,"date":"2021-05-25T13:15:34","date_gmt":"2021-05-25T13:15:34","guid":{"rendered":"https:\/\/sure-antennas68068.e.wpstage.net\/product\/half-duplex-vehicle-intercom-system\/"},"modified":"2025-09-16T15:14:02","modified_gmt":"2025-09-16T15:14:02","slug":"halbduplex-fahrzeugsprechanlage","status":"publish","type":"product","link":"https:\/\/sure-antennas.com\/de\/produkt\/halbduplex-fahrzeugsprechanlage\/","title":{"rendered":"Halbduplex-Fahrzeugsprechanlage"},"content":{"rendered":"<p>Diese Version erm\u00f6glicht eine bidirektionale Kommunikation zwischen 2 Benutzern, die \u00fcber die <strong>Sprechtaste (PTT)<\/strong> gesteuert wird, und wird mit den entsprechenden Komponenten aus dem unten stehenden Schaltplan entworfen. Ideale Anwendungen w\u00e4ren <strong>Taxi-<\/strong> oder <strong>Limousinenfahrer<\/strong>, die eine bidirektionale Kommunikation zwischen Fahrer und Fahrgast \u00fcber eine PTT-Taste mit Mikrofonen und Lautsprechern aufrechterhalten, die diskret sowohl vorne als auch hinten im Fahrzeug angebracht sind. Wir k\u00f6nnen jede Art von Fahrzeug von traditionellen <strong>Limousinen<\/strong> bis hin zu <strong>modernen Minivans<\/strong> und <strong>Taxis<\/strong> einbauen.<\/p>\n<p>Diese Sprechanlage wurde mit der neuesten <strong>CAD-Software<\/strong> und unter Verwendung von <strong>Qualit\u00e4tskomponenten<\/strong> entwickelt und ist in einem robusten <strong>Aluminiumgeh\u00e4use<\/strong> untergebracht, das mit <strong>Halterungen<\/strong> f\u00fcr eine sichere <strong>Befestigung<\/strong> <strong>am Fahrzeug<\/strong> geliefert wird. Die Gegensprechanlage verf\u00fcgt \u00fcber standardm\u00e4\u00dfige <strong>Molex-Stecker<\/strong>, die einen <strong>einfachen Anschluss<\/strong> an die Einheit erm\u00f6glichen. Die Gegensprechanlage kann auch als Bausatz mit allen Kabeln, Lautsprechern und Mikrofonen f\u00fcr eine problemlose Installation geliefert werden. Kundenspezifische Schnittstellenpaneele k\u00f6nnen ebenfalls nach Ihren Anforderungen gefertigt werden.<\/p>\n<hr \/>\n<p><a href=\"https:\/\/covert-antenna.com\/wp-content\/uploads\/0600-502-Half-Duplex-Intercom.pdf\">\u00a0<\/a><\/p>\n","protected":false},"excerpt":{"rendered":"<p>&nbsp;<\/p>\n<p><strong>Artikelnummer :<\/strong>\u00a0<strong><span style=\"color: #00ccff;\">0600-502\u00a0<\/span><\/strong><br \/>\nHalbduplex-PTT-Fahrzeugsprechanlage f\u00fcr bidirektionale Kommunikation \u00fcber PTT.<\/p>\n<hr \/>\n<p> [&#8230;]<\/p>\n<p><a class=\"btn btn-secondary understrap-read-more-link\" href=\"https:\/\/sure-antennas.com\/de\/produkt\/halbduplex-fahrzeugsprechanlage\/\">Weiterlesen&#8230;<\/a><\/p>\n","protected":false},"featured_media":37191,"comment_status":"open","ping_status":"closed","template":"","meta":{"_acf_changed":false},"product_brand":[],"product_cat":[326],"product_tag":[],"class_list":{"0":"post-39146","1":"product","2":"type-product","3":"status-publish","4":"has-post-thumbnail","6":"product_cat-intercom-system-de","7":"manufacturer-half-duplex-vehicle-intercom-system-de","9":"first","10":"instock","11":"product-type-simple"},"acf":[],"yoast_head":"<!-- This site is optimized with the Yoast SEO plugin v27.0 - https:\/\/yoast.com\/product\/yoast-seo-wordpress\/ -->\n<title>Halbduplex-Fahrzeugsprechanlage | Sure Antennas<\/title>\n<meta name=\"description\" content=\"Diese Version der Gegensprechanlage f\u00fcr Fahrzeuge erm\u00f6glicht eine bidirektionale Kommunikation zwischen 2 Nutzern, die \u00fcber die PTT-Funktion gesteuert wird.\" \/>\n<meta name=\"robots\" content=\"index, follow, max-snippet:-1, max-image-preview:large, max-video-preview:-1\" \/>\n<link rel=\"canonical\" href=\"https:\/\/sure-antennas.com\/de\/produkt\/halbduplex-fahrzeugsprechanlage\/\" \/>\n<meta property=\"og:locale\" content=\"de_DE\" \/>\n<meta property=\"og:type\" content=\"article\" \/>\n<meta property=\"og:title\" content=\"Halbduplex-Fahrzeugsprechanlage | Sure Antennas\" \/>\n<meta property=\"og:description\" content=\"Diese Version der Gegensprechanlage f\u00fcr Fahrzeuge erm\u00f6glicht eine bidirektionale Kommunikation zwischen 2 Nutzern, die \u00fcber die PTT-Funktion gesteuert wird.\" \/>\n<meta property=\"og:url\" content=\"https:\/\/sure-antennas.com\/de\/produkt\/halbduplex-fahrzeugsprechanlage\/\" \/>\n<meta property=\"og:site_name\" content=\"Sure Antennas\" \/>\n<meta property=\"article:modified_time\" content=\"2025-09-16T15:14:02+00:00\" \/>\n<meta property=\"og:image\" content=\"https:\/\/sure-antennas.com\/wp-content\/uploads\/2021\/05\/limo1.png\" \/>\n\t<meta property=\"og:image:width\" content=\"500\" \/>\n\t<meta property=\"og:image:height\" content=\"500\" \/>\n\t<meta property=\"og:image:type\" content=\"image\/png\" \/>\n<meta name=\"twitter:card\" content=\"summary_large_image\" \/>\n<meta name=\"twitter:label1\" content=\"Est. reading time\" \/>\n\t<meta name=\"twitter:data1\" content=\"1 minute\" \/>\n<script type=\"application\/ld+json\" class=\"yoast-schema-graph\">{\"@context\":\"https:\/\/schema.org\",\"@graph\":[{\"@type\":\"WebPage\",\"@id\":\"https:\/\/sure-antennas.com\/de\/produkt\/halbduplex-fahrzeugsprechanlage\/\",\"url\":\"https:\/\/sure-antennas.com\/de\/produkt\/halbduplex-fahrzeugsprechanlage\/\",\"name\":\"Halbduplex-Fahrzeugsprechanlage | Sure Antennas\",\"isPartOf\":{\"@id\":\"https:\/\/sure-antennas.com\/#website\"},\"primaryImageOfPage\":{\"@id\":\"https:\/\/sure-antennas.com\/de\/produkt\/halbduplex-fahrzeugsprechanlage\/#primaryimage\"},\"image\":{\"@id\":\"https:\/\/sure-antennas.com\/de\/produkt\/halbduplex-fahrzeugsprechanlage\/#primaryimage\"},\"thumbnailUrl\":\"https:\/\/sure-antennas.com\/wp-content\/uploads\/2021\/05\/limo1.png\",\"datePublished\":\"2021-05-25T13:15:34+00:00\",\"dateModified\":\"2025-09-16T15:14:02+00:00\",\"description\":\"Diese Version der Gegensprechanlage f\u00fcr Fahrzeuge erm\u00f6glicht eine bidirektionale Kommunikation zwischen 2 Nutzern, die \u00fcber die PTT-Funktion gesteuert wird.\",\"breadcrumb\":{\"@id\":\"https:\/\/sure-antennas.com\/de\/produkt\/halbduplex-fahrzeugsprechanlage\/#breadcrumb\"},\"inLanguage\":\"de-DE\",\"potentialAction\":[{\"@type\":\"ReadAction\",\"target\":[\"https:\/\/sure-antennas.com\/de\/produkt\/halbduplex-fahrzeugsprechanlage\/\"]}]},{\"@type\":\"ImageObject\",\"inLanguage\":\"de-DE\",\"@id\":\"https:\/\/sure-antennas.com\/de\/produkt\/halbduplex-fahrzeugsprechanlage\/#primaryimage\",\"url\":\"https:\/\/sure-antennas.com\/wp-content\/uploads\/2021\/05\/limo1.png\",\"contentUrl\":\"https:\/\/sure-antennas.com\/wp-content\/uploads\/2021\/05\/limo1.png\",\"width\":500,\"height\":500},{\"@type\":\"BreadcrumbList\",\"@id\":\"https:\/\/sure-antennas.com\/de\/produkt\/halbduplex-fahrzeugsprechanlage\/#breadcrumb\",\"itemListElement\":[{\"@type\":\"ListItem\",\"position\":1,\"name\":\"Home\",\"item\":\"https:\/\/sure-antennas.com\/de\/\"},{\"@type\":\"ListItem\",\"position\":2,\"name\":\"Gesch\u00e4ft\",\"item\":\"https:\/\/sure-antennas.com\/de\/geschaeft\/\"},{\"@type\":\"ListItem\",\"position\":3,\"name\":\"Halbduplex-Fahrzeugsprechanlage\"}]},{\"@type\":\"WebSite\",\"@id\":\"https:\/\/sure-antennas.com\/#website\",\"url\":\"https:\/\/sure-antennas.com\/\",\"name\":\"Sure Antennas\",\"description\":\"Sure Antennas site\",\"publisher\":{\"@id\":\"https:\/\/sure-antennas.com\/#organization\"},\"potentialAction\":[{\"@type\":\"SearchAction\",\"target\":{\"@type\":\"EntryPoint\",\"urlTemplate\":\"https:\/\/sure-antennas.com\/?s={search_term_string}\"},\"query-input\":{\"@type\":\"PropertyValueSpecification\",\"valueRequired\":true,\"valueName\":\"search_term_string\"}}],\"inLanguage\":\"de-DE\"},{\"@type\":\"Organization\",\"@id\":\"https:\/\/sure-antennas.com\/#organization\",\"name\":\"Sure Antennas\",\"url\":\"https:\/\/sure-antennas.com\/\",\"logo\":{\"@type\":\"ImageObject\",\"inLanguage\":\"de-DE\",\"@id\":\"https:\/\/sure-antennas.com\/#\/schema\/logo\/image\/\",\"url\":\"https:\/\/sure-antennas.com\/wp-content\/uploads\/2021\/04\/logo-1.png\",\"contentUrl\":\"https:\/\/sure-antennas.com\/wp-content\/uploads\/2021\/04\/logo-1.png\",\"width\":211,\"height\":52,\"caption\":\"Sure Antennas\"},\"image\":{\"@id\":\"https:\/\/sure-antennas.com\/#\/schema\/logo\/image\/\"}}]}<\/script>\n<!-- \/ Yoast SEO plugin. -->","yoast_head_json":{"title":"Halbduplex-Fahrzeugsprechanlage | Sure Antennas","description":"Diese Version der Gegensprechanlage f\u00fcr Fahrzeuge erm\u00f6glicht eine bidirektionale Kommunikation zwischen 2 Nutzern, die \u00fcber die PTT-Funktion gesteuert wird.","robots":{"index":"index","follow":"follow","max-snippet":"max-snippet:-1","max-image-preview":"max-image-preview:large","max-video-preview":"max-video-preview:-1"},"canonical":"https:\/\/sure-antennas.com\/de\/produkt\/halbduplex-fahrzeugsprechanlage\/","og_locale":"de_DE","og_type":"article","og_title":"Halbduplex-Fahrzeugsprechanlage | Sure Antennas","og_description":"Diese Version der Gegensprechanlage f\u00fcr Fahrzeuge erm\u00f6glicht eine bidirektionale Kommunikation zwischen 2 Nutzern, die \u00fcber die PTT-Funktion gesteuert wird.","og_url":"https:\/\/sure-antennas.com\/de\/produkt\/halbduplex-fahrzeugsprechanlage\/","og_site_name":"Sure Antennas","article_modified_time":"2025-09-16T15:14:02+00:00","og_image":[{"width":500,"height":500,"url":"https:\/\/sure-antennas.com\/wp-content\/uploads\/2021\/05\/limo1.png","type":"image\/png"}],"twitter_card":"summary_large_image","twitter_misc":{"Est. reading time":"1 minute"},"schema":{"@context":"https:\/\/schema.org","@graph":[{"@type":"WebPage","@id":"https:\/\/sure-antennas.com\/de\/produkt\/halbduplex-fahrzeugsprechanlage\/","url":"https:\/\/sure-antennas.com\/de\/produkt\/halbduplex-fahrzeugsprechanlage\/","name":"Halbduplex-Fahrzeugsprechanlage | Sure Antennas","isPartOf":{"@id":"https:\/\/sure-antennas.com\/#website"},"primaryImageOfPage":{"@id":"https:\/\/sure-antennas.com\/de\/produkt\/halbduplex-fahrzeugsprechanlage\/#primaryimage"},"image":{"@id":"https:\/\/sure-antennas.com\/de\/produkt\/halbduplex-fahrzeugsprechanlage\/#primaryimage"},"thumbnailUrl":"https:\/\/sure-antennas.com\/wp-content\/uploads\/2021\/05\/limo1.png","datePublished":"2021-05-25T13:15:34+00:00","dateModified":"2025-09-16T15:14:02+00:00","description":"Diese Version der Gegensprechanlage f\u00fcr Fahrzeuge erm\u00f6glicht eine bidirektionale Kommunikation zwischen 2 Nutzern, die \u00fcber die PTT-Funktion gesteuert wird.","breadcrumb":{"@id":"https:\/\/sure-antennas.com\/de\/produkt\/halbduplex-fahrzeugsprechanlage\/#breadcrumb"},"inLanguage":"de-DE","potentialAction":[{"@type":"ReadAction","target":["https:\/\/sure-antennas.com\/de\/produkt\/halbduplex-fahrzeugsprechanlage\/"]}]},{"@type":"ImageObject","inLanguage":"de-DE","@id":"https:\/\/sure-antennas.com\/de\/produkt\/halbduplex-fahrzeugsprechanlage\/#primaryimage","url":"https:\/\/sure-antennas.com\/wp-content\/uploads\/2021\/05\/limo1.png","contentUrl":"https:\/\/sure-antennas.com\/wp-content\/uploads\/2021\/05\/limo1.png","width":500,"height":500},{"@type":"BreadcrumbList","@id":"https:\/\/sure-antennas.com\/de\/produkt\/halbduplex-fahrzeugsprechanlage\/#breadcrumb","itemListElement":[{"@type":"ListItem","position":1,"name":"Home","item":"https:\/\/sure-antennas.com\/de\/"},{"@type":"ListItem","position":2,"name":"Gesch\u00e4ft","item":"https:\/\/sure-antennas.com\/de\/geschaeft\/"},{"@type":"ListItem","position":3,"name":"Halbduplex-Fahrzeugsprechanlage"}]},{"@type":"WebSite","@id":"https:\/\/sure-antennas.com\/#website","url":"https:\/\/sure-antennas.com\/","name":"Sure Antennas","description":"Sure Antennas site","publisher":{"@id":"https:\/\/sure-antennas.com\/#organization"},"potentialAction":[{"@type":"SearchAction","target":{"@type":"EntryPoint","urlTemplate":"https:\/\/sure-antennas.com\/?s={search_term_string}"},"query-input":{"@type":"PropertyValueSpecification","valueRequired":true,"valueName":"search_term_string"}}],"inLanguage":"de-DE"},{"@type":"Organization","@id":"https:\/\/sure-antennas.com\/#organization","name":"Sure Antennas","url":"https:\/\/sure-antennas.com\/","logo":{"@type":"ImageObject","inLanguage":"de-DE","@id":"https:\/\/sure-antennas.com\/#\/schema\/logo\/image\/","url":"https:\/\/sure-antennas.com\/wp-content\/uploads\/2021\/04\/logo-1.png","contentUrl":"https:\/\/sure-antennas.com\/wp-content\/uploads\/2021\/04\/logo-1.png","width":211,"height":52,"caption":"Sure Antennas"},"image":{"@id":"https:\/\/sure-antennas.com\/#\/schema\/logo\/image\/"}}]}},"_links":{"self":[{"href":"https:\/\/sure-antennas.com\/de\/wp-json\/wp\/v2\/product\/39146","targetHints":{"allow":["GET"]}}],"collection":[{"href":"https:\/\/sure-antennas.com\/de\/wp-json\/wp\/v2\/product"}],"about":[{"href":"https:\/\/sure-antennas.com\/de\/wp-json\/wp\/v2\/types\/product"}],"replies":[{"embeddable":true,"href":"https:\/\/sure-antennas.com\/de\/wp-json\/wp\/v2\/comments?post=39146"}],"wp:featuredmedia":[{"embeddable":true,"href":"https:\/\/sure-antennas.com\/de\/wp-json\/wp\/v2\/media\/37191"}],"wp:attachment":[{"href":"https:\/\/sure-antennas.com\/de\/wp-json\/wp\/v2\/media?parent=39146"}],"wp:term":[{"taxonomy":"product_brand","embeddable":true,"href":"https:\/\/sure-antennas.com\/de\/wp-json\/wp\/v2\/product_brand?post=39146"},{"taxonomy":"product_cat","embeddable":true,"href":"https:\/\/sure-antennas.com\/de\/wp-json\/wp\/v2\/product_cat?post=39146"},{"taxonomy":"product_tag","embeddable":true,"href":"https:\/\/sure-antennas.com\/de\/wp-json\/wp\/v2\/product_tag?post=39146"}],"curies":[{"name":"wp","href":"https:\/\/api.w.org\/{rel}","templated":true}]}}