{"id":39150,"date":"2021-05-25T13:15:34","date_gmt":"2021-05-25T13:15:34","guid":{"rendered":"https:\/\/sure-antennas68068.e.wpstage.net\/product\/front-to-rear-vehicle-intercom-system\/"},"modified":"2025-09-16T15:11:35","modified_gmt":"2025-09-16T15:11:35","slug":"front-to-rear-fahrzeugsprechanlage","status":"publish","type":"product","link":"https:\/\/sure-antennas.com\/de\/produkt\/front-to-rear-fahrzeugsprechanlage\/","title":{"rendered":"Front-to-Rear Fahrzeugsprechanlage"},"content":{"rendered":"<p>Diese Version erm\u00f6glicht es dem Benutzer, das hintere Mikrofon zu steuern und die Insassen einer hinteren Zelle\/eines hinteren Fahrzeugs zu h\u00f6ren und \u00fcber die PTT-Funktion f\u00fcr <strong>Sicherheitszwecke<\/strong> zu kommunizieren. Sie wird mit den entsprechenden Komponenten aus dem unten stehenden Schaltplan entworfen. Ideale Anwendungen w\u00e4ren <strong>Polizei-<\/strong> und <strong>Gef\u00e4ngnistransporter<\/strong>, die die Kommunikation mit den Fahrg\u00e4sten aufrechterhalten und auch eine <strong>Audio\u00fcberwachung<\/strong> f\u00fcr den hinteren Teil des Fahrzeugs bieten.<\/p>\n<p>Diese Gegensprechanlage wurde mit der neuesten <strong>CAD-Software<\/strong> und unter Verwendung von <strong>Qualit\u00e4tskomponenten<\/strong> entwickelt und ist in einem robusten <strong>Aluminiumgeh\u00e4use<\/strong> untergebracht, das mit <strong>Halterungen<\/strong> f\u00fcr eine sichere <strong>Befestigung<\/strong> am Fahrzeug geliefert wird. Die Gegensprechanlage verf\u00fcgt \u00fcber standardm\u00e4\u00dfige <strong>Molex-Stecker<\/strong>, die einen <strong>einfachen Anschluss<\/strong> an die Einheit erm\u00f6glichen. Die Gegensprechanlage kann auch als Bausatz mit allen Kabeln, Lautsprechern und Mikrofonen f\u00fcr eine problemlose Installation geliefert werden. Kundenspezifische Schnittstellenpaneele k\u00f6nnen ebenfalls nach Ihren Anforderungen gefertigt werden.<\/p>\n","protected":false},"excerpt":{"rendered":"<p><strong>Artikelnummer: <span style=\"color: #00ccff;\">0600-501<\/span><\/strong><br \/>\nDer Benutzer kann das hintere Mikrofon steuern und die Insassen im hinteren Teil des Fahrzeugs h\u00f6ren.<\/p>\n<hr \/>\n<p> [&#8230;]<\/p>\n<p><a class=\"btn btn-secondary understrap-read-more-link\" href=\"https:\/\/sure-antennas.com\/de\/produkt\/front-to-rear-fahrzeugsprechanlage\/\">Weiterlesen&#8230;<\/a><\/p>\n","protected":false},"featured_media":37187,"comment_status":"open","ping_status":"closed","template":"","meta":{"_acf_changed":false},"product_brand":[],"product_cat":[326],"product_tag":[],"class_list":{"0":"post-39150","1":"product","2":"type-product","3":"status-publish","4":"has-post-thumbnail","6":"product_cat-intercom-system-de","7":"manufacturer-front-to-rear-vehicle-intercom-system-de","9":"first","10":"instock","11":"product-type-simple"},"acf":[],"yoast_head":"<!-- This site is optimized with the Yoast SEO plugin v27.4 - https:\/\/yoast.com\/product\/yoast-seo-wordpress\/ -->\n<title>Front-to-Rear Fahrzeugsprechanlage<\/title>\n<meta name=\"description\" content=\"Ideal f\u00fcr Polizei- und Gef\u00e4ngnistransporter, um die Kommunikation mit den Fahrg\u00e4sten aufrechtzuerhalten und die Audio\u00fcberwachung zu gew\u00e4hrleisten.\" \/>\n<meta name=\"robots\" content=\"index, follow, max-snippet:-1, max-image-preview:large, max-video-preview:-1\" \/>\n<link rel=\"canonical\" href=\"https:\/\/sure-antennas.com\/de\/produkt\/front-to-rear-fahrzeugsprechanlage\/\" \/>\n<meta property=\"og:locale\" content=\"de_DE\" \/>\n<meta property=\"og:type\" content=\"article\" \/>\n<meta property=\"og:title\" content=\"Front-to-Rear Fahrzeugsprechanlage\" \/>\n<meta property=\"og:description\" content=\"Ideal f\u00fcr Polizei- und Gef\u00e4ngnistransporter, um die Kommunikation mit den Fahrg\u00e4sten aufrechtzuerhalten und die Audio\u00fcberwachung zu gew\u00e4hrleisten.\" \/>\n<meta property=\"og:url\" content=\"https:\/\/sure-antennas.com\/de\/produkt\/front-to-rear-fahrzeugsprechanlage\/\" \/>\n<meta property=\"og:site_name\" content=\"Sure Antennas\" \/>\n<meta property=\"article:modified_time\" content=\"2025-09-16T15:11:35+00:00\" \/>\n<meta property=\"og:image\" content=\"https:\/\/sure-antennas.com\/wp-content\/uploads\/2021\/05\/front-tocell-1.png\" \/>\n\t<meta property=\"og:image:width\" content=\"500\" \/>\n\t<meta property=\"og:image:height\" content=\"500\" \/>\n\t<meta property=\"og:image:type\" content=\"image\/png\" \/>\n<meta name=\"twitter:card\" content=\"summary_large_image\" \/>\n<meta name=\"twitter:label1\" content=\"Est. reading time\" \/>\n\t<meta name=\"twitter:data1\" content=\"1 minute\" \/>\n<script type=\"application\/ld+json\" class=\"yoast-schema-graph\">{\"@context\":\"https:\\\/\\\/schema.org\",\"@graph\":[{\"@type\":\"WebPage\",\"@id\":\"https:\\\/\\\/sure-antennas.com\\\/de\\\/produkt\\\/front-to-rear-fahrzeugsprechanlage\\\/\",\"url\":\"https:\\\/\\\/sure-antennas.com\\\/de\\\/produkt\\\/front-to-rear-fahrzeugsprechanlage\\\/\",\"name\":\"Front-to-Rear Fahrzeugsprechanlage\",\"isPartOf\":{\"@id\":\"https:\\\/\\\/sure-antennas.com\\\/#website\"},\"primaryImageOfPage\":{\"@id\":\"https:\\\/\\\/sure-antennas.com\\\/de\\\/produkt\\\/front-to-rear-fahrzeugsprechanlage\\\/#primaryimage\"},\"image\":{\"@id\":\"https:\\\/\\\/sure-antennas.com\\\/de\\\/produkt\\\/front-to-rear-fahrzeugsprechanlage\\\/#primaryimage\"},\"thumbnailUrl\":\"https:\\\/\\\/sure-antennas.com\\\/wp-content\\\/uploads\\\/2021\\\/05\\\/front-tocell-1.png\",\"datePublished\":\"2021-05-25T13:15:34+00:00\",\"dateModified\":\"2025-09-16T15:11:35+00:00\",\"description\":\"Ideal f\u00fcr Polizei- und Gef\u00e4ngnistransporter, um die Kommunikation mit den Fahrg\u00e4sten aufrechtzuerhalten und die Audio\u00fcberwachung zu gew\u00e4hrleisten.\",\"breadcrumb\":{\"@id\":\"https:\\\/\\\/sure-antennas.com\\\/de\\\/produkt\\\/front-to-rear-fahrzeugsprechanlage\\\/#breadcrumb\"},\"inLanguage\":\"de-DE\",\"potentialAction\":[{\"@type\":\"ReadAction\",\"target\":[\"https:\\\/\\\/sure-antennas.com\\\/de\\\/produkt\\\/front-to-rear-fahrzeugsprechanlage\\\/\"]}]},{\"@type\":\"ImageObject\",\"inLanguage\":\"de-DE\",\"@id\":\"https:\\\/\\\/sure-antennas.com\\\/de\\\/produkt\\\/front-to-rear-fahrzeugsprechanlage\\\/#primaryimage\",\"url\":\"https:\\\/\\\/sure-antennas.com\\\/wp-content\\\/uploads\\\/2021\\\/05\\\/front-tocell-1.png\",\"contentUrl\":\"https:\\\/\\\/sure-antennas.com\\\/wp-content\\\/uploads\\\/2021\\\/05\\\/front-tocell-1.png\",\"width\":500,\"height\":500},{\"@type\":\"BreadcrumbList\",\"@id\":\"https:\\\/\\\/sure-antennas.com\\\/de\\\/produkt\\\/front-to-rear-fahrzeugsprechanlage\\\/#breadcrumb\",\"itemListElement\":[{\"@type\":\"ListItem\",\"position\":1,\"name\":\"Home\",\"item\":\"https:\\\/\\\/sure-antennas.com\\\/de\\\/\"},{\"@type\":\"ListItem\",\"position\":2,\"name\":\"Gesch\u00e4ft\",\"item\":\"https:\\\/\\\/sure-antennas.com\\\/de\\\/geschaeft\\\/\"},{\"@type\":\"ListItem\",\"position\":3,\"name\":\"Front-to-Rear Fahrzeugsprechanlage\"}]},{\"@type\":\"WebSite\",\"@id\":\"https:\\\/\\\/sure-antennas.com\\\/#website\",\"url\":\"https:\\\/\\\/sure-antennas.com\\\/\",\"name\":\"Sure Antennas\",\"description\":\"Sure Antennas site\",\"publisher\":{\"@id\":\"https:\\\/\\\/sure-antennas.com\\\/#organization\"},\"potentialAction\":[{\"@type\":\"SearchAction\",\"target\":{\"@type\":\"EntryPoint\",\"urlTemplate\":\"https:\\\/\\\/sure-antennas.com\\\/?s={search_term_string}\"},\"query-input\":{\"@type\":\"PropertyValueSpecification\",\"valueRequired\":true,\"valueName\":\"search_term_string\"}}],\"inLanguage\":\"de-DE\"},{\"@type\":\"Organization\",\"@id\":\"https:\\\/\\\/sure-antennas.com\\\/#organization\",\"name\":\"Sure Antennas\",\"url\":\"https:\\\/\\\/sure-antennas.com\\\/\",\"logo\":{\"@type\":\"ImageObject\",\"inLanguage\":\"de-DE\",\"@id\":\"https:\\\/\\\/sure-antennas.com\\\/#\\\/schema\\\/logo\\\/image\\\/\",\"url\":\"https:\\\/\\\/sure-antennas.com\\\/wp-content\\\/uploads\\\/2021\\\/04\\\/logo-1.png\",\"contentUrl\":\"https:\\\/\\\/sure-antennas.com\\\/wp-content\\\/uploads\\\/2021\\\/04\\\/logo-1.png\",\"width\":211,\"height\":52,\"caption\":\"Sure Antennas\"},\"image\":{\"@id\":\"https:\\\/\\\/sure-antennas.com\\\/#\\\/schema\\\/logo\\\/image\\\/\"}}]}<\/script>\n<!-- \/ Yoast SEO plugin. -->","yoast_head_json":{"title":"Front-to-Rear Fahrzeugsprechanlage","description":"Ideal f\u00fcr Polizei- und Gef\u00e4ngnistransporter, um die Kommunikation mit den Fahrg\u00e4sten aufrechtzuerhalten und die Audio\u00fcberwachung zu gew\u00e4hrleisten.","robots":{"index":"index","follow":"follow","max-snippet":"max-snippet:-1","max-image-preview":"max-image-preview:large","max-video-preview":"max-video-preview:-1"},"canonical":"https:\/\/sure-antennas.com\/de\/produkt\/front-to-rear-fahrzeugsprechanlage\/","og_locale":"de_DE","og_type":"article","og_title":"Front-to-Rear Fahrzeugsprechanlage","og_description":"Ideal f\u00fcr Polizei- und Gef\u00e4ngnistransporter, um die Kommunikation mit den Fahrg\u00e4sten aufrechtzuerhalten und die Audio\u00fcberwachung zu gew\u00e4hrleisten.","og_url":"https:\/\/sure-antennas.com\/de\/produkt\/front-to-rear-fahrzeugsprechanlage\/","og_site_name":"Sure Antennas","article_modified_time":"2025-09-16T15:11:35+00:00","og_image":[{"width":500,"height":500,"url":"https:\/\/sure-antennas.com\/wp-content\/uploads\/2021\/05\/front-tocell-1.png","type":"image\/png"}],"twitter_card":"summary_large_image","twitter_misc":{"Est. reading time":"1 minute"},"schema":{"@context":"https:\/\/schema.org","@graph":[{"@type":"WebPage","@id":"https:\/\/sure-antennas.com\/de\/produkt\/front-to-rear-fahrzeugsprechanlage\/","url":"https:\/\/sure-antennas.com\/de\/produkt\/front-to-rear-fahrzeugsprechanlage\/","name":"Front-to-Rear Fahrzeugsprechanlage","isPartOf":{"@id":"https:\/\/sure-antennas.com\/#website"},"primaryImageOfPage":{"@id":"https:\/\/sure-antennas.com\/de\/produkt\/front-to-rear-fahrzeugsprechanlage\/#primaryimage"},"image":{"@id":"https:\/\/sure-antennas.com\/de\/produkt\/front-to-rear-fahrzeugsprechanlage\/#primaryimage"},"thumbnailUrl":"https:\/\/sure-antennas.com\/wp-content\/uploads\/2021\/05\/front-tocell-1.png","datePublished":"2021-05-25T13:15:34+00:00","dateModified":"2025-09-16T15:11:35+00:00","description":"Ideal f\u00fcr Polizei- und Gef\u00e4ngnistransporter, um die Kommunikation mit den Fahrg\u00e4sten aufrechtzuerhalten und die Audio\u00fcberwachung zu gew\u00e4hrleisten.","breadcrumb":{"@id":"https:\/\/sure-antennas.com\/de\/produkt\/front-to-rear-fahrzeugsprechanlage\/#breadcrumb"},"inLanguage":"de-DE","potentialAction":[{"@type":"ReadAction","target":["https:\/\/sure-antennas.com\/de\/produkt\/front-to-rear-fahrzeugsprechanlage\/"]}]},{"@type":"ImageObject","inLanguage":"de-DE","@id":"https:\/\/sure-antennas.com\/de\/produkt\/front-to-rear-fahrzeugsprechanlage\/#primaryimage","url":"https:\/\/sure-antennas.com\/wp-content\/uploads\/2021\/05\/front-tocell-1.png","contentUrl":"https:\/\/sure-antennas.com\/wp-content\/uploads\/2021\/05\/front-tocell-1.png","width":500,"height":500},{"@type":"BreadcrumbList","@id":"https:\/\/sure-antennas.com\/de\/produkt\/front-to-rear-fahrzeugsprechanlage\/#breadcrumb","itemListElement":[{"@type":"ListItem","position":1,"name":"Home","item":"https:\/\/sure-antennas.com\/de\/"},{"@type":"ListItem","position":2,"name":"Gesch\u00e4ft","item":"https:\/\/sure-antennas.com\/de\/geschaeft\/"},{"@type":"ListItem","position":3,"name":"Front-to-Rear Fahrzeugsprechanlage"}]},{"@type":"WebSite","@id":"https:\/\/sure-antennas.com\/#website","url":"https:\/\/sure-antennas.com\/","name":"Sure Antennas","description":"Sure Antennas site","publisher":{"@id":"https:\/\/sure-antennas.com\/#organization"},"potentialAction":[{"@type":"SearchAction","target":{"@type":"EntryPoint","urlTemplate":"https:\/\/sure-antennas.com\/?s={search_term_string}"},"query-input":{"@type":"PropertyValueSpecification","valueRequired":true,"valueName":"search_term_string"}}],"inLanguage":"de-DE"},{"@type":"Organization","@id":"https:\/\/sure-antennas.com\/#organization","name":"Sure Antennas","url":"https:\/\/sure-antennas.com\/","logo":{"@type":"ImageObject","inLanguage":"de-DE","@id":"https:\/\/sure-antennas.com\/#\/schema\/logo\/image\/","url":"https:\/\/sure-antennas.com\/wp-content\/uploads\/2021\/04\/logo-1.png","contentUrl":"https:\/\/sure-antennas.com\/wp-content\/uploads\/2021\/04\/logo-1.png","width":211,"height":52,"caption":"Sure Antennas"},"image":{"@id":"https:\/\/sure-antennas.com\/#\/schema\/logo\/image\/"}}]}},"_links":{"self":[{"href":"https:\/\/sure-antennas.com\/de\/wp-json\/wp\/v2\/product\/39150","targetHints":{"allow":["GET"]}}],"collection":[{"href":"https:\/\/sure-antennas.com\/de\/wp-json\/wp\/v2\/product"}],"about":[{"href":"https:\/\/sure-antennas.com\/de\/wp-json\/wp\/v2\/types\/product"}],"replies":[{"embeddable":true,"href":"https:\/\/sure-antennas.com\/de\/wp-json\/wp\/v2\/comments?post=39150"}],"wp:featuredmedia":[{"embeddable":true,"href":"https:\/\/sure-antennas.com\/de\/wp-json\/wp\/v2\/media\/37187"}],"wp:attachment":[{"href":"https:\/\/sure-antennas.com\/de\/wp-json\/wp\/v2\/media?parent=39150"}],"wp:term":[{"taxonomy":"product_brand","embeddable":true,"href":"https:\/\/sure-antennas.com\/de\/wp-json\/wp\/v2\/product_brand?post=39150"},{"taxonomy":"product_cat","embeddable":true,"href":"https:\/\/sure-antennas.com\/de\/wp-json\/wp\/v2\/product_cat?post=39150"},{"taxonomy":"product_tag","embeddable":true,"href":"https:\/\/sure-antennas.com\/de\/wp-json\/wp\/v2\/product_tag?post=39150"}],"curies":[{"name":"wp","href":"https:\/\/api.w.org\/{rel}","templated":true}]}}