{"id":39608,"date":"2025-08-25T13:10:59","date_gmt":"2025-08-25T13:10:59","guid":{"rendered":"https:\/\/sure-antennas68068.e.wpstage.net\/product\/esn-multi-function-wideband-mimo-oem-sharkfin-antenna-the-mallard\/"},"modified":"2026-04-09T13:25:15","modified_gmt":"2026-04-09T13:25:15","slug":"esn-multifunktions-breitband-mimo-oem-haifischflossen-antenne-die-mallard","status":"publish","type":"product","link":"https:\/\/sure-antennas.com\/de\/produkt\/esn-multifunktions-breitband-mimo-oem-haifischflossen-antenne-die-mallard\/","title":{"rendered":"4G\/5G ESN Multifunktions-Breitband-MiMo OEM Haifischflossen-Antenne &#8211; Die \u201eMallard\u201c"},"content":{"rendered":"<p>Die Artikelnummer 7000-308, auch bekannt als \u201eMallard\u201c, ist eine kompakte Haifischflossen-Antenne im eleganten OEM-Design, die bis zu neun Funktionen unterst\u00fctzt.<\/p>\n<p>Ihr robustes \u00c4u\u00dferes beherbergt Ultrabreitband-Antennenelemente, die 700 MHz bis 6 GHz mit einem Mindestgewinn von 4 dBi \u00fcber das gesamte Band unterst\u00fctzen.<\/p>\n<p>Die als Multifunktionsantenne konzipierte Antenne bietet zus\u00e4tzliche Optionen wie eine MiMo Dual Band WiFi-Funktion, 2 GPS\/GNSS-Anschl\u00fcsse und Unterst\u00fctzung f\u00fcr eine optionale Whip, die viele Frequenzoptionen einschlie\u00dflich TETRA, WiFi oder LTE f\u00fcr eine zus\u00e4tzliche Verbindung bietet, um Ihren ESN-Umstieg zu erleichtern.<\/p>\n<p>Mit einer Einlochinstallation und so vielen potenziellen Frequenzfunktionen w\u00fcrde diese Antenne dazu beitragen, die Installationskosten zu senken und den Wiederverkaufswert Ihres Fahrzeugs zu sch\u00fctzen, indem sie dazu beitr\u00e4gt, Ihre Fahrzeuginstallation zukunftssicher zu machen.<\/p>\n<p>Die \u201eMallard\u201c kann mit verschiedenen Funktionskombinationen geliefert werden, die zu den Ger\u00e4ten passen, an die sie angeschlossen wird, und es kann auch eine breite Palette an kundenspezifischen verlustarmen Koaxialkabel-Kits geliefert werden.<\/p>\n<p>F\u00fcr weitere Informationen kontaktieren Sie uns bitte unter +44 (0)151 334 9160.<\/p>\n","protected":false},"excerpt":{"rendered":"<p><strong>Artikelnummer: 7000-308<\/strong><br \/>\nDiese flache MIMO-Multifunktionsantenne wird liebevoll <strong>\u201eMallard\u201c<\/strong> genannt und kann bis zu 9 Funktionen unterst\u00fctzen. Die Antenne ist sowohl f\u00fcr den Funkverkehr zugelassen als auch ESN-f\u00e4hig, d.h. sie macht Ihr Fahrzeug zukunftssicher. Die <strong>\u201eMallard\u201c<\/strong> kann mit verschiedenen Funktionskombinationen geliefert werden, je nachdem, an welches Ger\u00e4t sie angeschlossen wird. [&#8230;]<\/p>\n<p><a class=\"btn btn-secondary understrap-read-more-link\" href=\"https:\/\/sure-antennas.com\/de\/produkt\/esn-multifunktions-breitband-mimo-oem-haifischflossen-antenne-die-mallard\/\">Weiterlesen&#8230;<\/a><\/p>\n","protected":false},"featured_media":41249,"comment_status":"closed","ping_status":"closed","template":"","meta":{"_acf_changed":false},"product_brand":[],"product_cat":[277,311,276],"product_tag":[263,264,334,335,266,280,336,337,267,268,269,270,305,281],"class_list":{"0":"post-39608","1":"product","2":"type-product","3":"status-publish","4":"has-post-thumbnail","6":"product_cat-esn-vehicle-antennas-de","7":"product_cat-discreet-antennas-de","8":"product_cat-marked-antennas-de","9":"product_tag-3g-de","10":"product_tag-4g-de","11":"product_tag-custom-frequency-de","12":"product_tag-gps-glonas-de","13":"product_tag-gsm-de","14":"product_tag-lte-de","15":"product_tag-lte-multiband-gsm-de","16":"product_tag-mimo-de","17":"product_tag-perris-de","18":"product_tag-smart-de","19":"product_tag-tetra-de","20":"product_tag-uhf-de","21":"product_tag-vhf-de","22":"product_tag-wifi-de","23":"manufacturer-discreet-antennas-de","25":"first","26":"instock","27":"product-type-simple"},"acf":[],"yoast_head":"<!-- This site is optimized with the Yoast SEO plugin v27.0 - https:\/\/yoast.com\/product\/yoast-seo-wordpress\/ -->\n<title>4G\/5G ESN MiMo Multifunktions-Antenne | Sure Antennas<\/title>\n<meta name=\"description\" content=\"Diese flache Multifunktions-MIMO 4G\/5G ESN-Antenne wird liebevoll \u201eMallard\u201c genannt und kann bis zu 9 Funktionen unterst\u00fctzen.\" \/>\n<meta name=\"robots\" content=\"index, follow, max-snippet:-1, max-image-preview:large, max-video-preview:-1\" \/>\n<link rel=\"canonical\" href=\"https:\/\/sure-antennas.com\/de\/produkt\/esn-multifunktions-breitband-mimo-oem-haifischflossen-antenne-die-mallard\/\" \/>\n<meta property=\"og:locale\" content=\"de_DE\" \/>\n<meta property=\"og:type\" content=\"article\" \/>\n<meta property=\"og:title\" content=\"4G\/5G ESN MiMo Multifunktions-Antenne | Sure Antennas\" \/>\n<meta property=\"og:description\" content=\"Diese flache Multifunktions-MIMO 4G\/5G ESN-Antenne wird liebevoll \u201eMallard\u201c genannt und kann bis zu 9 Funktionen unterst\u00fctzen.\" \/>\n<meta property=\"og:url\" content=\"https:\/\/sure-antennas.com\/de\/produkt\/esn-multifunktions-breitband-mimo-oem-haifischflossen-antenne-die-mallard\/\" \/>\n<meta property=\"og:site_name\" content=\"Sure Antennas\" \/>\n<meta property=\"article:modified_time\" content=\"2026-04-09T13:25:15+00:00\" \/>\n<meta property=\"og:image\" content=\"https:\/\/sure-antennas.com\/wp-content\/uploads\/2025\/04\/Mallard-Deutsch.png\" \/>\n\t<meta property=\"og:image:width\" content=\"485\" \/>\n\t<meta property=\"og:image:height\" content=\"500\" \/>\n\t<meta property=\"og:image:type\" content=\"image\/png\" \/>\n<meta name=\"twitter:card\" content=\"summary_large_image\" \/>\n<meta name=\"twitter:label1\" content=\"Est. reading time\" \/>\n\t<meta name=\"twitter:data1\" content=\"1 minute\" \/>\n<script type=\"application\/ld+json\" class=\"yoast-schema-graph\">{\"@context\":\"https:\/\/schema.org\",\"@graph\":[{\"@type\":\"WebPage\",\"@id\":\"https:\/\/sure-antennas.com\/de\/produkt\/esn-multifunktions-breitband-mimo-oem-haifischflossen-antenne-die-mallard\/\",\"url\":\"https:\/\/sure-antennas.com\/de\/produkt\/esn-multifunktions-breitband-mimo-oem-haifischflossen-antenne-die-mallard\/\",\"name\":\"4G\/5G ESN MiMo Multifunktions-Antenne | Sure Antennas\",\"isPartOf\":{\"@id\":\"https:\/\/sure-antennas.com\/#website\"},\"primaryImageOfPage\":{\"@id\":\"https:\/\/sure-antennas.com\/de\/produkt\/esn-multifunktions-breitband-mimo-oem-haifischflossen-antenne-die-mallard\/#primaryimage\"},\"image\":{\"@id\":\"https:\/\/sure-antennas.com\/de\/produkt\/esn-multifunktions-breitband-mimo-oem-haifischflossen-antenne-die-mallard\/#primaryimage\"},\"thumbnailUrl\":\"https:\/\/sure-antennas.com\/wp-content\/uploads\/2025\/04\/Mallard-Deutsch.png\",\"datePublished\":\"2025-08-25T13:10:59+00:00\",\"dateModified\":\"2026-04-09T13:25:15+00:00\",\"description\":\"Diese flache Multifunktions-MIMO 4G\/5G ESN-Antenne wird liebevoll \u201eMallard\u201c genannt und kann bis zu 9 Funktionen unterst\u00fctzen.\",\"breadcrumb\":{\"@id\":\"https:\/\/sure-antennas.com\/de\/produkt\/esn-multifunktions-breitband-mimo-oem-haifischflossen-antenne-die-mallard\/#breadcrumb\"},\"inLanguage\":\"de-DE\",\"potentialAction\":[{\"@type\":\"ReadAction\",\"target\":[\"https:\/\/sure-antennas.com\/de\/produkt\/esn-multifunktions-breitband-mimo-oem-haifischflossen-antenne-die-mallard\/\"]}]},{\"@type\":\"ImageObject\",\"inLanguage\":\"de-DE\",\"@id\":\"https:\/\/sure-antennas.com\/de\/produkt\/esn-multifunktions-breitband-mimo-oem-haifischflossen-antenne-die-mallard\/#primaryimage\",\"url\":\"https:\/\/sure-antennas.com\/wp-content\/uploads\/2025\/04\/Mallard-Deutsch.png\",\"contentUrl\":\"https:\/\/sure-antennas.com\/wp-content\/uploads\/2025\/04\/Mallard-Deutsch.png\",\"width\":485,\"height\":500},{\"@type\":\"BreadcrumbList\",\"@id\":\"https:\/\/sure-antennas.com\/de\/produkt\/esn-multifunktions-breitband-mimo-oem-haifischflossen-antenne-die-mallard\/#breadcrumb\",\"itemListElement\":[{\"@type\":\"ListItem\",\"position\":1,\"name\":\"Home\",\"item\":\"https:\/\/sure-antennas.com\/de\/\"},{\"@type\":\"ListItem\",\"position\":2,\"name\":\"Gesch\u00e4ft\",\"item\":\"https:\/\/sure-antennas.com\/de\/geschaeft\/\"},{\"@type\":\"ListItem\",\"position\":3,\"name\":\"4G\/5G ESN Multifunktions-Breitband-MiMo OEM Haifischflossen-Antenne &#8211; Die \u201eMallard\u201c\"}]},{\"@type\":\"WebSite\",\"@id\":\"https:\/\/sure-antennas.com\/#website\",\"url\":\"https:\/\/sure-antennas.com\/\",\"name\":\"Sure Antennas\",\"description\":\"Sure Antennas site\",\"publisher\":{\"@id\":\"https:\/\/sure-antennas.com\/#organization\"},\"potentialAction\":[{\"@type\":\"SearchAction\",\"target\":{\"@type\":\"EntryPoint\",\"urlTemplate\":\"https:\/\/sure-antennas.com\/?s={search_term_string}\"},\"query-input\":{\"@type\":\"PropertyValueSpecification\",\"valueRequired\":true,\"valueName\":\"search_term_string\"}}],\"inLanguage\":\"de-DE\"},{\"@type\":\"Organization\",\"@id\":\"https:\/\/sure-antennas.com\/#organization\",\"name\":\"Sure Antennas\",\"url\":\"https:\/\/sure-antennas.com\/\",\"logo\":{\"@type\":\"ImageObject\",\"inLanguage\":\"de-DE\",\"@id\":\"https:\/\/sure-antennas.com\/#\/schema\/logo\/image\/\",\"url\":\"https:\/\/sure-antennas.com\/wp-content\/uploads\/2021\/04\/logo-1.png\",\"contentUrl\":\"https:\/\/sure-antennas.com\/wp-content\/uploads\/2021\/04\/logo-1.png\",\"width\":211,\"height\":52,\"caption\":\"Sure Antennas\"},\"image\":{\"@id\":\"https:\/\/sure-antennas.com\/#\/schema\/logo\/image\/\"}}]}<\/script>\n<!-- \/ Yoast SEO plugin. -->","yoast_head_json":{"title":"4G\/5G ESN MiMo Multifunktions-Antenne | Sure Antennas","description":"Diese flache Multifunktions-MIMO 4G\/5G ESN-Antenne wird liebevoll \u201eMallard\u201c genannt und kann bis zu 9 Funktionen unterst\u00fctzen.","robots":{"index":"index","follow":"follow","max-snippet":"max-snippet:-1","max-image-preview":"max-image-preview:large","max-video-preview":"max-video-preview:-1"},"canonical":"https:\/\/sure-antennas.com\/de\/produkt\/esn-multifunktions-breitband-mimo-oem-haifischflossen-antenne-die-mallard\/","og_locale":"de_DE","og_type":"article","og_title":"4G\/5G ESN MiMo Multifunktions-Antenne | Sure Antennas","og_description":"Diese flache Multifunktions-MIMO 4G\/5G ESN-Antenne wird liebevoll \u201eMallard\u201c genannt und kann bis zu 9 Funktionen unterst\u00fctzen.","og_url":"https:\/\/sure-antennas.com\/de\/produkt\/esn-multifunktions-breitband-mimo-oem-haifischflossen-antenne-die-mallard\/","og_site_name":"Sure Antennas","article_modified_time":"2026-04-09T13:25:15+00:00","og_image":[{"width":485,"height":500,"url":"https:\/\/sure-antennas.com\/wp-content\/uploads\/2025\/04\/Mallard-Deutsch.png","type":"image\/png"}],"twitter_card":"summary_large_image","twitter_misc":{"Est. reading time":"1 minute"},"schema":{"@context":"https:\/\/schema.org","@graph":[{"@type":"WebPage","@id":"https:\/\/sure-antennas.com\/de\/produkt\/esn-multifunktions-breitband-mimo-oem-haifischflossen-antenne-die-mallard\/","url":"https:\/\/sure-antennas.com\/de\/produkt\/esn-multifunktions-breitband-mimo-oem-haifischflossen-antenne-die-mallard\/","name":"4G\/5G ESN MiMo Multifunktions-Antenne | Sure Antennas","isPartOf":{"@id":"https:\/\/sure-antennas.com\/#website"},"primaryImageOfPage":{"@id":"https:\/\/sure-antennas.com\/de\/produkt\/esn-multifunktions-breitband-mimo-oem-haifischflossen-antenne-die-mallard\/#primaryimage"},"image":{"@id":"https:\/\/sure-antennas.com\/de\/produkt\/esn-multifunktions-breitband-mimo-oem-haifischflossen-antenne-die-mallard\/#primaryimage"},"thumbnailUrl":"https:\/\/sure-antennas.com\/wp-content\/uploads\/2025\/04\/Mallard-Deutsch.png","datePublished":"2025-08-25T13:10:59+00:00","dateModified":"2026-04-09T13:25:15+00:00","description":"Diese flache Multifunktions-MIMO 4G\/5G ESN-Antenne wird liebevoll \u201eMallard\u201c genannt und kann bis zu 9 Funktionen unterst\u00fctzen.","breadcrumb":{"@id":"https:\/\/sure-antennas.com\/de\/produkt\/esn-multifunktions-breitband-mimo-oem-haifischflossen-antenne-die-mallard\/#breadcrumb"},"inLanguage":"de-DE","potentialAction":[{"@type":"ReadAction","target":["https:\/\/sure-antennas.com\/de\/produkt\/esn-multifunktions-breitband-mimo-oem-haifischflossen-antenne-die-mallard\/"]}]},{"@type":"ImageObject","inLanguage":"de-DE","@id":"https:\/\/sure-antennas.com\/de\/produkt\/esn-multifunktions-breitband-mimo-oem-haifischflossen-antenne-die-mallard\/#primaryimage","url":"https:\/\/sure-antennas.com\/wp-content\/uploads\/2025\/04\/Mallard-Deutsch.png","contentUrl":"https:\/\/sure-antennas.com\/wp-content\/uploads\/2025\/04\/Mallard-Deutsch.png","width":485,"height":500},{"@type":"BreadcrumbList","@id":"https:\/\/sure-antennas.com\/de\/produkt\/esn-multifunktions-breitband-mimo-oem-haifischflossen-antenne-die-mallard\/#breadcrumb","itemListElement":[{"@type":"ListItem","position":1,"name":"Home","item":"https:\/\/sure-antennas.com\/de\/"},{"@type":"ListItem","position":2,"name":"Gesch\u00e4ft","item":"https:\/\/sure-antennas.com\/de\/geschaeft\/"},{"@type":"ListItem","position":3,"name":"4G\/5G ESN Multifunktions-Breitband-MiMo OEM Haifischflossen-Antenne &#8211; Die \u201eMallard\u201c"}]},{"@type":"WebSite","@id":"https:\/\/sure-antennas.com\/#website","url":"https:\/\/sure-antennas.com\/","name":"Sure Antennas","description":"Sure Antennas site","publisher":{"@id":"https:\/\/sure-antennas.com\/#organization"},"potentialAction":[{"@type":"SearchAction","target":{"@type":"EntryPoint","urlTemplate":"https:\/\/sure-antennas.com\/?s={search_term_string}"},"query-input":{"@type":"PropertyValueSpecification","valueRequired":true,"valueName":"search_term_string"}}],"inLanguage":"de-DE"},{"@type":"Organization","@id":"https:\/\/sure-antennas.com\/#organization","name":"Sure Antennas","url":"https:\/\/sure-antennas.com\/","logo":{"@type":"ImageObject","inLanguage":"de-DE","@id":"https:\/\/sure-antennas.com\/#\/schema\/logo\/image\/","url":"https:\/\/sure-antennas.com\/wp-content\/uploads\/2021\/04\/logo-1.png","contentUrl":"https:\/\/sure-antennas.com\/wp-content\/uploads\/2021\/04\/logo-1.png","width":211,"height":52,"caption":"Sure Antennas"},"image":{"@id":"https:\/\/sure-antennas.com\/#\/schema\/logo\/image\/"}}]}},"_links":{"self":[{"href":"https:\/\/sure-antennas.com\/de\/wp-json\/wp\/v2\/product\/39608","targetHints":{"allow":["GET"]}}],"collection":[{"href":"https:\/\/sure-antennas.com\/de\/wp-json\/wp\/v2\/product"}],"about":[{"href":"https:\/\/sure-antennas.com\/de\/wp-json\/wp\/v2\/types\/product"}],"replies":[{"embeddable":true,"href":"https:\/\/sure-antennas.com\/de\/wp-json\/wp\/v2\/comments?post=39608"}],"wp:featuredmedia":[{"embeddable":true,"href":"https:\/\/sure-antennas.com\/de\/wp-json\/wp\/v2\/media\/41249"}],"wp:attachment":[{"href":"https:\/\/sure-antennas.com\/de\/wp-json\/wp\/v2\/media?parent=39608"}],"wp:term":[{"taxonomy":"product_brand","embeddable":true,"href":"https:\/\/sure-antennas.com\/de\/wp-json\/wp\/v2\/product_brand?post=39608"},{"taxonomy":"product_cat","embeddable":true,"href":"https:\/\/sure-antennas.com\/de\/wp-json\/wp\/v2\/product_cat?post=39608"},{"taxonomy":"product_tag","embeddable":true,"href":"https:\/\/sure-antennas.com\/de\/wp-json\/wp\/v2\/product_tag?post=39608"}],"curies":[{"name":"wp","href":"https:\/\/api.w.org\/{rel}","templated":true}]}}