{"id":39625,"date":"2025-08-29T13:10:59","date_gmt":"2025-08-29T13:10:59","guid":{"rendered":"https:\/\/sure-antennas68068.e.wpstage.net\/product\/esn-low-profile-multi-function-mimo-antenna-sand-castle\/"},"modified":"2026-03-12T15:35:10","modified_gmt":"2026-03-12T15:35:10","slug":"4g-5g-esn-flachprofil-multifunktionsantenne-sandcastle","status":"publish","type":"product","link":"https:\/\/sure-antennas.com\/de\/produkt\/4g-5g-esn-flachprofil-multifunktionsantenne-sandcastle\/","title":{"rendered":"4G\/5G ESN Flachprofil-Multifunktions-MIMO-Antenne &#8211; Die \u201eSandcastle\u201c"},"content":{"rendered":"<p>Artikelnummer 8000-321, liebevoll \u201eSandcastle\u201c genannt, ist eine Multifunktionsantenne, die speziell entwickelt wurde, um Ihren ESN-\u00dcbergang zu unterst\u00fctzen.<\/p>\n<p>Mit 6x Ultrabreitband-Antennenelementen, die 700 MHz bis 6 GHz abdecken, kann diese Antenne Ihre Fahrzeuginstallation f\u00fcr die n\u00e4chsten Jahre zukunftssicher machen.<\/p>\n<p>Sie hat einen Mindestgewinn von 4 dBi \u00fcber das gesamte Band und ist damit eine effiziente Option f\u00fcr alle Anwendungen im Bereich der \u00f6ffentlichen Sicherheit.<\/p>\n<p>Mit der Option f\u00fcr zus\u00e4tzliches MiMo Dual Band WiFi und der optionalen TETRA-Whip-Befestigung ist es nicht mehr n\u00f6tig, zus\u00e4tzliche L\u00f6cher in das Fahrzeugdach zu bohren.<\/p>\n<p>Durch die Montage mit nur einem Loch werden die Installationskosten gesenkt und gleichzeitig der Wiederverkaufswert Ihres Fahrzeugs gesch\u00fctzt.<\/p>\n<p>Die \u201eSandcastle\u201c kann mit verschiedenen Funktionskombinationen geliefert werden, um den Ger\u00e4ten, an die sie angeschlossen wird, gerecht zu werden, und eine breite Palette von kundenspezifischen verlustarmen Koax-Verl\u00e4ngerungskabels\u00e4tzen kann ebenfalls geliefert werden. <strong>Weitere Informationen finden Sie in den Datenbl\u00e4ttern.<\/strong><\/p>\n<p>&nbsp;<\/p>\n","protected":false},"excerpt":{"rendered":"<p><strong>Artikelnummer: 8000-321<br \/>\n<\/strong>Diese flache Multifunktions-MIMO-Antenne ist liebevoll als <strong>\u201eSandcastle\u201c<\/strong> bekannt und kann bis zu 18 Funktionen unterst\u00fctzen. Die Antenne ist sowohl f\u00fcr den Funkverkehr zugelassen als auch ESN-f\u00e4hig, d.h. sie macht Ihr Fahrzeug zukunftssicher. Die <strong>\u201eSandcastle\u201c<\/strong> kann mit verschiedenen Funktionskombinationen geliefert werden, je nachdem, an welches Ger\u00e4t sie angeschlossen wird. [&#8230;]<\/p>\n<p><a class=\"btn btn-secondary understrap-read-more-link\" href=\"https:\/\/sure-antennas.com\/de\/produkt\/4g-5g-esn-flachprofil-multifunktionsantenne-sandcastle\/\">Weiterlesen&#8230;<\/a><\/p>\n","protected":false},"featured_media":39025,"comment_status":"closed","ping_status":"closed","template":"","meta":{"_acf_changed":false},"product_brand":[],"product_cat":[277,276],"product_tag":[278,263,264,279,335,266,280,269,270,271],"class_list":{"0":"post-39625","1":"product","2":"type-product","3":"status-publish","4":"has-post-thumbnail","6":"product_cat-esn-vehicle-antennas-de","7":"product_cat-marked-antennas-de","8":"product_tag-2g-de","9":"product_tag-3g-de","10":"product_tag-4g-de","11":"product_tag-5g-de","12":"product_tag-gps-glonas-de","13":"product_tag-gsm-de","14":"product_tag-lte-de","15":"product_tag-tetra-de","16":"product_tag-uhf-de","17":"product_tag-wlan-de","18":"manufacturer-overt-lte-vehicle-antennasovert-tetra-antennas-de","20":"first","21":"instock","22":"product-type-simple"},"acf":[],"yoast_head":"<!-- This site is optimized with the Yoast SEO plugin v27.4 - https:\/\/yoast.com\/product\/yoast-seo-wordpress\/ -->\n<title>4G\/5G ESN Flachprofil-Multifunktionsantenne - \u201eSandcastle\u201c<\/title>\n<meta name=\"description\" content=\"Diese flache, multifunktionale MIMO 4G\/5G ESN-Antenne wird liebevoll \u201eSandcastle\u201c genannt und kann bis zu 18 Funktionen unterst\u00fctzen.\" \/>\n<meta name=\"robots\" content=\"index, follow, max-snippet:-1, max-image-preview:large, max-video-preview:-1\" \/>\n<link rel=\"canonical\" href=\"https:\/\/sure-antennas.com\/de\/produkt\/4g-5g-esn-flachprofil-multifunktionsantenne-sandcastle\/\" \/>\n<meta property=\"og:locale\" content=\"de_DE\" \/>\n<meta property=\"og:type\" content=\"article\" \/>\n<meta property=\"og:title\" content=\"4G\/5G ESN Flachprofil-Multifunktionsantenne - \u201eSandcastle\u201c\" \/>\n<meta property=\"og:description\" content=\"Diese flache, multifunktionale MIMO 4G\/5G ESN-Antenne wird liebevoll \u201eSandcastle\u201c genannt und kann bis zu 18 Funktionen unterst\u00fctzen.\" \/>\n<meta property=\"og:url\" content=\"https:\/\/sure-antennas.com\/de\/produkt\/4g-5g-esn-flachprofil-multifunktionsantenne-sandcastle\/\" \/>\n<meta property=\"og:site_name\" content=\"Sure Antennas\" \/>\n<meta property=\"article:modified_time\" content=\"2026-03-12T15:35:10+00:00\" \/>\n<meta property=\"og:image\" content=\"https:\/\/sure-antennas.com\/wp-content\/uploads\/2021\/01\/Untitled-design-2.png\" \/>\n\t<meta property=\"og:image:width\" content=\"613\" \/>\n\t<meta property=\"og:image:height\" content=\"639\" \/>\n\t<meta property=\"og:image:type\" content=\"image\/png\" \/>\n<meta name=\"twitter:card\" content=\"summary_large_image\" \/>\n<meta name=\"twitter:label1\" content=\"Est. reading time\" \/>\n\t<meta name=\"twitter:data1\" content=\"1 minute\" \/>\n<script type=\"application\/ld+json\" class=\"yoast-schema-graph\">{\"@context\":\"https:\\\/\\\/schema.org\",\"@graph\":[{\"@type\":\"WebPage\",\"@id\":\"https:\\\/\\\/sure-antennas.com\\\/de\\\/produkt\\\/4g-5g-esn-flachprofil-multifunktionsantenne-sandcastle\\\/\",\"url\":\"https:\\\/\\\/sure-antennas.com\\\/de\\\/produkt\\\/4g-5g-esn-flachprofil-multifunktionsantenne-sandcastle\\\/\",\"name\":\"4G\\\/5G ESN Flachprofil-Multifunktionsantenne - \u201eSandcastle\u201c\",\"isPartOf\":{\"@id\":\"https:\\\/\\\/sure-antennas.com\\\/#website\"},\"primaryImageOfPage\":{\"@id\":\"https:\\\/\\\/sure-antennas.com\\\/de\\\/produkt\\\/4g-5g-esn-flachprofil-multifunktionsantenne-sandcastle\\\/#primaryimage\"},\"image\":{\"@id\":\"https:\\\/\\\/sure-antennas.com\\\/de\\\/produkt\\\/4g-5g-esn-flachprofil-multifunktionsantenne-sandcastle\\\/#primaryimage\"},\"thumbnailUrl\":\"https:\\\/\\\/sure-antennas.com\\\/wp-content\\\/uploads\\\/2021\\\/01\\\/Untitled-design-2.png\",\"datePublished\":\"2025-08-29T13:10:59+00:00\",\"dateModified\":\"2026-03-12T15:35:10+00:00\",\"description\":\"Diese flache, multifunktionale MIMO 4G\\\/5G ESN-Antenne wird liebevoll \u201eSandcastle\u201c genannt und kann bis zu 18 Funktionen unterst\u00fctzen.\",\"breadcrumb\":{\"@id\":\"https:\\\/\\\/sure-antennas.com\\\/de\\\/produkt\\\/4g-5g-esn-flachprofil-multifunktionsantenne-sandcastle\\\/#breadcrumb\"},\"inLanguage\":\"de-DE\",\"potentialAction\":[{\"@type\":\"ReadAction\",\"target\":[\"https:\\\/\\\/sure-antennas.com\\\/de\\\/produkt\\\/4g-5g-esn-flachprofil-multifunktionsantenne-sandcastle\\\/\"]}]},{\"@type\":\"ImageObject\",\"inLanguage\":\"de-DE\",\"@id\":\"https:\\\/\\\/sure-antennas.com\\\/de\\\/produkt\\\/4g-5g-esn-flachprofil-multifunktionsantenne-sandcastle\\\/#primaryimage\",\"url\":\"https:\\\/\\\/sure-antennas.com\\\/wp-content\\\/uploads\\\/2021\\\/01\\\/Untitled-design-2.png\",\"contentUrl\":\"https:\\\/\\\/sure-antennas.com\\\/wp-content\\\/uploads\\\/2021\\\/01\\\/Untitled-design-2.png\",\"width\":613,\"height\":639},{\"@type\":\"BreadcrumbList\",\"@id\":\"https:\\\/\\\/sure-antennas.com\\\/de\\\/produkt\\\/4g-5g-esn-flachprofil-multifunktionsantenne-sandcastle\\\/#breadcrumb\",\"itemListElement\":[{\"@type\":\"ListItem\",\"position\":1,\"name\":\"Home\",\"item\":\"https:\\\/\\\/sure-antennas.com\\\/de\\\/\"},{\"@type\":\"ListItem\",\"position\":2,\"name\":\"Gesch\u00e4ft\",\"item\":\"https:\\\/\\\/sure-antennas.com\\\/de\\\/geschaeft\\\/\"},{\"@type\":\"ListItem\",\"position\":3,\"name\":\"4G\\\/5G ESN Flachprofil-Multifunktions-MIMO-Antenne &#8211; Die \u201eSandcastle\u201c\"}]},{\"@type\":\"WebSite\",\"@id\":\"https:\\\/\\\/sure-antennas.com\\\/#website\",\"url\":\"https:\\\/\\\/sure-antennas.com\\\/\",\"name\":\"Sure Antennas\",\"description\":\"Sure Antennas site\",\"publisher\":{\"@id\":\"https:\\\/\\\/sure-antennas.com\\\/#organization\"},\"potentialAction\":[{\"@type\":\"SearchAction\",\"target\":{\"@type\":\"EntryPoint\",\"urlTemplate\":\"https:\\\/\\\/sure-antennas.com\\\/?s={search_term_string}\"},\"query-input\":{\"@type\":\"PropertyValueSpecification\",\"valueRequired\":true,\"valueName\":\"search_term_string\"}}],\"inLanguage\":\"de-DE\"},{\"@type\":\"Organization\",\"@id\":\"https:\\\/\\\/sure-antennas.com\\\/#organization\",\"name\":\"Sure Antennas\",\"url\":\"https:\\\/\\\/sure-antennas.com\\\/\",\"logo\":{\"@type\":\"ImageObject\",\"inLanguage\":\"de-DE\",\"@id\":\"https:\\\/\\\/sure-antennas.com\\\/#\\\/schema\\\/logo\\\/image\\\/\",\"url\":\"https:\\\/\\\/sure-antennas.com\\\/wp-content\\\/uploads\\\/2021\\\/04\\\/logo-1.png\",\"contentUrl\":\"https:\\\/\\\/sure-antennas.com\\\/wp-content\\\/uploads\\\/2021\\\/04\\\/logo-1.png\",\"width\":211,\"height\":52,\"caption\":\"Sure Antennas\"},\"image\":{\"@id\":\"https:\\\/\\\/sure-antennas.com\\\/#\\\/schema\\\/logo\\\/image\\\/\"}}]}<\/script>\n<!-- \/ Yoast SEO plugin. -->","yoast_head_json":{"title":"4G\/5G ESN Flachprofil-Multifunktionsantenne - \u201eSandcastle\u201c","description":"Diese flache, multifunktionale MIMO 4G\/5G ESN-Antenne wird liebevoll \u201eSandcastle\u201c genannt und kann bis zu 18 Funktionen unterst\u00fctzen.","robots":{"index":"index","follow":"follow","max-snippet":"max-snippet:-1","max-image-preview":"max-image-preview:large","max-video-preview":"max-video-preview:-1"},"canonical":"https:\/\/sure-antennas.com\/de\/produkt\/4g-5g-esn-flachprofil-multifunktionsantenne-sandcastle\/","og_locale":"de_DE","og_type":"article","og_title":"4G\/5G ESN Flachprofil-Multifunktionsantenne - \u201eSandcastle\u201c","og_description":"Diese flache, multifunktionale MIMO 4G\/5G ESN-Antenne wird liebevoll \u201eSandcastle\u201c genannt und kann bis zu 18 Funktionen unterst\u00fctzen.","og_url":"https:\/\/sure-antennas.com\/de\/produkt\/4g-5g-esn-flachprofil-multifunktionsantenne-sandcastle\/","og_site_name":"Sure Antennas","article_modified_time":"2026-03-12T15:35:10+00:00","og_image":[{"width":613,"height":639,"url":"https:\/\/sure-antennas.com\/wp-content\/uploads\/2021\/01\/Untitled-design-2.png","type":"image\/png"}],"twitter_card":"summary_large_image","twitter_misc":{"Est. reading time":"1 minute"},"schema":{"@context":"https:\/\/schema.org","@graph":[{"@type":"WebPage","@id":"https:\/\/sure-antennas.com\/de\/produkt\/4g-5g-esn-flachprofil-multifunktionsantenne-sandcastle\/","url":"https:\/\/sure-antennas.com\/de\/produkt\/4g-5g-esn-flachprofil-multifunktionsantenne-sandcastle\/","name":"4G\/5G ESN Flachprofil-Multifunktionsantenne - \u201eSandcastle\u201c","isPartOf":{"@id":"https:\/\/sure-antennas.com\/#website"},"primaryImageOfPage":{"@id":"https:\/\/sure-antennas.com\/de\/produkt\/4g-5g-esn-flachprofil-multifunktionsantenne-sandcastle\/#primaryimage"},"image":{"@id":"https:\/\/sure-antennas.com\/de\/produkt\/4g-5g-esn-flachprofil-multifunktionsantenne-sandcastle\/#primaryimage"},"thumbnailUrl":"https:\/\/sure-antennas.com\/wp-content\/uploads\/2021\/01\/Untitled-design-2.png","datePublished":"2025-08-29T13:10:59+00:00","dateModified":"2026-03-12T15:35:10+00:00","description":"Diese flache, multifunktionale MIMO 4G\/5G ESN-Antenne wird liebevoll \u201eSandcastle\u201c genannt und kann bis zu 18 Funktionen unterst\u00fctzen.","breadcrumb":{"@id":"https:\/\/sure-antennas.com\/de\/produkt\/4g-5g-esn-flachprofil-multifunktionsantenne-sandcastle\/#breadcrumb"},"inLanguage":"de-DE","potentialAction":[{"@type":"ReadAction","target":["https:\/\/sure-antennas.com\/de\/produkt\/4g-5g-esn-flachprofil-multifunktionsantenne-sandcastle\/"]}]},{"@type":"ImageObject","inLanguage":"de-DE","@id":"https:\/\/sure-antennas.com\/de\/produkt\/4g-5g-esn-flachprofil-multifunktionsantenne-sandcastle\/#primaryimage","url":"https:\/\/sure-antennas.com\/wp-content\/uploads\/2021\/01\/Untitled-design-2.png","contentUrl":"https:\/\/sure-antennas.com\/wp-content\/uploads\/2021\/01\/Untitled-design-2.png","width":613,"height":639},{"@type":"BreadcrumbList","@id":"https:\/\/sure-antennas.com\/de\/produkt\/4g-5g-esn-flachprofil-multifunktionsantenne-sandcastle\/#breadcrumb","itemListElement":[{"@type":"ListItem","position":1,"name":"Home","item":"https:\/\/sure-antennas.com\/de\/"},{"@type":"ListItem","position":2,"name":"Gesch\u00e4ft","item":"https:\/\/sure-antennas.com\/de\/geschaeft\/"},{"@type":"ListItem","position":3,"name":"4G\/5G ESN Flachprofil-Multifunktions-MIMO-Antenne &#8211; Die \u201eSandcastle\u201c"}]},{"@type":"WebSite","@id":"https:\/\/sure-antennas.com\/#website","url":"https:\/\/sure-antennas.com\/","name":"Sure Antennas","description":"Sure Antennas site","publisher":{"@id":"https:\/\/sure-antennas.com\/#organization"},"potentialAction":[{"@type":"SearchAction","target":{"@type":"EntryPoint","urlTemplate":"https:\/\/sure-antennas.com\/?s={search_term_string}"},"query-input":{"@type":"PropertyValueSpecification","valueRequired":true,"valueName":"search_term_string"}}],"inLanguage":"de-DE"},{"@type":"Organization","@id":"https:\/\/sure-antennas.com\/#organization","name":"Sure Antennas","url":"https:\/\/sure-antennas.com\/","logo":{"@type":"ImageObject","inLanguage":"de-DE","@id":"https:\/\/sure-antennas.com\/#\/schema\/logo\/image\/","url":"https:\/\/sure-antennas.com\/wp-content\/uploads\/2021\/04\/logo-1.png","contentUrl":"https:\/\/sure-antennas.com\/wp-content\/uploads\/2021\/04\/logo-1.png","width":211,"height":52,"caption":"Sure Antennas"},"image":{"@id":"https:\/\/sure-antennas.com\/#\/schema\/logo\/image\/"}}]}},"_links":{"self":[{"href":"https:\/\/sure-antennas.com\/de\/wp-json\/wp\/v2\/product\/39625","targetHints":{"allow":["GET"]}}],"collection":[{"href":"https:\/\/sure-antennas.com\/de\/wp-json\/wp\/v2\/product"}],"about":[{"href":"https:\/\/sure-antennas.com\/de\/wp-json\/wp\/v2\/types\/product"}],"replies":[{"embeddable":true,"href":"https:\/\/sure-antennas.com\/de\/wp-json\/wp\/v2\/comments?post=39625"}],"wp:featuredmedia":[{"embeddable":true,"href":"https:\/\/sure-antennas.com\/de\/wp-json\/wp\/v2\/media\/39025"}],"wp:attachment":[{"href":"https:\/\/sure-antennas.com\/de\/wp-json\/wp\/v2\/media?parent=39625"}],"wp:term":[{"taxonomy":"product_brand","embeddable":true,"href":"https:\/\/sure-antennas.com\/de\/wp-json\/wp\/v2\/product_brand?post=39625"},{"taxonomy":"product_cat","embeddable":true,"href":"https:\/\/sure-antennas.com\/de\/wp-json\/wp\/v2\/product_cat?post=39625"},{"taxonomy":"product_tag","embeddable":true,"href":"https:\/\/sure-antennas.com\/de\/wp-json\/wp\/v2\/product_tag?post=39625"}],"curies":[{"name":"wp","href":"https:\/\/api.w.org\/{rel}","templated":true}]}}