{"id":39813,"date":"2021-05-25T13:15:49","date_gmt":"2021-05-25T13:15:49","guid":{"rendered":"https:\/\/sure-antennas68068.e.wpstage.net\/product\/cradlepoint-cor-ibr1700\/"},"modified":"2025-11-17T12:06:13","modified_gmt":"2025-11-17T12:06:13","slug":"cradlepoint-cor-ibr1700-fahrzeugrouter","status":"publish","type":"product","link":"https:\/\/sure-antennas.com\/de\/produkt\/cradlepoint-cor-ibr1700-fahrzeugrouter\/","title":{"rendered":"Cradlepoint COR IBR1700"},"content":{"rendered":"<p>Der COR IBR1700 LTE-Router ist f\u00fcr die anspruchsvollsten Anforderungen von Ersthelfern, mobilen Kommandozentralen, \u00f6ffentlichen und privaten Verkehrsmitteln, kommerziellen LKW-Flotten und k\u00fcstennahen Schiffen konzipiert. Mit dem verf\u00fcgbaren Gigabit-Class LTE-Modem, h\u00f6herer Verarbeitungsleistung und breiteren Erweiterungsoptionen bietet der IBR1700 fortschrittliche, zuverl\u00e4ssige Kommunikation sowohl innerhalb als auch au\u00dferhalb des Fahrzeugs. Da Fahrzeuge mit \u00f6ffentlichem WiFi an Bord und Direct-to-Cloud-Anwendungen ausgestattet sind, erfordern mobile Netzwerke eine au\u00dfergew\u00f6hnliche Sicherheit. Mit Mehrzonen-Firewalls, IDS\/IPS, Internetsicherheit und FIPS 140-2-Zertifizierung mindert Cradlepoint die Sicherheitsrisiken f\u00fcr mobile Netzwerke und Benutzer.<\/p>\n<p>COR IBR1700 mobile Router werden als Teil einer umfassenden mobilen Netzwerkl\u00f6sung in einem NetCloud Solution Package verkauft, das NetCloud-Software, speziell entwickelte Hardware, 24&#215;7- Unterst\u00fctzung und eine begrenzte lebenslange Garantie umfasst.<\/p>\n","protected":false},"excerpt":{"rendered":"<p><strong>Artikelnummer COR IBR1700 LTE-Serie<br \/>\n<\/strong>Der COR IBR1700 LTE-Router ist f\u00fcr die anspruchsvollsten Anforderungen von Ersthelfern, mobilen Kommandozentralen, \u00f6ffentlichem und privatem Verkehr, kommerziellen LKW-Flotten und k\u00fcstennahen Schiffen konzipiert. [&#8230;]<\/p>\n<p><a class=\"btn btn-secondary understrap-read-more-link\" href=\"https:\/\/sure-antennas.com\/de\/produkt\/cradlepoint-cor-ibr1700-fahrzeugrouter\/\">Weiterlesen&#8230;<\/a><\/p>\n","protected":false},"featured_media":37660,"comment_status":"closed","ping_status":"closed","template":"","meta":{"_acf_changed":false},"product_brand":[],"product_cat":[282],"product_tag":[],"class_list":{"0":"post-39813","1":"product","2":"type-product","3":"status-publish","4":"has-post-thumbnail","6":"product_cat-vehicle-technology-de","7":"manufacturer-cradlepoint-cor-ibr1700-de","9":"first","10":"instock","11":"product-type-simple"},"acf":[],"yoast_head":"<!-- This site is optimized with the Yoast SEO plugin v27.0 - https:\/\/yoast.com\/product\/yoast-seo-wordpress\/ -->\n<title>Cradlepoint COR IBR700 Fahrzeugrouter<\/title>\n<meta name=\"description\" content=\"Der COR IBR1700 Router wurde f\u00fcr die anspruchsvollsten Anforderungen von Ersthelfern, mobilen Kommandozentralen und \u00f6ffentlichen Verkehrsmitteln entwickelt.\" \/>\n<meta name=\"robots\" content=\"index, follow, max-snippet:-1, max-image-preview:large, max-video-preview:-1\" \/>\n<link rel=\"canonical\" href=\"https:\/\/sure-antennas.com\/de\/produkt\/cradlepoint-cor-ibr1700-fahrzeugrouter\/\" \/>\n<meta property=\"og:locale\" content=\"de_DE\" \/>\n<meta property=\"og:type\" content=\"article\" \/>\n<meta property=\"og:title\" content=\"Cradlepoint COR IBR700 Fahrzeugrouter\" \/>\n<meta property=\"og:description\" content=\"Der COR IBR1700 Router wurde f\u00fcr die anspruchsvollsten Anforderungen von Ersthelfern, mobilen Kommandozentralen und \u00f6ffentlichen Verkehrsmitteln entwickelt.\" \/>\n<meta property=\"og:url\" content=\"https:\/\/sure-antennas.com\/de\/produkt\/cradlepoint-cor-ibr1700-fahrzeugrouter\/\" \/>\n<meta property=\"og:site_name\" content=\"Sure Antennas\" \/>\n<meta property=\"article:modified_time\" content=\"2025-11-17T12:06:13+00:00\" \/>\n<meta property=\"og:image\" content=\"https:\/\/sure-antennas.com\/wp-content\/uploads\/2021\/05\/CRADNLEA13-1.png\" \/>\n\t<meta property=\"og:image:width\" content=\"650\" \/>\n\t<meta property=\"og:image:height\" content=\"642\" \/>\n\t<meta property=\"og:image:type\" content=\"image\/png\" \/>\n<meta name=\"twitter:card\" content=\"summary_large_image\" \/>\n<meta name=\"twitter:label1\" content=\"Est. reading time\" \/>\n\t<meta name=\"twitter:data1\" content=\"1 minute\" \/>\n<script type=\"application\/ld+json\" class=\"yoast-schema-graph\">{\"@context\":\"https:\/\/schema.org\",\"@graph\":[{\"@type\":\"WebPage\",\"@id\":\"https:\/\/sure-antennas.com\/de\/produkt\/cradlepoint-cor-ibr1700-fahrzeugrouter\/\",\"url\":\"https:\/\/sure-antennas.com\/de\/produkt\/cradlepoint-cor-ibr1700-fahrzeugrouter\/\",\"name\":\"Cradlepoint COR IBR700 Fahrzeugrouter\",\"isPartOf\":{\"@id\":\"https:\/\/sure-antennas.com\/#website\"},\"primaryImageOfPage\":{\"@id\":\"https:\/\/sure-antennas.com\/de\/produkt\/cradlepoint-cor-ibr1700-fahrzeugrouter\/#primaryimage\"},\"image\":{\"@id\":\"https:\/\/sure-antennas.com\/de\/produkt\/cradlepoint-cor-ibr1700-fahrzeugrouter\/#primaryimage\"},\"thumbnailUrl\":\"https:\/\/sure-antennas.com\/wp-content\/uploads\/2021\/05\/CRADNLEA13-1.png\",\"datePublished\":\"2021-05-25T13:15:49+00:00\",\"dateModified\":\"2025-11-17T12:06:13+00:00\",\"description\":\"Der COR IBR1700 Router wurde f\u00fcr die anspruchsvollsten Anforderungen von Ersthelfern, mobilen Kommandozentralen und \u00f6ffentlichen Verkehrsmitteln entwickelt.\",\"breadcrumb\":{\"@id\":\"https:\/\/sure-antennas.com\/de\/produkt\/cradlepoint-cor-ibr1700-fahrzeugrouter\/#breadcrumb\"},\"inLanguage\":\"de-DE\",\"potentialAction\":[{\"@type\":\"ReadAction\",\"target\":[\"https:\/\/sure-antennas.com\/de\/produkt\/cradlepoint-cor-ibr1700-fahrzeugrouter\/\"]}]},{\"@type\":\"ImageObject\",\"inLanguage\":\"de-DE\",\"@id\":\"https:\/\/sure-antennas.com\/de\/produkt\/cradlepoint-cor-ibr1700-fahrzeugrouter\/#primaryimage\",\"url\":\"https:\/\/sure-antennas.com\/wp-content\/uploads\/2021\/05\/CRADNLEA13-1.png\",\"contentUrl\":\"https:\/\/sure-antennas.com\/wp-content\/uploads\/2021\/05\/CRADNLEA13-1.png\",\"width\":650,\"height\":642},{\"@type\":\"BreadcrumbList\",\"@id\":\"https:\/\/sure-antennas.com\/de\/produkt\/cradlepoint-cor-ibr1700-fahrzeugrouter\/#breadcrumb\",\"itemListElement\":[{\"@type\":\"ListItem\",\"position\":1,\"name\":\"Home\",\"item\":\"https:\/\/sure-antennas.com\/de\/\"},{\"@type\":\"ListItem\",\"position\":2,\"name\":\"Gesch\u00e4ft\",\"item\":\"https:\/\/sure-antennas.com\/de\/geschaeft\/\"},{\"@type\":\"ListItem\",\"position\":3,\"name\":\"Cradlepoint COR IBR1700\"}]},{\"@type\":\"WebSite\",\"@id\":\"https:\/\/sure-antennas.com\/#website\",\"url\":\"https:\/\/sure-antennas.com\/\",\"name\":\"Sure Antennas\",\"description\":\"Sure Antennas site\",\"publisher\":{\"@id\":\"https:\/\/sure-antennas.com\/#organization\"},\"potentialAction\":[{\"@type\":\"SearchAction\",\"target\":{\"@type\":\"EntryPoint\",\"urlTemplate\":\"https:\/\/sure-antennas.com\/?s={search_term_string}\"},\"query-input\":{\"@type\":\"PropertyValueSpecification\",\"valueRequired\":true,\"valueName\":\"search_term_string\"}}],\"inLanguage\":\"de-DE\"},{\"@type\":\"Organization\",\"@id\":\"https:\/\/sure-antennas.com\/#organization\",\"name\":\"Sure Antennas\",\"url\":\"https:\/\/sure-antennas.com\/\",\"logo\":{\"@type\":\"ImageObject\",\"inLanguage\":\"de-DE\",\"@id\":\"https:\/\/sure-antennas.com\/#\/schema\/logo\/image\/\",\"url\":\"https:\/\/sure-antennas.com\/wp-content\/uploads\/2021\/04\/logo-1.png\",\"contentUrl\":\"https:\/\/sure-antennas.com\/wp-content\/uploads\/2021\/04\/logo-1.png\",\"width\":211,\"height\":52,\"caption\":\"Sure Antennas\"},\"image\":{\"@id\":\"https:\/\/sure-antennas.com\/#\/schema\/logo\/image\/\"}}]}<\/script>\n<!-- \/ Yoast SEO plugin. -->","yoast_head_json":{"title":"Cradlepoint COR IBR700 Fahrzeugrouter","description":"Der COR IBR1700 Router wurde f\u00fcr die anspruchsvollsten Anforderungen von Ersthelfern, mobilen Kommandozentralen und \u00f6ffentlichen Verkehrsmitteln entwickelt.","robots":{"index":"index","follow":"follow","max-snippet":"max-snippet:-1","max-image-preview":"max-image-preview:large","max-video-preview":"max-video-preview:-1"},"canonical":"https:\/\/sure-antennas.com\/de\/produkt\/cradlepoint-cor-ibr1700-fahrzeugrouter\/","og_locale":"de_DE","og_type":"article","og_title":"Cradlepoint COR IBR700 Fahrzeugrouter","og_description":"Der COR IBR1700 Router wurde f\u00fcr die anspruchsvollsten Anforderungen von Ersthelfern, mobilen Kommandozentralen und \u00f6ffentlichen Verkehrsmitteln entwickelt.","og_url":"https:\/\/sure-antennas.com\/de\/produkt\/cradlepoint-cor-ibr1700-fahrzeugrouter\/","og_site_name":"Sure Antennas","article_modified_time":"2025-11-17T12:06:13+00:00","og_image":[{"width":650,"height":642,"url":"https:\/\/sure-antennas.com\/wp-content\/uploads\/2021\/05\/CRADNLEA13-1.png","type":"image\/png"}],"twitter_card":"summary_large_image","twitter_misc":{"Est. reading time":"1 minute"},"schema":{"@context":"https:\/\/schema.org","@graph":[{"@type":"WebPage","@id":"https:\/\/sure-antennas.com\/de\/produkt\/cradlepoint-cor-ibr1700-fahrzeugrouter\/","url":"https:\/\/sure-antennas.com\/de\/produkt\/cradlepoint-cor-ibr1700-fahrzeugrouter\/","name":"Cradlepoint COR IBR700 Fahrzeugrouter","isPartOf":{"@id":"https:\/\/sure-antennas.com\/#website"},"primaryImageOfPage":{"@id":"https:\/\/sure-antennas.com\/de\/produkt\/cradlepoint-cor-ibr1700-fahrzeugrouter\/#primaryimage"},"image":{"@id":"https:\/\/sure-antennas.com\/de\/produkt\/cradlepoint-cor-ibr1700-fahrzeugrouter\/#primaryimage"},"thumbnailUrl":"https:\/\/sure-antennas.com\/wp-content\/uploads\/2021\/05\/CRADNLEA13-1.png","datePublished":"2021-05-25T13:15:49+00:00","dateModified":"2025-11-17T12:06:13+00:00","description":"Der COR IBR1700 Router wurde f\u00fcr die anspruchsvollsten Anforderungen von Ersthelfern, mobilen Kommandozentralen und \u00f6ffentlichen Verkehrsmitteln entwickelt.","breadcrumb":{"@id":"https:\/\/sure-antennas.com\/de\/produkt\/cradlepoint-cor-ibr1700-fahrzeugrouter\/#breadcrumb"},"inLanguage":"de-DE","potentialAction":[{"@type":"ReadAction","target":["https:\/\/sure-antennas.com\/de\/produkt\/cradlepoint-cor-ibr1700-fahrzeugrouter\/"]}]},{"@type":"ImageObject","inLanguage":"de-DE","@id":"https:\/\/sure-antennas.com\/de\/produkt\/cradlepoint-cor-ibr1700-fahrzeugrouter\/#primaryimage","url":"https:\/\/sure-antennas.com\/wp-content\/uploads\/2021\/05\/CRADNLEA13-1.png","contentUrl":"https:\/\/sure-antennas.com\/wp-content\/uploads\/2021\/05\/CRADNLEA13-1.png","width":650,"height":642},{"@type":"BreadcrumbList","@id":"https:\/\/sure-antennas.com\/de\/produkt\/cradlepoint-cor-ibr1700-fahrzeugrouter\/#breadcrumb","itemListElement":[{"@type":"ListItem","position":1,"name":"Home","item":"https:\/\/sure-antennas.com\/de\/"},{"@type":"ListItem","position":2,"name":"Gesch\u00e4ft","item":"https:\/\/sure-antennas.com\/de\/geschaeft\/"},{"@type":"ListItem","position":3,"name":"Cradlepoint COR IBR1700"}]},{"@type":"WebSite","@id":"https:\/\/sure-antennas.com\/#website","url":"https:\/\/sure-antennas.com\/","name":"Sure Antennas","description":"Sure Antennas site","publisher":{"@id":"https:\/\/sure-antennas.com\/#organization"},"potentialAction":[{"@type":"SearchAction","target":{"@type":"EntryPoint","urlTemplate":"https:\/\/sure-antennas.com\/?s={search_term_string}"},"query-input":{"@type":"PropertyValueSpecification","valueRequired":true,"valueName":"search_term_string"}}],"inLanguage":"de-DE"},{"@type":"Organization","@id":"https:\/\/sure-antennas.com\/#organization","name":"Sure Antennas","url":"https:\/\/sure-antennas.com\/","logo":{"@type":"ImageObject","inLanguage":"de-DE","@id":"https:\/\/sure-antennas.com\/#\/schema\/logo\/image\/","url":"https:\/\/sure-antennas.com\/wp-content\/uploads\/2021\/04\/logo-1.png","contentUrl":"https:\/\/sure-antennas.com\/wp-content\/uploads\/2021\/04\/logo-1.png","width":211,"height":52,"caption":"Sure Antennas"},"image":{"@id":"https:\/\/sure-antennas.com\/#\/schema\/logo\/image\/"}}]}},"_links":{"self":[{"href":"https:\/\/sure-antennas.com\/de\/wp-json\/wp\/v2\/product\/39813","targetHints":{"allow":["GET"]}}],"collection":[{"href":"https:\/\/sure-antennas.com\/de\/wp-json\/wp\/v2\/product"}],"about":[{"href":"https:\/\/sure-antennas.com\/de\/wp-json\/wp\/v2\/types\/product"}],"replies":[{"embeddable":true,"href":"https:\/\/sure-antennas.com\/de\/wp-json\/wp\/v2\/comments?post=39813"}],"wp:featuredmedia":[{"embeddable":true,"href":"https:\/\/sure-antennas.com\/de\/wp-json\/wp\/v2\/media\/37660"}],"wp:attachment":[{"href":"https:\/\/sure-antennas.com\/de\/wp-json\/wp\/v2\/media?parent=39813"}],"wp:term":[{"taxonomy":"product_brand","embeddable":true,"href":"https:\/\/sure-antennas.com\/de\/wp-json\/wp\/v2\/product_brand?post=39813"},{"taxonomy":"product_cat","embeddable":true,"href":"https:\/\/sure-antennas.com\/de\/wp-json\/wp\/v2\/product_cat?post=39813"},{"taxonomy":"product_tag","embeddable":true,"href":"https:\/\/sure-antennas.com\/de\/wp-json\/wp\/v2\/product_tag?post=39813"}],"curies":[{"name":"wp","href":"https:\/\/api.w.org\/{rel}","templated":true}]}}