{"id":39842,"date":"2021-05-25T13:12:57","date_gmt":"2021-05-25T13:12:57","guid":{"rendered":"https:\/\/sure-antennas68068.e.wpstage.net\/product\/motorola-mtm5000-series-fist-microphone-heavy-duty\/"},"modified":"2025-03-11T11:40:39","modified_gmt":"2025-03-11T11:40:39","slug":"motorola-impres-hochbelastbares-faustmikrofon-rmn5053a","status":"publish","type":"product","link":"https:\/\/sure-antennas.com\/de\/produkt\/motorola-impres-hochbelastbares-faustmikrofon-rmn5053a\/","title":{"rendered":"Motorola IMPRES Hochbelastbares Faustmikrofon &#8211; RMN5053A"},"content":{"rendered":"<ul>\n<li>Artikelnummer: RMN5053A<\/li>\n<li>Kompatibel mit Tischmontage\/ Armaturenbrettmontage\/ Fernmontage.<\/li>\n<li>Das ist ein Hochleistungs-Faustmikrofon (mit Frontkopfanschluss)<\/li>\n<li>Motorola IMPRES-Version<\/li>\n<li>Ideal f\u00fcr diejenigen, die ein gr\u00f6\u00dferes Mikrofon ben\u00f6tigen, das mit Handschuhen leichter zu bedienen ist.<\/li>\n<\/ul>\n","protected":false},"excerpt":{"rendered":"<p>Mikrofon mit neuem IMPRES-verbessertem, robustem Frontkopf-Audioanschluss.<\/p>\n<p>&nbsp; [&#8230;]<\/p>\n<p><a class=\"btn btn-secondary understrap-read-more-link\" href=\"https:\/\/sure-antennas.com\/de\/produkt\/motorola-impres-hochbelastbares-faustmikrofon-rmn5053a\/\">Weiterlesen&#8230;<\/a><\/p>\n","protected":false},"featured_media":38406,"comment_status":"closed","ping_status":"closed","template":"","meta":{"_acf_changed":false},"product_brand":[],"product_cat":[290,274],"product_tag":[],"class_list":{"0":"post-39842","1":"product","2":"type-product","3":"status-publish","4":"has-post-thumbnail","6":"product_cat-handsets-fist-mic-de","7":"product_cat-tetra-vehicle-accessories-de","8":"manufacturer-hoerer-handmikrofone","10":"first","11":"instock","12":"product-type-simple"},"acf":[],"yoast_head":"<!-- This site is optimized with the Yoast SEO plugin v27.4 - https:\/\/yoast.com\/product\/yoast-seo-wordpress\/ -->\n<title>Motorola IMPRES Hochbelastbares Faustmikrofon - RMN5053A - Sure Antennas<\/title>\n<meta name=\"robots\" content=\"index, follow, max-snippet:-1, max-image-preview:large, max-video-preview:-1\" \/>\n<link rel=\"canonical\" href=\"https:\/\/sure-antennas.com\/de\/produkt\/motorola-impres-hochbelastbares-faustmikrofon-rmn5053a\/\" \/>\n<meta property=\"og:locale\" content=\"de_DE\" \/>\n<meta property=\"og:type\" content=\"article\" \/>\n<meta property=\"og:title\" content=\"Motorola IMPRES Hochbelastbares Faustmikrofon - RMN5053A - Sure Antennas\" \/>\n<meta property=\"og:description\" content=\"Mikrofon mit neuem IMPRES-verbessertem, robustem Frontkopf-Audioanschluss.  &nbsp; [...]Weiterlesen...\" \/>\n<meta property=\"og:url\" content=\"https:\/\/sure-antennas.com\/de\/produkt\/motorola-impres-hochbelastbares-faustmikrofon-rmn5053a\/\" \/>\n<meta property=\"og:site_name\" content=\"Sure Antennas\" \/>\n<meta property=\"article:modified_time\" content=\"2025-03-11T11:40:39+00:00\" \/>\n<meta property=\"og:image\" content=\"https:\/\/sure-antennas.com\/wp-content\/uploads\/2021\/05\/spekar.png\" \/>\n\t<meta property=\"og:image:width\" content=\"650\" \/>\n\t<meta property=\"og:image:height\" content=\"485\" \/>\n\t<meta property=\"og:image:type\" content=\"image\/png\" \/>\n<meta name=\"twitter:card\" content=\"summary_large_image\" \/>\n<meta name=\"twitter:label1\" content=\"Est. reading time\" \/>\n\t<meta name=\"twitter:data1\" content=\"1 minute\" \/>\n<script type=\"application\/ld+json\" class=\"yoast-schema-graph\">{\"@context\":\"https:\\\/\\\/schema.org\",\"@graph\":[{\"@type\":\"WebPage\",\"@id\":\"https:\\\/\\\/sure-antennas.com\\\/de\\\/produkt\\\/motorola-impres-hochbelastbares-faustmikrofon-rmn5053a\\\/\",\"url\":\"https:\\\/\\\/sure-antennas.com\\\/de\\\/produkt\\\/motorola-impres-hochbelastbares-faustmikrofon-rmn5053a\\\/\",\"name\":\"Motorola IMPRES Hochbelastbares Faustmikrofon - RMN5053A - Sure Antennas\",\"isPartOf\":{\"@id\":\"https:\\\/\\\/sure-antennas.com\\\/#website\"},\"primaryImageOfPage\":{\"@id\":\"https:\\\/\\\/sure-antennas.com\\\/de\\\/produkt\\\/motorola-impres-hochbelastbares-faustmikrofon-rmn5053a\\\/#primaryimage\"},\"image\":{\"@id\":\"https:\\\/\\\/sure-antennas.com\\\/de\\\/produkt\\\/motorola-impres-hochbelastbares-faustmikrofon-rmn5053a\\\/#primaryimage\"},\"thumbnailUrl\":\"https:\\\/\\\/sure-antennas.com\\\/wp-content\\\/uploads\\\/2021\\\/05\\\/spekar.png\",\"datePublished\":\"2021-05-25T13:12:57+00:00\",\"dateModified\":\"2025-03-11T11:40:39+00:00\",\"breadcrumb\":{\"@id\":\"https:\\\/\\\/sure-antennas.com\\\/de\\\/produkt\\\/motorola-impres-hochbelastbares-faustmikrofon-rmn5053a\\\/#breadcrumb\"},\"inLanguage\":\"de-DE\",\"potentialAction\":[{\"@type\":\"ReadAction\",\"target\":[\"https:\\\/\\\/sure-antennas.com\\\/de\\\/produkt\\\/motorola-impres-hochbelastbares-faustmikrofon-rmn5053a\\\/\"]}]},{\"@type\":\"ImageObject\",\"inLanguage\":\"de-DE\",\"@id\":\"https:\\\/\\\/sure-antennas.com\\\/de\\\/produkt\\\/motorola-impres-hochbelastbares-faustmikrofon-rmn5053a\\\/#primaryimage\",\"url\":\"https:\\\/\\\/sure-antennas.com\\\/wp-content\\\/uploads\\\/2021\\\/05\\\/spekar.png\",\"contentUrl\":\"https:\\\/\\\/sure-antennas.com\\\/wp-content\\\/uploads\\\/2021\\\/05\\\/spekar.png\",\"width\":650,\"height\":485},{\"@type\":\"BreadcrumbList\",\"@id\":\"https:\\\/\\\/sure-antennas.com\\\/de\\\/produkt\\\/motorola-impres-hochbelastbares-faustmikrofon-rmn5053a\\\/#breadcrumb\",\"itemListElement\":[{\"@type\":\"ListItem\",\"position\":1,\"name\":\"Home\",\"item\":\"https:\\\/\\\/sure-antennas.com\\\/de\\\/\"},{\"@type\":\"ListItem\",\"position\":2,\"name\":\"Gesch\u00e4ft\",\"item\":\"https:\\\/\\\/sure-antennas.com\\\/de\\\/geschaeft\\\/\"},{\"@type\":\"ListItem\",\"position\":3,\"name\":\"Motorola IMPRES Hochbelastbares Faustmikrofon &#8211; RMN5053A\"}]},{\"@type\":\"WebSite\",\"@id\":\"https:\\\/\\\/sure-antennas.com\\\/#website\",\"url\":\"https:\\\/\\\/sure-antennas.com\\\/\",\"name\":\"Sure Antennas\",\"description\":\"Sure Antennas site\",\"publisher\":{\"@id\":\"https:\\\/\\\/sure-antennas.com\\\/#organization\"},\"potentialAction\":[{\"@type\":\"SearchAction\",\"target\":{\"@type\":\"EntryPoint\",\"urlTemplate\":\"https:\\\/\\\/sure-antennas.com\\\/?s={search_term_string}\"},\"query-input\":{\"@type\":\"PropertyValueSpecification\",\"valueRequired\":true,\"valueName\":\"search_term_string\"}}],\"inLanguage\":\"de-DE\"},{\"@type\":\"Organization\",\"@id\":\"https:\\\/\\\/sure-antennas.com\\\/#organization\",\"name\":\"Sure Antennas\",\"url\":\"https:\\\/\\\/sure-antennas.com\\\/\",\"logo\":{\"@type\":\"ImageObject\",\"inLanguage\":\"de-DE\",\"@id\":\"https:\\\/\\\/sure-antennas.com\\\/#\\\/schema\\\/logo\\\/image\\\/\",\"url\":\"https:\\\/\\\/sure-antennas.com\\\/wp-content\\\/uploads\\\/2021\\\/04\\\/logo-1.png\",\"contentUrl\":\"https:\\\/\\\/sure-antennas.com\\\/wp-content\\\/uploads\\\/2021\\\/04\\\/logo-1.png\",\"width\":211,\"height\":52,\"caption\":\"Sure Antennas\"},\"image\":{\"@id\":\"https:\\\/\\\/sure-antennas.com\\\/#\\\/schema\\\/logo\\\/image\\\/\"}}]}<\/script>\n<!-- \/ Yoast SEO plugin. -->","yoast_head_json":{"title":"Motorola IMPRES Hochbelastbares Faustmikrofon - RMN5053A - Sure Antennas","robots":{"index":"index","follow":"follow","max-snippet":"max-snippet:-1","max-image-preview":"max-image-preview:large","max-video-preview":"max-video-preview:-1"},"canonical":"https:\/\/sure-antennas.com\/de\/produkt\/motorola-impres-hochbelastbares-faustmikrofon-rmn5053a\/","og_locale":"de_DE","og_type":"article","og_title":"Motorola IMPRES Hochbelastbares Faustmikrofon - RMN5053A - Sure Antennas","og_description":"Mikrofon mit neuem IMPRES-verbessertem, robustem Frontkopf-Audioanschluss.  &nbsp; [...]Weiterlesen...","og_url":"https:\/\/sure-antennas.com\/de\/produkt\/motorola-impres-hochbelastbares-faustmikrofon-rmn5053a\/","og_site_name":"Sure Antennas","article_modified_time":"2025-03-11T11:40:39+00:00","og_image":[{"width":650,"height":485,"url":"https:\/\/sure-antennas.com\/wp-content\/uploads\/2021\/05\/spekar.png","type":"image\/png"}],"twitter_card":"summary_large_image","twitter_misc":{"Est. reading time":"1 minute"},"schema":{"@context":"https:\/\/schema.org","@graph":[{"@type":"WebPage","@id":"https:\/\/sure-antennas.com\/de\/produkt\/motorola-impres-hochbelastbares-faustmikrofon-rmn5053a\/","url":"https:\/\/sure-antennas.com\/de\/produkt\/motorola-impres-hochbelastbares-faustmikrofon-rmn5053a\/","name":"Motorola IMPRES Hochbelastbares Faustmikrofon - RMN5053A - Sure Antennas","isPartOf":{"@id":"https:\/\/sure-antennas.com\/#website"},"primaryImageOfPage":{"@id":"https:\/\/sure-antennas.com\/de\/produkt\/motorola-impres-hochbelastbares-faustmikrofon-rmn5053a\/#primaryimage"},"image":{"@id":"https:\/\/sure-antennas.com\/de\/produkt\/motorola-impres-hochbelastbares-faustmikrofon-rmn5053a\/#primaryimage"},"thumbnailUrl":"https:\/\/sure-antennas.com\/wp-content\/uploads\/2021\/05\/spekar.png","datePublished":"2021-05-25T13:12:57+00:00","dateModified":"2025-03-11T11:40:39+00:00","breadcrumb":{"@id":"https:\/\/sure-antennas.com\/de\/produkt\/motorola-impres-hochbelastbares-faustmikrofon-rmn5053a\/#breadcrumb"},"inLanguage":"de-DE","potentialAction":[{"@type":"ReadAction","target":["https:\/\/sure-antennas.com\/de\/produkt\/motorola-impres-hochbelastbares-faustmikrofon-rmn5053a\/"]}]},{"@type":"ImageObject","inLanguage":"de-DE","@id":"https:\/\/sure-antennas.com\/de\/produkt\/motorola-impres-hochbelastbares-faustmikrofon-rmn5053a\/#primaryimage","url":"https:\/\/sure-antennas.com\/wp-content\/uploads\/2021\/05\/spekar.png","contentUrl":"https:\/\/sure-antennas.com\/wp-content\/uploads\/2021\/05\/spekar.png","width":650,"height":485},{"@type":"BreadcrumbList","@id":"https:\/\/sure-antennas.com\/de\/produkt\/motorola-impres-hochbelastbares-faustmikrofon-rmn5053a\/#breadcrumb","itemListElement":[{"@type":"ListItem","position":1,"name":"Home","item":"https:\/\/sure-antennas.com\/de\/"},{"@type":"ListItem","position":2,"name":"Gesch\u00e4ft","item":"https:\/\/sure-antennas.com\/de\/geschaeft\/"},{"@type":"ListItem","position":3,"name":"Motorola IMPRES Hochbelastbares Faustmikrofon &#8211; RMN5053A"}]},{"@type":"WebSite","@id":"https:\/\/sure-antennas.com\/#website","url":"https:\/\/sure-antennas.com\/","name":"Sure Antennas","description":"Sure Antennas site","publisher":{"@id":"https:\/\/sure-antennas.com\/#organization"},"potentialAction":[{"@type":"SearchAction","target":{"@type":"EntryPoint","urlTemplate":"https:\/\/sure-antennas.com\/?s={search_term_string}"},"query-input":{"@type":"PropertyValueSpecification","valueRequired":true,"valueName":"search_term_string"}}],"inLanguage":"de-DE"},{"@type":"Organization","@id":"https:\/\/sure-antennas.com\/#organization","name":"Sure Antennas","url":"https:\/\/sure-antennas.com\/","logo":{"@type":"ImageObject","inLanguage":"de-DE","@id":"https:\/\/sure-antennas.com\/#\/schema\/logo\/image\/","url":"https:\/\/sure-antennas.com\/wp-content\/uploads\/2021\/04\/logo-1.png","contentUrl":"https:\/\/sure-antennas.com\/wp-content\/uploads\/2021\/04\/logo-1.png","width":211,"height":52,"caption":"Sure Antennas"},"image":{"@id":"https:\/\/sure-antennas.com\/#\/schema\/logo\/image\/"}}]}},"_links":{"self":[{"href":"https:\/\/sure-antennas.com\/de\/wp-json\/wp\/v2\/product\/39842","targetHints":{"allow":["GET"]}}],"collection":[{"href":"https:\/\/sure-antennas.com\/de\/wp-json\/wp\/v2\/product"}],"about":[{"href":"https:\/\/sure-antennas.com\/de\/wp-json\/wp\/v2\/types\/product"}],"replies":[{"embeddable":true,"href":"https:\/\/sure-antennas.com\/de\/wp-json\/wp\/v2\/comments?post=39842"}],"wp:featuredmedia":[{"embeddable":true,"href":"https:\/\/sure-antennas.com\/de\/wp-json\/wp\/v2\/media\/38406"}],"wp:attachment":[{"href":"https:\/\/sure-antennas.com\/de\/wp-json\/wp\/v2\/media?parent=39842"}],"wp:term":[{"taxonomy":"product_brand","embeddable":true,"href":"https:\/\/sure-antennas.com\/de\/wp-json\/wp\/v2\/product_brand?post=39842"},{"taxonomy":"product_cat","embeddable":true,"href":"https:\/\/sure-antennas.com\/de\/wp-json\/wp\/v2\/product_cat?post=39842"},{"taxonomy":"product_tag","embeddable":true,"href":"https:\/\/sure-antennas.com\/de\/wp-json\/wp\/v2\/product_tag?post=39842"}],"curies":[{"name":"wp","href":"https:\/\/api.w.org\/{rel}","templated":true}]}}