{"id":39866,"date":"2021-05-25T13:10:59","date_gmt":"2021-05-25T13:10:59","guid":{"rendered":"https:\/\/sure-antennas68068.e.wpstage.net\/product\/sm3400-combiner-divider-unit\/"},"modified":"2025-09-17T08:08:17","modified_gmt":"2025-09-17T08:08:17","slug":"sm3400-kombinierer-teiler","status":"publish","type":"product","link":"https:\/\/sure-antennas.com\/de\/produkt\/sm3400-kombinierer-teiler\/","title":{"rendered":"SM3400 Kombinierer\/Teiler"},"content":{"rendered":"<p>Die SM3400 Kombinierer-\/Teiler-Einheit wurde speziell entwickelt, um zwei Sendern die gleichzeitige \u00dcbertragung zu erm\u00f6glichen, ohne den Einsatz von Schaltkreisen.<\/p>\n<p>Die passive Einheit kann bei 380-400 MHz arbeiten. Mit einer Einf\u00fcgungsd\u00e4mpfung von weniger als -0,4 dB* und einer Isolierung von Anschluss zu Anschluss von weniger als -30 dB \u00fcber eine Bandbreite von 20 MHz bietet dieses Ger\u00e4t eine hervorragende Leistung im Vergleich zu aktiven Schaltger\u00e4ten.<\/p>\n<p>Dieses Ger\u00e4t kann kundenspezifisch f\u00fcr Frequenzen zwischen 70 MHz und 2,4 GHz gebaut werden, bitte kontaktieren Sie uns f\u00fcr weitere Optionen.<\/p>\n","protected":false},"excerpt":{"rendered":"<p><strong>Artikelnummer SASM009<br \/>\n<\/strong>Die SM3400 Kombinierer-\/Teiler-Einheit wurde speziell daf\u00fcr entwickelt, dass zwei Sender gleichzeitig senden k\u00f6nnen, ohne dass ein Schaltkreis erforderlich ist. [&#8230;]<\/p>\n<p><a class=\"btn btn-secondary understrap-read-more-link\" href=\"https:\/\/sure-antennas.com\/de\/produkt\/sm3400-kombinierer-teiler\/\">Weiterlesen&#8230;<\/a><\/p>\n","protected":false},"featured_media":36836,"comment_status":"closed","ping_status":"closed","template":"","meta":{"_acf_changed":false},"product_brand":[],"product_cat":[292],"product_tag":[300,263,264,334,335,280,267,268,269,270,305],"class_list":{"0":"post-39866","1":"product","2":"type-product","3":"status-publish","4":"has-post-thumbnail","6":"product_cat-accessories-de","7":"product_tag-2m-de","8":"product_tag-3g-de","9":"product_tag-4g-de","10":"product_tag-custom-frequency-de","11":"product_tag-gps-glonas-de","12":"product_tag-lte-de","13":"product_tag-perris-de","14":"product_tag-smart-de","15":"product_tag-tetra-de","16":"product_tag-uhf-de","17":"product_tag-vhf-de","18":"manufacturer-combiner-dividers-de","20":"first","21":"instock","22":"product-type-simple"},"acf":[],"yoast_head":"<!-- This site is optimized with the Yoast SEO plugin v27.0 - https:\/\/yoast.com\/product\/yoast-seo-wordpress\/ -->\n<title>SM3400 Kombinierer\/Teiler - Sure Antennas<\/title>\n<meta name=\"robots\" content=\"index, follow, max-snippet:-1, max-image-preview:large, max-video-preview:-1\" \/>\n<link rel=\"canonical\" href=\"https:\/\/sure-antennas.com\/de\/produkt\/sm3400-kombinierer-teiler\/\" \/>\n<meta property=\"og:locale\" content=\"de_DE\" \/>\n<meta property=\"og:type\" content=\"article\" \/>\n<meta property=\"og:title\" content=\"SM3400 Kombinierer\/Teiler - Sure Antennas\" \/>\n<meta property=\"og:description\" content=\"Artikelnummer SASM009 Die SM3400 Kombinierer-\/Teiler-Einheit wurde speziell daf\u00fcr entwickelt, dass zwei Sender gleichzeitig senden k\u00f6nnen, ohne dass ein Schaltkreis erforderlich ist. [...]Weiterlesen...\" \/>\n<meta property=\"og:url\" content=\"https:\/\/sure-antennas.com\/de\/produkt\/sm3400-kombinierer-teiler\/\" \/>\n<meta property=\"og:site_name\" content=\"Sure Antennas\" \/>\n<meta property=\"article:modified_time\" content=\"2025-09-17T08:08:17+00:00\" \/>\n<meta property=\"og:image\" content=\"https:\/\/sure-antennas.com\/wp-content\/uploads\/2021\/05\/0275-SASM009-SM3400-Phasing-Unit-25W_250pxl.png\" \/>\n\t<meta property=\"og:image:width\" content=\"250\" \/>\n\t<meta property=\"og:image:height\" content=\"250\" \/>\n\t<meta property=\"og:image:type\" content=\"image\/png\" \/>\n<meta name=\"twitter:card\" content=\"summary_large_image\" \/>\n<meta name=\"twitter:label1\" content=\"Est. reading time\" \/>\n\t<meta name=\"twitter:data1\" content=\"1 minute\" \/>\n<script type=\"application\/ld+json\" class=\"yoast-schema-graph\">{\"@context\":\"https:\/\/schema.org\",\"@graph\":[{\"@type\":\"WebPage\",\"@id\":\"https:\/\/sure-antennas.com\/de\/produkt\/sm3400-kombinierer-teiler\/\",\"url\":\"https:\/\/sure-antennas.com\/de\/produkt\/sm3400-kombinierer-teiler\/\",\"name\":\"SM3400 Kombinierer\/Teiler - Sure Antennas\",\"isPartOf\":{\"@id\":\"https:\/\/sure-antennas.com\/#website\"},\"primaryImageOfPage\":{\"@id\":\"https:\/\/sure-antennas.com\/de\/produkt\/sm3400-kombinierer-teiler\/#primaryimage\"},\"image\":{\"@id\":\"https:\/\/sure-antennas.com\/de\/produkt\/sm3400-kombinierer-teiler\/#primaryimage\"},\"thumbnailUrl\":\"https:\/\/sure-antennas.com\/wp-content\/uploads\/2021\/05\/0275-SASM009-SM3400-Phasing-Unit-25W_250pxl.png\",\"datePublished\":\"2021-05-25T13:10:59+00:00\",\"dateModified\":\"2025-09-17T08:08:17+00:00\",\"breadcrumb\":{\"@id\":\"https:\/\/sure-antennas.com\/de\/produkt\/sm3400-kombinierer-teiler\/#breadcrumb\"},\"inLanguage\":\"de-DE\",\"potentialAction\":[{\"@type\":\"ReadAction\",\"target\":[\"https:\/\/sure-antennas.com\/de\/produkt\/sm3400-kombinierer-teiler\/\"]}]},{\"@type\":\"ImageObject\",\"inLanguage\":\"de-DE\",\"@id\":\"https:\/\/sure-antennas.com\/de\/produkt\/sm3400-kombinierer-teiler\/#primaryimage\",\"url\":\"https:\/\/sure-antennas.com\/wp-content\/uploads\/2021\/05\/0275-SASM009-SM3400-Phasing-Unit-25W_250pxl.png\",\"contentUrl\":\"https:\/\/sure-antennas.com\/wp-content\/uploads\/2021\/05\/0275-SASM009-SM3400-Phasing-Unit-25W_250pxl.png\",\"width\":250,\"height\":250},{\"@type\":\"BreadcrumbList\",\"@id\":\"https:\/\/sure-antennas.com\/de\/produkt\/sm3400-kombinierer-teiler\/#breadcrumb\",\"itemListElement\":[{\"@type\":\"ListItem\",\"position\":1,\"name\":\"Home\",\"item\":\"https:\/\/sure-antennas.com\/de\/\"},{\"@type\":\"ListItem\",\"position\":2,\"name\":\"Gesch\u00e4ft\",\"item\":\"https:\/\/sure-antennas.com\/de\/geschaeft\/\"},{\"@type\":\"ListItem\",\"position\":3,\"name\":\"SM3400 Kombinierer\/Teiler\"}]},{\"@type\":\"WebSite\",\"@id\":\"https:\/\/sure-antennas.com\/#website\",\"url\":\"https:\/\/sure-antennas.com\/\",\"name\":\"Sure Antennas\",\"description\":\"Sure Antennas site\",\"publisher\":{\"@id\":\"https:\/\/sure-antennas.com\/#organization\"},\"potentialAction\":[{\"@type\":\"SearchAction\",\"target\":{\"@type\":\"EntryPoint\",\"urlTemplate\":\"https:\/\/sure-antennas.com\/?s={search_term_string}\"},\"query-input\":{\"@type\":\"PropertyValueSpecification\",\"valueRequired\":true,\"valueName\":\"search_term_string\"}}],\"inLanguage\":\"de-DE\"},{\"@type\":\"Organization\",\"@id\":\"https:\/\/sure-antennas.com\/#organization\",\"name\":\"Sure Antennas\",\"url\":\"https:\/\/sure-antennas.com\/\",\"logo\":{\"@type\":\"ImageObject\",\"inLanguage\":\"de-DE\",\"@id\":\"https:\/\/sure-antennas.com\/#\/schema\/logo\/image\/\",\"url\":\"https:\/\/sure-antennas.com\/wp-content\/uploads\/2021\/04\/logo-1.png\",\"contentUrl\":\"https:\/\/sure-antennas.com\/wp-content\/uploads\/2021\/04\/logo-1.png\",\"width\":211,\"height\":52,\"caption\":\"Sure Antennas\"},\"image\":{\"@id\":\"https:\/\/sure-antennas.com\/#\/schema\/logo\/image\/\"}}]}<\/script>\n<!-- \/ Yoast SEO plugin. -->","yoast_head_json":{"title":"SM3400 Kombinierer\/Teiler - Sure Antennas","robots":{"index":"index","follow":"follow","max-snippet":"max-snippet:-1","max-image-preview":"max-image-preview:large","max-video-preview":"max-video-preview:-1"},"canonical":"https:\/\/sure-antennas.com\/de\/produkt\/sm3400-kombinierer-teiler\/","og_locale":"de_DE","og_type":"article","og_title":"SM3400 Kombinierer\/Teiler - Sure Antennas","og_description":"Artikelnummer SASM009 Die SM3400 Kombinierer-\/Teiler-Einheit wurde speziell daf\u00fcr entwickelt, dass zwei Sender gleichzeitig senden k\u00f6nnen, ohne dass ein Schaltkreis erforderlich ist. [...]Weiterlesen...","og_url":"https:\/\/sure-antennas.com\/de\/produkt\/sm3400-kombinierer-teiler\/","og_site_name":"Sure Antennas","article_modified_time":"2025-09-17T08:08:17+00:00","og_image":[{"width":250,"height":250,"url":"https:\/\/sure-antennas.com\/wp-content\/uploads\/2021\/05\/0275-SASM009-SM3400-Phasing-Unit-25W_250pxl.png","type":"image\/png"}],"twitter_card":"summary_large_image","twitter_misc":{"Est. reading time":"1 minute"},"schema":{"@context":"https:\/\/schema.org","@graph":[{"@type":"WebPage","@id":"https:\/\/sure-antennas.com\/de\/produkt\/sm3400-kombinierer-teiler\/","url":"https:\/\/sure-antennas.com\/de\/produkt\/sm3400-kombinierer-teiler\/","name":"SM3400 Kombinierer\/Teiler - Sure Antennas","isPartOf":{"@id":"https:\/\/sure-antennas.com\/#website"},"primaryImageOfPage":{"@id":"https:\/\/sure-antennas.com\/de\/produkt\/sm3400-kombinierer-teiler\/#primaryimage"},"image":{"@id":"https:\/\/sure-antennas.com\/de\/produkt\/sm3400-kombinierer-teiler\/#primaryimage"},"thumbnailUrl":"https:\/\/sure-antennas.com\/wp-content\/uploads\/2021\/05\/0275-SASM009-SM3400-Phasing-Unit-25W_250pxl.png","datePublished":"2021-05-25T13:10:59+00:00","dateModified":"2025-09-17T08:08:17+00:00","breadcrumb":{"@id":"https:\/\/sure-antennas.com\/de\/produkt\/sm3400-kombinierer-teiler\/#breadcrumb"},"inLanguage":"de-DE","potentialAction":[{"@type":"ReadAction","target":["https:\/\/sure-antennas.com\/de\/produkt\/sm3400-kombinierer-teiler\/"]}]},{"@type":"ImageObject","inLanguage":"de-DE","@id":"https:\/\/sure-antennas.com\/de\/produkt\/sm3400-kombinierer-teiler\/#primaryimage","url":"https:\/\/sure-antennas.com\/wp-content\/uploads\/2021\/05\/0275-SASM009-SM3400-Phasing-Unit-25W_250pxl.png","contentUrl":"https:\/\/sure-antennas.com\/wp-content\/uploads\/2021\/05\/0275-SASM009-SM3400-Phasing-Unit-25W_250pxl.png","width":250,"height":250},{"@type":"BreadcrumbList","@id":"https:\/\/sure-antennas.com\/de\/produkt\/sm3400-kombinierer-teiler\/#breadcrumb","itemListElement":[{"@type":"ListItem","position":1,"name":"Home","item":"https:\/\/sure-antennas.com\/de\/"},{"@type":"ListItem","position":2,"name":"Gesch\u00e4ft","item":"https:\/\/sure-antennas.com\/de\/geschaeft\/"},{"@type":"ListItem","position":3,"name":"SM3400 Kombinierer\/Teiler"}]},{"@type":"WebSite","@id":"https:\/\/sure-antennas.com\/#website","url":"https:\/\/sure-antennas.com\/","name":"Sure Antennas","description":"Sure Antennas site","publisher":{"@id":"https:\/\/sure-antennas.com\/#organization"},"potentialAction":[{"@type":"SearchAction","target":{"@type":"EntryPoint","urlTemplate":"https:\/\/sure-antennas.com\/?s={search_term_string}"},"query-input":{"@type":"PropertyValueSpecification","valueRequired":true,"valueName":"search_term_string"}}],"inLanguage":"de-DE"},{"@type":"Organization","@id":"https:\/\/sure-antennas.com\/#organization","name":"Sure Antennas","url":"https:\/\/sure-antennas.com\/","logo":{"@type":"ImageObject","inLanguage":"de-DE","@id":"https:\/\/sure-antennas.com\/#\/schema\/logo\/image\/","url":"https:\/\/sure-antennas.com\/wp-content\/uploads\/2021\/04\/logo-1.png","contentUrl":"https:\/\/sure-antennas.com\/wp-content\/uploads\/2021\/04\/logo-1.png","width":211,"height":52,"caption":"Sure Antennas"},"image":{"@id":"https:\/\/sure-antennas.com\/#\/schema\/logo\/image\/"}}]}},"_links":{"self":[{"href":"https:\/\/sure-antennas.com\/de\/wp-json\/wp\/v2\/product\/39866","targetHints":{"allow":["GET"]}}],"collection":[{"href":"https:\/\/sure-antennas.com\/de\/wp-json\/wp\/v2\/product"}],"about":[{"href":"https:\/\/sure-antennas.com\/de\/wp-json\/wp\/v2\/types\/product"}],"replies":[{"embeddable":true,"href":"https:\/\/sure-antennas.com\/de\/wp-json\/wp\/v2\/comments?post=39866"}],"wp:featuredmedia":[{"embeddable":true,"href":"https:\/\/sure-antennas.com\/de\/wp-json\/wp\/v2\/media\/36836"}],"wp:attachment":[{"href":"https:\/\/sure-antennas.com\/de\/wp-json\/wp\/v2\/media?parent=39866"}],"wp:term":[{"taxonomy":"product_brand","embeddable":true,"href":"https:\/\/sure-antennas.com\/de\/wp-json\/wp\/v2\/product_brand?post=39866"},{"taxonomy":"product_cat","embeddable":true,"href":"https:\/\/sure-antennas.com\/de\/wp-json\/wp\/v2\/product_cat?post=39866"},{"taxonomy":"product_tag","embeddable":true,"href":"https:\/\/sure-antennas.com\/de\/wp-json\/wp\/v2\/product_tag?post=39866"}],"curies":[{"name":"wp","href":"https:\/\/api.w.org\/{rel}","templated":true}]}}