{"id":39870,"date":"2021-05-25T13:09:46","date_gmt":"2021-05-25T13:09:46","guid":{"rendered":"https:\/\/sure-antennas68068.e.wpstage.net\/product\/sm3400-3-port-antenna-splitter\/"},"modified":"2025-09-17T08:04:43","modified_gmt":"2025-09-17T08:04:43","slug":"sm3400-3-port-antennensplitter","status":"publish","type":"product","link":"https:\/\/sure-antennas.com\/de\/produkt\/sm3400-3-port-antennensplitter\/","title":{"rendered":"SM3400 3-Port-Antennensplitter"},"content":{"rendered":"<p>Die SM3400 Splittereinheit wurde speziell entwickelt, um zwei Sendern die gleichzeitige \u00dcbertragung zu erm\u00f6glichen, ohne den Einsatz von Schaltkreisen.<\/p>\n<p>Die passive Einheit kann bei 380-400 MHz arbeiten. Mit einer Einf\u00fcgungsd\u00e4mpfung von weniger als -0,5 dB* und einer Isolierung von Anschluss zu Anschluss von weniger als -30 dB bietet diese Einheit eine hervorragende Leistung gegen\u00fcber aktiven Schalteinheiten.<\/p>\n<p>Dieses Ger\u00e4t kann kundenspezifisch f\u00fcr Frequenzen zwischen 70 MHz und 2,4 GHz gebaut werden. Bitte kontaktieren Sie uns unter +44 (0)151 334 9160 f\u00fcr weitere Optionen.<\/p>\n","protected":false},"excerpt":{"rendered":"<p><strong>Artikelnummer SM3400B0<br \/>\n<\/strong>Die Splittereinheit SM3400 wurde speziell daf\u00fcr entwickelt, dass zwei Sender gleichzeitig senden k\u00f6nnen. [&#8230;]<\/p>\n<p><a class=\"btn btn-secondary understrap-read-more-link\" href=\"https:\/\/sure-antennas.com\/de\/produkt\/sm3400-3-port-antennensplitter\/\">Weiterlesen&#8230;<\/a><\/p>\n","protected":false},"featured_media":36751,"comment_status":"closed","ping_status":"closed","template":"","meta":{"_acf_changed":false},"product_brand":[],"product_cat":[292],"product_tag":[269,270,305],"class_list":{"0":"post-39870","1":"product","2":"type-product","3":"status-publish","4":"has-post-thumbnail","6":"product_cat-accessories-de","7":"product_tag-tetra-de","8":"product_tag-uhf-de","9":"product_tag-vhf-de","10":"manufacturer-sm3400-3-port-antenna-splitter-de","12":"first","13":"instock","14":"product-type-simple"},"acf":[],"yoast_head":"<!-- This site is optimized with the Yoast SEO plugin v27.4 - https:\/\/yoast.com\/product\/yoast-seo-wordpress\/ -->\n<title>SM3400 3-Port-Antennensplitter | Sure Antennas<\/title>\n<meta name=\"description\" content=\"Artikelnummer SM3400B0: Die Splittereinheit SM3400 wurde speziell daf\u00fcr entwickelt, dass zwei Sender gleichzeitig senden k\u00f6nnen.\" \/>\n<meta name=\"robots\" content=\"index, follow, max-snippet:-1, max-image-preview:large, max-video-preview:-1\" \/>\n<link rel=\"canonical\" href=\"https:\/\/sure-antennas.com\/de\/produkt\/sm3400-3-port-antennensplitter\/\" \/>\n<meta property=\"og:locale\" content=\"de_DE\" \/>\n<meta property=\"og:type\" content=\"article\" \/>\n<meta property=\"og:title\" content=\"SM3400 3-Port-Antennensplitter | Sure Antennas\" \/>\n<meta property=\"og:description\" content=\"Artikelnummer SM3400B0: Die Splittereinheit SM3400 wurde speziell daf\u00fcr entwickelt, dass zwei Sender gleichzeitig senden k\u00f6nnen.\" \/>\n<meta property=\"og:url\" content=\"https:\/\/sure-antennas.com\/de\/produkt\/sm3400-3-port-antennensplitter\/\" \/>\n<meta property=\"og:site_name\" content=\"Sure Antennas\" \/>\n<meta property=\"article:modified_time\" content=\"2025-09-17T08:04:43+00:00\" \/>\n<meta property=\"og:image\" content=\"https:\/\/sure-antennas.com\/wp-content\/uploads\/2021\/05\/SM3400-1_1100pxls.jpg\" \/>\n\t<meta property=\"og:image:width\" content=\"1100\" \/>\n\t<meta property=\"og:image:height\" content=\"792\" \/>\n\t<meta property=\"og:image:type\" content=\"image\/jpeg\" \/>\n<meta name=\"twitter:card\" content=\"summary_large_image\" \/>\n<meta name=\"twitter:label1\" content=\"Est. reading time\" \/>\n\t<meta name=\"twitter:data1\" content=\"1 minute\" \/>\n<script type=\"application\/ld+json\" class=\"yoast-schema-graph\">{\"@context\":\"https:\\\/\\\/schema.org\",\"@graph\":[{\"@type\":\"WebPage\",\"@id\":\"https:\\\/\\\/sure-antennas.com\\\/de\\\/produkt\\\/sm3400-3-port-antennensplitter\\\/\",\"url\":\"https:\\\/\\\/sure-antennas.com\\\/de\\\/produkt\\\/sm3400-3-port-antennensplitter\\\/\",\"name\":\"SM3400 3-Port-Antennensplitter | Sure Antennas\",\"isPartOf\":{\"@id\":\"https:\\\/\\\/sure-antennas.com\\\/#website\"},\"primaryImageOfPage\":{\"@id\":\"https:\\\/\\\/sure-antennas.com\\\/de\\\/produkt\\\/sm3400-3-port-antennensplitter\\\/#primaryimage\"},\"image\":{\"@id\":\"https:\\\/\\\/sure-antennas.com\\\/de\\\/produkt\\\/sm3400-3-port-antennensplitter\\\/#primaryimage\"},\"thumbnailUrl\":\"https:\\\/\\\/sure-antennas.com\\\/wp-content\\\/uploads\\\/2021\\\/05\\\/SM3400-1_1100pxls.jpg\",\"datePublished\":\"2021-05-25T13:09:46+00:00\",\"dateModified\":\"2025-09-17T08:04:43+00:00\",\"description\":\"Artikelnummer SM3400B0: Die Splittereinheit SM3400 wurde speziell daf\u00fcr entwickelt, dass zwei Sender gleichzeitig senden k\u00f6nnen.\",\"breadcrumb\":{\"@id\":\"https:\\\/\\\/sure-antennas.com\\\/de\\\/produkt\\\/sm3400-3-port-antennensplitter\\\/#breadcrumb\"},\"inLanguage\":\"de-DE\",\"potentialAction\":[{\"@type\":\"ReadAction\",\"target\":[\"https:\\\/\\\/sure-antennas.com\\\/de\\\/produkt\\\/sm3400-3-port-antennensplitter\\\/\"]}]},{\"@type\":\"ImageObject\",\"inLanguage\":\"de-DE\",\"@id\":\"https:\\\/\\\/sure-antennas.com\\\/de\\\/produkt\\\/sm3400-3-port-antennensplitter\\\/#primaryimage\",\"url\":\"https:\\\/\\\/sure-antennas.com\\\/wp-content\\\/uploads\\\/2021\\\/05\\\/SM3400-1_1100pxls.jpg\",\"contentUrl\":\"https:\\\/\\\/sure-antennas.com\\\/wp-content\\\/uploads\\\/2021\\\/05\\\/SM3400-1_1100pxls.jpg\",\"width\":1100,\"height\":792},{\"@type\":\"BreadcrumbList\",\"@id\":\"https:\\\/\\\/sure-antennas.com\\\/de\\\/produkt\\\/sm3400-3-port-antennensplitter\\\/#breadcrumb\",\"itemListElement\":[{\"@type\":\"ListItem\",\"position\":1,\"name\":\"Home\",\"item\":\"https:\\\/\\\/sure-antennas.com\\\/de\\\/\"},{\"@type\":\"ListItem\",\"position\":2,\"name\":\"Gesch\u00e4ft\",\"item\":\"https:\\\/\\\/sure-antennas.com\\\/de\\\/geschaeft\\\/\"},{\"@type\":\"ListItem\",\"position\":3,\"name\":\"SM3400 3-Port-Antennensplitter\"}]},{\"@type\":\"WebSite\",\"@id\":\"https:\\\/\\\/sure-antennas.com\\\/#website\",\"url\":\"https:\\\/\\\/sure-antennas.com\\\/\",\"name\":\"Sure Antennas\",\"description\":\"Sure Antennas site\",\"publisher\":{\"@id\":\"https:\\\/\\\/sure-antennas.com\\\/#organization\"},\"potentialAction\":[{\"@type\":\"SearchAction\",\"target\":{\"@type\":\"EntryPoint\",\"urlTemplate\":\"https:\\\/\\\/sure-antennas.com\\\/?s={search_term_string}\"},\"query-input\":{\"@type\":\"PropertyValueSpecification\",\"valueRequired\":true,\"valueName\":\"search_term_string\"}}],\"inLanguage\":\"de-DE\"},{\"@type\":\"Organization\",\"@id\":\"https:\\\/\\\/sure-antennas.com\\\/#organization\",\"name\":\"Sure Antennas\",\"url\":\"https:\\\/\\\/sure-antennas.com\\\/\",\"logo\":{\"@type\":\"ImageObject\",\"inLanguage\":\"de-DE\",\"@id\":\"https:\\\/\\\/sure-antennas.com\\\/#\\\/schema\\\/logo\\\/image\\\/\",\"url\":\"https:\\\/\\\/sure-antennas.com\\\/wp-content\\\/uploads\\\/2021\\\/04\\\/logo-1.png\",\"contentUrl\":\"https:\\\/\\\/sure-antennas.com\\\/wp-content\\\/uploads\\\/2021\\\/04\\\/logo-1.png\",\"width\":211,\"height\":52,\"caption\":\"Sure Antennas\"},\"image\":{\"@id\":\"https:\\\/\\\/sure-antennas.com\\\/#\\\/schema\\\/logo\\\/image\\\/\"}}]}<\/script>\n<!-- \/ Yoast SEO plugin. -->","yoast_head_json":{"title":"SM3400 3-Port-Antennensplitter | Sure Antennas","description":"Artikelnummer SM3400B0: Die Splittereinheit SM3400 wurde speziell daf\u00fcr entwickelt, dass zwei Sender gleichzeitig senden k\u00f6nnen.","robots":{"index":"index","follow":"follow","max-snippet":"max-snippet:-1","max-image-preview":"max-image-preview:large","max-video-preview":"max-video-preview:-1"},"canonical":"https:\/\/sure-antennas.com\/de\/produkt\/sm3400-3-port-antennensplitter\/","og_locale":"de_DE","og_type":"article","og_title":"SM3400 3-Port-Antennensplitter | Sure Antennas","og_description":"Artikelnummer SM3400B0: Die Splittereinheit SM3400 wurde speziell daf\u00fcr entwickelt, dass zwei Sender gleichzeitig senden k\u00f6nnen.","og_url":"https:\/\/sure-antennas.com\/de\/produkt\/sm3400-3-port-antennensplitter\/","og_site_name":"Sure Antennas","article_modified_time":"2025-09-17T08:04:43+00:00","og_image":[{"width":1100,"height":792,"url":"https:\/\/sure-antennas.com\/wp-content\/uploads\/2021\/05\/SM3400-1_1100pxls.jpg","type":"image\/jpeg"}],"twitter_card":"summary_large_image","twitter_misc":{"Est. reading time":"1 minute"},"schema":{"@context":"https:\/\/schema.org","@graph":[{"@type":"WebPage","@id":"https:\/\/sure-antennas.com\/de\/produkt\/sm3400-3-port-antennensplitter\/","url":"https:\/\/sure-antennas.com\/de\/produkt\/sm3400-3-port-antennensplitter\/","name":"SM3400 3-Port-Antennensplitter | Sure Antennas","isPartOf":{"@id":"https:\/\/sure-antennas.com\/#website"},"primaryImageOfPage":{"@id":"https:\/\/sure-antennas.com\/de\/produkt\/sm3400-3-port-antennensplitter\/#primaryimage"},"image":{"@id":"https:\/\/sure-antennas.com\/de\/produkt\/sm3400-3-port-antennensplitter\/#primaryimage"},"thumbnailUrl":"https:\/\/sure-antennas.com\/wp-content\/uploads\/2021\/05\/SM3400-1_1100pxls.jpg","datePublished":"2021-05-25T13:09:46+00:00","dateModified":"2025-09-17T08:04:43+00:00","description":"Artikelnummer SM3400B0: Die Splittereinheit SM3400 wurde speziell daf\u00fcr entwickelt, dass zwei Sender gleichzeitig senden k\u00f6nnen.","breadcrumb":{"@id":"https:\/\/sure-antennas.com\/de\/produkt\/sm3400-3-port-antennensplitter\/#breadcrumb"},"inLanguage":"de-DE","potentialAction":[{"@type":"ReadAction","target":["https:\/\/sure-antennas.com\/de\/produkt\/sm3400-3-port-antennensplitter\/"]}]},{"@type":"ImageObject","inLanguage":"de-DE","@id":"https:\/\/sure-antennas.com\/de\/produkt\/sm3400-3-port-antennensplitter\/#primaryimage","url":"https:\/\/sure-antennas.com\/wp-content\/uploads\/2021\/05\/SM3400-1_1100pxls.jpg","contentUrl":"https:\/\/sure-antennas.com\/wp-content\/uploads\/2021\/05\/SM3400-1_1100pxls.jpg","width":1100,"height":792},{"@type":"BreadcrumbList","@id":"https:\/\/sure-antennas.com\/de\/produkt\/sm3400-3-port-antennensplitter\/#breadcrumb","itemListElement":[{"@type":"ListItem","position":1,"name":"Home","item":"https:\/\/sure-antennas.com\/de\/"},{"@type":"ListItem","position":2,"name":"Gesch\u00e4ft","item":"https:\/\/sure-antennas.com\/de\/geschaeft\/"},{"@type":"ListItem","position":3,"name":"SM3400 3-Port-Antennensplitter"}]},{"@type":"WebSite","@id":"https:\/\/sure-antennas.com\/#website","url":"https:\/\/sure-antennas.com\/","name":"Sure Antennas","description":"Sure Antennas site","publisher":{"@id":"https:\/\/sure-antennas.com\/#organization"},"potentialAction":[{"@type":"SearchAction","target":{"@type":"EntryPoint","urlTemplate":"https:\/\/sure-antennas.com\/?s={search_term_string}"},"query-input":{"@type":"PropertyValueSpecification","valueRequired":true,"valueName":"search_term_string"}}],"inLanguage":"de-DE"},{"@type":"Organization","@id":"https:\/\/sure-antennas.com\/#organization","name":"Sure Antennas","url":"https:\/\/sure-antennas.com\/","logo":{"@type":"ImageObject","inLanguage":"de-DE","@id":"https:\/\/sure-antennas.com\/#\/schema\/logo\/image\/","url":"https:\/\/sure-antennas.com\/wp-content\/uploads\/2021\/04\/logo-1.png","contentUrl":"https:\/\/sure-antennas.com\/wp-content\/uploads\/2021\/04\/logo-1.png","width":211,"height":52,"caption":"Sure Antennas"},"image":{"@id":"https:\/\/sure-antennas.com\/#\/schema\/logo\/image\/"}}]}},"_links":{"self":[{"href":"https:\/\/sure-antennas.com\/de\/wp-json\/wp\/v2\/product\/39870","targetHints":{"allow":["GET"]}}],"collection":[{"href":"https:\/\/sure-antennas.com\/de\/wp-json\/wp\/v2\/product"}],"about":[{"href":"https:\/\/sure-antennas.com\/de\/wp-json\/wp\/v2\/types\/product"}],"replies":[{"embeddable":true,"href":"https:\/\/sure-antennas.com\/de\/wp-json\/wp\/v2\/comments?post=39870"}],"wp:featuredmedia":[{"embeddable":true,"href":"https:\/\/sure-antennas.com\/de\/wp-json\/wp\/v2\/media\/36751"}],"wp:attachment":[{"href":"https:\/\/sure-antennas.com\/de\/wp-json\/wp\/v2\/media?parent=39870"}],"wp:term":[{"taxonomy":"product_brand","embeddable":true,"href":"https:\/\/sure-antennas.com\/de\/wp-json\/wp\/v2\/product_brand?post=39870"},{"taxonomy":"product_cat","embeddable":true,"href":"https:\/\/sure-antennas.com\/de\/wp-json\/wp\/v2\/product_cat?post=39870"},{"taxonomy":"product_tag","embeddable":true,"href":"https:\/\/sure-antennas.com\/de\/wp-json\/wp\/v2\/product_tag?post=39870"}],"curies":[{"name":"wp","href":"https:\/\/api.w.org\/{rel}","templated":true}]}}