{"id":40223,"date":"2021-05-25T13:12:25","date_gmt":"2021-05-25T13:12:25","guid":{"rendered":"https:\/\/sure-antennas68068.e.wpstage.net\/product\/motorola-mtp3000-audio-accessories-noise-attenuating-plugs\/"},"modified":"2025-03-13T10:51:48","modified_gmt":"2025-03-13T10:51:48","slug":"motorola-mtp3000-audio-zubehoer-geraeuschdaempfende-stecker","status":"publish","type":"product","link":"https:\/\/sure-antennas.com\/de\/produkt\/motorola-mtp3000-audio-zubehoer-geraeuschdaempfende-stecker\/","title":{"rendered":"Motorola MTP3000 &#8211; Audio-Zubeh\u00f6r &#8211; Ger\u00e4uschd\u00e4mpfende Stecker"},"content":{"rendered":"<p>Artikelnummer: 5080384F72<\/p>\n<p>\u2022 Rauschunterdr\u00fcckung: 24 dB<\/p>\n<p>\u2022 Kompatibel mit 1-, 2- und 3-Draht-Baus\u00e4tzen<br \/>\nPMLN7397, PMLN6123, PMLN6124,<br \/>\nPMLN6125, PMLN6126, PMLN6129,<br \/>\nPMLN6130, NNTN8459, PMLN6758,<br \/>\nPMLN7269, PMLN7270, PMLN6754,<br \/>\nPMLN6755 und RSM-Ohrh\u00f6rer:<br \/>\nMDRLN4941<\/p>\n<p>\u2022 Ma\u00dfeinheit: EA<\/p>\n<p>\u2022 CE: Nein<\/p>\n<p>\u2022 RTTE: Nein<\/p>\n","protected":false},"excerpt":{"rendered":"<h5 id=\"PMNN4448AR\">\u00dcberwachungskits Ersatzteile f\u00fcr Motorola MTP3000<\/h5>\n<hr \/>\n<p>F\u00fcr eine L\u00f6sung mit hohem Ger\u00e4uschpegel kombinieren Sie das Kit mit den Kits RLN6242 oder RLN5886 mit niedrigem Ger\u00e4uschpegel.<\/p>\n<p>&nbsp; [&#8230;]<\/p>\n<p><a class=\"btn btn-secondary understrap-read-more-link\" href=\"https:\/\/sure-antennas.com\/de\/produkt\/motorola-mtp3000-audio-zubehoer-geraeuschdaempfende-stecker\/\">Weiterlesen&#8230;<\/a><\/p>\n","protected":false},"featured_media":36991,"comment_status":"closed","ping_status":"closed","template":"","meta":{"_acf_changed":false},"product_brand":[],"product_cat":[257],"product_tag":[],"class_list":{"0":"post-40223","1":"product","2":"type-product","3":"status-publish","4":"has-post-thumbnail","6":"product_cat-verdeckte-antennen","8":"first","9":"instock","10":"product-type-simple"},"acf":[],"yoast_head":"<!-- This site is optimized with the Yoast SEO plugin v27.4 - https:\/\/yoast.com\/product\/yoast-seo-wordpress\/ -->\n<title>Motorola MTP3000 - Audio-Zubeh\u00f6r - Ger\u00e4uschd\u00e4mpfende Stecker - Sure Antennas<\/title>\n<meta name=\"robots\" content=\"index, follow, max-snippet:-1, max-image-preview:large, max-video-preview:-1\" \/>\n<link rel=\"canonical\" href=\"https:\/\/sure-antennas.com\/de\/produkt\/motorola-mtp3000-audio-zubehoer-geraeuschdaempfende-stecker\/\" \/>\n<meta property=\"og:locale\" content=\"de_DE\" \/>\n<meta property=\"og:type\" content=\"article\" \/>\n<meta property=\"og:title\" content=\"Motorola MTP3000 - Audio-Zubeh\u00f6r - Ger\u00e4uschd\u00e4mpfende Stecker - Sure Antennas\" \/>\n<meta property=\"og:description\" content=\"\u00dcberwachungskits Ersatzteile f\u00fcr Motorola MTP3000    F\u00fcr eine L\u00f6sung mit hohem Ger\u00e4uschpegel kombinieren Sie das Kit mit den Kits RLN6242 oder RLN5886 mit niedrigem Ger\u00e4uschpegel.  &nbsp; [...]Weiterlesen...\" \/>\n<meta property=\"og:url\" content=\"https:\/\/sure-antennas.com\/de\/produkt\/motorola-mtp3000-audio-zubehoer-geraeuschdaempfende-stecker\/\" \/>\n<meta property=\"og:site_name\" content=\"Sure Antennas\" \/>\n<meta property=\"article:modified_time\" content=\"2025-03-13T10:51:48+00:00\" \/>\n<meta property=\"og:image\" content=\"https:\/\/sure-antennas.com\/wp-content\/uploads\/2021\/05\/YELLOW34.png\" \/>\n\t<meta property=\"og:image:width\" content=\"650\" \/>\n\t<meta property=\"og:image:height\" content=\"650\" \/>\n\t<meta property=\"og:image:type\" content=\"image\/png\" \/>\n<meta name=\"twitter:card\" content=\"summary_large_image\" \/>\n<meta name=\"twitter:label1\" content=\"Est. reading time\" \/>\n\t<meta name=\"twitter:data1\" content=\"1 minute\" \/>\n<script type=\"application\/ld+json\" class=\"yoast-schema-graph\">{\"@context\":\"https:\\\/\\\/schema.org\",\"@graph\":[{\"@type\":\"WebPage\",\"@id\":\"https:\\\/\\\/sure-antennas.com\\\/de\\\/produkt\\\/motorola-mtp3000-audio-zubehoer-geraeuschdaempfende-stecker\\\/\",\"url\":\"https:\\\/\\\/sure-antennas.com\\\/de\\\/produkt\\\/motorola-mtp3000-audio-zubehoer-geraeuschdaempfende-stecker\\\/\",\"name\":\"Motorola MTP3000 - Audio-Zubeh\u00f6r - Ger\u00e4uschd\u00e4mpfende Stecker - Sure Antennas\",\"isPartOf\":{\"@id\":\"https:\\\/\\\/sure-antennas.com\\\/#website\"},\"primaryImageOfPage\":{\"@id\":\"https:\\\/\\\/sure-antennas.com\\\/de\\\/produkt\\\/motorola-mtp3000-audio-zubehoer-geraeuschdaempfende-stecker\\\/#primaryimage\"},\"image\":{\"@id\":\"https:\\\/\\\/sure-antennas.com\\\/de\\\/produkt\\\/motorola-mtp3000-audio-zubehoer-geraeuschdaempfende-stecker\\\/#primaryimage\"},\"thumbnailUrl\":\"https:\\\/\\\/sure-antennas.com\\\/wp-content\\\/uploads\\\/2021\\\/05\\\/YELLOW34.png\",\"datePublished\":\"2021-05-25T13:12:25+00:00\",\"dateModified\":\"2025-03-13T10:51:48+00:00\",\"breadcrumb\":{\"@id\":\"https:\\\/\\\/sure-antennas.com\\\/de\\\/produkt\\\/motorola-mtp3000-audio-zubehoer-geraeuschdaempfende-stecker\\\/#breadcrumb\"},\"inLanguage\":\"de-DE\",\"potentialAction\":[{\"@type\":\"ReadAction\",\"target\":[\"https:\\\/\\\/sure-antennas.com\\\/de\\\/produkt\\\/motorola-mtp3000-audio-zubehoer-geraeuschdaempfende-stecker\\\/\"]}]},{\"@type\":\"ImageObject\",\"inLanguage\":\"de-DE\",\"@id\":\"https:\\\/\\\/sure-antennas.com\\\/de\\\/produkt\\\/motorola-mtp3000-audio-zubehoer-geraeuschdaempfende-stecker\\\/#primaryimage\",\"url\":\"https:\\\/\\\/sure-antennas.com\\\/wp-content\\\/uploads\\\/2021\\\/05\\\/YELLOW34.png\",\"contentUrl\":\"https:\\\/\\\/sure-antennas.com\\\/wp-content\\\/uploads\\\/2021\\\/05\\\/YELLOW34.png\",\"width\":650,\"height\":650},{\"@type\":\"BreadcrumbList\",\"@id\":\"https:\\\/\\\/sure-antennas.com\\\/de\\\/produkt\\\/motorola-mtp3000-audio-zubehoer-geraeuschdaempfende-stecker\\\/#breadcrumb\",\"itemListElement\":[{\"@type\":\"ListItem\",\"position\":1,\"name\":\"Home\",\"item\":\"https:\\\/\\\/sure-antennas.com\\\/de\\\/\"},{\"@type\":\"ListItem\",\"position\":2,\"name\":\"Gesch\u00e4ft\",\"item\":\"https:\\\/\\\/sure-antennas.com\\\/de\\\/geschaeft\\\/\"},{\"@type\":\"ListItem\",\"position\":3,\"name\":\"Motorola MTP3000 &#8211; Audio-Zubeh\u00f6r &#8211; Ger\u00e4uschd\u00e4mpfende Stecker\"}]},{\"@type\":\"WebSite\",\"@id\":\"https:\\\/\\\/sure-antennas.com\\\/#website\",\"url\":\"https:\\\/\\\/sure-antennas.com\\\/\",\"name\":\"Sure Antennas\",\"description\":\"Sure Antennas site\",\"publisher\":{\"@id\":\"https:\\\/\\\/sure-antennas.com\\\/#organization\"},\"potentialAction\":[{\"@type\":\"SearchAction\",\"target\":{\"@type\":\"EntryPoint\",\"urlTemplate\":\"https:\\\/\\\/sure-antennas.com\\\/?s={search_term_string}\"},\"query-input\":{\"@type\":\"PropertyValueSpecification\",\"valueRequired\":true,\"valueName\":\"search_term_string\"}}],\"inLanguage\":\"de-DE\"},{\"@type\":\"Organization\",\"@id\":\"https:\\\/\\\/sure-antennas.com\\\/#organization\",\"name\":\"Sure Antennas\",\"url\":\"https:\\\/\\\/sure-antennas.com\\\/\",\"logo\":{\"@type\":\"ImageObject\",\"inLanguage\":\"de-DE\",\"@id\":\"https:\\\/\\\/sure-antennas.com\\\/#\\\/schema\\\/logo\\\/image\\\/\",\"url\":\"https:\\\/\\\/sure-antennas.com\\\/wp-content\\\/uploads\\\/2021\\\/04\\\/logo-1.png\",\"contentUrl\":\"https:\\\/\\\/sure-antennas.com\\\/wp-content\\\/uploads\\\/2021\\\/04\\\/logo-1.png\",\"width\":211,\"height\":52,\"caption\":\"Sure Antennas\"},\"image\":{\"@id\":\"https:\\\/\\\/sure-antennas.com\\\/#\\\/schema\\\/logo\\\/image\\\/\"}}]}<\/script>\n<!-- \/ Yoast SEO plugin. -->","yoast_head_json":{"title":"Motorola MTP3000 - Audio-Zubeh\u00f6r - Ger\u00e4uschd\u00e4mpfende Stecker - Sure Antennas","robots":{"index":"index","follow":"follow","max-snippet":"max-snippet:-1","max-image-preview":"max-image-preview:large","max-video-preview":"max-video-preview:-1"},"canonical":"https:\/\/sure-antennas.com\/de\/produkt\/motorola-mtp3000-audio-zubehoer-geraeuschdaempfende-stecker\/","og_locale":"de_DE","og_type":"article","og_title":"Motorola MTP3000 - Audio-Zubeh\u00f6r - Ger\u00e4uschd\u00e4mpfende Stecker - Sure Antennas","og_description":"\u00dcberwachungskits Ersatzteile f\u00fcr Motorola MTP3000    F\u00fcr eine L\u00f6sung mit hohem Ger\u00e4uschpegel kombinieren Sie das Kit mit den Kits RLN6242 oder RLN5886 mit niedrigem Ger\u00e4uschpegel.  &nbsp; [...]Weiterlesen...","og_url":"https:\/\/sure-antennas.com\/de\/produkt\/motorola-mtp3000-audio-zubehoer-geraeuschdaempfende-stecker\/","og_site_name":"Sure Antennas","article_modified_time":"2025-03-13T10:51:48+00:00","og_image":[{"width":650,"height":650,"url":"https:\/\/sure-antennas.com\/wp-content\/uploads\/2021\/05\/YELLOW34.png","type":"image\/png"}],"twitter_card":"summary_large_image","twitter_misc":{"Est. reading time":"1 minute"},"schema":{"@context":"https:\/\/schema.org","@graph":[{"@type":"WebPage","@id":"https:\/\/sure-antennas.com\/de\/produkt\/motorola-mtp3000-audio-zubehoer-geraeuschdaempfende-stecker\/","url":"https:\/\/sure-antennas.com\/de\/produkt\/motorola-mtp3000-audio-zubehoer-geraeuschdaempfende-stecker\/","name":"Motorola MTP3000 - Audio-Zubeh\u00f6r - Ger\u00e4uschd\u00e4mpfende Stecker - Sure Antennas","isPartOf":{"@id":"https:\/\/sure-antennas.com\/#website"},"primaryImageOfPage":{"@id":"https:\/\/sure-antennas.com\/de\/produkt\/motorola-mtp3000-audio-zubehoer-geraeuschdaempfende-stecker\/#primaryimage"},"image":{"@id":"https:\/\/sure-antennas.com\/de\/produkt\/motorola-mtp3000-audio-zubehoer-geraeuschdaempfende-stecker\/#primaryimage"},"thumbnailUrl":"https:\/\/sure-antennas.com\/wp-content\/uploads\/2021\/05\/YELLOW34.png","datePublished":"2021-05-25T13:12:25+00:00","dateModified":"2025-03-13T10:51:48+00:00","breadcrumb":{"@id":"https:\/\/sure-antennas.com\/de\/produkt\/motorola-mtp3000-audio-zubehoer-geraeuschdaempfende-stecker\/#breadcrumb"},"inLanguage":"de-DE","potentialAction":[{"@type":"ReadAction","target":["https:\/\/sure-antennas.com\/de\/produkt\/motorola-mtp3000-audio-zubehoer-geraeuschdaempfende-stecker\/"]}]},{"@type":"ImageObject","inLanguage":"de-DE","@id":"https:\/\/sure-antennas.com\/de\/produkt\/motorola-mtp3000-audio-zubehoer-geraeuschdaempfende-stecker\/#primaryimage","url":"https:\/\/sure-antennas.com\/wp-content\/uploads\/2021\/05\/YELLOW34.png","contentUrl":"https:\/\/sure-antennas.com\/wp-content\/uploads\/2021\/05\/YELLOW34.png","width":650,"height":650},{"@type":"BreadcrumbList","@id":"https:\/\/sure-antennas.com\/de\/produkt\/motorola-mtp3000-audio-zubehoer-geraeuschdaempfende-stecker\/#breadcrumb","itemListElement":[{"@type":"ListItem","position":1,"name":"Home","item":"https:\/\/sure-antennas.com\/de\/"},{"@type":"ListItem","position":2,"name":"Gesch\u00e4ft","item":"https:\/\/sure-antennas.com\/de\/geschaeft\/"},{"@type":"ListItem","position":3,"name":"Motorola MTP3000 &#8211; Audio-Zubeh\u00f6r &#8211; Ger\u00e4uschd\u00e4mpfende Stecker"}]},{"@type":"WebSite","@id":"https:\/\/sure-antennas.com\/#website","url":"https:\/\/sure-antennas.com\/","name":"Sure Antennas","description":"Sure Antennas site","publisher":{"@id":"https:\/\/sure-antennas.com\/#organization"},"potentialAction":[{"@type":"SearchAction","target":{"@type":"EntryPoint","urlTemplate":"https:\/\/sure-antennas.com\/?s={search_term_string}"},"query-input":{"@type":"PropertyValueSpecification","valueRequired":true,"valueName":"search_term_string"}}],"inLanguage":"de-DE"},{"@type":"Organization","@id":"https:\/\/sure-antennas.com\/#organization","name":"Sure Antennas","url":"https:\/\/sure-antennas.com\/","logo":{"@type":"ImageObject","inLanguage":"de-DE","@id":"https:\/\/sure-antennas.com\/#\/schema\/logo\/image\/","url":"https:\/\/sure-antennas.com\/wp-content\/uploads\/2021\/04\/logo-1.png","contentUrl":"https:\/\/sure-antennas.com\/wp-content\/uploads\/2021\/04\/logo-1.png","width":211,"height":52,"caption":"Sure Antennas"},"image":{"@id":"https:\/\/sure-antennas.com\/#\/schema\/logo\/image\/"}}]}},"_links":{"self":[{"href":"https:\/\/sure-antennas.com\/de\/wp-json\/wp\/v2\/product\/40223","targetHints":{"allow":["GET"]}}],"collection":[{"href":"https:\/\/sure-antennas.com\/de\/wp-json\/wp\/v2\/product"}],"about":[{"href":"https:\/\/sure-antennas.com\/de\/wp-json\/wp\/v2\/types\/product"}],"replies":[{"embeddable":true,"href":"https:\/\/sure-antennas.com\/de\/wp-json\/wp\/v2\/comments?post=40223"}],"wp:featuredmedia":[{"embeddable":true,"href":"https:\/\/sure-antennas.com\/de\/wp-json\/wp\/v2\/media\/36991"}],"wp:attachment":[{"href":"https:\/\/sure-antennas.com\/de\/wp-json\/wp\/v2\/media?parent=40223"}],"wp:term":[{"taxonomy":"product_brand","embeddable":true,"href":"https:\/\/sure-antennas.com\/de\/wp-json\/wp\/v2\/product_brand?post=40223"},{"taxonomy":"product_cat","embeddable":true,"href":"https:\/\/sure-antennas.com\/de\/wp-json\/wp\/v2\/product_cat?post=40223"},{"taxonomy":"product_tag","embeddable":true,"href":"https:\/\/sure-antennas.com\/de\/wp-json\/wp\/v2\/product_tag?post=40223"}],"curies":[{"name":"wp","href":"https:\/\/api.w.org\/{rel}","templated":true}]}}