{"id":40458,"date":"2021-05-25T13:11:42","date_gmt":"2021-05-25T13:11:42","guid":{"rendered":"https:\/\/sure-antennas68068.e.wpstage.net\/product\/motorola-mtp3000-desktop-dual-unit-charger-with-us-plug\/"},"modified":"2025-03-14T15:24:33","modified_gmt":"2025-03-14T15:24:33","slug":"motorola-mtp3000-desktop-ladegeraet-fuer-zwei-geraete-mit-us-stecker","status":"publish","type":"product","link":"https:\/\/sure-antennas.com\/de\/produkt\/motorola-mtp3000-desktop-ladegeraet-fuer-zwei-geraete-mit-us-stecker\/","title":{"rendered":"Motorola MTP3000 Desktop-Ladeger\u00e4t f\u00fcr zwei Ger\u00e4te mit US-Stecker"},"content":{"rendered":"<p>Das Motorola Ladeger\u00e4t mit US-Steckeradapter MTP3000 Serie<\/p>\n<p>Zum aufeinanderfolgenden Aufladen von Funkger\u00e4t und Ersatzakku<\/p>\n<p>\u2022 Artikelnummer: NNTN8244A<\/p>\n<p>\u2022 CHR, DOPPELTE EINHEIT, EXT NA\/LA<\/p>\n<p>\u2022 Ma\u00dfeinheit: EA<\/p>\n<p>\u2022 CE: Ja<\/p>\n<p>\u2022 RTTE: Ja<\/p>\n<p>&nbsp;<\/p>\n","protected":false},"excerpt":{"rendered":"<h3 id=\"PMNN4448AR\">Tischladeger\u00e4t mit zwei Einheiten f\u00fcr die MTP3000-Serie<\/h3>\n<hr \/>\n<p>&nbsp; [&#8230;]<\/p>\n<p><a class=\"btn btn-secondary understrap-read-more-link\" href=\"https:\/\/sure-antennas.com\/de\/produkt\/motorola-mtp3000-desktop-ladegeraet-fuer-zwei-geraete-mit-us-stecker\/\">Weiterlesen&#8230;<\/a><\/p>\n","protected":false},"featured_media":36920,"comment_status":"closed","ping_status":"closed","template":"","meta":{"_acf_changed":false},"product_brand":[],"product_cat":[257],"product_tag":[],"class_list":{"0":"post-40458","1":"product","2":"type-product","3":"status-publish","4":"has-post-thumbnail","6":"product_cat-verdeckte-antennen","8":"first","9":"instock","10":"product-type-simple"},"acf":[],"yoast_head":"<!-- This site is optimized with the Yoast SEO plugin v27.0 - https:\/\/yoast.com\/product\/yoast-seo-wordpress\/ -->\n<title>Motorola MTP3000 Desktop-Ladeger\u00e4t f\u00fcr zwei Ger\u00e4te US-Stecker<\/title>\n<meta name=\"robots\" content=\"index, follow, max-snippet:-1, max-image-preview:large, max-video-preview:-1\" \/>\n<link rel=\"canonical\" href=\"https:\/\/sure-antennas.com\/de\/produkt\/motorola-mtp3000-desktop-ladegeraet-fuer-zwei-geraete-mit-us-stecker\/\" \/>\n<meta property=\"og:locale\" content=\"de_DE\" \/>\n<meta property=\"og:type\" content=\"article\" \/>\n<meta property=\"og:title\" content=\"Motorola MTP3000 Desktop-Ladeger\u00e4t f\u00fcr zwei Ger\u00e4te US-Stecker\" \/>\n<meta property=\"og:description\" content=\"Tischladeger\u00e4t mit zwei Einheiten f\u00fcr die MTP3000-Serie    &nbsp; [...]Weiterlesen...\" \/>\n<meta property=\"og:url\" content=\"https:\/\/sure-antennas.com\/de\/produkt\/motorola-mtp3000-desktop-ladegeraet-fuer-zwei-geraete-mit-us-stecker\/\" \/>\n<meta property=\"og:site_name\" content=\"Sure Antennas\" \/>\n<meta property=\"article:modified_time\" content=\"2025-03-14T15:24:33+00:00\" \/>\n<meta property=\"og:image\" content=\"https:\/\/sure-antennas.com\/wp-content\/uploads\/2021\/05\/charger1.png\" \/>\n\t<meta property=\"og:image:width\" content=\"1000\" \/>\n\t<meta property=\"og:image:height\" content=\"1000\" \/>\n\t<meta property=\"og:image:type\" content=\"image\/png\" \/>\n<meta name=\"twitter:card\" content=\"summary_large_image\" \/>\n<meta name=\"twitter:label1\" content=\"Est. reading time\" \/>\n\t<meta name=\"twitter:data1\" content=\"1 minute\" \/>\n<script type=\"application\/ld+json\" class=\"yoast-schema-graph\">{\"@context\":\"https:\/\/schema.org\",\"@graph\":[{\"@type\":\"WebPage\",\"@id\":\"https:\/\/sure-antennas.com\/de\/produkt\/motorola-mtp3000-desktop-ladegeraet-fuer-zwei-geraete-mit-us-stecker\/\",\"url\":\"https:\/\/sure-antennas.com\/de\/produkt\/motorola-mtp3000-desktop-ladegeraet-fuer-zwei-geraete-mit-us-stecker\/\",\"name\":\"Motorola MTP3000 Desktop-Ladeger\u00e4t f\u00fcr zwei Ger\u00e4te US-Stecker\",\"isPartOf\":{\"@id\":\"https:\/\/sure-antennas.com\/#website\"},\"primaryImageOfPage\":{\"@id\":\"https:\/\/sure-antennas.com\/de\/produkt\/motorola-mtp3000-desktop-ladegeraet-fuer-zwei-geraete-mit-us-stecker\/#primaryimage\"},\"image\":{\"@id\":\"https:\/\/sure-antennas.com\/de\/produkt\/motorola-mtp3000-desktop-ladegeraet-fuer-zwei-geraete-mit-us-stecker\/#primaryimage\"},\"thumbnailUrl\":\"https:\/\/sure-antennas.com\/wp-content\/uploads\/2021\/05\/charger1.png\",\"datePublished\":\"2021-05-25T13:11:42+00:00\",\"dateModified\":\"2025-03-14T15:24:33+00:00\",\"breadcrumb\":{\"@id\":\"https:\/\/sure-antennas.com\/de\/produkt\/motorola-mtp3000-desktop-ladegeraet-fuer-zwei-geraete-mit-us-stecker\/#breadcrumb\"},\"inLanguage\":\"de-DE\",\"potentialAction\":[{\"@type\":\"ReadAction\",\"target\":[\"https:\/\/sure-antennas.com\/de\/produkt\/motorola-mtp3000-desktop-ladegeraet-fuer-zwei-geraete-mit-us-stecker\/\"]}]},{\"@type\":\"ImageObject\",\"inLanguage\":\"de-DE\",\"@id\":\"https:\/\/sure-antennas.com\/de\/produkt\/motorola-mtp3000-desktop-ladegeraet-fuer-zwei-geraete-mit-us-stecker\/#primaryimage\",\"url\":\"https:\/\/sure-antennas.com\/wp-content\/uploads\/2021\/05\/charger1.png\",\"contentUrl\":\"https:\/\/sure-antennas.com\/wp-content\/uploads\/2021\/05\/charger1.png\",\"width\":1000,\"height\":1000},{\"@type\":\"BreadcrumbList\",\"@id\":\"https:\/\/sure-antennas.com\/de\/produkt\/motorola-mtp3000-desktop-ladegeraet-fuer-zwei-geraete-mit-us-stecker\/#breadcrumb\",\"itemListElement\":[{\"@type\":\"ListItem\",\"position\":1,\"name\":\"Home\",\"item\":\"https:\/\/sure-antennas.com\/de\/\"},{\"@type\":\"ListItem\",\"position\":2,\"name\":\"Gesch\u00e4ft\",\"item\":\"https:\/\/sure-antennas.com\/de\/geschaeft\/\"},{\"@type\":\"ListItem\",\"position\":3,\"name\":\"Motorola MTP3000 Desktop-Ladeger\u00e4t f\u00fcr zwei Ger\u00e4te mit US-Stecker\"}]},{\"@type\":\"WebSite\",\"@id\":\"https:\/\/sure-antennas.com\/#website\",\"url\":\"https:\/\/sure-antennas.com\/\",\"name\":\"Sure Antennas\",\"description\":\"Sure Antennas site\",\"publisher\":{\"@id\":\"https:\/\/sure-antennas.com\/#organization\"},\"potentialAction\":[{\"@type\":\"SearchAction\",\"target\":{\"@type\":\"EntryPoint\",\"urlTemplate\":\"https:\/\/sure-antennas.com\/?s={search_term_string}\"},\"query-input\":{\"@type\":\"PropertyValueSpecification\",\"valueRequired\":true,\"valueName\":\"search_term_string\"}}],\"inLanguage\":\"de-DE\"},{\"@type\":\"Organization\",\"@id\":\"https:\/\/sure-antennas.com\/#organization\",\"name\":\"Sure Antennas\",\"url\":\"https:\/\/sure-antennas.com\/\",\"logo\":{\"@type\":\"ImageObject\",\"inLanguage\":\"de-DE\",\"@id\":\"https:\/\/sure-antennas.com\/#\/schema\/logo\/image\/\",\"url\":\"https:\/\/sure-antennas.com\/wp-content\/uploads\/2021\/04\/logo-1.png\",\"contentUrl\":\"https:\/\/sure-antennas.com\/wp-content\/uploads\/2021\/04\/logo-1.png\",\"width\":211,\"height\":52,\"caption\":\"Sure Antennas\"},\"image\":{\"@id\":\"https:\/\/sure-antennas.com\/#\/schema\/logo\/image\/\"}}]}<\/script>\n<!-- \/ Yoast SEO plugin. -->","yoast_head_json":{"title":"Motorola MTP3000 Desktop-Ladeger\u00e4t f\u00fcr zwei Ger\u00e4te US-Stecker","robots":{"index":"index","follow":"follow","max-snippet":"max-snippet:-1","max-image-preview":"max-image-preview:large","max-video-preview":"max-video-preview:-1"},"canonical":"https:\/\/sure-antennas.com\/de\/produkt\/motorola-mtp3000-desktop-ladegeraet-fuer-zwei-geraete-mit-us-stecker\/","og_locale":"de_DE","og_type":"article","og_title":"Motorola MTP3000 Desktop-Ladeger\u00e4t f\u00fcr zwei Ger\u00e4te US-Stecker","og_description":"Tischladeger\u00e4t mit zwei Einheiten f\u00fcr die MTP3000-Serie    &nbsp; [...]Weiterlesen...","og_url":"https:\/\/sure-antennas.com\/de\/produkt\/motorola-mtp3000-desktop-ladegeraet-fuer-zwei-geraete-mit-us-stecker\/","og_site_name":"Sure Antennas","article_modified_time":"2025-03-14T15:24:33+00:00","og_image":[{"width":1000,"height":1000,"url":"https:\/\/sure-antennas.com\/wp-content\/uploads\/2021\/05\/charger1.png","type":"image\/png"}],"twitter_card":"summary_large_image","twitter_misc":{"Est. reading time":"1 minute"},"schema":{"@context":"https:\/\/schema.org","@graph":[{"@type":"WebPage","@id":"https:\/\/sure-antennas.com\/de\/produkt\/motorola-mtp3000-desktop-ladegeraet-fuer-zwei-geraete-mit-us-stecker\/","url":"https:\/\/sure-antennas.com\/de\/produkt\/motorola-mtp3000-desktop-ladegeraet-fuer-zwei-geraete-mit-us-stecker\/","name":"Motorola MTP3000 Desktop-Ladeger\u00e4t f\u00fcr zwei Ger\u00e4te US-Stecker","isPartOf":{"@id":"https:\/\/sure-antennas.com\/#website"},"primaryImageOfPage":{"@id":"https:\/\/sure-antennas.com\/de\/produkt\/motorola-mtp3000-desktop-ladegeraet-fuer-zwei-geraete-mit-us-stecker\/#primaryimage"},"image":{"@id":"https:\/\/sure-antennas.com\/de\/produkt\/motorola-mtp3000-desktop-ladegeraet-fuer-zwei-geraete-mit-us-stecker\/#primaryimage"},"thumbnailUrl":"https:\/\/sure-antennas.com\/wp-content\/uploads\/2021\/05\/charger1.png","datePublished":"2021-05-25T13:11:42+00:00","dateModified":"2025-03-14T15:24:33+00:00","breadcrumb":{"@id":"https:\/\/sure-antennas.com\/de\/produkt\/motorola-mtp3000-desktop-ladegeraet-fuer-zwei-geraete-mit-us-stecker\/#breadcrumb"},"inLanguage":"de-DE","potentialAction":[{"@type":"ReadAction","target":["https:\/\/sure-antennas.com\/de\/produkt\/motorola-mtp3000-desktop-ladegeraet-fuer-zwei-geraete-mit-us-stecker\/"]}]},{"@type":"ImageObject","inLanguage":"de-DE","@id":"https:\/\/sure-antennas.com\/de\/produkt\/motorola-mtp3000-desktop-ladegeraet-fuer-zwei-geraete-mit-us-stecker\/#primaryimage","url":"https:\/\/sure-antennas.com\/wp-content\/uploads\/2021\/05\/charger1.png","contentUrl":"https:\/\/sure-antennas.com\/wp-content\/uploads\/2021\/05\/charger1.png","width":1000,"height":1000},{"@type":"BreadcrumbList","@id":"https:\/\/sure-antennas.com\/de\/produkt\/motorola-mtp3000-desktop-ladegeraet-fuer-zwei-geraete-mit-us-stecker\/#breadcrumb","itemListElement":[{"@type":"ListItem","position":1,"name":"Home","item":"https:\/\/sure-antennas.com\/de\/"},{"@type":"ListItem","position":2,"name":"Gesch\u00e4ft","item":"https:\/\/sure-antennas.com\/de\/geschaeft\/"},{"@type":"ListItem","position":3,"name":"Motorola MTP3000 Desktop-Ladeger\u00e4t f\u00fcr zwei Ger\u00e4te mit US-Stecker"}]},{"@type":"WebSite","@id":"https:\/\/sure-antennas.com\/#website","url":"https:\/\/sure-antennas.com\/","name":"Sure Antennas","description":"Sure Antennas site","publisher":{"@id":"https:\/\/sure-antennas.com\/#organization"},"potentialAction":[{"@type":"SearchAction","target":{"@type":"EntryPoint","urlTemplate":"https:\/\/sure-antennas.com\/?s={search_term_string}"},"query-input":{"@type":"PropertyValueSpecification","valueRequired":true,"valueName":"search_term_string"}}],"inLanguage":"de-DE"},{"@type":"Organization","@id":"https:\/\/sure-antennas.com\/#organization","name":"Sure Antennas","url":"https:\/\/sure-antennas.com\/","logo":{"@type":"ImageObject","inLanguage":"de-DE","@id":"https:\/\/sure-antennas.com\/#\/schema\/logo\/image\/","url":"https:\/\/sure-antennas.com\/wp-content\/uploads\/2021\/04\/logo-1.png","contentUrl":"https:\/\/sure-antennas.com\/wp-content\/uploads\/2021\/04\/logo-1.png","width":211,"height":52,"caption":"Sure Antennas"},"image":{"@id":"https:\/\/sure-antennas.com\/#\/schema\/logo\/image\/"}}]}},"_links":{"self":[{"href":"https:\/\/sure-antennas.com\/de\/wp-json\/wp\/v2\/product\/40458","targetHints":{"allow":["GET"]}}],"collection":[{"href":"https:\/\/sure-antennas.com\/de\/wp-json\/wp\/v2\/product"}],"about":[{"href":"https:\/\/sure-antennas.com\/de\/wp-json\/wp\/v2\/types\/product"}],"replies":[{"embeddable":true,"href":"https:\/\/sure-antennas.com\/de\/wp-json\/wp\/v2\/comments?post=40458"}],"wp:featuredmedia":[{"embeddable":true,"href":"https:\/\/sure-antennas.com\/de\/wp-json\/wp\/v2\/media\/36920"}],"wp:attachment":[{"href":"https:\/\/sure-antennas.com\/de\/wp-json\/wp\/v2\/media?parent=40458"}],"wp:term":[{"taxonomy":"product_brand","embeddable":true,"href":"https:\/\/sure-antennas.com\/de\/wp-json\/wp\/v2\/product_brand?post=40458"},{"taxonomy":"product_cat","embeddable":true,"href":"https:\/\/sure-antennas.com\/de\/wp-json\/wp\/v2\/product_cat?post=40458"},{"taxonomy":"product_tag","embeddable":true,"href":"https:\/\/sure-antennas.com\/de\/wp-json\/wp\/v2\/product_tag?post=40458"}],"curies":[{"name":"wp","href":"https:\/\/api.w.org\/{rel}","templated":true}]}}