{"id":40527,"date":"2021-05-25T13:11:19","date_gmt":"2021-05-25T13:11:19","guid":{"rendered":"https:\/\/sure-antennas68068.e.wpstage.net\/product\/motorola-sl4000e-sl4010e-single-charger\/"},"modified":"2025-03-17T12:47:45","modified_gmt":"2025-03-17T12:47:45","slug":"motorola-sl4000e-sl4010e-einzelladegeraet","status":"publish","type":"product","link":"https:\/\/sure-antennas.com\/de\/produkt\/motorola-sl4000e-sl4010e-einzelladegeraet\/","title":{"rendered":"Motorola SL4000e\/ SL4010e Einzelladeger\u00e4t"},"content":{"rendered":"<p>Einzelne Ladestation f\u00fcr die mototrbo SL4000E\/SL4010E Serie von Zwei-Wege-Funkger\u00e4ten.<\/p>\n<hr \/>\n<p>\u2022 Zusammensetzung: Li-Ion<\/p>\n<p>\u2022 Anzahl der Ladeger\u00e4tef\u00e4cher: 2<\/p>\n<p>\u2022 Micro USB-Buchse: 1<\/p>\n<p>\u2022 Wartungssystem: Nein<\/p>\n<p>\u2022 Betriebsspannung (Vac): 90-264<\/p>\n<p>\u2022 Display: Nein<\/p>\n<p>\u2022 Art des Ladeger\u00e4ts: Nicht IMPRES<\/p>\n","protected":false},"excerpt":{"rendered":"<h3 id=\"PMLN6704A\">Tri-Unit-Ladeger\u00e4t<\/h3>\n<h3>PMLN6704A<\/h3>\n<hr \/>\n<p>Sure Antennas f\u00fchrt eine Vielzahl von Ladeger\u00e4ten f\u00fcr die SL4000E\/SL4010E Serie. [&#8230;]<\/p>\n<p><a class=\"btn btn-secondary understrap-read-more-link\" href=\"https:\/\/sure-antennas.com\/de\/produkt\/motorola-sl4000e-sl4010e-einzelladegeraet\/\">Weiterlesen&#8230;<\/a><\/p>\n","protected":false},"featured_media":36894,"comment_status":"closed","ping_status":"closed","template":"","meta":{"_acf_changed":false},"product_brand":[],"product_cat":[257],"product_tag":[],"class_list":{"0":"post-40527","1":"product","2":"type-product","3":"status-publish","4":"has-post-thumbnail","6":"product_cat-verdeckte-antennen","8":"first","9":"instock","10":"product-type-simple"},"acf":[],"yoast_head":"<!-- This site is optimized with the Yoast SEO plugin v27.5 - https:\/\/yoast.com\/product\/yoast-seo-wordpress\/ -->\n<title>Motorola SL4000e\/ SL4010e Einzelladeger\u00e4t - Sure Antennas<\/title>\n<meta name=\"robots\" content=\"index, follow, max-snippet:-1, max-image-preview:large, max-video-preview:-1\" \/>\n<link rel=\"canonical\" href=\"https:\/\/sure-antennas.com\/de\/produkt\/motorola-sl4000e-sl4010e-einzelladegeraet\/\" \/>\n<meta property=\"og:locale\" content=\"de_DE\" \/>\n<meta property=\"og:type\" content=\"article\" \/>\n<meta property=\"og:title\" content=\"Motorola SL4000e\/ SL4010e Einzelladeger\u00e4t - Sure Antennas\" \/>\n<meta property=\"og:description\" content=\"Tri-Unit-Ladeger\u00e4t PMLN6704A    Sure Antennas f\u00fchrt eine Vielzahl von Ladeger\u00e4ten f\u00fcr die SL4000E\/SL4010E Serie. [...]Weiterlesen...\" \/>\n<meta property=\"og:url\" content=\"https:\/\/sure-antennas.com\/de\/produkt\/motorola-sl4000e-sl4010e-einzelladegeraet\/\" \/>\n<meta property=\"og:site_name\" content=\"Sure Antennas\" \/>\n<meta property=\"article:modified_time\" content=\"2025-03-17T12:47:45+00:00\" \/>\n<meta property=\"og:image\" content=\"https:\/\/sure-antennas.com\/wp-content\/uploads\/2021\/05\/SL4000E-1.png\" \/>\n\t<meta property=\"og:image:width\" content=\"534\" \/>\n\t<meta property=\"og:image:height\" content=\"509\" \/>\n\t<meta property=\"og:image:type\" content=\"image\/png\" \/>\n<meta name=\"twitter:card\" content=\"summary_large_image\" \/>\n<meta name=\"twitter:label1\" content=\"Est. reading time\" \/>\n\t<meta name=\"twitter:data1\" content=\"1 minute\" \/>\n<script type=\"application\/ld+json\" class=\"yoast-schema-graph\">{\"@context\":\"https:\\\/\\\/schema.org\",\"@graph\":[{\"@type\":\"WebPage\",\"@id\":\"https:\\\/\\\/sure-antennas.com\\\/de\\\/produkt\\\/motorola-sl4000e-sl4010e-einzelladegeraet\\\/\",\"url\":\"https:\\\/\\\/sure-antennas.com\\\/de\\\/produkt\\\/motorola-sl4000e-sl4010e-einzelladegeraet\\\/\",\"name\":\"Motorola SL4000e\\\/ SL4010e Einzelladeger\u00e4t - Sure Antennas\",\"isPartOf\":{\"@id\":\"https:\\\/\\\/sure-antennas.com\\\/#website\"},\"primaryImageOfPage\":{\"@id\":\"https:\\\/\\\/sure-antennas.com\\\/de\\\/produkt\\\/motorola-sl4000e-sl4010e-einzelladegeraet\\\/#primaryimage\"},\"image\":{\"@id\":\"https:\\\/\\\/sure-antennas.com\\\/de\\\/produkt\\\/motorola-sl4000e-sl4010e-einzelladegeraet\\\/#primaryimage\"},\"thumbnailUrl\":\"https:\\\/\\\/sure-antennas.com\\\/wp-content\\\/uploads\\\/2021\\\/05\\\/SL4000E-1.png\",\"datePublished\":\"2021-05-25T13:11:19+00:00\",\"dateModified\":\"2025-03-17T12:47:45+00:00\",\"breadcrumb\":{\"@id\":\"https:\\\/\\\/sure-antennas.com\\\/de\\\/produkt\\\/motorola-sl4000e-sl4010e-einzelladegeraet\\\/#breadcrumb\"},\"inLanguage\":\"de-DE\",\"potentialAction\":[{\"@type\":\"ReadAction\",\"target\":[\"https:\\\/\\\/sure-antennas.com\\\/de\\\/produkt\\\/motorola-sl4000e-sl4010e-einzelladegeraet\\\/\"]}]},{\"@type\":\"ImageObject\",\"inLanguage\":\"de-DE\",\"@id\":\"https:\\\/\\\/sure-antennas.com\\\/de\\\/produkt\\\/motorola-sl4000e-sl4010e-einzelladegeraet\\\/#primaryimage\",\"url\":\"https:\\\/\\\/sure-antennas.com\\\/wp-content\\\/uploads\\\/2021\\\/05\\\/SL4000E-1.png\",\"contentUrl\":\"https:\\\/\\\/sure-antennas.com\\\/wp-content\\\/uploads\\\/2021\\\/05\\\/SL4000E-1.png\",\"width\":534,\"height\":509},{\"@type\":\"BreadcrumbList\",\"@id\":\"https:\\\/\\\/sure-antennas.com\\\/de\\\/produkt\\\/motorola-sl4000e-sl4010e-einzelladegeraet\\\/#breadcrumb\",\"itemListElement\":[{\"@type\":\"ListItem\",\"position\":1,\"name\":\"Home\",\"item\":\"https:\\\/\\\/sure-antennas.com\\\/de\\\/\"},{\"@type\":\"ListItem\",\"position\":2,\"name\":\"Gesch\u00e4ft\",\"item\":\"https:\\\/\\\/sure-antennas.com\\\/de\\\/geschaeft\\\/\"},{\"@type\":\"ListItem\",\"position\":3,\"name\":\"Motorola SL4000e\\\/ SL4010e Einzelladeger\u00e4t\"}]},{\"@type\":\"WebSite\",\"@id\":\"https:\\\/\\\/sure-antennas.com\\\/#website\",\"url\":\"https:\\\/\\\/sure-antennas.com\\\/\",\"name\":\"Sure Antennas\",\"description\":\"Sure Antennas site\",\"publisher\":{\"@id\":\"https:\\\/\\\/sure-antennas.com\\\/#organization\"},\"potentialAction\":[{\"@type\":\"SearchAction\",\"target\":{\"@type\":\"EntryPoint\",\"urlTemplate\":\"https:\\\/\\\/sure-antennas.com\\\/?s={search_term_string}\"},\"query-input\":{\"@type\":\"PropertyValueSpecification\",\"valueRequired\":true,\"valueName\":\"search_term_string\"}}],\"inLanguage\":\"de-DE\"},{\"@type\":\"Organization\",\"@id\":\"https:\\\/\\\/sure-antennas.com\\\/#organization\",\"name\":\"Sure Antennas\",\"url\":\"https:\\\/\\\/sure-antennas.com\\\/\",\"logo\":{\"@type\":\"ImageObject\",\"inLanguage\":\"de-DE\",\"@id\":\"https:\\\/\\\/sure-antennas.com\\\/#\\\/schema\\\/logo\\\/image\\\/\",\"url\":\"https:\\\/\\\/sure-antennas.com\\\/wp-content\\\/uploads\\\/2021\\\/04\\\/logo-1.png\",\"contentUrl\":\"https:\\\/\\\/sure-antennas.com\\\/wp-content\\\/uploads\\\/2021\\\/04\\\/logo-1.png\",\"width\":211,\"height\":52,\"caption\":\"Sure Antennas\"},\"image\":{\"@id\":\"https:\\\/\\\/sure-antennas.com\\\/#\\\/schema\\\/logo\\\/image\\\/\"}}]}<\/script>\n<!-- \/ Yoast SEO plugin. -->","yoast_head_json":{"title":"Motorola SL4000e\/ SL4010e Einzelladeger\u00e4t - Sure Antennas","robots":{"index":"index","follow":"follow","max-snippet":"max-snippet:-1","max-image-preview":"max-image-preview:large","max-video-preview":"max-video-preview:-1"},"canonical":"https:\/\/sure-antennas.com\/de\/produkt\/motorola-sl4000e-sl4010e-einzelladegeraet\/","og_locale":"de_DE","og_type":"article","og_title":"Motorola SL4000e\/ SL4010e Einzelladeger\u00e4t - Sure Antennas","og_description":"Tri-Unit-Ladeger\u00e4t PMLN6704A    Sure Antennas f\u00fchrt eine Vielzahl von Ladeger\u00e4ten f\u00fcr die SL4000E\/SL4010E Serie. [...]Weiterlesen...","og_url":"https:\/\/sure-antennas.com\/de\/produkt\/motorola-sl4000e-sl4010e-einzelladegeraet\/","og_site_name":"Sure Antennas","article_modified_time":"2025-03-17T12:47:45+00:00","og_image":[{"width":534,"height":509,"url":"https:\/\/sure-antennas.com\/wp-content\/uploads\/2021\/05\/SL4000E-1.png","type":"image\/png"}],"twitter_card":"summary_large_image","twitter_misc":{"Est. reading time":"1 minute"},"schema":{"@context":"https:\/\/schema.org","@graph":[{"@type":"WebPage","@id":"https:\/\/sure-antennas.com\/de\/produkt\/motorola-sl4000e-sl4010e-einzelladegeraet\/","url":"https:\/\/sure-antennas.com\/de\/produkt\/motorola-sl4000e-sl4010e-einzelladegeraet\/","name":"Motorola SL4000e\/ SL4010e Einzelladeger\u00e4t - Sure Antennas","isPartOf":{"@id":"https:\/\/sure-antennas.com\/#website"},"primaryImageOfPage":{"@id":"https:\/\/sure-antennas.com\/de\/produkt\/motorola-sl4000e-sl4010e-einzelladegeraet\/#primaryimage"},"image":{"@id":"https:\/\/sure-antennas.com\/de\/produkt\/motorola-sl4000e-sl4010e-einzelladegeraet\/#primaryimage"},"thumbnailUrl":"https:\/\/sure-antennas.com\/wp-content\/uploads\/2021\/05\/SL4000E-1.png","datePublished":"2021-05-25T13:11:19+00:00","dateModified":"2025-03-17T12:47:45+00:00","breadcrumb":{"@id":"https:\/\/sure-antennas.com\/de\/produkt\/motorola-sl4000e-sl4010e-einzelladegeraet\/#breadcrumb"},"inLanguage":"de-DE","potentialAction":[{"@type":"ReadAction","target":["https:\/\/sure-antennas.com\/de\/produkt\/motorola-sl4000e-sl4010e-einzelladegeraet\/"]}]},{"@type":"ImageObject","inLanguage":"de-DE","@id":"https:\/\/sure-antennas.com\/de\/produkt\/motorola-sl4000e-sl4010e-einzelladegeraet\/#primaryimage","url":"https:\/\/sure-antennas.com\/wp-content\/uploads\/2021\/05\/SL4000E-1.png","contentUrl":"https:\/\/sure-antennas.com\/wp-content\/uploads\/2021\/05\/SL4000E-1.png","width":534,"height":509},{"@type":"BreadcrumbList","@id":"https:\/\/sure-antennas.com\/de\/produkt\/motorola-sl4000e-sl4010e-einzelladegeraet\/#breadcrumb","itemListElement":[{"@type":"ListItem","position":1,"name":"Home","item":"https:\/\/sure-antennas.com\/de\/"},{"@type":"ListItem","position":2,"name":"Gesch\u00e4ft","item":"https:\/\/sure-antennas.com\/de\/geschaeft\/"},{"@type":"ListItem","position":3,"name":"Motorola SL4000e\/ SL4010e Einzelladeger\u00e4t"}]},{"@type":"WebSite","@id":"https:\/\/sure-antennas.com\/#website","url":"https:\/\/sure-antennas.com\/","name":"Sure Antennas","description":"Sure Antennas site","publisher":{"@id":"https:\/\/sure-antennas.com\/#organization"},"potentialAction":[{"@type":"SearchAction","target":{"@type":"EntryPoint","urlTemplate":"https:\/\/sure-antennas.com\/?s={search_term_string}"},"query-input":{"@type":"PropertyValueSpecification","valueRequired":true,"valueName":"search_term_string"}}],"inLanguage":"de-DE"},{"@type":"Organization","@id":"https:\/\/sure-antennas.com\/#organization","name":"Sure Antennas","url":"https:\/\/sure-antennas.com\/","logo":{"@type":"ImageObject","inLanguage":"de-DE","@id":"https:\/\/sure-antennas.com\/#\/schema\/logo\/image\/","url":"https:\/\/sure-antennas.com\/wp-content\/uploads\/2021\/04\/logo-1.png","contentUrl":"https:\/\/sure-antennas.com\/wp-content\/uploads\/2021\/04\/logo-1.png","width":211,"height":52,"caption":"Sure Antennas"},"image":{"@id":"https:\/\/sure-antennas.com\/#\/schema\/logo\/image\/"}}]}},"_links":{"self":[{"href":"https:\/\/sure-antennas.com\/de\/wp-json\/wp\/v2\/product\/40527","targetHints":{"allow":["GET"]}}],"collection":[{"href":"https:\/\/sure-antennas.com\/de\/wp-json\/wp\/v2\/product"}],"about":[{"href":"https:\/\/sure-antennas.com\/de\/wp-json\/wp\/v2\/types\/product"}],"replies":[{"embeddable":true,"href":"https:\/\/sure-antennas.com\/de\/wp-json\/wp\/v2\/comments?post=40527"}],"wp:featuredmedia":[{"embeddable":true,"href":"https:\/\/sure-antennas.com\/de\/wp-json\/wp\/v2\/media\/36894"}],"wp:attachment":[{"href":"https:\/\/sure-antennas.com\/de\/wp-json\/wp\/v2\/media?parent=40527"}],"wp:term":[{"taxonomy":"product_brand","embeddable":true,"href":"https:\/\/sure-antennas.com\/de\/wp-json\/wp\/v2\/product_brand?post=40527"},{"taxonomy":"product_cat","embeddable":true,"href":"https:\/\/sure-antennas.com\/de\/wp-json\/wp\/v2\/product_cat?post=40527"},{"taxonomy":"product_tag","embeddable":true,"href":"https:\/\/sure-antennas.com\/de\/wp-json\/wp\/v2\/product_tag?post=40527"}],"curies":[{"name":"wp","href":"https:\/\/api.w.org\/{rel}","templated":true}]}}