{"id":40541,"date":"2025-06-25T13:10:59","date_gmt":"2025-06-25T13:10:59","guid":{"rendered":"https:\/\/sure-antennas68068.e.wpstage.net\/product\/ultra-wideband-lte-cellular-2g-3g-4g-wifi-antenna\/"},"modified":"2025-03-17T14:17:47","modified_gmt":"2025-03-17T14:17:47","slug":"ultrabreitband-lte-mobilfunkantenne-2g-3g-4g-5g-wifi-antenne","status":"publish","type":"product","link":"https:\/\/sure-antennas.com\/de\/produkt\/ultrabreitband-lte-mobilfunkantenne-2g-3g-4g-5g-wifi-antenne\/","title":{"rendered":"Ultrabreitband-LTE-Mobilfunkantenne 2G 3G 4G 5G WiFi-Antenne"},"content":{"rendered":"<p>Diese vielseitige Antenne deckt 700MHz &#8211; 6GHz ab und unterst\u00fctzt alle 2G, 3G, 4G, 5G LTE-Mobilfunkfrequenzen und Dualband-WiFi-Frequenzen mit einem Mindestgewinn von 4 dBi \u00fcber das gesamte Band.<\/p>\n<p>Das praktische Klebepad und die Befestigung mit einer einzigen Mutter erm\u00f6glichen eine einfache und kosteng\u00fcnstige L\u00f6sung.<\/p>\n<p>Dar\u00fcber hinaus kann das Ger\u00e4t mit einem optionalen GPS\/GLONASS-Empfangselement mit einer Verst\u00e4rkung von 26 dBi und in einer Vielzahl verschiedener Farben erworben werden.<\/p>\n<p>Bitte kontaktieren Sie uns unter <strong>0151 334 9160<\/strong> f\u00fcr weitere Informationen.<\/p>\n<p>&nbsp;<\/p>\n","protected":false},"excerpt":{"rendered":"<p><strong>Artikelnummer 4000-301<br \/>\n<\/strong>Die 4000-301 ist eine flache Antenne mit zuverl\u00e4ssiger Leistung \u00fcber eine extrem gro\u00dfe Bandbreite. [&#8230;]<\/p>\n<p><a class=\"btn btn-secondary understrap-read-more-link\" href=\"https:\/\/sure-antennas.com\/de\/produkt\/ultrabreitband-lte-mobilfunkantenne-2g-3g-4g-5g-wifi-antenne\/\">Weiterlesen&#8230;<\/a><\/p>\n","protected":false},"featured_media":36808,"comment_status":"closed","ping_status":"closed","template":"","meta":{"_acf_changed":false},"product_brand":[],"product_cat":[277],"product_tag":[263,264,266,280,269,270,281],"class_list":{"0":"post-40541","1":"product","2":"type-product","3":"status-publish","4":"has-post-thumbnail","6":"product_cat-esn-vehicle-antennas-de","7":"product_tag-3g-de","8":"product_tag-4g-de","9":"product_tag-gsm-de","10":"product_tag-lte-de","11":"product_tag-tetra-de","12":"product_tag-uhf-de","13":"product_tag-wifi-de","15":"first","16":"instock","17":"product-type-simple"},"acf":[],"yoast_head":"<!-- This site is optimized with the Yoast SEO plugin v27.4 - https:\/\/yoast.com\/product\/yoast-seo-wordpress\/ -->\n<title>Verdeckte Flachprofil LTE\/Mobilfunk\/WiFi-Antenne<\/title>\n<meta name=\"description\" content=\"Die offene flache LTE-\/Mobilfunk-\/WiFi-Antenne verf\u00fcgt \u00fcber ein einzelnes Breitband-Element in einem IP66-Geh\u00e4use in Schwarz\/Wei\u00df mit einer \u00dcberwurfmutter.\" \/>\n<meta name=\"robots\" content=\"index, follow, max-snippet:-1, max-image-preview:large, max-video-preview:-1\" \/>\n<link rel=\"canonical\" href=\"https:\/\/sure-antennas.com\/de\/produkt\/ultrabreitband-lte-mobilfunkantenne-2g-3g-4g-5g-wifi-antenne\/\" \/>\n<meta property=\"og:locale\" content=\"de_DE\" \/>\n<meta property=\"og:type\" content=\"article\" \/>\n<meta property=\"og:title\" content=\"Verdeckte Flachprofil LTE\/Mobilfunk\/WiFi-Antenne\" \/>\n<meta property=\"og:description\" content=\"Die offene flache LTE-\/Mobilfunk-\/WiFi-Antenne verf\u00fcgt \u00fcber ein einzelnes Breitband-Element in einem IP66-Geh\u00e4use in Schwarz\/Wei\u00df mit einer \u00dcberwurfmutter.\" \/>\n<meta property=\"og:url\" content=\"https:\/\/sure-antennas.com\/de\/produkt\/ultrabreitband-lte-mobilfunkantenne-2g-3g-4g-5g-wifi-antenne\/\" \/>\n<meta property=\"og:site_name\" content=\"Sure Antennas\" \/>\n<meta property=\"og:image\" content=\"https:\/\/sure-antennas.com\/wp-content\/uploads\/2021\/05\/650-pixel-black-4000-301.png\" \/>\n\t<meta property=\"og:image:width\" content=\"650\" \/>\n\t<meta property=\"og:image:height\" content=\"642\" \/>\n\t<meta property=\"og:image:type\" content=\"image\/png\" \/>\n<meta name=\"twitter:card\" content=\"summary_large_image\" \/>\n<meta name=\"twitter:label1\" content=\"Est. reading time\" \/>\n\t<meta name=\"twitter:data1\" content=\"1 minute\" \/>\n<script type=\"application\/ld+json\" class=\"yoast-schema-graph\">{\"@context\":\"https:\\\/\\\/schema.org\",\"@graph\":[{\"@type\":\"WebPage\",\"@id\":\"https:\\\/\\\/sure-antennas.com\\\/de\\\/produkt\\\/ultrabreitband-lte-mobilfunkantenne-2g-3g-4g-5g-wifi-antenne\\\/\",\"url\":\"https:\\\/\\\/sure-antennas.com\\\/de\\\/produkt\\\/ultrabreitband-lte-mobilfunkantenne-2g-3g-4g-5g-wifi-antenne\\\/\",\"name\":\"Verdeckte Flachprofil LTE\\\/Mobilfunk\\\/WiFi-Antenne\",\"isPartOf\":{\"@id\":\"https:\\\/\\\/sure-antennas.com\\\/#website\"},\"primaryImageOfPage\":{\"@id\":\"https:\\\/\\\/sure-antennas.com\\\/de\\\/produkt\\\/ultrabreitband-lte-mobilfunkantenne-2g-3g-4g-5g-wifi-antenne\\\/#primaryimage\"},\"image\":{\"@id\":\"https:\\\/\\\/sure-antennas.com\\\/de\\\/produkt\\\/ultrabreitband-lte-mobilfunkantenne-2g-3g-4g-5g-wifi-antenne\\\/#primaryimage\"},\"thumbnailUrl\":\"https:\\\/\\\/sure-antennas.com\\\/wp-content\\\/uploads\\\/2021\\\/05\\\/650-pixel-black-4000-301.png\",\"datePublished\":\"2025-06-25T13:10:59+00:00\",\"description\":\"Die offene flache LTE-\\\/Mobilfunk-\\\/WiFi-Antenne verf\u00fcgt \u00fcber ein einzelnes Breitband-Element in einem IP66-Geh\u00e4use in Schwarz\\\/Wei\u00df mit einer \u00dcberwurfmutter.\",\"breadcrumb\":{\"@id\":\"https:\\\/\\\/sure-antennas.com\\\/de\\\/produkt\\\/ultrabreitband-lte-mobilfunkantenne-2g-3g-4g-5g-wifi-antenne\\\/#breadcrumb\"},\"inLanguage\":\"de-DE\",\"potentialAction\":[{\"@type\":\"ReadAction\",\"target\":[\"https:\\\/\\\/sure-antennas.com\\\/de\\\/produkt\\\/ultrabreitband-lte-mobilfunkantenne-2g-3g-4g-5g-wifi-antenne\\\/\"]}]},{\"@type\":\"ImageObject\",\"inLanguage\":\"de-DE\",\"@id\":\"https:\\\/\\\/sure-antennas.com\\\/de\\\/produkt\\\/ultrabreitband-lte-mobilfunkantenne-2g-3g-4g-5g-wifi-antenne\\\/#primaryimage\",\"url\":\"https:\\\/\\\/sure-antennas.com\\\/wp-content\\\/uploads\\\/2021\\\/05\\\/650-pixel-black-4000-301.png\",\"contentUrl\":\"https:\\\/\\\/sure-antennas.com\\\/wp-content\\\/uploads\\\/2021\\\/05\\\/650-pixel-black-4000-301.png\",\"width\":650,\"height\":642},{\"@type\":\"BreadcrumbList\",\"@id\":\"https:\\\/\\\/sure-antennas.com\\\/de\\\/produkt\\\/ultrabreitband-lte-mobilfunkantenne-2g-3g-4g-5g-wifi-antenne\\\/#breadcrumb\",\"itemListElement\":[{\"@type\":\"ListItem\",\"position\":1,\"name\":\"Home\",\"item\":\"https:\\\/\\\/sure-antennas.com\\\/de\\\/\"},{\"@type\":\"ListItem\",\"position\":2,\"name\":\"Gesch\u00e4ft\",\"item\":\"https:\\\/\\\/sure-antennas.com\\\/de\\\/geschaeft\\\/\"},{\"@type\":\"ListItem\",\"position\":3,\"name\":\"Ultrabreitband-LTE-Mobilfunkantenne 2G 3G 4G 5G WiFi-Antenne\"}]},{\"@type\":\"WebSite\",\"@id\":\"https:\\\/\\\/sure-antennas.com\\\/#website\",\"url\":\"https:\\\/\\\/sure-antennas.com\\\/\",\"name\":\"Sure Antennas\",\"description\":\"Sure Antennas site\",\"publisher\":{\"@id\":\"https:\\\/\\\/sure-antennas.com\\\/#organization\"},\"potentialAction\":[{\"@type\":\"SearchAction\",\"target\":{\"@type\":\"EntryPoint\",\"urlTemplate\":\"https:\\\/\\\/sure-antennas.com\\\/?s={search_term_string}\"},\"query-input\":{\"@type\":\"PropertyValueSpecification\",\"valueRequired\":true,\"valueName\":\"search_term_string\"}}],\"inLanguage\":\"de-DE\"},{\"@type\":\"Organization\",\"@id\":\"https:\\\/\\\/sure-antennas.com\\\/#organization\",\"name\":\"Sure Antennas\",\"url\":\"https:\\\/\\\/sure-antennas.com\\\/\",\"logo\":{\"@type\":\"ImageObject\",\"inLanguage\":\"de-DE\",\"@id\":\"https:\\\/\\\/sure-antennas.com\\\/#\\\/schema\\\/logo\\\/image\\\/\",\"url\":\"https:\\\/\\\/sure-antennas.com\\\/wp-content\\\/uploads\\\/2021\\\/04\\\/logo-1.png\",\"contentUrl\":\"https:\\\/\\\/sure-antennas.com\\\/wp-content\\\/uploads\\\/2021\\\/04\\\/logo-1.png\",\"width\":211,\"height\":52,\"caption\":\"Sure Antennas\"},\"image\":{\"@id\":\"https:\\\/\\\/sure-antennas.com\\\/#\\\/schema\\\/logo\\\/image\\\/\"}}]}<\/script>\n<!-- \/ Yoast SEO plugin. -->","yoast_head_json":{"title":"Verdeckte Flachprofil LTE\/Mobilfunk\/WiFi-Antenne","description":"Die offene flache LTE-\/Mobilfunk-\/WiFi-Antenne verf\u00fcgt \u00fcber ein einzelnes Breitband-Element in einem IP66-Geh\u00e4use in Schwarz\/Wei\u00df mit einer \u00dcberwurfmutter.","robots":{"index":"index","follow":"follow","max-snippet":"max-snippet:-1","max-image-preview":"max-image-preview:large","max-video-preview":"max-video-preview:-1"},"canonical":"https:\/\/sure-antennas.com\/de\/produkt\/ultrabreitband-lte-mobilfunkantenne-2g-3g-4g-5g-wifi-antenne\/","og_locale":"de_DE","og_type":"article","og_title":"Verdeckte Flachprofil LTE\/Mobilfunk\/WiFi-Antenne","og_description":"Die offene flache LTE-\/Mobilfunk-\/WiFi-Antenne verf\u00fcgt \u00fcber ein einzelnes Breitband-Element in einem IP66-Geh\u00e4use in Schwarz\/Wei\u00df mit einer \u00dcberwurfmutter.","og_url":"https:\/\/sure-antennas.com\/de\/produkt\/ultrabreitband-lte-mobilfunkantenne-2g-3g-4g-5g-wifi-antenne\/","og_site_name":"Sure Antennas","og_image":[{"width":650,"height":642,"url":"https:\/\/sure-antennas.com\/wp-content\/uploads\/2021\/05\/650-pixel-black-4000-301.png","type":"image\/png"}],"twitter_card":"summary_large_image","twitter_misc":{"Est. reading time":"1 minute"},"schema":{"@context":"https:\/\/schema.org","@graph":[{"@type":"WebPage","@id":"https:\/\/sure-antennas.com\/de\/produkt\/ultrabreitband-lte-mobilfunkantenne-2g-3g-4g-5g-wifi-antenne\/","url":"https:\/\/sure-antennas.com\/de\/produkt\/ultrabreitband-lte-mobilfunkantenne-2g-3g-4g-5g-wifi-antenne\/","name":"Verdeckte Flachprofil LTE\/Mobilfunk\/WiFi-Antenne","isPartOf":{"@id":"https:\/\/sure-antennas.com\/#website"},"primaryImageOfPage":{"@id":"https:\/\/sure-antennas.com\/de\/produkt\/ultrabreitband-lte-mobilfunkantenne-2g-3g-4g-5g-wifi-antenne\/#primaryimage"},"image":{"@id":"https:\/\/sure-antennas.com\/de\/produkt\/ultrabreitband-lte-mobilfunkantenne-2g-3g-4g-5g-wifi-antenne\/#primaryimage"},"thumbnailUrl":"https:\/\/sure-antennas.com\/wp-content\/uploads\/2021\/05\/650-pixel-black-4000-301.png","datePublished":"2025-06-25T13:10:59+00:00","description":"Die offene flache LTE-\/Mobilfunk-\/WiFi-Antenne verf\u00fcgt \u00fcber ein einzelnes Breitband-Element in einem IP66-Geh\u00e4use in Schwarz\/Wei\u00df mit einer \u00dcberwurfmutter.","breadcrumb":{"@id":"https:\/\/sure-antennas.com\/de\/produkt\/ultrabreitband-lte-mobilfunkantenne-2g-3g-4g-5g-wifi-antenne\/#breadcrumb"},"inLanguage":"de-DE","potentialAction":[{"@type":"ReadAction","target":["https:\/\/sure-antennas.com\/de\/produkt\/ultrabreitband-lte-mobilfunkantenne-2g-3g-4g-5g-wifi-antenne\/"]}]},{"@type":"ImageObject","inLanguage":"de-DE","@id":"https:\/\/sure-antennas.com\/de\/produkt\/ultrabreitband-lte-mobilfunkantenne-2g-3g-4g-5g-wifi-antenne\/#primaryimage","url":"https:\/\/sure-antennas.com\/wp-content\/uploads\/2021\/05\/650-pixel-black-4000-301.png","contentUrl":"https:\/\/sure-antennas.com\/wp-content\/uploads\/2021\/05\/650-pixel-black-4000-301.png","width":650,"height":642},{"@type":"BreadcrumbList","@id":"https:\/\/sure-antennas.com\/de\/produkt\/ultrabreitband-lte-mobilfunkantenne-2g-3g-4g-5g-wifi-antenne\/#breadcrumb","itemListElement":[{"@type":"ListItem","position":1,"name":"Home","item":"https:\/\/sure-antennas.com\/de\/"},{"@type":"ListItem","position":2,"name":"Gesch\u00e4ft","item":"https:\/\/sure-antennas.com\/de\/geschaeft\/"},{"@type":"ListItem","position":3,"name":"Ultrabreitband-LTE-Mobilfunkantenne 2G 3G 4G 5G WiFi-Antenne"}]},{"@type":"WebSite","@id":"https:\/\/sure-antennas.com\/#website","url":"https:\/\/sure-antennas.com\/","name":"Sure Antennas","description":"Sure Antennas site","publisher":{"@id":"https:\/\/sure-antennas.com\/#organization"},"potentialAction":[{"@type":"SearchAction","target":{"@type":"EntryPoint","urlTemplate":"https:\/\/sure-antennas.com\/?s={search_term_string}"},"query-input":{"@type":"PropertyValueSpecification","valueRequired":true,"valueName":"search_term_string"}}],"inLanguage":"de-DE"},{"@type":"Organization","@id":"https:\/\/sure-antennas.com\/#organization","name":"Sure Antennas","url":"https:\/\/sure-antennas.com\/","logo":{"@type":"ImageObject","inLanguage":"de-DE","@id":"https:\/\/sure-antennas.com\/#\/schema\/logo\/image\/","url":"https:\/\/sure-antennas.com\/wp-content\/uploads\/2021\/04\/logo-1.png","contentUrl":"https:\/\/sure-antennas.com\/wp-content\/uploads\/2021\/04\/logo-1.png","width":211,"height":52,"caption":"Sure Antennas"},"image":{"@id":"https:\/\/sure-antennas.com\/#\/schema\/logo\/image\/"}}]}},"_links":{"self":[{"href":"https:\/\/sure-antennas.com\/de\/wp-json\/wp\/v2\/product\/40541","targetHints":{"allow":["GET"]}}],"collection":[{"href":"https:\/\/sure-antennas.com\/de\/wp-json\/wp\/v2\/product"}],"about":[{"href":"https:\/\/sure-antennas.com\/de\/wp-json\/wp\/v2\/types\/product"}],"replies":[{"embeddable":true,"href":"https:\/\/sure-antennas.com\/de\/wp-json\/wp\/v2\/comments?post=40541"}],"wp:featuredmedia":[{"embeddable":true,"href":"https:\/\/sure-antennas.com\/de\/wp-json\/wp\/v2\/media\/36808"}],"wp:attachment":[{"href":"https:\/\/sure-antennas.com\/de\/wp-json\/wp\/v2\/media?parent=40541"}],"wp:term":[{"taxonomy":"product_brand","embeddable":true,"href":"https:\/\/sure-antennas.com\/de\/wp-json\/wp\/v2\/product_brand?post=40541"},{"taxonomy":"product_cat","embeddable":true,"href":"https:\/\/sure-antennas.com\/de\/wp-json\/wp\/v2\/product_cat?post=40541"},{"taxonomy":"product_tag","embeddable":true,"href":"https:\/\/sure-antennas.com\/de\/wp-json\/wp\/v2\/product_tag?post=40541"}],"curies":[{"name":"wp","href":"https:\/\/api.w.org\/{rel}","templated":true}]}}