{"id":40544,"date":"2025-06-29T13:10:59","date_gmt":"2025-06-29T13:10:59","guid":{"rendered":"https:\/\/sure-antennas68068.e.wpstage.net\/product\/ultra-wideband-lte-cellular-2g-3g-4g-wifi-antenna-with-gps\/"},"modified":"2025-03-17T14:23:21","modified_gmt":"2025-03-17T14:23:21","slug":"ultra-breitband-lte-mobilfunk-2g-3g-4g-5g-wifi-antenne-mit-gps","status":"publish","type":"product","link":"https:\/\/sure-antennas.com\/de\/produkt\/ultra-breitband-lte-mobilfunk-2g-3g-4g-5g-wifi-antenne-mit-gps\/","title":{"rendered":"Ultra-Breitband-LTE-Mobilfunk 2G 3G 4G 5G WIFI-Antenne mit GPS"},"content":{"rendered":"<p>Diese vielseitige Antenne deckt 700 MHz &#8211; 6 GHz ab und unterst\u00fctzt LTE f\u00fcr die \u00f6ffentliche Sicherheit, weltweite Mobilfunk- und Dualband-WiFi-Frequenzen mit einem Mindestgewinn von 4 dBi \u00fcber das gesamte Band.<\/p>\n<p>Mit einem praktischen Klebepad und einer einzigen Mutter f\u00fcr eine einfache und kosteng\u00fcnstige L\u00f6sung.<\/p>\n<p>Dieses Ger\u00e4t enth\u00e4lt ein GPS\/GLONASS-Empfangselement mit einem Gewinn von 26 dBi.<\/p>\n<p>Diese Antenne kann mit vielen verschiedenen Funktionen und auch in verschiedenen Farben erworben werden. Bitte kontaktieren Sie uns unter <strong>+44 (0)151 334 9160<\/strong> f\u00fcr weitere Informationen.<\/p>\n<p>Unsere Website zeigt derzeit eine kleine Anzahl von verf\u00fcgbaren Frequenzen, bitte kontaktieren Sie uns mit Ihrer Frequenz, um die Kompatibilit\u00e4t zu besprechen.<\/p>\n<p>&nbsp;<\/p>\n","protected":false},"excerpt":{"rendered":"<p><strong>Artikelnummer 5000-302<br \/>\n<\/strong>Die 5000-302 ist eine flache Antenne, die eine gleichbleibende Leistung \u00fcber eine extrem gro\u00dfe Bandbreite bietet.<strong><br \/>\n<\/strong> [&#8230;]<\/p>\n<p><a class=\"btn btn-secondary understrap-read-more-link\" href=\"https:\/\/sure-antennas.com\/de\/produkt\/ultra-breitband-lte-mobilfunk-2g-3g-4g-5g-wifi-antenne-mit-gps\/\">Weiterlesen&#8230;<\/a><\/p>\n","protected":false},"featured_media":36817,"comment_status":"closed","ping_status":"closed","template":"","meta":{"_acf_changed":false},"product_brand":[],"product_cat":[277],"product_tag":[278,263,264,334,335,266,280,281],"class_list":{"0":"post-40544","1":"product","2":"type-product","3":"status-publish","4":"has-post-thumbnail","6":"product_cat-esn-vehicle-antennas-de","7":"product_tag-2g-de","8":"product_tag-3g-de","9":"product_tag-4g-de","10":"product_tag-custom-frequency-de","11":"product_tag-gps-glonas-de","12":"product_tag-gsm-de","13":"product_tag-lte-de","14":"product_tag-wifi-de","16":"first","17":"instock","18":"product-type-simple"},"acf":[],"yoast_head":"<!-- This site is optimized with the Yoast SEO plugin v27.4 - https:\/\/yoast.com\/product\/yoast-seo-wordpress\/ -->\n<title>Verdeckte Flachprofil LTE\/Mobilfunk\/WiFi-Antenne mit GPS<\/title>\n<meta name=\"description\" content=\"Die offene flache LTE-\/Mobilfunk-\/WiFi-Antenne mit GPS verf\u00fcgt \u00fcber ein Breitband-Element, das in IP66-Geh\u00e4use mit einer \u00dcberwurfmutter untergebracht ist.\" \/>\n<meta name=\"robots\" content=\"index, follow, max-snippet:-1, max-image-preview:large, max-video-preview:-1\" \/>\n<link rel=\"canonical\" href=\"https:\/\/sure-antennas.com\/produkt\/ultra-wideband-lte-cellular-2g-3g-4g-wifi-antenna-with-gps\/\" \/>\n<meta property=\"og:locale\" content=\"de_DE\" \/>\n<meta property=\"og:type\" content=\"article\" \/>\n<meta property=\"og:title\" content=\"Verdeckte Flachprofil LTE\/Mobilfunk\/WiFi-Antenne mit GPS\" \/>\n<meta property=\"og:description\" content=\"Die offene flache LTE-\/Mobilfunk-\/WiFi-Antenne mit GPS verf\u00fcgt \u00fcber ein Breitband-Element, das in IP66-Geh\u00e4use mit einer \u00dcberwurfmutter untergebracht ist.\" \/>\n<meta property=\"og:url\" content=\"https:\/\/sure-antennas.com\/produkt\/ultra-wideband-lte-cellular-2g-3g-4g-wifi-antenna-with-gps\/\" \/>\n<meta property=\"og:site_name\" content=\"Sure Antennas\" \/>\n<meta property=\"og:image\" content=\"https:\/\/sure-antennas.com\/wp-content\/uploads\/2021\/05\/650-pixel-black-2-FUNCTION-5000-302.png\" \/>\n\t<meta property=\"og:image:width\" content=\"650\" \/>\n\t<meta property=\"og:image:height\" content=\"693\" \/>\n\t<meta property=\"og:image:type\" content=\"image\/png\" \/>\n<meta name=\"twitter:card\" content=\"summary_large_image\" \/>\n<meta name=\"twitter:label1\" content=\"Est. reading time\" \/>\n\t<meta name=\"twitter:data1\" content=\"1 minute\" \/>\n<script type=\"application\/ld+json\" class=\"yoast-schema-graph\">{\"@context\":\"https:\\\/\\\/schema.org\",\"@graph\":[{\"@type\":\"WebPage\",\"@id\":\"https:\\\/\\\/sure-antennas.com\\\/produkt\\\/ultra-wideband-lte-cellular-2g-3g-4g-wifi-antenna-with-gps\\\/\",\"url\":\"https:\\\/\\\/sure-antennas.com\\\/produkt\\\/ultra-wideband-lte-cellular-2g-3g-4g-wifi-antenna-with-gps\\\/\",\"name\":\"Verdeckte Flachprofil LTE\\\/Mobilfunk\\\/WiFi-Antenne mit GPS\",\"isPartOf\":{\"@id\":\"https:\\\/\\\/sure-antennas.com\\\/#website\"},\"primaryImageOfPage\":{\"@id\":\"https:\\\/\\\/sure-antennas.com\\\/produkt\\\/ultra-wideband-lte-cellular-2g-3g-4g-wifi-antenna-with-gps\\\/#primaryimage\"},\"image\":{\"@id\":\"https:\\\/\\\/sure-antennas.com\\\/produkt\\\/ultra-wideband-lte-cellular-2g-3g-4g-wifi-antenna-with-gps\\\/#primaryimage\"},\"thumbnailUrl\":\"https:\\\/\\\/sure-antennas.com\\\/wp-content\\\/uploads\\\/2021\\\/05\\\/650-pixel-black-2-FUNCTION-5000-302.png\",\"datePublished\":\"2025-06-29T13:10:59+00:00\",\"description\":\"Die offene flache LTE-\\\/Mobilfunk-\\\/WiFi-Antenne mit GPS verf\u00fcgt \u00fcber ein Breitband-Element, das in IP66-Geh\u00e4use mit einer \u00dcberwurfmutter untergebracht ist.\",\"breadcrumb\":{\"@id\":\"https:\\\/\\\/sure-antennas.com\\\/produkt\\\/ultra-wideband-lte-cellular-2g-3g-4g-wifi-antenna-with-gps\\\/#breadcrumb\"},\"inLanguage\":\"de-DE\",\"potentialAction\":[{\"@type\":\"ReadAction\",\"target\":[\"https:\\\/\\\/sure-antennas.com\\\/produkt\\\/ultra-wideband-lte-cellular-2g-3g-4g-wifi-antenna-with-gps\\\/\"]}]},{\"@type\":\"ImageObject\",\"inLanguage\":\"de-DE\",\"@id\":\"https:\\\/\\\/sure-antennas.com\\\/produkt\\\/ultra-wideband-lte-cellular-2g-3g-4g-wifi-antenna-with-gps\\\/#primaryimage\",\"url\":\"https:\\\/\\\/sure-antennas.com\\\/wp-content\\\/uploads\\\/2021\\\/05\\\/650-pixel-black-2-FUNCTION-5000-302.png\",\"contentUrl\":\"https:\\\/\\\/sure-antennas.com\\\/wp-content\\\/uploads\\\/2021\\\/05\\\/650-pixel-black-2-FUNCTION-5000-302.png\",\"width\":650,\"height\":693},{\"@type\":\"BreadcrumbList\",\"@id\":\"https:\\\/\\\/sure-antennas.com\\\/produkt\\\/ultra-wideband-lte-cellular-2g-3g-4g-wifi-antenna-with-gps\\\/#breadcrumb\",\"itemListElement\":[{\"@type\":\"ListItem\",\"position\":1,\"name\":\"Home\",\"item\":\"https:\\\/\\\/sure-antennas.com\\\/de\\\/\"},{\"@type\":\"ListItem\",\"position\":2,\"name\":\"Gesch\u00e4ft\",\"item\":\"https:\\\/\\\/sure-antennas.com\\\/de\\\/geschaeft\\\/\"},{\"@type\":\"ListItem\",\"position\":3,\"name\":\"Ultra-Breitband-LTE-Mobilfunk 2G 3G 4G 5G WIFI-Antenne mit GPS\"}]},{\"@type\":\"WebSite\",\"@id\":\"https:\\\/\\\/sure-antennas.com\\\/#website\",\"url\":\"https:\\\/\\\/sure-antennas.com\\\/\",\"name\":\"Sure Antennas\",\"description\":\"Sure Antennas site\",\"publisher\":{\"@id\":\"https:\\\/\\\/sure-antennas.com\\\/#organization\"},\"potentialAction\":[{\"@type\":\"SearchAction\",\"target\":{\"@type\":\"EntryPoint\",\"urlTemplate\":\"https:\\\/\\\/sure-antennas.com\\\/?s={search_term_string}\"},\"query-input\":{\"@type\":\"PropertyValueSpecification\",\"valueRequired\":true,\"valueName\":\"search_term_string\"}}],\"inLanguage\":\"de-DE\"},{\"@type\":\"Organization\",\"@id\":\"https:\\\/\\\/sure-antennas.com\\\/#organization\",\"name\":\"Sure Antennas\",\"url\":\"https:\\\/\\\/sure-antennas.com\\\/\",\"logo\":{\"@type\":\"ImageObject\",\"inLanguage\":\"de-DE\",\"@id\":\"https:\\\/\\\/sure-antennas.com\\\/#\\\/schema\\\/logo\\\/image\\\/\",\"url\":\"https:\\\/\\\/sure-antennas.com\\\/wp-content\\\/uploads\\\/2021\\\/04\\\/logo-1.png\",\"contentUrl\":\"https:\\\/\\\/sure-antennas.com\\\/wp-content\\\/uploads\\\/2021\\\/04\\\/logo-1.png\",\"width\":211,\"height\":52,\"caption\":\"Sure Antennas\"},\"image\":{\"@id\":\"https:\\\/\\\/sure-antennas.com\\\/#\\\/schema\\\/logo\\\/image\\\/\"}}]}<\/script>\n<!-- \/ Yoast SEO plugin. -->","yoast_head_json":{"title":"Verdeckte Flachprofil LTE\/Mobilfunk\/WiFi-Antenne mit GPS","description":"Die offene flache LTE-\/Mobilfunk-\/WiFi-Antenne mit GPS verf\u00fcgt \u00fcber ein Breitband-Element, das in IP66-Geh\u00e4use mit einer \u00dcberwurfmutter untergebracht ist.","robots":{"index":"index","follow":"follow","max-snippet":"max-snippet:-1","max-image-preview":"max-image-preview:large","max-video-preview":"max-video-preview:-1"},"canonical":"https:\/\/sure-antennas.com\/produkt\/ultra-wideband-lte-cellular-2g-3g-4g-wifi-antenna-with-gps\/","og_locale":"de_DE","og_type":"article","og_title":"Verdeckte Flachprofil LTE\/Mobilfunk\/WiFi-Antenne mit GPS","og_description":"Die offene flache LTE-\/Mobilfunk-\/WiFi-Antenne mit GPS verf\u00fcgt \u00fcber ein Breitband-Element, das in IP66-Geh\u00e4use mit einer \u00dcberwurfmutter untergebracht ist.","og_url":"https:\/\/sure-antennas.com\/produkt\/ultra-wideband-lte-cellular-2g-3g-4g-wifi-antenna-with-gps\/","og_site_name":"Sure Antennas","og_image":[{"width":650,"height":693,"url":"https:\/\/sure-antennas.com\/wp-content\/uploads\/2021\/05\/650-pixel-black-2-FUNCTION-5000-302.png","type":"image\/png"}],"twitter_card":"summary_large_image","twitter_misc":{"Est. reading time":"1 minute"},"schema":{"@context":"https:\/\/schema.org","@graph":[{"@type":"WebPage","@id":"https:\/\/sure-antennas.com\/produkt\/ultra-wideband-lte-cellular-2g-3g-4g-wifi-antenna-with-gps\/","url":"https:\/\/sure-antennas.com\/produkt\/ultra-wideband-lte-cellular-2g-3g-4g-wifi-antenna-with-gps\/","name":"Verdeckte Flachprofil LTE\/Mobilfunk\/WiFi-Antenne mit GPS","isPartOf":{"@id":"https:\/\/sure-antennas.com\/#website"},"primaryImageOfPage":{"@id":"https:\/\/sure-antennas.com\/produkt\/ultra-wideband-lte-cellular-2g-3g-4g-wifi-antenna-with-gps\/#primaryimage"},"image":{"@id":"https:\/\/sure-antennas.com\/produkt\/ultra-wideband-lte-cellular-2g-3g-4g-wifi-antenna-with-gps\/#primaryimage"},"thumbnailUrl":"https:\/\/sure-antennas.com\/wp-content\/uploads\/2021\/05\/650-pixel-black-2-FUNCTION-5000-302.png","datePublished":"2025-06-29T13:10:59+00:00","description":"Die offene flache LTE-\/Mobilfunk-\/WiFi-Antenne mit GPS verf\u00fcgt \u00fcber ein Breitband-Element, das in IP66-Geh\u00e4use mit einer \u00dcberwurfmutter untergebracht ist.","breadcrumb":{"@id":"https:\/\/sure-antennas.com\/produkt\/ultra-wideband-lte-cellular-2g-3g-4g-wifi-antenna-with-gps\/#breadcrumb"},"inLanguage":"de-DE","potentialAction":[{"@type":"ReadAction","target":["https:\/\/sure-antennas.com\/produkt\/ultra-wideband-lte-cellular-2g-3g-4g-wifi-antenna-with-gps\/"]}]},{"@type":"ImageObject","inLanguage":"de-DE","@id":"https:\/\/sure-antennas.com\/produkt\/ultra-wideband-lte-cellular-2g-3g-4g-wifi-antenna-with-gps\/#primaryimage","url":"https:\/\/sure-antennas.com\/wp-content\/uploads\/2021\/05\/650-pixel-black-2-FUNCTION-5000-302.png","contentUrl":"https:\/\/sure-antennas.com\/wp-content\/uploads\/2021\/05\/650-pixel-black-2-FUNCTION-5000-302.png","width":650,"height":693},{"@type":"BreadcrumbList","@id":"https:\/\/sure-antennas.com\/produkt\/ultra-wideband-lte-cellular-2g-3g-4g-wifi-antenna-with-gps\/#breadcrumb","itemListElement":[{"@type":"ListItem","position":1,"name":"Home","item":"https:\/\/sure-antennas.com\/de\/"},{"@type":"ListItem","position":2,"name":"Gesch\u00e4ft","item":"https:\/\/sure-antennas.com\/de\/geschaeft\/"},{"@type":"ListItem","position":3,"name":"Ultra-Breitband-LTE-Mobilfunk 2G 3G 4G 5G WIFI-Antenne mit GPS"}]},{"@type":"WebSite","@id":"https:\/\/sure-antennas.com\/#website","url":"https:\/\/sure-antennas.com\/","name":"Sure Antennas","description":"Sure Antennas site","publisher":{"@id":"https:\/\/sure-antennas.com\/#organization"},"potentialAction":[{"@type":"SearchAction","target":{"@type":"EntryPoint","urlTemplate":"https:\/\/sure-antennas.com\/?s={search_term_string}"},"query-input":{"@type":"PropertyValueSpecification","valueRequired":true,"valueName":"search_term_string"}}],"inLanguage":"de-DE"},{"@type":"Organization","@id":"https:\/\/sure-antennas.com\/#organization","name":"Sure Antennas","url":"https:\/\/sure-antennas.com\/","logo":{"@type":"ImageObject","inLanguage":"de-DE","@id":"https:\/\/sure-antennas.com\/#\/schema\/logo\/image\/","url":"https:\/\/sure-antennas.com\/wp-content\/uploads\/2021\/04\/logo-1.png","contentUrl":"https:\/\/sure-antennas.com\/wp-content\/uploads\/2021\/04\/logo-1.png","width":211,"height":52,"caption":"Sure Antennas"},"image":{"@id":"https:\/\/sure-antennas.com\/#\/schema\/logo\/image\/"}}]}},"_links":{"self":[{"href":"https:\/\/sure-antennas.com\/de\/wp-json\/wp\/v2\/product\/40544","targetHints":{"allow":["GET"]}}],"collection":[{"href":"https:\/\/sure-antennas.com\/de\/wp-json\/wp\/v2\/product"}],"about":[{"href":"https:\/\/sure-antennas.com\/de\/wp-json\/wp\/v2\/types\/product"}],"replies":[{"embeddable":true,"href":"https:\/\/sure-antennas.com\/de\/wp-json\/wp\/v2\/comments?post=40544"}],"wp:featuredmedia":[{"embeddable":true,"href":"https:\/\/sure-antennas.com\/de\/wp-json\/wp\/v2\/media\/36817"}],"wp:attachment":[{"href":"https:\/\/sure-antennas.com\/de\/wp-json\/wp\/v2\/media?parent=40544"}],"wp:term":[{"taxonomy":"product_brand","embeddable":true,"href":"https:\/\/sure-antennas.com\/de\/wp-json\/wp\/v2\/product_brand?post=40544"},{"taxonomy":"product_cat","embeddable":true,"href":"https:\/\/sure-antennas.com\/de\/wp-json\/wp\/v2\/product_cat?post=40544"},{"taxonomy":"product_tag","embeddable":true,"href":"https:\/\/sure-antennas.com\/de\/wp-json\/wp\/v2\/product_tag?post=40544"}],"curies":[{"name":"wp","href":"https:\/\/api.w.org\/{rel}","templated":true}]}}