{"id":40627,"date":"2021-05-25T13:14:15","date_gmt":"2021-05-25T13:14:15","guid":{"rendered":"https:\/\/sure-antennas68068.e.wpstage.net\/product\/motorola-mtp850ex-mtp810ex-series-carry-case-shoulder-strap\/"},"modified":"2025-03-18T12:50:13","modified_gmt":"2025-03-18T12:50:13","slug":"motorola-mtp850ex-mtp810ex-serie-tragetasche-schultergurt","status":"publish","type":"product","link":"https:\/\/sure-antennas.com\/de\/produkt\/motorola-mtp850ex-mtp810ex-serie-tragetasche-schultergurt\/","title":{"rendered":"Motorola MTP850Ex\/MTP810Ex Serie Tragetasche Schultergurt"},"content":{"rendered":"<p>Artikelnummer: NTN5243A<\/p>\n<p>\u2022 Verstellbarer schwarzer Nylonriemen f\u00fcr Koffer mit D-Ringen<\/p>\n<p>\u2022 Werkstoff: Nylon<\/p>\n<p>\u2022 Ma\u00dfeinheit: EA<\/p>\n<p>\u2022 CE: Nein<\/p>\n<p>\u2022 RTTE: Nein<\/p>\n","protected":false},"excerpt":{"rendered":"<h5 id=\"PMNN4448AR\">Tragel\u00f6sungen &#8211; G\u00fcrtelclips und andere f\u00fcr MTP850Ex\/MTP810Ex Serie<\/h5>\n<hr \/>\n<p> [&#8230;]<\/p>\n<p><a class=\"btn btn-secondary understrap-read-more-link\" href=\"https:\/\/sure-antennas.com\/de\/produkt\/motorola-mtp850ex-mtp810ex-serie-tragetasche-schultergurt\/\">Weiterlesen&#8230;<\/a><\/p>\n","protected":false},"featured_media":36934,"comment_status":"closed","ping_status":"closed","template":"","meta":{"_acf_changed":false},"product_brand":[],"product_cat":[257],"product_tag":[],"class_list":{"0":"post-40627","1":"product","2":"type-product","3":"status-publish","4":"has-post-thumbnail","6":"product_cat-verdeckte-antennen","8":"first","9":"instock","10":"product-type-simple"},"acf":[],"yoast_head":"<!-- This site is optimized with the Yoast SEO plugin v27.0 - https:\/\/yoast.com\/product\/yoast-seo-wordpress\/ -->\n<title>Motorola MTP850Ex\/MTP810Ex Serie Tragetasche Schultergurt - Sure Antennas<\/title>\n<meta name=\"robots\" content=\"index, follow, max-snippet:-1, max-image-preview:large, max-video-preview:-1\" \/>\n<link rel=\"canonical\" href=\"https:\/\/sure-antennas.com\/de\/produkt\/motorola-mtp850ex-mtp810ex-serie-tragetasche-schultergurt\/\" \/>\n<meta property=\"og:locale\" content=\"de_DE\" \/>\n<meta property=\"og:type\" content=\"article\" \/>\n<meta property=\"og:title\" content=\"Motorola MTP850Ex\/MTP810Ex Serie Tragetasche Schultergurt - Sure Antennas\" \/>\n<meta property=\"og:description\" content=\"Tragel\u00f6sungen - G\u00fcrtelclips und andere f\u00fcr MTP850Ex\/MTP810Ex Serie   [...]Weiterlesen...\" \/>\n<meta property=\"og:url\" content=\"https:\/\/sure-antennas.com\/de\/produkt\/motorola-mtp850ex-mtp810ex-serie-tragetasche-schultergurt\/\" \/>\n<meta property=\"og:site_name\" content=\"Sure Antennas\" \/>\n<meta property=\"article:modified_time\" content=\"2025-03-18T12:50:13+00:00\" \/>\n<meta property=\"og:image\" content=\"https:\/\/sure-antennas.com\/wp-content\/uploads\/2021\/05\/strap-1.png\" \/>\n\t<meta property=\"og:image:width\" content=\"534\" \/>\n\t<meta property=\"og:image:height\" content=\"509\" \/>\n\t<meta property=\"og:image:type\" content=\"image\/png\" \/>\n<meta name=\"twitter:card\" content=\"summary_large_image\" \/>\n<meta name=\"twitter:label1\" content=\"Est. reading time\" \/>\n\t<meta name=\"twitter:data1\" content=\"1 minute\" \/>\n<script type=\"application\/ld+json\" class=\"yoast-schema-graph\">{\"@context\":\"https:\/\/schema.org\",\"@graph\":[{\"@type\":\"WebPage\",\"@id\":\"https:\/\/sure-antennas.com\/de\/produkt\/motorola-mtp850ex-mtp810ex-serie-tragetasche-schultergurt\/\",\"url\":\"https:\/\/sure-antennas.com\/de\/produkt\/motorola-mtp850ex-mtp810ex-serie-tragetasche-schultergurt\/\",\"name\":\"Motorola MTP850Ex\/MTP810Ex Serie Tragetasche Schultergurt - Sure Antennas\",\"isPartOf\":{\"@id\":\"https:\/\/sure-antennas.com\/#website\"},\"primaryImageOfPage\":{\"@id\":\"https:\/\/sure-antennas.com\/de\/produkt\/motorola-mtp850ex-mtp810ex-serie-tragetasche-schultergurt\/#primaryimage\"},\"image\":{\"@id\":\"https:\/\/sure-antennas.com\/de\/produkt\/motorola-mtp850ex-mtp810ex-serie-tragetasche-schultergurt\/#primaryimage\"},\"thumbnailUrl\":\"https:\/\/sure-antennas.com\/wp-content\/uploads\/2021\/05\/strap-1.png\",\"datePublished\":\"2021-05-25T13:14:15+00:00\",\"dateModified\":\"2025-03-18T12:50:13+00:00\",\"breadcrumb\":{\"@id\":\"https:\/\/sure-antennas.com\/de\/produkt\/motorola-mtp850ex-mtp810ex-serie-tragetasche-schultergurt\/#breadcrumb\"},\"inLanguage\":\"de-DE\",\"potentialAction\":[{\"@type\":\"ReadAction\",\"target\":[\"https:\/\/sure-antennas.com\/de\/produkt\/motorola-mtp850ex-mtp810ex-serie-tragetasche-schultergurt\/\"]}]},{\"@type\":\"ImageObject\",\"inLanguage\":\"de-DE\",\"@id\":\"https:\/\/sure-antennas.com\/de\/produkt\/motorola-mtp850ex-mtp810ex-serie-tragetasche-schultergurt\/#primaryimage\",\"url\":\"https:\/\/sure-antennas.com\/wp-content\/uploads\/2021\/05\/strap-1.png\",\"contentUrl\":\"https:\/\/sure-antennas.com\/wp-content\/uploads\/2021\/05\/strap-1.png\",\"width\":534,\"height\":509},{\"@type\":\"BreadcrumbList\",\"@id\":\"https:\/\/sure-antennas.com\/de\/produkt\/motorola-mtp850ex-mtp810ex-serie-tragetasche-schultergurt\/#breadcrumb\",\"itemListElement\":[{\"@type\":\"ListItem\",\"position\":1,\"name\":\"Home\",\"item\":\"https:\/\/sure-antennas.com\/de\/\"},{\"@type\":\"ListItem\",\"position\":2,\"name\":\"Gesch\u00e4ft\",\"item\":\"https:\/\/sure-antennas.com\/de\/geschaeft\/\"},{\"@type\":\"ListItem\",\"position\":3,\"name\":\"Motorola MTP850Ex\/MTP810Ex Serie Tragetasche Schultergurt\"}]},{\"@type\":\"WebSite\",\"@id\":\"https:\/\/sure-antennas.com\/#website\",\"url\":\"https:\/\/sure-antennas.com\/\",\"name\":\"Sure Antennas\",\"description\":\"Sure Antennas site\",\"publisher\":{\"@id\":\"https:\/\/sure-antennas.com\/#organization\"},\"potentialAction\":[{\"@type\":\"SearchAction\",\"target\":{\"@type\":\"EntryPoint\",\"urlTemplate\":\"https:\/\/sure-antennas.com\/?s={search_term_string}\"},\"query-input\":{\"@type\":\"PropertyValueSpecification\",\"valueRequired\":true,\"valueName\":\"search_term_string\"}}],\"inLanguage\":\"de-DE\"},{\"@type\":\"Organization\",\"@id\":\"https:\/\/sure-antennas.com\/#organization\",\"name\":\"Sure Antennas\",\"url\":\"https:\/\/sure-antennas.com\/\",\"logo\":{\"@type\":\"ImageObject\",\"inLanguage\":\"de-DE\",\"@id\":\"https:\/\/sure-antennas.com\/#\/schema\/logo\/image\/\",\"url\":\"https:\/\/sure-antennas.com\/wp-content\/uploads\/2021\/04\/logo-1.png\",\"contentUrl\":\"https:\/\/sure-antennas.com\/wp-content\/uploads\/2021\/04\/logo-1.png\",\"width\":211,\"height\":52,\"caption\":\"Sure Antennas\"},\"image\":{\"@id\":\"https:\/\/sure-antennas.com\/#\/schema\/logo\/image\/\"}}]}<\/script>\n<!-- \/ Yoast SEO plugin. -->","yoast_head_json":{"title":"Motorola MTP850Ex\/MTP810Ex Serie Tragetasche Schultergurt - Sure Antennas","robots":{"index":"index","follow":"follow","max-snippet":"max-snippet:-1","max-image-preview":"max-image-preview:large","max-video-preview":"max-video-preview:-1"},"canonical":"https:\/\/sure-antennas.com\/de\/produkt\/motorola-mtp850ex-mtp810ex-serie-tragetasche-schultergurt\/","og_locale":"de_DE","og_type":"article","og_title":"Motorola MTP850Ex\/MTP810Ex Serie Tragetasche Schultergurt - Sure Antennas","og_description":"Tragel\u00f6sungen - G\u00fcrtelclips und andere f\u00fcr MTP850Ex\/MTP810Ex Serie   [...]Weiterlesen...","og_url":"https:\/\/sure-antennas.com\/de\/produkt\/motorola-mtp850ex-mtp810ex-serie-tragetasche-schultergurt\/","og_site_name":"Sure Antennas","article_modified_time":"2025-03-18T12:50:13+00:00","og_image":[{"width":534,"height":509,"url":"https:\/\/sure-antennas.com\/wp-content\/uploads\/2021\/05\/strap-1.png","type":"image\/png"}],"twitter_card":"summary_large_image","twitter_misc":{"Est. reading time":"1 minute"},"schema":{"@context":"https:\/\/schema.org","@graph":[{"@type":"WebPage","@id":"https:\/\/sure-antennas.com\/de\/produkt\/motorola-mtp850ex-mtp810ex-serie-tragetasche-schultergurt\/","url":"https:\/\/sure-antennas.com\/de\/produkt\/motorola-mtp850ex-mtp810ex-serie-tragetasche-schultergurt\/","name":"Motorola MTP850Ex\/MTP810Ex Serie Tragetasche Schultergurt - Sure Antennas","isPartOf":{"@id":"https:\/\/sure-antennas.com\/#website"},"primaryImageOfPage":{"@id":"https:\/\/sure-antennas.com\/de\/produkt\/motorola-mtp850ex-mtp810ex-serie-tragetasche-schultergurt\/#primaryimage"},"image":{"@id":"https:\/\/sure-antennas.com\/de\/produkt\/motorola-mtp850ex-mtp810ex-serie-tragetasche-schultergurt\/#primaryimage"},"thumbnailUrl":"https:\/\/sure-antennas.com\/wp-content\/uploads\/2021\/05\/strap-1.png","datePublished":"2021-05-25T13:14:15+00:00","dateModified":"2025-03-18T12:50:13+00:00","breadcrumb":{"@id":"https:\/\/sure-antennas.com\/de\/produkt\/motorola-mtp850ex-mtp810ex-serie-tragetasche-schultergurt\/#breadcrumb"},"inLanguage":"de-DE","potentialAction":[{"@type":"ReadAction","target":["https:\/\/sure-antennas.com\/de\/produkt\/motorola-mtp850ex-mtp810ex-serie-tragetasche-schultergurt\/"]}]},{"@type":"ImageObject","inLanguage":"de-DE","@id":"https:\/\/sure-antennas.com\/de\/produkt\/motorola-mtp850ex-mtp810ex-serie-tragetasche-schultergurt\/#primaryimage","url":"https:\/\/sure-antennas.com\/wp-content\/uploads\/2021\/05\/strap-1.png","contentUrl":"https:\/\/sure-antennas.com\/wp-content\/uploads\/2021\/05\/strap-1.png","width":534,"height":509},{"@type":"BreadcrumbList","@id":"https:\/\/sure-antennas.com\/de\/produkt\/motorola-mtp850ex-mtp810ex-serie-tragetasche-schultergurt\/#breadcrumb","itemListElement":[{"@type":"ListItem","position":1,"name":"Home","item":"https:\/\/sure-antennas.com\/de\/"},{"@type":"ListItem","position":2,"name":"Gesch\u00e4ft","item":"https:\/\/sure-antennas.com\/de\/geschaeft\/"},{"@type":"ListItem","position":3,"name":"Motorola MTP850Ex\/MTP810Ex Serie Tragetasche Schultergurt"}]},{"@type":"WebSite","@id":"https:\/\/sure-antennas.com\/#website","url":"https:\/\/sure-antennas.com\/","name":"Sure Antennas","description":"Sure Antennas site","publisher":{"@id":"https:\/\/sure-antennas.com\/#organization"},"potentialAction":[{"@type":"SearchAction","target":{"@type":"EntryPoint","urlTemplate":"https:\/\/sure-antennas.com\/?s={search_term_string}"},"query-input":{"@type":"PropertyValueSpecification","valueRequired":true,"valueName":"search_term_string"}}],"inLanguage":"de-DE"},{"@type":"Organization","@id":"https:\/\/sure-antennas.com\/#organization","name":"Sure Antennas","url":"https:\/\/sure-antennas.com\/","logo":{"@type":"ImageObject","inLanguage":"de-DE","@id":"https:\/\/sure-antennas.com\/#\/schema\/logo\/image\/","url":"https:\/\/sure-antennas.com\/wp-content\/uploads\/2021\/04\/logo-1.png","contentUrl":"https:\/\/sure-antennas.com\/wp-content\/uploads\/2021\/04\/logo-1.png","width":211,"height":52,"caption":"Sure Antennas"},"image":{"@id":"https:\/\/sure-antennas.com\/#\/schema\/logo\/image\/"}}]}},"_links":{"self":[{"href":"https:\/\/sure-antennas.com\/de\/wp-json\/wp\/v2\/product\/40627","targetHints":{"allow":["GET"]}}],"collection":[{"href":"https:\/\/sure-antennas.com\/de\/wp-json\/wp\/v2\/product"}],"about":[{"href":"https:\/\/sure-antennas.com\/de\/wp-json\/wp\/v2\/types\/product"}],"replies":[{"embeddable":true,"href":"https:\/\/sure-antennas.com\/de\/wp-json\/wp\/v2\/comments?post=40627"}],"wp:featuredmedia":[{"embeddable":true,"href":"https:\/\/sure-antennas.com\/de\/wp-json\/wp\/v2\/media\/36934"}],"wp:attachment":[{"href":"https:\/\/sure-antennas.com\/de\/wp-json\/wp\/v2\/media?parent=40627"}],"wp:term":[{"taxonomy":"product_brand","embeddable":true,"href":"https:\/\/sure-antennas.com\/de\/wp-json\/wp\/v2\/product_brand?post=40627"},{"taxonomy":"product_cat","embeddable":true,"href":"https:\/\/sure-antennas.com\/de\/wp-json\/wp\/v2\/product_cat?post=40627"},{"taxonomy":"product_tag","embeddable":true,"href":"https:\/\/sure-antennas.com\/de\/wp-json\/wp\/v2\/product_tag?post=40627"}],"curies":[{"name":"wp","href":"https:\/\/api.w.org\/{rel}","templated":true}]}}