{"id":44271,"date":"2025-06-11T14:12:36","date_gmt":"2025-06-11T14:12:36","guid":{"rendered":"https:\/\/sure-antennas.com\/?post_type=product&#038;p=44271"},"modified":"2025-06-23T10:44:39","modified_gmt":"2025-06-23T10:44:39","slug":"lbc240-sma-stecker-auf-sma-stecker","status":"publish","type":"product","link":"https:\/\/sure-antennas.com\/de\/produkt\/lbc240-sma-stecker-auf-sma-stecker\/","title":{"rendered":"LBC240 &#8211; SMA-Stecker auf SMA-Stecker &#8211; konfektioniertes Verl\u00e4ngerungskabel"},"content":{"rendered":"<p>Das <strong>3 Meter lange LBC240 HF-Verl\u00e4ngerungskabel<\/strong> wurde f\u00fcr eine leistungsstarke Signal\u00fcbertragung in Anwendungen entwickelt, die zuverl\u00e4ssige, verlustarme Verbindungen erfordern. Das aus <strong>LBC240-Koaxialkabel<\/strong> gefertigte Verl\u00e4ngerungskabel bietet eine hervorragende elektrische und mechanische Leistung und gew\u00e4hrleistet einen gleichm\u00e4\u00dfigen Betrieb \u00fcber einen breiten Frequenzbereich.<\/p>\n","protected":false},"excerpt":{"rendered":"<p>Sure Antennas kann kundenspezifische Kabel in jeder L\u00e4nge und mit verschiedenen Anschlussm\u00f6glichkeiten liefern. Kontaktieren Sie uns f\u00fcr weitere Informationen. [&#8230;]<\/p>\n<p><a class=\"btn btn-secondary understrap-read-more-link\" href=\"https:\/\/sure-antennas.com\/de\/produkt\/lbc240-sma-stecker-auf-sma-stecker\/\">Weiterlesen&#8230;<\/a><\/p>\n","protected":false},"featured_media":44237,"comment_status":"open","ping_status":"closed","template":"","meta":{"_acf_changed":false},"product_brand":[],"product_cat":[288],"product_tag":[],"class_list":{"0":"post-44271","1":"product","2":"type-product","3":"status-publish","4":"has-post-thumbnail","6":"product_cat-installation-cables-de","8":"first","9":"instock","10":"shipping-taxable","11":"product-type-simple"},"acf":[],"yoast_head":"<!-- This site is optimized with the Yoast SEO plugin v27.5 - https:\/\/yoast.com\/product\/yoast-seo-wordpress\/ -->\n<title>LBC240 - SMA-Stecker auf SMA-Stecker | Sure Antennas<\/title>\n<meta name=\"description\" content=\"Das SCTS1TS1-00500-LBC195 Verl\u00e4ngerungskabel ist ein hochwertiges RF-Verl\u00e4ngerungskabel, das f\u00fcr eine zuverl\u00e4ssige Signal\u00fcbertragung ausgelegt ist.\" \/>\n<meta name=\"robots\" content=\"index, follow, max-snippet:-1, max-image-preview:large, max-video-preview:-1\" \/>\n<link rel=\"canonical\" href=\"https:\/\/sure-antennas.com\/de\/produkt\/lbc240-sma-stecker-auf-sma-stecker\/\" \/>\n<meta property=\"og:locale\" content=\"de_DE\" \/>\n<meta property=\"og:type\" content=\"article\" \/>\n<meta property=\"og:title\" content=\"LBC240 - SMA-Stecker auf SMA-Stecker | Sure Antennas\" \/>\n<meta property=\"og:description\" content=\"Das SCTS1TS1-00500-LBC195 Verl\u00e4ngerungskabel ist ein hochwertiges RF-Verl\u00e4ngerungskabel, das f\u00fcr eine zuverl\u00e4ssige Signal\u00fcbertragung ausgelegt ist.\" \/>\n<meta property=\"og:url\" content=\"https:\/\/sure-antennas.com\/de\/produkt\/lbc240-sma-stecker-auf-sma-stecker\/\" \/>\n<meta property=\"og:site_name\" content=\"Sure Antennas\" \/>\n<meta property=\"article:modified_time\" content=\"2025-06-23T10:44:39+00:00\" \/>\n<meta property=\"og:image\" content=\"https:\/\/sure-antennas.com\/wp-content\/uploads\/2021\/06\/sma-2.png\" \/>\n\t<meta property=\"og:image:width\" content=\"500\" \/>\n\t<meta property=\"og:image:height\" content=\"500\" \/>\n\t<meta property=\"og:image:type\" content=\"image\/png\" \/>\n<meta name=\"twitter:card\" content=\"summary_large_image\" \/>\n<meta name=\"twitter:label1\" content=\"Est. reading time\" \/>\n\t<meta name=\"twitter:data1\" content=\"1 minute\" \/>\n<script type=\"application\/ld+json\" class=\"yoast-schema-graph\">{\"@context\":\"https:\\\/\\\/schema.org\",\"@graph\":[{\"@type\":\"WebPage\",\"@id\":\"https:\\\/\\\/sure-antennas.com\\\/de\\\/produkt\\\/lbc240-sma-stecker-auf-sma-stecker\\\/\",\"url\":\"https:\\\/\\\/sure-antennas.com\\\/de\\\/produkt\\\/lbc240-sma-stecker-auf-sma-stecker\\\/\",\"name\":\"LBC240 - SMA-Stecker auf SMA-Stecker | Sure Antennas\",\"isPartOf\":{\"@id\":\"https:\\\/\\\/sure-antennas.com\\\/#website\"},\"primaryImageOfPage\":{\"@id\":\"https:\\\/\\\/sure-antennas.com\\\/de\\\/produkt\\\/lbc240-sma-stecker-auf-sma-stecker\\\/#primaryimage\"},\"image\":{\"@id\":\"https:\\\/\\\/sure-antennas.com\\\/de\\\/produkt\\\/lbc240-sma-stecker-auf-sma-stecker\\\/#primaryimage\"},\"thumbnailUrl\":\"https:\\\/\\\/sure-antennas.com\\\/wp-content\\\/uploads\\\/2021\\\/06\\\/sma-2.png\",\"datePublished\":\"2025-06-11T14:12:36+00:00\",\"dateModified\":\"2025-06-23T10:44:39+00:00\",\"description\":\"Das SCTS1TS1-00500-LBC195 Verl\u00e4ngerungskabel ist ein hochwertiges RF-Verl\u00e4ngerungskabel, das f\u00fcr eine zuverl\u00e4ssige Signal\u00fcbertragung ausgelegt ist.\",\"breadcrumb\":{\"@id\":\"https:\\\/\\\/sure-antennas.com\\\/de\\\/produkt\\\/lbc240-sma-stecker-auf-sma-stecker\\\/#breadcrumb\"},\"inLanguage\":\"de-DE\",\"potentialAction\":[{\"@type\":\"ReadAction\",\"target\":[\"https:\\\/\\\/sure-antennas.com\\\/de\\\/produkt\\\/lbc240-sma-stecker-auf-sma-stecker\\\/\"]}]},{\"@type\":\"ImageObject\",\"inLanguage\":\"de-DE\",\"@id\":\"https:\\\/\\\/sure-antennas.com\\\/de\\\/produkt\\\/lbc240-sma-stecker-auf-sma-stecker\\\/#primaryimage\",\"url\":\"https:\\\/\\\/sure-antennas.com\\\/wp-content\\\/uploads\\\/2021\\\/06\\\/sma-2.png\",\"contentUrl\":\"https:\\\/\\\/sure-antennas.com\\\/wp-content\\\/uploads\\\/2021\\\/06\\\/sma-2.png\",\"width\":500,\"height\":500},{\"@type\":\"BreadcrumbList\",\"@id\":\"https:\\\/\\\/sure-antennas.com\\\/de\\\/produkt\\\/lbc240-sma-stecker-auf-sma-stecker\\\/#breadcrumb\",\"itemListElement\":[{\"@type\":\"ListItem\",\"position\":1,\"name\":\"Home\",\"item\":\"https:\\\/\\\/sure-antennas.com\\\/de\\\/\"},{\"@type\":\"ListItem\",\"position\":2,\"name\":\"Gesch\u00e4ft\",\"item\":\"https:\\\/\\\/sure-antennas.com\\\/de\\\/geschaeft\\\/\"},{\"@type\":\"ListItem\",\"position\":3,\"name\":\"LBC240 &#8211; SMA-Stecker auf SMA-Stecker &#8211; konfektioniertes Verl\u00e4ngerungskabel\"}]},{\"@type\":\"WebSite\",\"@id\":\"https:\\\/\\\/sure-antennas.com\\\/#website\",\"url\":\"https:\\\/\\\/sure-antennas.com\\\/\",\"name\":\"Sure Antennas\",\"description\":\"Sure Antennas site\",\"publisher\":{\"@id\":\"https:\\\/\\\/sure-antennas.com\\\/#organization\"},\"potentialAction\":[{\"@type\":\"SearchAction\",\"target\":{\"@type\":\"EntryPoint\",\"urlTemplate\":\"https:\\\/\\\/sure-antennas.com\\\/?s={search_term_string}\"},\"query-input\":{\"@type\":\"PropertyValueSpecification\",\"valueRequired\":true,\"valueName\":\"search_term_string\"}}],\"inLanguage\":\"de-DE\"},{\"@type\":\"Organization\",\"@id\":\"https:\\\/\\\/sure-antennas.com\\\/#organization\",\"name\":\"Sure Antennas\",\"url\":\"https:\\\/\\\/sure-antennas.com\\\/\",\"logo\":{\"@type\":\"ImageObject\",\"inLanguage\":\"de-DE\",\"@id\":\"https:\\\/\\\/sure-antennas.com\\\/#\\\/schema\\\/logo\\\/image\\\/\",\"url\":\"https:\\\/\\\/sure-antennas.com\\\/wp-content\\\/uploads\\\/2021\\\/04\\\/logo-1.png\",\"contentUrl\":\"https:\\\/\\\/sure-antennas.com\\\/wp-content\\\/uploads\\\/2021\\\/04\\\/logo-1.png\",\"width\":211,\"height\":52,\"caption\":\"Sure Antennas\"},\"image\":{\"@id\":\"https:\\\/\\\/sure-antennas.com\\\/#\\\/schema\\\/logo\\\/image\\\/\"}}]}<\/script>\n<!-- \/ Yoast SEO plugin. -->","yoast_head_json":{"title":"LBC240 - SMA-Stecker auf SMA-Stecker | Sure Antennas","description":"Das SCTS1TS1-00500-LBC195 Verl\u00e4ngerungskabel ist ein hochwertiges RF-Verl\u00e4ngerungskabel, das f\u00fcr eine zuverl\u00e4ssige Signal\u00fcbertragung ausgelegt ist.","robots":{"index":"index","follow":"follow","max-snippet":"max-snippet:-1","max-image-preview":"max-image-preview:large","max-video-preview":"max-video-preview:-1"},"canonical":"https:\/\/sure-antennas.com\/de\/produkt\/lbc240-sma-stecker-auf-sma-stecker\/","og_locale":"de_DE","og_type":"article","og_title":"LBC240 - SMA-Stecker auf SMA-Stecker | Sure Antennas","og_description":"Das SCTS1TS1-00500-LBC195 Verl\u00e4ngerungskabel ist ein hochwertiges RF-Verl\u00e4ngerungskabel, das f\u00fcr eine zuverl\u00e4ssige Signal\u00fcbertragung ausgelegt ist.","og_url":"https:\/\/sure-antennas.com\/de\/produkt\/lbc240-sma-stecker-auf-sma-stecker\/","og_site_name":"Sure Antennas","article_modified_time":"2025-06-23T10:44:39+00:00","og_image":[{"width":500,"height":500,"url":"https:\/\/sure-antennas.com\/wp-content\/uploads\/2021\/06\/sma-2.png","type":"image\/png"}],"twitter_card":"summary_large_image","twitter_misc":{"Est. reading time":"1 minute"},"schema":{"@context":"https:\/\/schema.org","@graph":[{"@type":"WebPage","@id":"https:\/\/sure-antennas.com\/de\/produkt\/lbc240-sma-stecker-auf-sma-stecker\/","url":"https:\/\/sure-antennas.com\/de\/produkt\/lbc240-sma-stecker-auf-sma-stecker\/","name":"LBC240 - SMA-Stecker auf SMA-Stecker | Sure Antennas","isPartOf":{"@id":"https:\/\/sure-antennas.com\/#website"},"primaryImageOfPage":{"@id":"https:\/\/sure-antennas.com\/de\/produkt\/lbc240-sma-stecker-auf-sma-stecker\/#primaryimage"},"image":{"@id":"https:\/\/sure-antennas.com\/de\/produkt\/lbc240-sma-stecker-auf-sma-stecker\/#primaryimage"},"thumbnailUrl":"https:\/\/sure-antennas.com\/wp-content\/uploads\/2021\/06\/sma-2.png","datePublished":"2025-06-11T14:12:36+00:00","dateModified":"2025-06-23T10:44:39+00:00","description":"Das SCTS1TS1-00500-LBC195 Verl\u00e4ngerungskabel ist ein hochwertiges RF-Verl\u00e4ngerungskabel, das f\u00fcr eine zuverl\u00e4ssige Signal\u00fcbertragung ausgelegt ist.","breadcrumb":{"@id":"https:\/\/sure-antennas.com\/de\/produkt\/lbc240-sma-stecker-auf-sma-stecker\/#breadcrumb"},"inLanguage":"de-DE","potentialAction":[{"@type":"ReadAction","target":["https:\/\/sure-antennas.com\/de\/produkt\/lbc240-sma-stecker-auf-sma-stecker\/"]}]},{"@type":"ImageObject","inLanguage":"de-DE","@id":"https:\/\/sure-antennas.com\/de\/produkt\/lbc240-sma-stecker-auf-sma-stecker\/#primaryimage","url":"https:\/\/sure-antennas.com\/wp-content\/uploads\/2021\/06\/sma-2.png","contentUrl":"https:\/\/sure-antennas.com\/wp-content\/uploads\/2021\/06\/sma-2.png","width":500,"height":500},{"@type":"BreadcrumbList","@id":"https:\/\/sure-antennas.com\/de\/produkt\/lbc240-sma-stecker-auf-sma-stecker\/#breadcrumb","itemListElement":[{"@type":"ListItem","position":1,"name":"Home","item":"https:\/\/sure-antennas.com\/de\/"},{"@type":"ListItem","position":2,"name":"Gesch\u00e4ft","item":"https:\/\/sure-antennas.com\/de\/geschaeft\/"},{"@type":"ListItem","position":3,"name":"LBC240 &#8211; SMA-Stecker auf SMA-Stecker &#8211; konfektioniertes Verl\u00e4ngerungskabel"}]},{"@type":"WebSite","@id":"https:\/\/sure-antennas.com\/#website","url":"https:\/\/sure-antennas.com\/","name":"Sure Antennas","description":"Sure Antennas site","publisher":{"@id":"https:\/\/sure-antennas.com\/#organization"},"potentialAction":[{"@type":"SearchAction","target":{"@type":"EntryPoint","urlTemplate":"https:\/\/sure-antennas.com\/?s={search_term_string}"},"query-input":{"@type":"PropertyValueSpecification","valueRequired":true,"valueName":"search_term_string"}}],"inLanguage":"de-DE"},{"@type":"Organization","@id":"https:\/\/sure-antennas.com\/#organization","name":"Sure Antennas","url":"https:\/\/sure-antennas.com\/","logo":{"@type":"ImageObject","inLanguage":"de-DE","@id":"https:\/\/sure-antennas.com\/#\/schema\/logo\/image\/","url":"https:\/\/sure-antennas.com\/wp-content\/uploads\/2021\/04\/logo-1.png","contentUrl":"https:\/\/sure-antennas.com\/wp-content\/uploads\/2021\/04\/logo-1.png","width":211,"height":52,"caption":"Sure Antennas"},"image":{"@id":"https:\/\/sure-antennas.com\/#\/schema\/logo\/image\/"}}]}},"_links":{"self":[{"href":"https:\/\/sure-antennas.com\/de\/wp-json\/wp\/v2\/product\/44271","targetHints":{"allow":["GET"]}}],"collection":[{"href":"https:\/\/sure-antennas.com\/de\/wp-json\/wp\/v2\/product"}],"about":[{"href":"https:\/\/sure-antennas.com\/de\/wp-json\/wp\/v2\/types\/product"}],"replies":[{"embeddable":true,"href":"https:\/\/sure-antennas.com\/de\/wp-json\/wp\/v2\/comments?post=44271"}],"wp:featuredmedia":[{"embeddable":true,"href":"https:\/\/sure-antennas.com\/de\/wp-json\/wp\/v2\/media\/44237"}],"wp:attachment":[{"href":"https:\/\/sure-antennas.com\/de\/wp-json\/wp\/v2\/media?parent=44271"}],"wp:term":[{"taxonomy":"product_brand","embeddable":true,"href":"https:\/\/sure-antennas.com\/de\/wp-json\/wp\/v2\/product_brand?post=44271"},{"taxonomy":"product_cat","embeddable":true,"href":"https:\/\/sure-antennas.com\/de\/wp-json\/wp\/v2\/product_cat?post=44271"},{"taxonomy":"product_tag","embeddable":true,"href":"https:\/\/sure-antennas.com\/de\/wp-json\/wp\/v2\/product_tag?post=44271"}],"curies":[{"name":"wp","href":"https:\/\/api.w.org\/{rel}","templated":true}]}}