{"id":45310,"date":"2025-06-27T08:10:53","date_gmt":"2025-06-27T08:10:53","guid":{"rendered":"https:\/\/sure-antennas.com\/product\/vag-group-repositioning-kits\/"},"modified":"2025-09-17T11:48:22","modified_gmt":"2025-09-17T11:48:22","slug":"vag-gruppe-umbausaetze","status":"publish","type":"product","link":"https:\/\/sure-antennas.com\/de\/produkt\/vag-gruppe-umbausaetze\/","title":{"rendered":"VW-Gruppe Umbaus\u00e4tze &#8211; Mehrere Artikelnummern"},"content":{"rendered":"<p>Wir verstehen, dass der Platz auf den D\u00e4chern von Fahrzeugen, insbesondere im Bereich der VAG-Gruppe, sehr knapp bemessen ist. Da moderne Spezialfahrzeuge zunehmend mehrere Antennenanschl\u00fcsse und -technologien ben\u00f6tigen, ist die Notwendigkeit, wertvollen Dachraum zu optimieren und zur\u00fcckzugewinnen, wichtiger denn je.<\/p>\n<p>Dank unserer umfassenden Erfahrung mit OEM-Antennensystemen f\u00fcr eine Vielzahl von Modellen des VAG-Konzerns haben wir eine Reihe von OEM-Antennen-Umpositionierungskits speziell f\u00fcr beliebte Blaulichtfahrzeuge entwickelt. Bitte kontaktieren Sie uns, wenn Sie nach Optionen f\u00fcr andere VAG Fahrzeuge oder spezielle Bauvarianten suchen.<\/p>\n<p>Diese Kits sind f\u00fcr die neueste Generation der Fahrzeuge von Volkswagen, Audi, SEAT und \u0160koda konzipiert. Sie erm\u00f6glichen es, die OEM-Haifischflossenantenne auf dem Dach unauff\u00e4llig an einer anderen Stelle des Fahrzeugs zu positionieren. Die bestehende Fahrzeugverkabelung wird beibehalten, w\u00e4hrend die internen, an der Scheibe montierten Antennen verwendet werden, um die OEM-Funktionen des Fahrzeugs zu erhalten. Dadurch wird die urspr\u00fcngliche Antennenposition frei f\u00fcr die Aufnahme einer optionalen VAG-spezifischen Antennenhalterung, die den Einbau unserer Multifunktionsantennen \u201eMallard\u201c oder \u201eSandcastle\u201c erm\u00f6glicht. Durch die Verwendung von FAKRA-Steckern aus der Automobilindustrie bleibt das System vollst\u00e4ndig OEM-kompatibel und unabh\u00e4ngig von installierten kritischen Kommunikationssystemen.<\/p>\n<p data-start=\"1466\" data-end=\"1551\"><strong>Wir bieten diese Kits in zwei Konfigurationen an:<\/strong><\/p>\n<ul>\n<li data-start=\"1554\" data-end=\"1645\"><strong>Nur Modifizierung<\/strong>: Sie senden uns die Original-Erstausr\u00fcsterteile aus Ihrem Fahrzeug zum Umbau.<\/li>\n<li data-start=\"1554\" data-end=\"1645\"><strong>Nur Lieferung<\/strong>: Wir liefern eine neue OEM-Haifischflosseneinheit als Teil eines kompletten Kits, fertig zum Einbau.<\/li>\n<\/ul>\n<p data-start=\"1751\" data-end=\"2171\">In Verbindung mit unseren ma\u00dfgeschneiderten VAG-Antennenhalterungen und den vorw\u00e4rtskompatiblen \u201eMallard\u201c- oder \u201eSandcastle\u201c-Antennen macht dieses System Ihr Fahrzeug f\u00fcr die n\u00e4chsten Jahre zukunftssicher. Wir liefern auch Koaxialkabels\u00e4tze, um unsere Antennen mit einer breiten Palette von fahrzeugmontierten Modems, Telemetrieeinheiten, CCTV und anderen Kommunikationsger\u00e4ten zu verbinden.<\/p>\n<p data-start=\"2173\" data-end=\"2190\"><strong>Hauptmerkmale:<\/strong><\/p>\n<ul>\n<li data-start=\"2194\" data-end=\"2248\">Erh\u00e4ltlich in den Formaten \u201eNur modifizieren\u201c und \u201eNur liefern\u201c<\/li>\n<li data-start=\"2194\" data-end=\"2248\">Maximiert den Platz auf dem Dach f\u00fcr kritische Kommunikationsantennen oder Solarpaneele<\/li>\n<li data-start=\"2194\" data-end=\"2248\">Optionale farbkodierte Montageplatten f\u00fcr einen werksseitigen Eindruck<\/li>\n<li data-start=\"2194\" data-end=\"2248\">Vollst\u00e4ndige Plug-and-Play-L\u00f6sung &#8211; keine Fehler auf dem Armaturenbrett<\/li>\n<li data-start=\"2194\" data-end=\"2248\">Unterst\u00fctzt mehrere Arten von OEM-Haifischflossen-Antennen f\u00fcr die gesamte VAG-Palette<\/li>\n<\/ul>\n","protected":false},"excerpt":{"rendered":"<p>Mit diesem OEM-Antennennachr\u00fcstsatz f\u00fcr VAG-Modelle k\u00f6nnen Sie Ihre vorhandene Antenne durch eine kritische Kommunikationsantenne ersetzen. [&#8230;]<\/p>\n<p><a class=\"btn btn-secondary understrap-read-more-link\" href=\"https:\/\/sure-antennas.com\/de\/produkt\/vag-gruppe-umbausaetze\/\">Weiterlesen&#8230;<\/a><\/p>\n","protected":false},"featured_media":46201,"comment_status":"closed","ping_status":"closed","template":"","meta":{"_acf_changed":false},"product_brand":[],"product_cat":[283,274],"product_tag":[],"class_list":{"0":"post-45310","1":"product","2":"type-product","3":"status-publish","4":"has-post-thumbnail","6":"product_cat-repositioning-kits-de","7":"product_cat-tetra-vehicle-accessories-de","8":"manufacturer-repositioning-kits-de","10":"first","11":"instock","12":"shipping-taxable","13":"product-type-simple"},"acf":[],"yoast_head":"<!-- This site is optimized with the Yoast SEO plugin v27.4 - https:\/\/yoast.com\/product\/yoast-seo-wordpress\/ -->\n<title>VAG-Gruppe Umbaus\u00e4tze | Sure Antennas<\/title>\n<meta name=\"description\" content=\"OEM-Antennenverlagerungss\u00e4tze f\u00fcr Fahrzeuge der VAG-Gruppe, die den Platz auf dem Dach f\u00fcr Kommunikationsantennen freigeben.\" \/>\n<meta name=\"robots\" content=\"index, follow, max-snippet:-1, max-image-preview:large, max-video-preview:-1\" \/>\n<link rel=\"canonical\" href=\"https:\/\/sure-antennas.com\/de\/produkt\/vag-gruppe-umbausaetze\/\" \/>\n<meta property=\"og:locale\" content=\"de_DE\" \/>\n<meta property=\"og:type\" content=\"article\" \/>\n<meta property=\"og:title\" content=\"VAG-Gruppe Umbaus\u00e4tze | Sure Antennas\" \/>\n<meta property=\"og:description\" content=\"OEM-Antennenverlagerungss\u00e4tze f\u00fcr Fahrzeuge der VAG-Gruppe, die den Platz auf dem Dach f\u00fcr Kommunikationsantennen freigeben.\" \/>\n<meta property=\"og:url\" content=\"https:\/\/sure-antennas.com\/de\/produkt\/vag-gruppe-umbausaetze\/\" \/>\n<meta property=\"og:site_name\" content=\"Sure Antennas\" \/>\n<meta property=\"article:modified_time\" content=\"2025-09-17T11:48:22+00:00\" \/>\n<meta property=\"og:image\" content=\"https:\/\/sure-antennas.com\/wp-content\/uploads\/2025\/06\/anta.png\" \/>\n\t<meta property=\"og:image:width\" content=\"500\" \/>\n\t<meta property=\"og:image:height\" content=\"500\" \/>\n\t<meta property=\"og:image:type\" content=\"image\/png\" \/>\n<meta name=\"twitter:card\" content=\"summary_large_image\" \/>\n<meta name=\"twitter:label1\" content=\"Est. reading time\" \/>\n\t<meta name=\"twitter:data1\" content=\"2 minutes\" \/>\n<script type=\"application\/ld+json\" class=\"yoast-schema-graph\">{\"@context\":\"https:\\\/\\\/schema.org\",\"@graph\":[{\"@type\":\"WebPage\",\"@id\":\"https:\\\/\\\/sure-antennas.com\\\/de\\\/produkt\\\/vag-gruppe-umbausaetze\\\/\",\"url\":\"https:\\\/\\\/sure-antennas.com\\\/de\\\/produkt\\\/vag-gruppe-umbausaetze\\\/\",\"name\":\"VAG-Gruppe Umbaus\u00e4tze | Sure Antennas\",\"isPartOf\":{\"@id\":\"https:\\\/\\\/sure-antennas.com\\\/#website\"},\"primaryImageOfPage\":{\"@id\":\"https:\\\/\\\/sure-antennas.com\\\/de\\\/produkt\\\/vag-gruppe-umbausaetze\\\/#primaryimage\"},\"image\":{\"@id\":\"https:\\\/\\\/sure-antennas.com\\\/de\\\/produkt\\\/vag-gruppe-umbausaetze\\\/#primaryimage\"},\"thumbnailUrl\":\"https:\\\/\\\/sure-antennas.com\\\/wp-content\\\/uploads\\\/2025\\\/06\\\/anta.png\",\"datePublished\":\"2025-06-27T08:10:53+00:00\",\"dateModified\":\"2025-09-17T11:48:22+00:00\",\"description\":\"OEM-Antennenverlagerungss\u00e4tze f\u00fcr Fahrzeuge der VAG-Gruppe, die den Platz auf dem Dach f\u00fcr Kommunikationsantennen freigeben.\",\"breadcrumb\":{\"@id\":\"https:\\\/\\\/sure-antennas.com\\\/de\\\/produkt\\\/vag-gruppe-umbausaetze\\\/#breadcrumb\"},\"inLanguage\":\"de-DE\",\"potentialAction\":[{\"@type\":\"ReadAction\",\"target\":[\"https:\\\/\\\/sure-antennas.com\\\/de\\\/produkt\\\/vag-gruppe-umbausaetze\\\/\"]}]},{\"@type\":\"ImageObject\",\"inLanguage\":\"de-DE\",\"@id\":\"https:\\\/\\\/sure-antennas.com\\\/de\\\/produkt\\\/vag-gruppe-umbausaetze\\\/#primaryimage\",\"url\":\"https:\\\/\\\/sure-antennas.com\\\/wp-content\\\/uploads\\\/2025\\\/06\\\/anta.png\",\"contentUrl\":\"https:\\\/\\\/sure-antennas.com\\\/wp-content\\\/uploads\\\/2025\\\/06\\\/anta.png\",\"width\":500,\"height\":500},{\"@type\":\"BreadcrumbList\",\"@id\":\"https:\\\/\\\/sure-antennas.com\\\/de\\\/produkt\\\/vag-gruppe-umbausaetze\\\/#breadcrumb\",\"itemListElement\":[{\"@type\":\"ListItem\",\"position\":1,\"name\":\"Home\",\"item\":\"https:\\\/\\\/sure-antennas.com\\\/de\\\/\"},{\"@type\":\"ListItem\",\"position\":2,\"name\":\"Gesch\u00e4ft\",\"item\":\"https:\\\/\\\/sure-antennas.com\\\/de\\\/geschaeft\\\/\"},{\"@type\":\"ListItem\",\"position\":3,\"name\":\"VW-Gruppe Umbaus\u00e4tze &#8211; Mehrere Artikelnummern\"}]},{\"@type\":\"WebSite\",\"@id\":\"https:\\\/\\\/sure-antennas.com\\\/#website\",\"url\":\"https:\\\/\\\/sure-antennas.com\\\/\",\"name\":\"Sure Antennas\",\"description\":\"Sure Antennas site\",\"publisher\":{\"@id\":\"https:\\\/\\\/sure-antennas.com\\\/#organization\"},\"potentialAction\":[{\"@type\":\"SearchAction\",\"target\":{\"@type\":\"EntryPoint\",\"urlTemplate\":\"https:\\\/\\\/sure-antennas.com\\\/?s={search_term_string}\"},\"query-input\":{\"@type\":\"PropertyValueSpecification\",\"valueRequired\":true,\"valueName\":\"search_term_string\"}}],\"inLanguage\":\"de-DE\"},{\"@type\":\"Organization\",\"@id\":\"https:\\\/\\\/sure-antennas.com\\\/#organization\",\"name\":\"Sure Antennas\",\"url\":\"https:\\\/\\\/sure-antennas.com\\\/\",\"logo\":{\"@type\":\"ImageObject\",\"inLanguage\":\"de-DE\",\"@id\":\"https:\\\/\\\/sure-antennas.com\\\/#\\\/schema\\\/logo\\\/image\\\/\",\"url\":\"https:\\\/\\\/sure-antennas.com\\\/wp-content\\\/uploads\\\/2021\\\/04\\\/logo-1.png\",\"contentUrl\":\"https:\\\/\\\/sure-antennas.com\\\/wp-content\\\/uploads\\\/2021\\\/04\\\/logo-1.png\",\"width\":211,\"height\":52,\"caption\":\"Sure Antennas\"},\"image\":{\"@id\":\"https:\\\/\\\/sure-antennas.com\\\/#\\\/schema\\\/logo\\\/image\\\/\"}}]}<\/script>\n<!-- \/ Yoast SEO plugin. -->","yoast_head_json":{"title":"VAG-Gruppe Umbaus\u00e4tze | Sure Antennas","description":"OEM-Antennenverlagerungss\u00e4tze f\u00fcr Fahrzeuge der VAG-Gruppe, die den Platz auf dem Dach f\u00fcr Kommunikationsantennen freigeben.","robots":{"index":"index","follow":"follow","max-snippet":"max-snippet:-1","max-image-preview":"max-image-preview:large","max-video-preview":"max-video-preview:-1"},"canonical":"https:\/\/sure-antennas.com\/de\/produkt\/vag-gruppe-umbausaetze\/","og_locale":"de_DE","og_type":"article","og_title":"VAG-Gruppe Umbaus\u00e4tze | Sure Antennas","og_description":"OEM-Antennenverlagerungss\u00e4tze f\u00fcr Fahrzeuge der VAG-Gruppe, die den Platz auf dem Dach f\u00fcr Kommunikationsantennen freigeben.","og_url":"https:\/\/sure-antennas.com\/de\/produkt\/vag-gruppe-umbausaetze\/","og_site_name":"Sure Antennas","article_modified_time":"2025-09-17T11:48:22+00:00","og_image":[{"width":500,"height":500,"url":"https:\/\/sure-antennas.com\/wp-content\/uploads\/2025\/06\/anta.png","type":"image\/png"}],"twitter_card":"summary_large_image","twitter_misc":{"Est. reading time":"2 minutes"},"schema":{"@context":"https:\/\/schema.org","@graph":[{"@type":"WebPage","@id":"https:\/\/sure-antennas.com\/de\/produkt\/vag-gruppe-umbausaetze\/","url":"https:\/\/sure-antennas.com\/de\/produkt\/vag-gruppe-umbausaetze\/","name":"VAG-Gruppe Umbaus\u00e4tze | Sure Antennas","isPartOf":{"@id":"https:\/\/sure-antennas.com\/#website"},"primaryImageOfPage":{"@id":"https:\/\/sure-antennas.com\/de\/produkt\/vag-gruppe-umbausaetze\/#primaryimage"},"image":{"@id":"https:\/\/sure-antennas.com\/de\/produkt\/vag-gruppe-umbausaetze\/#primaryimage"},"thumbnailUrl":"https:\/\/sure-antennas.com\/wp-content\/uploads\/2025\/06\/anta.png","datePublished":"2025-06-27T08:10:53+00:00","dateModified":"2025-09-17T11:48:22+00:00","description":"OEM-Antennenverlagerungss\u00e4tze f\u00fcr Fahrzeuge der VAG-Gruppe, die den Platz auf dem Dach f\u00fcr Kommunikationsantennen freigeben.","breadcrumb":{"@id":"https:\/\/sure-antennas.com\/de\/produkt\/vag-gruppe-umbausaetze\/#breadcrumb"},"inLanguage":"de-DE","potentialAction":[{"@type":"ReadAction","target":["https:\/\/sure-antennas.com\/de\/produkt\/vag-gruppe-umbausaetze\/"]}]},{"@type":"ImageObject","inLanguage":"de-DE","@id":"https:\/\/sure-antennas.com\/de\/produkt\/vag-gruppe-umbausaetze\/#primaryimage","url":"https:\/\/sure-antennas.com\/wp-content\/uploads\/2025\/06\/anta.png","contentUrl":"https:\/\/sure-antennas.com\/wp-content\/uploads\/2025\/06\/anta.png","width":500,"height":500},{"@type":"BreadcrumbList","@id":"https:\/\/sure-antennas.com\/de\/produkt\/vag-gruppe-umbausaetze\/#breadcrumb","itemListElement":[{"@type":"ListItem","position":1,"name":"Home","item":"https:\/\/sure-antennas.com\/de\/"},{"@type":"ListItem","position":2,"name":"Gesch\u00e4ft","item":"https:\/\/sure-antennas.com\/de\/geschaeft\/"},{"@type":"ListItem","position":3,"name":"VW-Gruppe Umbaus\u00e4tze &#8211; Mehrere Artikelnummern"}]},{"@type":"WebSite","@id":"https:\/\/sure-antennas.com\/#website","url":"https:\/\/sure-antennas.com\/","name":"Sure Antennas","description":"Sure Antennas site","publisher":{"@id":"https:\/\/sure-antennas.com\/#organization"},"potentialAction":[{"@type":"SearchAction","target":{"@type":"EntryPoint","urlTemplate":"https:\/\/sure-antennas.com\/?s={search_term_string}"},"query-input":{"@type":"PropertyValueSpecification","valueRequired":true,"valueName":"search_term_string"}}],"inLanguage":"de-DE"},{"@type":"Organization","@id":"https:\/\/sure-antennas.com\/#organization","name":"Sure Antennas","url":"https:\/\/sure-antennas.com\/","logo":{"@type":"ImageObject","inLanguage":"de-DE","@id":"https:\/\/sure-antennas.com\/#\/schema\/logo\/image\/","url":"https:\/\/sure-antennas.com\/wp-content\/uploads\/2021\/04\/logo-1.png","contentUrl":"https:\/\/sure-antennas.com\/wp-content\/uploads\/2021\/04\/logo-1.png","width":211,"height":52,"caption":"Sure Antennas"},"image":{"@id":"https:\/\/sure-antennas.com\/#\/schema\/logo\/image\/"}}]}},"_links":{"self":[{"href":"https:\/\/sure-antennas.com\/de\/wp-json\/wp\/v2\/product\/45310","targetHints":{"allow":["GET"]}}],"collection":[{"href":"https:\/\/sure-antennas.com\/de\/wp-json\/wp\/v2\/product"}],"about":[{"href":"https:\/\/sure-antennas.com\/de\/wp-json\/wp\/v2\/types\/product"}],"replies":[{"embeddable":true,"href":"https:\/\/sure-antennas.com\/de\/wp-json\/wp\/v2\/comments?post=45310"}],"wp:featuredmedia":[{"embeddable":true,"href":"https:\/\/sure-antennas.com\/de\/wp-json\/wp\/v2\/media\/46201"}],"wp:attachment":[{"href":"https:\/\/sure-antennas.com\/de\/wp-json\/wp\/v2\/media?parent=45310"}],"wp:term":[{"taxonomy":"product_brand","embeddable":true,"href":"https:\/\/sure-antennas.com\/de\/wp-json\/wp\/v2\/product_brand?post=45310"},{"taxonomy":"product_cat","embeddable":true,"href":"https:\/\/sure-antennas.com\/de\/wp-json\/wp\/v2\/product_cat?post=45310"},{"taxonomy":"product_tag","embeddable":true,"href":"https:\/\/sure-antennas.com\/de\/wp-json\/wp\/v2\/product_tag?post=45310"}],"curies":[{"name":"wp","href":"https:\/\/api.w.org\/{rel}","templated":true}]}}