{"id":46100,"date":"2025-07-16T11:12:42","date_gmt":"2025-07-16T11:12:42","guid":{"rendered":"https:\/\/sure-antennas.com\/product\/fully-covert-ford-kuga-antenna\/"},"modified":"2025-12-11T10:00:07","modified_gmt":"2025-12-11T10:00:07","slug":"vollstaendig-verdeckte-ford-kuga-antenne","status":"publish","type":"product","link":"https:\/\/sure-antennas.com\/de\/produkt\/vollstaendig-verdeckte-ford-kuga-antenne\/","title":{"rendered":"Vollst\u00e4ndig Verdeckte Ford Kuga Doppel-Haifischflossen-Antenne"},"content":{"rendered":"<p>Diese verdeckte Antennenmodifizierung ist eine echte OEM-Antenne f\u00fcr einen Ford Kuga.<\/p>\n<p>Erh\u00e4ltlich als ein \u201eLiefern &amp; Modifizieren\u201c-L\u00f6sung oder \u201eNur Modifizieren\u201c, kann die Antenne lackiert werden, um Ihr Fahrzeug Farbe anzupassen, falls erforderlich. Nach der Lackierung wird jede unserer Antennen einzeln getestet, um sicherzustellen, dass die Frequenzleistung nicht durch die gelieferte Lackierung beeintr\u00e4chtigt wird.<\/p>\n<p>Alle unsere Antennen werden auf die von Ihnen gew\u00fcnschte Frequenz modifiziert und vor der Auslieferung an unsere Techniker vollst\u00e4ndig auf ihre Spezifikation gepr\u00fcft.<\/p>\n<p>Diese Antenne ist in der Regel innerhalb von f\u00fcnf Arbeitstagen verf\u00fcgbar, je nach Farbwunsch und Frequenzanforderungen.<\/p>\n<p>Bitte kontaktieren Sie uns unter +44 (0)151 334 9160 f\u00fcr weitere Informationen.<\/p>\n","protected":false},"excerpt":{"rendered":"<p>Diese Einbauantenne kann so modifiziert werden, dass sie eine Reihe von Frequenzb\u00e4ndern erg\u00e4nzt, um die verdeckte Natur Ihres Ford Kuga zu verschleiern. [&#8230;]<\/p>\n<p><a class=\"btn btn-secondary understrap-read-more-link\" href=\"https:\/\/sure-antennas.com\/de\/produkt\/vollstaendig-verdeckte-ford-kuga-antenne\/\">Weiterlesen&#8230;<\/a><\/p>\n","protected":false},"featured_media":46099,"comment_status":"closed","ping_status":"closed","template":"","meta":{"_acf_changed":false},"product_brand":[],"product_cat":[257],"product_tag":[264,279,265,266,267,268,269,270,305,271],"class_list":{"0":"post-46100","1":"product","2":"type-product","3":"status-publish","4":"has-post-thumbnail","6":"product_cat-verdeckte-antennen","7":"product_tag-4g-de","8":"product_tag-5g-de","9":"product_tag-gps-de","10":"product_tag-gsm-de","11":"product_tag-perris-de","12":"product_tag-smart-de","13":"product_tag-tetra-de","14":"product_tag-uhf-de","15":"product_tag-vhf-de","16":"product_tag-wlan-de","17":"manufacturer-ford-de","19":"first","20":"instock","21":"shipping-taxable","22":"product-type-simple"},"acf":[],"yoast_head":"<!-- This site is optimized with the Yoast SEO plugin v27.0 - https:\/\/yoast.com\/product\/yoast-seo-wordpress\/ -->\n<title>Vollst\u00e4ndig Verdeckte Ford Kuga Doppel-Haifischflossen-Antenne - Sure Antennas<\/title>\n<meta name=\"description\" content=\"Diese doppelte Haifischflossenantenne kann so modifiziert werden, um die verdeckte Natur Ihres Ford Kuga zu verschleiern.\" \/>\n<meta name=\"robots\" content=\"index, follow, max-snippet:-1, max-image-preview:large, max-video-preview:-1\" \/>\n<link rel=\"canonical\" href=\"https:\/\/sure-antennas.com\/de\/produkt\/vollstaendig-verdeckte-ford-kuga-antenne\/\" \/>\n<meta property=\"og:locale\" content=\"de_DE\" \/>\n<meta property=\"og:type\" content=\"article\" \/>\n<meta property=\"og:title\" content=\"Vollst\u00e4ndig Verdeckte Ford Kuga Doppel-Haifischflossen-Antenne - Sure Antennas\" \/>\n<meta property=\"og:description\" content=\"Diese doppelte Haifischflossenantenne kann so modifiziert werden, um die verdeckte Natur Ihres Ford Kuga zu verschleiern.\" \/>\n<meta property=\"og:url\" content=\"https:\/\/sure-antennas.com\/de\/produkt\/vollstaendig-verdeckte-ford-kuga-antenne\/\" \/>\n<meta property=\"og:site_name\" content=\"Sure Antennas\" \/>\n<meta property=\"article:modified_time\" content=\"2025-12-11T10:00:07+00:00\" \/>\n<meta property=\"og:image\" content=\"https:\/\/sure-antennas.com\/wp-content\/uploads\/2025\/07\/Ford-Kuga-Antenna-2-Functions.jpg\" \/>\n\t<meta property=\"og:image:width\" content=\"1293\" \/>\n\t<meta property=\"og:image:height\" content=\"1084\" \/>\n\t<meta property=\"og:image:type\" content=\"image\/jpeg\" \/>\n<meta name=\"twitter:card\" content=\"summary_large_image\" \/>\n<meta name=\"twitter:label1\" content=\"Est. reading time\" \/>\n\t<meta name=\"twitter:data1\" content=\"1 minute\" \/>\n<script type=\"application\/ld+json\" class=\"yoast-schema-graph\">{\"@context\":\"https:\/\/schema.org\",\"@graph\":[{\"@type\":\"WebPage\",\"@id\":\"https:\/\/sure-antennas.com\/de\/produkt\/vollstaendig-verdeckte-ford-kuga-antenne\/\",\"url\":\"https:\/\/sure-antennas.com\/de\/produkt\/vollstaendig-verdeckte-ford-kuga-antenne\/\",\"name\":\"Vollst\u00e4ndig Verdeckte Ford Kuga Doppel-Haifischflossen-Antenne - Sure Antennas\",\"isPartOf\":{\"@id\":\"https:\/\/sure-antennas.com\/#website\"},\"primaryImageOfPage\":{\"@id\":\"https:\/\/sure-antennas.com\/de\/produkt\/vollstaendig-verdeckte-ford-kuga-antenne\/#primaryimage\"},\"image\":{\"@id\":\"https:\/\/sure-antennas.com\/de\/produkt\/vollstaendig-verdeckte-ford-kuga-antenne\/#primaryimage\"},\"thumbnailUrl\":\"https:\/\/sure-antennas.com\/wp-content\/uploads\/2025\/07\/Ford-Kuga-Antenna-2-Functions.jpg\",\"datePublished\":\"2025-07-16T11:12:42+00:00\",\"dateModified\":\"2025-12-11T10:00:07+00:00\",\"description\":\"Diese doppelte Haifischflossenantenne kann so modifiziert werden, um die verdeckte Natur Ihres Ford Kuga zu verschleiern.\",\"breadcrumb\":{\"@id\":\"https:\/\/sure-antennas.com\/de\/produkt\/vollstaendig-verdeckte-ford-kuga-antenne\/#breadcrumb\"},\"inLanguage\":\"de-DE\",\"potentialAction\":[{\"@type\":\"ReadAction\",\"target\":[\"https:\/\/sure-antennas.com\/de\/produkt\/vollstaendig-verdeckte-ford-kuga-antenne\/\"]}]},{\"@type\":\"ImageObject\",\"inLanguage\":\"de-DE\",\"@id\":\"https:\/\/sure-antennas.com\/de\/produkt\/vollstaendig-verdeckte-ford-kuga-antenne\/#primaryimage\",\"url\":\"https:\/\/sure-antennas.com\/wp-content\/uploads\/2025\/07\/Ford-Kuga-Antenna-2-Functions.jpg\",\"contentUrl\":\"https:\/\/sure-antennas.com\/wp-content\/uploads\/2025\/07\/Ford-Kuga-Antenna-2-Functions.jpg\",\"width\":1293,\"height\":1084},{\"@type\":\"BreadcrumbList\",\"@id\":\"https:\/\/sure-antennas.com\/de\/produkt\/vollstaendig-verdeckte-ford-kuga-antenne\/#breadcrumb\",\"itemListElement\":[{\"@type\":\"ListItem\",\"position\":1,\"name\":\"Home\",\"item\":\"https:\/\/sure-antennas.com\/de\/\"},{\"@type\":\"ListItem\",\"position\":2,\"name\":\"Gesch\u00e4ft\",\"item\":\"https:\/\/sure-antennas.com\/de\/geschaeft\/\"},{\"@type\":\"ListItem\",\"position\":3,\"name\":\"Vollst\u00e4ndig Verdeckte Ford Kuga Doppel-Haifischflossen-Antenne\"}]},{\"@type\":\"WebSite\",\"@id\":\"https:\/\/sure-antennas.com\/#website\",\"url\":\"https:\/\/sure-antennas.com\/\",\"name\":\"Sure Antennas\",\"description\":\"Sure Antennas site\",\"publisher\":{\"@id\":\"https:\/\/sure-antennas.com\/#organization\"},\"potentialAction\":[{\"@type\":\"SearchAction\",\"target\":{\"@type\":\"EntryPoint\",\"urlTemplate\":\"https:\/\/sure-antennas.com\/?s={search_term_string}\"},\"query-input\":{\"@type\":\"PropertyValueSpecification\",\"valueRequired\":true,\"valueName\":\"search_term_string\"}}],\"inLanguage\":\"de-DE\"},{\"@type\":\"Organization\",\"@id\":\"https:\/\/sure-antennas.com\/#organization\",\"name\":\"Sure Antennas\",\"url\":\"https:\/\/sure-antennas.com\/\",\"logo\":{\"@type\":\"ImageObject\",\"inLanguage\":\"de-DE\",\"@id\":\"https:\/\/sure-antennas.com\/#\/schema\/logo\/image\/\",\"url\":\"https:\/\/sure-antennas.com\/wp-content\/uploads\/2021\/04\/logo-1.png\",\"contentUrl\":\"https:\/\/sure-antennas.com\/wp-content\/uploads\/2021\/04\/logo-1.png\",\"width\":211,\"height\":52,\"caption\":\"Sure Antennas\"},\"image\":{\"@id\":\"https:\/\/sure-antennas.com\/#\/schema\/logo\/image\/\"}}]}<\/script>\n<!-- \/ Yoast SEO plugin. -->","yoast_head_json":{"title":"Vollst\u00e4ndig Verdeckte Ford Kuga Doppel-Haifischflossen-Antenne - Sure Antennas","description":"Diese doppelte Haifischflossenantenne kann so modifiziert werden, um die verdeckte Natur Ihres Ford Kuga zu verschleiern.","robots":{"index":"index","follow":"follow","max-snippet":"max-snippet:-1","max-image-preview":"max-image-preview:large","max-video-preview":"max-video-preview:-1"},"canonical":"https:\/\/sure-antennas.com\/de\/produkt\/vollstaendig-verdeckte-ford-kuga-antenne\/","og_locale":"de_DE","og_type":"article","og_title":"Vollst\u00e4ndig Verdeckte Ford Kuga Doppel-Haifischflossen-Antenne - Sure Antennas","og_description":"Diese doppelte Haifischflossenantenne kann so modifiziert werden, um die verdeckte Natur Ihres Ford Kuga zu verschleiern.","og_url":"https:\/\/sure-antennas.com\/de\/produkt\/vollstaendig-verdeckte-ford-kuga-antenne\/","og_site_name":"Sure Antennas","article_modified_time":"2025-12-11T10:00:07+00:00","og_image":[{"width":1293,"height":1084,"url":"https:\/\/sure-antennas.com\/wp-content\/uploads\/2025\/07\/Ford-Kuga-Antenna-2-Functions.jpg","type":"image\/jpeg"}],"twitter_card":"summary_large_image","twitter_misc":{"Est. reading time":"1 minute"},"schema":{"@context":"https:\/\/schema.org","@graph":[{"@type":"WebPage","@id":"https:\/\/sure-antennas.com\/de\/produkt\/vollstaendig-verdeckte-ford-kuga-antenne\/","url":"https:\/\/sure-antennas.com\/de\/produkt\/vollstaendig-verdeckte-ford-kuga-antenne\/","name":"Vollst\u00e4ndig Verdeckte Ford Kuga Doppel-Haifischflossen-Antenne - Sure Antennas","isPartOf":{"@id":"https:\/\/sure-antennas.com\/#website"},"primaryImageOfPage":{"@id":"https:\/\/sure-antennas.com\/de\/produkt\/vollstaendig-verdeckte-ford-kuga-antenne\/#primaryimage"},"image":{"@id":"https:\/\/sure-antennas.com\/de\/produkt\/vollstaendig-verdeckte-ford-kuga-antenne\/#primaryimage"},"thumbnailUrl":"https:\/\/sure-antennas.com\/wp-content\/uploads\/2025\/07\/Ford-Kuga-Antenna-2-Functions.jpg","datePublished":"2025-07-16T11:12:42+00:00","dateModified":"2025-12-11T10:00:07+00:00","description":"Diese doppelte Haifischflossenantenne kann so modifiziert werden, um die verdeckte Natur Ihres Ford Kuga zu verschleiern.","breadcrumb":{"@id":"https:\/\/sure-antennas.com\/de\/produkt\/vollstaendig-verdeckte-ford-kuga-antenne\/#breadcrumb"},"inLanguage":"de-DE","potentialAction":[{"@type":"ReadAction","target":["https:\/\/sure-antennas.com\/de\/produkt\/vollstaendig-verdeckte-ford-kuga-antenne\/"]}]},{"@type":"ImageObject","inLanguage":"de-DE","@id":"https:\/\/sure-antennas.com\/de\/produkt\/vollstaendig-verdeckte-ford-kuga-antenne\/#primaryimage","url":"https:\/\/sure-antennas.com\/wp-content\/uploads\/2025\/07\/Ford-Kuga-Antenna-2-Functions.jpg","contentUrl":"https:\/\/sure-antennas.com\/wp-content\/uploads\/2025\/07\/Ford-Kuga-Antenna-2-Functions.jpg","width":1293,"height":1084},{"@type":"BreadcrumbList","@id":"https:\/\/sure-antennas.com\/de\/produkt\/vollstaendig-verdeckte-ford-kuga-antenne\/#breadcrumb","itemListElement":[{"@type":"ListItem","position":1,"name":"Home","item":"https:\/\/sure-antennas.com\/de\/"},{"@type":"ListItem","position":2,"name":"Gesch\u00e4ft","item":"https:\/\/sure-antennas.com\/de\/geschaeft\/"},{"@type":"ListItem","position":3,"name":"Vollst\u00e4ndig Verdeckte Ford Kuga Doppel-Haifischflossen-Antenne"}]},{"@type":"WebSite","@id":"https:\/\/sure-antennas.com\/#website","url":"https:\/\/sure-antennas.com\/","name":"Sure Antennas","description":"Sure Antennas site","publisher":{"@id":"https:\/\/sure-antennas.com\/#organization"},"potentialAction":[{"@type":"SearchAction","target":{"@type":"EntryPoint","urlTemplate":"https:\/\/sure-antennas.com\/?s={search_term_string}"},"query-input":{"@type":"PropertyValueSpecification","valueRequired":true,"valueName":"search_term_string"}}],"inLanguage":"de-DE"},{"@type":"Organization","@id":"https:\/\/sure-antennas.com\/#organization","name":"Sure Antennas","url":"https:\/\/sure-antennas.com\/","logo":{"@type":"ImageObject","inLanguage":"de-DE","@id":"https:\/\/sure-antennas.com\/#\/schema\/logo\/image\/","url":"https:\/\/sure-antennas.com\/wp-content\/uploads\/2021\/04\/logo-1.png","contentUrl":"https:\/\/sure-antennas.com\/wp-content\/uploads\/2021\/04\/logo-1.png","width":211,"height":52,"caption":"Sure Antennas"},"image":{"@id":"https:\/\/sure-antennas.com\/#\/schema\/logo\/image\/"}}]}},"_links":{"self":[{"href":"https:\/\/sure-antennas.com\/de\/wp-json\/wp\/v2\/product\/46100","targetHints":{"allow":["GET"]}}],"collection":[{"href":"https:\/\/sure-antennas.com\/de\/wp-json\/wp\/v2\/product"}],"about":[{"href":"https:\/\/sure-antennas.com\/de\/wp-json\/wp\/v2\/types\/product"}],"replies":[{"embeddable":true,"href":"https:\/\/sure-antennas.com\/de\/wp-json\/wp\/v2\/comments?post=46100"}],"wp:featuredmedia":[{"embeddable":true,"href":"https:\/\/sure-antennas.com\/de\/wp-json\/wp\/v2\/media\/46099"}],"wp:attachment":[{"href":"https:\/\/sure-antennas.com\/de\/wp-json\/wp\/v2\/media?parent=46100"}],"wp:term":[{"taxonomy":"product_brand","embeddable":true,"href":"https:\/\/sure-antennas.com\/de\/wp-json\/wp\/v2\/product_brand?post=46100"},{"taxonomy":"product_cat","embeddable":true,"href":"https:\/\/sure-antennas.com\/de\/wp-json\/wp\/v2\/product_cat?post=46100"},{"taxonomy":"product_tag","embeddable":true,"href":"https:\/\/sure-antennas.com\/de\/wp-json\/wp\/v2\/product_tag?post=46100"}],"curies":[{"name":"wp","href":"https:\/\/api.w.org\/{rel}","templated":true}]}}